{"id":2,"date":"2015-04-20T10:03:11","date_gmt":"2015-04-20T10:03:11","guid":{"rendered":"http:\/\/associacoes.beira.pt\/amcdrsantaeufemia\/?page_id=2"},"modified":"2023-06-05T09:25:49","modified_gmt":"2023-06-05T09:25:49","slug":"pagina-exemplo","status":"publish","type":"page","link":"https:\/\/associacoes.beira.pt\/acsmvermiosa\/","title":{"rendered":"P\u00e1gina Principal"},"content":{"rendered":"<div id='layer_slider_1'  class='avia-layerslider main_color avia-shadow  avia-builder-el-0  el_before_av_section  avia-builder-el-first  container_wrap sidebar_right'  style='height: 511px; max-width: 1000px; margin: 0 auto;'  ><\/div>\n\n<style type=\"text\/css\" data-created_by=\"avia_inline_auto\" id=\"style-css-av-17au4-7a34eabf6189978357248ecfe65d280f\">\n.avia-section.av-17au4-7a34eabf6189978357248ecfe65d280f{\nbackground-color:#edae44;\nbackground-image:unset;\n}\n<\/style>\n<div id='av_section_1'  class='avia-section av-17au4-7a34eabf6189978357248ecfe65d280f main_color avia-section-default avia-no-border-styling  avia-builder-el-1  el_after_av_layerslider  el_before_av_section  avia-bg-style-scroll container_wrap sidebar_right'  ><div class='container av-section-cont-open' ><div class='template-page content  av-content-small alpha units'><div class='post-entry post-entry-type-page post-entry-2'><div class='entry-content-wrapper clearfix'>\n<section  class='av_textblock_section av-15a88-f29b2676c9eec0b02e14a5690cb10f77 '   itemscope=\"itemscope\" itemtype=\"https:\/\/schema.org\/CreativeWork\" ><div class='avia_textblock'  itemprop=\"text\" ><h2><span style=\"color: #ffffff;\">Apresenta\u00e7\u00e3o<\/span><\/h2>\n<\/div><\/section>\n<section  class='av_textblock_section av-14bq0-f7ee13481eb2fcf6026c01eeee0c7e6c '   itemscope=\"itemscope\" itemtype=\"https:\/\/schema.org\/CreativeWork\" ><div class='avia_textblock'  itemprop=\"text\" ><p style=\"text-align: justify;\"><span style=\"color: #ffffff;\">A Associa\u00e7\u00e3o Cultural, Social e de Melhoramentos da Vermiosa, desenvolve a sua atividade social direcionada para o Apoio e Prote\u00e7\u00e3o \u00e0 Terceira Idade e inf\u00e2ncia atrav\u00e9s das respostas sociais Lar, Centro de Dia, Servi\u00e7o de Apoio Domicili\u00e1rio, ATL e Componente de Apoio \u00e0 Fam\u00edlia (CAF). As atuais instala\u00e7\u00f5es contemplam 10 quartos com casa de banho privativa.<\/span><\/p>\n<\/div><\/section>\n\n<\/div><\/div><\/div><!-- close content main div --><\/div><\/div><div id='av_section_2'  class='avia-section av-tdle-68f2a0ab89191792b72089c43e5b68ac main_color avia-section-default avia-no-border-styling  avia-builder-el-4  el_after_av_section  el_before_av_section  avia-bg-style-scroll container_wrap sidebar_right'  ><div class='container av-section-cont-open' ><div class='template-page content  av-content-small alpha units'><div class='post-entry post-entry-type-page post-entry-2'><div class='entry-content-wrapper clearfix'>\n<div  class='flex_column av-rc2g-8183ef94a8288ee3d668a7307580a53c av_one_fifth  avia-builder-el-5  el_before_av_one_fifth  avia-builder-el-first  first flex_column_div  '     ><style type=\"text\/css\" data-created_by=\"avia_inline_auto\" id=\"style-css-av-o51c-cfb97e5e915c680fcea6916c194b562b\">\n.av_font_icon.av-o51c-cfb97e5e915c680fcea6916c194b562b{\ncolor:#64c1de;\nborder-color:#64c1de;\n}\n.av_font_icon.av-o51c-cfb97e5e915c680fcea6916c194b562b .av-icon-char{\nfont-size:40px;\nline-height:40px;\nwidth:40px;\n}\n<\/style>\n<span  class='av_font_icon av-o51c-cfb97e5e915c680fcea6916c194b562b avia_animate_when_visible av-icon-style-border avia-icon-pos-center avia-icon-animate'><a href='https:\/\/associacoes.beira.pt\/acsmvermiosa\/breve-historial\/'  class='av-icon-char' aria-hidden='true' data-av_icon='\ue821' data-av_iconfont='entypo-fontello' ><\/a><span class='av_icon_caption av-special-font'>Breve Historial<\/span><\/span><\/div>\n<style type=\"text\/css\" data-created_by=\"avia_inline_auto\" id=\"style-css-av-m9em-d6f717f4cce98cf9d1a970288611f67a\">\n.flex_column.av-m9em-d6f717f4cce98cf9d1a970288611f67a{\n-webkit-border-radius:0px 0px 0px 0px;\n-moz-border-radius:0px 0px 0px 0px;\nborder-radius:0px 0px 0px 0px;\npadding:0px 0px 0px 0px;\n}\n<\/style>\n<div  class='flex_column av-m9em-d6f717f4cce98cf9d1a970288611f67a av_one_fifth  avia-builder-el-7  el_after_av_one_fifth  el_before_av_one_fifth  flex_column_div av-zero-column-padding  '     ><style type=\"text\/css\" data-created_by=\"avia_inline_auto\" id=\"style-css-av-ki72-3e35472e15068be601c5abe62f19b42c\">\n.av_font_icon.av-ki72-3e35472e15068be601c5abe62f19b42c{\ncolor:#e9a840;\nborder-color:#e9a840;\n}\n.av_font_icon.av-ki72-3e35472e15068be601c5abe62f19b42c .av-icon-char{\nfont-size:40px;\nline-height:40px;\nwidth:40px;\n}\n<\/style>\n<span  class='av_font_icon av-ki72-3e35472e15068be601c5abe62f19b42c avia_animate_when_visible av-icon-style-border avia-icon-pos-center avia-icon-animate'><a href='https:\/\/associacoes.beira.pt\/acsmvermiosa\/orgaos-da-associacao\/'  class='av-icon-char' aria-hidden='true' data-av_icon='\ue80b' data-av_iconfont='entypo-fontello' ><\/a><span class='av_icon_caption av-special-font'>Org\u00e3os Da Institui\u00e7\u00e3o<\/span><\/span><\/div>\n<style type=\"text\/css\" data-created_by=\"avia_inline_auto\" id=\"style-css-av-ift0-ec6e8fcf4e251ea85280dd9b7a8a4f20\">\n.flex_column.av-ift0-ec6e8fcf4e251ea85280dd9b7a8a4f20{\n-webkit-border-radius:0px 0px 0px 0px;\n-moz-border-radius:0px 0px 0px 0px;\nborder-radius:0px 0px 0px 0px;\npadding:0px 0px 0px 0px;\n}\n<\/style>\n<div  class='flex_column av-ift0-ec6e8fcf4e251ea85280dd9b7a8a4f20 av_one_fifth  avia-builder-el-9  el_after_av_one_fifth  el_before_av_one_fifth  flex_column_div av-zero-column-padding  '     ><style type=\"text\/css\" data-created_by=\"avia_inline_auto\" id=\"style-css-av-fwm8-e1890169b3916c6745474a65ad5a0dec\">\n.av_font_icon.av-fwm8-e1890169b3916c6745474a65ad5a0dec{\ncolor:#e9a840;\nborder-color:#e9a840;\n}\n.av_font_icon.av-fwm8-e1890169b3916c6745474a65ad5a0dec .av-icon-char{\nfont-size:40px;\nline-height:40px;\nwidth:40px;\n}\n<\/style>\n<span  class='av_font_icon av-fwm8-e1890169b3916c6745474a65ad5a0dec avia_animate_when_visible av-icon-style-border avia-icon-pos-center avia-icon-animate'><a href='https:\/\/associacoes.beira.pt\/acsmvermiosa\/wp-content\/uploads\/sites\/10\/2018\/07\/estatutos-acsm-vermiosa.pdf'  target=\"_blank\"  rel=\"noopener noreferrer\" class='av-icon-char' aria-hidden='true' data-av_icon='\ue84b' data-av_iconfont='entypo-fontello' ><\/a><span class='av_icon_caption av-special-font'>Estatutos<\/span><\/span><\/div>\n<style type=\"text\/css\" data-created_by=\"avia_inline_auto\" id=\"style-css-av-ek62-96f3c07bf254b8123d812d43238df763\">\n.flex_column.av-ek62-96f3c07bf254b8123d812d43238df763{\n-webkit-border-radius:0px 0px 0px 0px;\n-moz-border-radius:0px 0px 0px 0px;\nborder-radius:0px 0px 0px 0px;\npadding:0px 0px 0px 0px;\n}\n<\/style>\n<div  class='flex_column av-ek62-96f3c07bf254b8123d812d43238df763 av_one_fifth  avia-builder-el-11  el_after_av_one_fifth  el_before_av_one_fifth  flex_column_div av-zero-column-padding avia-link-column av-column-link  '    data-link-column-url=\"https:\/\/associacoes.beira.pt\/acsmvermiosa\/tipo-de-documento\/contas-de-gerencia\/\"   ><a class=\"av-screen-reader-only\" href=https:\/\/associacoes.beira.pt\/acsmvermiosa\/tipo-de-documento\/contas-de-gerencia\/ >Follow a manual added link<\/a><style type=\"text\/css\" data-created_by=\"avia_inline_auto\" id=\"style-css-av-bfp6-1392dd25cb5282a9141b613c5b2f9c2e\">\n.av_font_icon.av-bfp6-1392dd25cb5282a9141b613c5b2f9c2e{\ncolor:#e9a840;\nborder-color:#e9a840;\n}\n.av_font_icon.av-bfp6-1392dd25cb5282a9141b613c5b2f9c2e .av-icon-char{\nfont-size:40px;\nline-height:40px;\nwidth:40px;\n}\n<\/style>\n<span  class='av_font_icon av-bfp6-1392dd25cb5282a9141b613c5b2f9c2e avia_animate_when_visible av-icon-style-border avia-icon-pos-center avia-icon-animate'><span class='av-icon-char' aria-hidden='true' data-av_icon='\ue850' data-av_iconfont='entypo-fontello' ><\/span><span class='av_icon_caption av-special-font'>Contas de Ger\u00eancia<\/span><\/span><\/div>\n<style type=\"text\/css\" data-created_by=\"avia_inline_auto\" id=\"style-css-av-9wwo-642cc636e93d056d556ba4d538412bca\">\n.flex_column.av-9wwo-642cc636e93d056d556ba4d538412bca{\n-webkit-border-radius:0px 0px 0px 0px;\n-moz-border-radius:0px 0px 0px 0px;\nborder-radius:0px 0px 0px 0px;\npadding:0px 0px 0px 0px;\n}\n<\/style>\n<div  class='flex_column av-9wwo-642cc636e93d056d556ba4d538412bca av_one_fifth  avia-builder-el-13  el_after_av_one_fifth  avia-builder-el-last  flex_column_div av-zero-column-padding  '     ><style type=\"text\/css\" data-created_by=\"avia_inline_auto\" id=\"style-css-av-74h4-d4bbb407bbc220096809f808e891a81b\">\n.av_font_icon.av-74h4-d4bbb407bbc220096809f808e891a81b{\ncolor:#64c1de;\nborder-color:#64c1de;\n}\n.av_font_icon.av-74h4-d4bbb407bbc220096809f808e891a81b .av-icon-char{\nfont-size:40px;\nline-height:40px;\nwidth:40px;\n}\n<\/style>\n<span  class='av_font_icon av-74h4-d4bbb407bbc220096809f808e891a81b avia_animate_when_visible av-icon-style-border avia-icon-pos-center avia-icon-animate'><a href='https:\/\/associacoes.beira.pt\/acsmvermiosa\/contactos\/'  class='av-icon-char' aria-hidden='true' data-av_icon='\ue854' data-av_iconfont='entypo-fontello' ><\/a><span class='av_icon_caption av-special-font'>Contactos<\/span><\/span><\/div>\n\n<\/div><\/div><\/div><!-- close content main div --><\/div><\/div>\n<style type=\"text\/css\" data-created_by=\"avia_inline_auto\" id=\"style-css-av-11vn6-664e6c3428e293471a0323dc438370ce\">\n.avia-section.av-11vn6-664e6c3428e293471a0323dc438370ce{\nbackground-color:#f1f1f1;\nbackground-image:unset;\n}\n<\/style>\n<div id='av_section_3'  class='avia-section av-11vn6-664e6c3428e293471a0323dc438370ce main_color avia-section-large avia-shadow  avia-builder-el-15  el_after_av_section  el_before_av_section  avia-bg-style-scroll container_wrap sidebar_right'  ><div class='container av-section-cont-open' ><div class='template-page content  av-content-small alpha units'><div class='post-entry post-entry-type-page post-entry-2'><div class='entry-content-wrapper clearfix'>\n\n<style type=\"text\/css\" data-created_by=\"avia_inline_auto\" id=\"style-css-av-3mzw-c23aea4477471c0d3f5113c6250c444f\">\n.flex_column.av-3mzw-c23aea4477471c0d3f5113c6250c444f{\n-webkit-border-radius:0px 0px 0px 0px;\n-moz-border-radius:0px 0px 0px 0px;\nborder-radius:0px 0px 0px 0px;\npadding:0 0 0 0;\n}\n<\/style>\n<div  class='flex_column av-3mzw-c23aea4477471c0d3f5113c6250c444f av_one_full  avia-builder-el-16  avia-builder-el-no-sibling  first flex_column_div av-zero-column-padding  '     ><section  class='av_textblock_section av-y896-f3f4dd35f109085d7a766a74efd24c93 '   itemscope=\"itemscope\" itemtype=\"https:\/\/schema.org\/CreativeWork\" ><div class='avia_textblock'  itemprop=\"text\" ><h2>Documentos Recentes<\/h2>\n<\/div><\/section><br \/>\n<\/p><\/div>\n\n<\/div><\/div><\/div><!-- close content main div --><\/div><\/div>\n<style type=\"text\/css\" data-created_by=\"avia_inline_auto\" id=\"style-css-av-5xky-361daa088f29c5c029d9252431473093\">\n.avia-section.av-5xky-361daa088f29c5c029d9252431473093{\nbackground-color:#ffffff;\nbackground-image:unset;\n}\n<\/style>\n<div id='av_section_4'  class='avia-section av-5xky-361daa088f29c5c029d9252431473093 main_color avia-section-default avia-shadow  avia-builder-el-19  el_after_av_section  avia-builder-el-last  avia-bg-style-scroll container_wrap sidebar_right'  ><div class='container av-section-cont-open' ><div class='template-page content  av-content-small alpha units'><div class='post-entry post-entry-type-page post-entry-2'><div class='entry-content-wrapper clearfix'>\n\n<\/div><\/div><\/div><!-- close content main div --><\/div><\/div><div id='after_section_4'  class='main_color av_default_container_wrap container_wrap sidebar_right'  ><div class='container av-section-cont-open' ><div class='template-page content  av-content-small alpha units'><div class='post-entry post-entry-type-page post-entry-2'><div class='entry-content-wrapper clearfix'>\n","protected":false},"excerpt":{"rendered":"","protected":false},"author":3,"featured_media":0,"parent":0,"menu_order":0,"comment_status":"open","ping_status":"open","template":"","meta":{"_acf_changed":false,"footnotes":""},"class_list":["post-2","page","type-page","status-publish","hentry"],"acf":[],"_links":{"self":[{"href":"https:\/\/associacoes.beira.pt\/acsmvermiosa\/wp-json\/wp\/v2\/pages\/2","targetHints":{"allow":["GET"]}}],"collection":[{"href":"https:\/\/associacoes.beira.pt\/acsmvermiosa\/wp-json\/wp\/v2\/pages"}],"about":[{"href":"https:\/\/associacoes.beira.pt\/acsmvermiosa\/wp-json\/wp\/v2\/types\/page"}],"author":[{"embeddable":true,"href":"https:\/\/associacoes.beira.pt\/acsmvermiosa\/wp-json\/wp\/v2\/users\/3"}],"replies":[{"embeddable":true,"href":"https:\/\/associacoes.beira.pt\/acsmvermiosa\/wp-json\/wp\/v2\/comments?post=2"}],"version-history":[{"count":0,"href":"https:\/\/associacoes.beira.pt\/acsmvermiosa\/wp-json\/wp\/v2\/pages\/2\/revisions"}],"wp:attachment":[{"href":"https:\/\/associacoes.beira.pt\/acsmvermiosa\/wp-json\/wp\/v2\/media?parent=2"}],"curies":[{"name":"wp","href":"https:\/\/api.w.org\/{rel}","templated":true}]}}