{"id":24,"date":"2015-04-20T13:20:04","date_gmt":"2015-04-20T13:20:04","guid":{"rendered":"http:\/\/associacoes.beira.pt\/amcdrsantaeufemia\/?page_id=24"},"modified":"2018-07-09T11:34:47","modified_gmt":"2018-07-09T11:34:47","slug":"breve-historial","status":"publish","type":"page","link":"https:\/\/associacoes.beira.pt\/acsmvermiosa\/breve-historial\/","title":{"rendered":"Breve Historial"},"content":{"rendered":"\n<style type=\"text\/css\" data-created_by=\"avia_inline_auto\" id=\"style-css-av-av_heading-4d632dd4eec0372ff1c0493763d0c2f0\">\n#top .av-special-heading.av-av_heading-4d632dd4eec0372ff1c0493763d0c2f0{\npadding-bottom:10px;\n}\nbody .av-special-heading.av-av_heading-4d632dd4eec0372ff1c0493763d0c2f0 .av-special-heading-tag .heading-char{\nfont-size:25px;\n}\n.av-special-heading.av-av_heading-4d632dd4eec0372ff1c0493763d0c2f0 .av-subheading{\nfont-size:15px;\n}\n<\/style>\n<div  class='av-special-heading av-av_heading-4d632dd4eec0372ff1c0493763d0c2f0 av-special-heading-h3 blockquote modern-quote  avia-builder-el-0  el_before_av_textblock  avia-builder-el-first '><h3 class='av-special-heading-tag'  itemprop=\"headline\"  >Breve Historial da Associa\u00e7\u00e3o<\/h3><div class=\"special-heading-border\"><div class=\"special-heading-inner-border\"><\/div><\/div><\/div>\n<section  class='av_textblock_section av-av_textblock-2de302bf1aa3cf4c9157dbe6f50ac7eb '   itemscope=\"itemscope\" itemtype=\"https:\/\/schema.org\/CreativeWork\" ><div class='avia_textblock'  itemprop=\"text\" ><p style=\"text-align: justify;\">A Associa\u00e7\u00e3o Cultural Social e de Melhoramentos da Vermiosa foi inaugurada\u00a0 em 2000, atrav\u00e9s do Registo Nacional de Pessoas Coletivas em 17 de Outubro de 1990; a escritura p\u00fablica foi celebrada no Cart\u00f3rio Notarial de Figueira de Castelo Rodrigo, com a denomina\u00e7\u00e3o \u2013 Associa\u00e7\u00e3o Cultural, Social e de Melhoramentos da Vermiosa.<\/p>\n<p style=\"text-align: justify;\">O registo definitivo dos Estatutos e reconhecimento de IPSS pela Dire\u00e7\u00e3o Geral da A\u00e7\u00e3o Social, foi publicado em Di\u00e1rio da Rep\u00fablica, III S\u00e9rie, N\u00ba 212 de 13-09-2000.<\/p>\n<p style=\"text-align: justify;\">Os primeiros acordos de coopera\u00e7\u00e3o foram celebrados com a Seguran\u00e7a Social da Guarda, para a val\u00eancia de Apoio Domicili\u00e1rio a partir de 1 de Julho de 2001 inclusive.<\/p>\n<p style=\"text-align: justify;\">O funcionamento das atividades de apoio social \u00e0 Pessoa Idosa teve lugar em instala\u00e7\u00f5es cedidas pela junta de Freguesia da Vermiosa atrav\u00e9s da celebra\u00e7\u00e3o de contrato comodato, em\u00a0 Junho de 2000.<\/p>\n<p style=\"text-align: justify;\">A constru\u00e7\u00e3o Lar \u00a0da Associa\u00e7\u00e3o foi um processo moroso, iniciou em 7 de Novembro de 2011 atrav\u00e9s de aquisi\u00e7\u00e3o de um terreno doado pela Junta de Freguesia da Vermiosa. Em 19 de Dezembro de 2013 atrav\u00e9s do despacho n\u00ba 15\/2013\/AG\u00a0 a Exma, Sra. Gestora da Proder \u00a0autorizou a aprova\u00e7\u00e3o com dota\u00e7\u00e3o or\u00e7amental do pedido de apoio \u201cConstru\u00e7\u00e3o de Lar de Idosos\u201d aprovado pelo GAL CASTELOS DO COA. A 1\u00aa fase iniciou-se em 2014 tendo sido conclu\u00edda em Abril de 2015. Neste momento estamos a fazer diligencias para a constru\u00e7\u00e3o da 2\u00aa fase que contempla 31 quartos com capacidade de 59 clientes, o projeto j\u00e1 aprovado pela seguran\u00e7a social e o parecer positivo do CLAS.<\/p>\n<p style=\"text-align: justify;\">A Associa\u00e7\u00e3o Cultural, Social e de Melhoramentos da Vermiosa, desenvolve a sua atividade social direcionada para o Apoio e Prote\u00e7\u00e3o \u00e0 Terceira Idade e inf\u00e2ncia atrav\u00e9s das respostas sociais Lar, Centro de Dia, Servi\u00e7o de Apoio Domicili\u00e1rio, ATL e Componente de Apoio \u00e0 Fam\u00edlia (CAF). As atuais instala\u00e7\u00f5es contemplam 10 quartos com casa de banho privativa.<\/p>\n<p style=\"text-align: justify;\">\u00c1 presente data a Associa\u00e7\u00e3o presta apoio nas freguesias de Vermiosa, Reigada, Vilar Torpim e Cinco Vilas. Temos como principal objetivo promover a inova\u00e7\u00e3o e as novas descobertas; valorizar a forma\u00e7\u00e3o ao longo da vida; proporcionar uma vida mais harmoniosa, aumentando a sua auto estima e auto confian\u00e7a.<\/p>\n<p style=\"text-align: justify;\">Com a entrada em vigor do Decreto-Lei n\u00ba 172-A\/2014 de 14 de Novembro, os Estatutos que vigoram desde a sua funda\u00e7\u00e3o, foram alterados e aprovados em Assembleia\u00a0 Geral de s\u00f3cios a 7 de Novembro de 2015.<\/p>\n<\/div><\/section>\n","protected":false},"excerpt":{"rendered":"","protected":false},"author":3,"featured_media":0,"parent":0,"menu_order":0,"comment_status":"open","ping_status":"open","template":"","meta":{"_acf_changed":false,"footnotes":""},"class_list":["post-24","page","type-page","status-publish","hentry"],"acf":[],"_links":{"self":[{"href":"https:\/\/associacoes.beira.pt\/acsmvermiosa\/wp-json\/wp\/v2\/pages\/24","targetHints":{"allow":["GET"]}}],"collection":[{"href":"https:\/\/associacoes.beira.pt\/acsmvermiosa\/wp-json\/wp\/v2\/pages"}],"about":[{"href":"https:\/\/associacoes.beira.pt\/acsmvermiosa\/wp-json\/wp\/v2\/types\/page"}],"author":[{"embeddable":true,"href":"https:\/\/associacoes.beira.pt\/acsmvermiosa\/wp-json\/wp\/v2\/users\/3"}],"replies":[{"embeddable":true,"href":"https:\/\/associacoes.beira.pt\/acsmvermiosa\/wp-json\/wp\/v2\/comments?post=24"}],"version-history":[{"count":0,"href":"https:\/\/associacoes.beira.pt\/acsmvermiosa\/wp-json\/wp\/v2\/pages\/24\/revisions"}],"wp:attachment":[{"href":"https:\/\/associacoes.beira.pt\/acsmvermiosa\/wp-json\/wp\/v2\/media?parent=24"}],"curies":[{"name":"wp","href":"https:\/\/api.w.org\/{rel}","templated":true}]}}