{"id":286,"date":"2018-07-09T11:22:41","date_gmt":"2018-07-09T11:22:41","guid":{"rendered":"https:\/\/associacoes.beira.pt\/acsmvermiosa\/?page_id=286"},"modified":"2018-07-09T11:33:50","modified_gmt":"2018-07-09T11:33:50","slug":"orgaos-da-associacao","status":"publish","type":"page","link":"https:\/\/associacoes.beira.pt\/acsmvermiosa\/orgaos-da-associacao\/","title":{"rendered":"Org\u00e3os da Associa\u00e7\u00e3o"},"content":{"rendered":"\n<style type=\"text\/css\" data-created_by=\"avia_inline_auto\" id=\"style-css-av-av_heading-5f615a0294082330f5aad2eb853f0027\">\n#top .av-special-heading.av-av_heading-5f615a0294082330f5aad2eb853f0027{\npadding-bottom:10px;\n}\nbody .av-special-heading.av-av_heading-5f615a0294082330f5aad2eb853f0027 .av-special-heading-tag .heading-char{\nfont-size:25px;\n}\n.av-special-heading.av-av_heading-5f615a0294082330f5aad2eb853f0027 .av-subheading{\nfont-size:15px;\n}\n<\/style>\n<div  class='av-special-heading av-av_heading-5f615a0294082330f5aad2eb853f0027 av-special-heading-h3 blockquote modern-quote  avia-builder-el-0  el_before_av_iconlist  avia-builder-el-first '><h3 class='av-special-heading-tag'  itemprop=\"headline\"  >Dire\u00e7\u00e3o<\/h3><div class=\"special-heading-border\"><div class=\"special-heading-inner-border\"><\/div><\/div><\/div>\n<div  class='avia-icon-list-container av-av_iconlist-7f4c0e5acb79a3bde7d7887b2acfa62d  avia-builder-el-1  el_after_av_heading  el_before_av_heading '><ul class='avia-icon-list avia_animate_when_almost_visible avia-icon-list-left av-iconlist-small av-av_iconlist-7f4c0e5acb79a3bde7d7887b2acfa62d avia-iconlist-animate'>\n<li><div class='iconlist_icon av-av_iconlist_item-b8590d3d4a390fe4ad60046395c433b3 avia-font-entypo-fontello'><span class='iconlist-char' aria-hidden='true' data-av_icon='\ue80a' data-av_iconfont='entypo-fontello'><\/span><\/div><article class=\"article-icon-entry \"  itemscope=\"itemscope\" itemtype=\"https:\/\/schema.org\/CreativeWork\" ><div class=\"iconlist_content_wrap\"><header class=\"entry-content-header\"><div class='av_iconlist_title iconlist_title_small  '  itemprop=\"headline\" >Presidente<\/div><\/header><div class='iconlist_content '  itemprop=\"text\" ><p>Esmeralda Gon\u00e7alves Lameiras Diogo<\/p>\n<\/div><\/div><footer class=\"entry-footer\"><\/footer><\/article><div class=\"iconlist-timeline\"><\/div><\/li>\n<li><div class='iconlist_icon av-av_iconlist_item-2e11b58758d5610b8d4282984a2fa03b avia-font-entypo-fontello'><span class='iconlist-char' aria-hidden='true' data-av_icon='\ue80a' data-av_iconfont='entypo-fontello'><\/span><\/div><article class=\"article-icon-entry \"  itemscope=\"itemscope\" itemtype=\"https:\/\/schema.org\/CreativeWork\" ><div class=\"iconlist_content_wrap\"><header class=\"entry-content-header\"><div class='av_iconlist_title iconlist_title_small  '  itemprop=\"headline\" >Vice - Presidente<\/div><\/header><div class='iconlist_content '  itemprop=\"text\" ><p>Tom\u00e1s Monteiro Gouveia<\/p>\n<\/div><\/div><footer class=\"entry-footer\"><\/footer><\/article><div class=\"iconlist-timeline\"><\/div><\/li>\n<li><div class='iconlist_icon av-av_iconlist_item-8929a0f0953f83e3eaaae857262bee68 avia-font-entypo-fontello'><span class='iconlist-char' aria-hidden='true' data-av_icon='\ue80a' data-av_iconfont='entypo-fontello'><\/span><\/div><article class=\"article-icon-entry \"  itemscope=\"itemscope\" itemtype=\"https:\/\/schema.org\/CreativeWork\" ><div class=\"iconlist_content_wrap\"><header class=\"entry-content-header\"><div class='av_iconlist_title iconlist_title_small  '  itemprop=\"headline\" >Tesoureiro<\/div><\/header><div class='iconlist_content '  itemprop=\"text\" ><p>Ant\u00f3nio Cesar Gon\u00e7alves Lameiras<\/p>\n<\/div><\/div><footer class=\"entry-footer\"><\/footer><\/article><div class=\"iconlist-timeline\"><\/div><\/li>\n<li><div class='iconlist_icon av-av_iconlist_item-552a8a0ca0fec8c13d2f9784218cd17c avia-font-entypo-fontello'><span class='iconlist-char' aria-hidden='true' data-av_icon='\ue80a' data-av_iconfont='entypo-fontello'><\/span><\/div><article class=\"article-icon-entry \"  itemscope=\"itemscope\" itemtype=\"https:\/\/schema.org\/CreativeWork\" ><div class=\"iconlist_content_wrap\"><header class=\"entry-content-header\"><div class='av_iconlist_title iconlist_title_small  '  itemprop=\"headline\" >Secret\u00e1rio<\/div><\/header><div class='iconlist_content '  itemprop=\"text\" ><p>Jos\u00e9 Carlos coito Gabriel<\/p>\n<\/div><\/div><footer class=\"entry-footer\"><\/footer><\/article><div class=\"iconlist-timeline\"><\/div><\/li>\n<li><div class='iconlist_icon av-av_iconlist_item-494095736da2003e36ba3d1e84782243 avia-font-entypo-fontello'><span class='iconlist-char' aria-hidden='true' data-av_icon='\ue80a' data-av_iconfont='entypo-fontello'><\/span><\/div><article class=\"article-icon-entry \"  itemscope=\"itemscope\" itemtype=\"https:\/\/schema.org\/CreativeWork\" ><div class=\"iconlist_content_wrap\"><header class=\"entry-content-header\"><div class='av_iconlist_title iconlist_title_small  '  itemprop=\"headline\" >Vogal<\/div><\/header><div class='iconlist_content '  itemprop=\"text\" ><p>Alice Trigo Benedito<\/p>\n<\/div><\/div><footer class=\"entry-footer\"><\/footer><\/article><div class=\"iconlist-timeline\"><\/div><\/li>\n<\/ul><\/div>\n\n<style type=\"text\/css\" data-created_by=\"avia_inline_auto\" id=\"style-css-av-av_heading-5618093e45033efd19e9bc88271e1a77\">\n#top .av-special-heading.av-av_heading-5618093e45033efd19e9bc88271e1a77{\npadding-bottom:10px;\n}\nbody .av-special-heading.av-av_heading-5618093e45033efd19e9bc88271e1a77 .av-special-heading-tag .heading-char{\nfont-size:25px;\n}\n.av-special-heading.av-av_heading-5618093e45033efd19e9bc88271e1a77 .av-subheading{\nfont-size:15px;\n}\n<\/style>\n<div  class='av-special-heading av-av_heading-5618093e45033efd19e9bc88271e1a77 av-special-heading-h3 blockquote modern-quote  avia-builder-el-2  el_after_av_iconlist  el_before_av_iconlist '><h3 class='av-special-heading-tag'  itemprop=\"headline\"  >Conselho Fiscal<\/h3><div class=\"special-heading-border\"><div class=\"special-heading-inner-border\"><\/div><\/div><\/div>\n<div  class='avia-icon-list-container av-av_iconlist-7f4c0e5acb79a3bde7d7887b2acfa62d  avia-builder-el-3  el_after_av_heading  el_before_av_heading '><ul class='avia-icon-list avia_animate_when_almost_visible avia-icon-list-left av-iconlist-small av-av_iconlist-7f4c0e5acb79a3bde7d7887b2acfa62d avia-iconlist-animate'>\n<li><div class='iconlist_icon av-av_iconlist_item-b8590d3d4a390fe4ad60046395c433b3 avia-font-entypo-fontello'><span class='iconlist-char' aria-hidden='true' data-av_icon='\ue80a' data-av_iconfont='entypo-fontello'><\/span><\/div><article class=\"article-icon-entry \"  itemscope=\"itemscope\" itemtype=\"https:\/\/schema.org\/CreativeWork\" ><div class=\"iconlist_content_wrap\"><header class=\"entry-content-header\"><div class='av_iconlist_title iconlist_title_small  '  itemprop=\"headline\" >Presidente<\/div><\/header><div class='iconlist_content '  itemprop=\"text\" ><p>J\u00falia Bolota da Fonseca<\/p>\n<\/div><\/div><footer class=\"entry-footer\"><\/footer><\/article><div class=\"iconlist-timeline\"><\/div><\/li>\n<li><div class='iconlist_icon av-av_iconlist_item-49a183f8545751d1ec0a1b6e87532e8b avia-font-entypo-fontello'><span class='iconlist-char' aria-hidden='true' data-av_icon='\ue80a' data-av_iconfont='entypo-fontello'><\/span><\/div><article class=\"article-icon-entry \"  itemscope=\"itemscope\" itemtype=\"https:\/\/schema.org\/CreativeWork\" ><div class=\"iconlist_content_wrap\"><header class=\"entry-content-header\"><div class='av_iconlist_title iconlist_title_small  '  itemprop=\"headline\" >1\u00ba Secret\u00e1rio<\/div><\/header><div class='iconlist_content '  itemprop=\"text\" ><p>Celestino Jos\u00e9 Moutinho<\/p>\n<\/div><\/div><footer class=\"entry-footer\"><\/footer><\/article><div class=\"iconlist-timeline\"><\/div><\/li>\n<li><div class='iconlist_icon av-av_iconlist_item-dec296b5bd0e746573acb4aa98f33d4c avia-font-entypo-fontello'><span class='iconlist-char' aria-hidden='true' data-av_icon='\ue80a' data-av_iconfont='entypo-fontello'><\/span><\/div><article class=\"article-icon-entry \"  itemscope=\"itemscope\" itemtype=\"https:\/\/schema.org\/CreativeWork\" ><div class=\"iconlist_content_wrap\"><header class=\"entry-content-header\"><div class='av_iconlist_title iconlist_title_small  '  itemprop=\"headline\" >2\u00ba Secret\u00e1rio<\/div><\/header><div class='iconlist_content '  itemprop=\"text\" ><p>Ant\u00f3nio Morgado Andrade<\/p>\n<\/div><\/div><footer class=\"entry-footer\"><\/footer><\/article><div class=\"iconlist-timeline\"><\/div><\/li>\n<\/ul><\/div>\n\n<style type=\"text\/css\" data-created_by=\"avia_inline_auto\" id=\"style-css-av-av_heading-ffff99623f4741d480cc1cf22d4b3365\">\n#top .av-special-heading.av-av_heading-ffff99623f4741d480cc1cf22d4b3365{\npadding-bottom:10px;\n}\nbody .av-special-heading.av-av_heading-ffff99623f4741d480cc1cf22d4b3365 .av-special-heading-tag .heading-char{\nfont-size:25px;\n}\n.av-special-heading.av-av_heading-ffff99623f4741d480cc1cf22d4b3365 .av-subheading{\nfont-size:15px;\n}\n<\/style>\n<div  class='av-special-heading av-av_heading-ffff99623f4741d480cc1cf22d4b3365 av-special-heading-h3 blockquote modern-quote  avia-builder-el-4  el_after_av_iconlist  el_before_av_iconlist '><h3 class='av-special-heading-tag'  itemprop=\"headline\"  >Assembleia Geral<\/h3><div class=\"special-heading-border\"><div class=\"special-heading-inner-border\"><\/div><\/div><\/div>\n<div  class='avia-icon-list-container av-av_iconlist-7f4c0e5acb79a3bde7d7887b2acfa62d  avia-builder-el-5  el_after_av_heading  avia-builder-el-last '><ul class='avia-icon-list avia_animate_when_almost_visible avia-icon-list-left av-iconlist-small av-av_iconlist-7f4c0e5acb79a3bde7d7887b2acfa62d avia-iconlist-animate'>\n<li><div class='iconlist_icon av-av_iconlist_item-b8590d3d4a390fe4ad60046395c433b3 avia-font-entypo-fontello'><span class='iconlist-char' aria-hidden='true' data-av_icon='\ue80a' data-av_iconfont='entypo-fontello'><\/span><\/div><article class=\"article-icon-entry \"  itemscope=\"itemscope\" itemtype=\"https:\/\/schema.org\/CreativeWork\" ><div class=\"iconlist_content_wrap\"><header class=\"entry-content-header\"><div class='av_iconlist_title iconlist_title_small  '  itemprop=\"headline\" >Presidente<\/div><\/header><div class='iconlist_content '  itemprop=\"text\" ><p>Ant\u00f3nio Joaquim Bolota Fonseca<\/p>\n<\/div><\/div><footer class=\"entry-footer\"><\/footer><\/article><div class=\"iconlist-timeline\"><\/div><\/li>\n<li><div class='iconlist_icon av-av_iconlist_item-49a183f8545751d1ec0a1b6e87532e8b avia-font-entypo-fontello'><span class='iconlist-char' aria-hidden='true' data-av_icon='\ue80a' data-av_iconfont='entypo-fontello'><\/span><\/div><article class=\"article-icon-entry \"  itemscope=\"itemscope\" itemtype=\"https:\/\/schema.org\/CreativeWork\" ><div class=\"iconlist_content_wrap\"><header class=\"entry-content-header\"><div class='av_iconlist_title iconlist_title_small  '  itemprop=\"headline\" >1\u00ba Secret\u00e1rio<\/div><\/header><div class='iconlist_content '  itemprop=\"text\" ><p>Jos\u00e9 Manuel Panoias Diogo<\/p>\n<\/div><\/div><footer class=\"entry-footer\"><\/footer><\/article><div class=\"iconlist-timeline\"><\/div><\/li>\n<li><div class='iconlist_icon av-av_iconlist_item-dec296b5bd0e746573acb4aa98f33d4c avia-font-entypo-fontello'><span class='iconlist-char' aria-hidden='true' data-av_icon='\ue80a' data-av_iconfont='entypo-fontello'><\/span><\/div><article class=\"article-icon-entry \"  itemscope=\"itemscope\" itemtype=\"https:\/\/schema.org\/CreativeWork\" ><div class=\"iconlist_content_wrap\"><header class=\"entry-content-header\"><div class='av_iconlist_title iconlist_title_small  '  itemprop=\"headline\" >2\u00ba Secret\u00e1rio<\/div><\/header><div class='iconlist_content '  itemprop=\"text\" ><p>Carla Susana Gouveia<\/p>\n<\/div><\/div><footer class=\"entry-footer\"><\/footer><\/article><div class=\"iconlist-timeline\"><\/div><\/li>\n<\/ul><\/div>\n","protected":false},"excerpt":{"rendered":"","protected":false},"author":3,"featured_media":0,"parent":0,"menu_order":0,"comment_status":"closed","ping_status":"closed","template":"","meta":{"_acf_changed":false,"footnotes":""},"class_list":["post-286","page","type-page","status-publish","hentry"],"acf":[],"_links":{"self":[{"href":"https:\/\/associacoes.beira.pt\/acsmvermiosa\/wp-json\/wp\/v2\/pages\/286","targetHints":{"allow":["GET"]}}],"collection":[{"href":"https:\/\/associacoes.beira.pt\/acsmvermiosa\/wp-json\/wp\/v2\/pages"}],"about":[{"href":"https:\/\/associacoes.beira.pt\/acsmvermiosa\/wp-json\/wp\/v2\/types\/page"}],"author":[{"embeddable":true,"href":"https:\/\/associacoes.beira.pt\/acsmvermiosa\/wp-json\/wp\/v2\/users\/3"}],"replies":[{"embeddable":true,"href":"https:\/\/associacoes.beira.pt\/acsmvermiosa\/wp-json\/wp\/v2\/comments?post=286"}],"version-history":[{"count":0,"href":"https:\/\/associacoes.beira.pt\/acsmvermiosa\/wp-json\/wp\/v2\/pages\/286\/revisions"}],"wp:attachment":[{"href":"https:\/\/associacoes.beira.pt\/acsmvermiosa\/wp-json\/wp\/v2\/media?parent=286"}],"curies":[{"name":"wp","href":"https:\/\/api.w.org\/{rel}","templated":true}]}}