{"id":2,"date":"2015-04-20T10:03:11","date_gmt":"2015-04-20T10:03:11","guid":{"rendered":"http:\/\/associacoes.beira.pt\/amcdrsantaeufemia\/?page_id=2"},"modified":"2025-07-24T09:43:55","modified_gmt":"2025-07-24T09:43:55","slug":"pagina-exemplo","status":"publish","type":"page","link":"https:\/\/associacoes.beira.pt\/amcdrsantaeufemia\/","title":{"rendered":"P\u00e1gina Principal"},"content":{"rendered":"<div id='layer_slider_1'  class='avia-layerslider main_color avia-shadow  avia-builder-el-0  el_before_av_one_full  avia-builder-el-first  container_wrap sidebar_right'  style='height: 511px;'  ><\/div><div id='after_layer_slider_1'  class='main_color av_default_container_wrap container_wrap sidebar_right'  ><div class='container av-section-cont-open' ><div class='template-page content  av-content-small alpha units'><div class='post-entry post-entry-type-page post-entry-2'><div class='entry-content-wrapper clearfix'>\n<div  class='flex_column av-1830a-6514dedcf7fa46595b4b0a1d63b3a9e3 av_one_full  avia-builder-el-1  el_after_av_layerslider  el_before_av_section  avia-builder-el-no-sibling  first flex_column_div  '     ><section  class='av_textblock_section av-48mi-75b4785d120e06719d74d3725a6760a5 '   itemscope=\"itemscope\" itemtype=\"https:\/\/schema.org\/CreativeWork\" ><div class='avia_textblock'  itemprop=\"text\" ><h2>Denomina\u00e7\u00e3o<\/h2>\n<\/div><\/section><br \/>\n<section  class='av_textblock_section av-14icc-dd543a2156d422a9ceefbdac5e609c54 '   itemscope=\"itemscope\" itemtype=\"https:\/\/schema.org\/CreativeWork\" ><div class='avia_textblock'  itemprop=\"text\" ><p class=\"western\" align=\"JUSTIFY\"><span style=\"font-family: Arial,serif;\">Associa\u00e7\u00e3o de Melhoramentos, Cultura, Desporto e Recreativa de Santa Euf\u00eamia est\u00e1 constitu\u00edda como Associa\u00e7\u00e3o e Institui\u00e7\u00e3o Particular de Solidariedade Social por escritura p\u00fablica a 24 de Outubro de 2000, com Estatutos aprovados e registados na Direc\u00e7\u00e3o Geral da Ac\u00e7\u00e3o Social, sob o registo n\u00ba.46\/2001, na folha 150 do Livro n\u00ba. 8 das Associa\u00e7\u00f5es de Solidariedade Social e considera-se efectuado em 26 de Outubro de 2000, nos termos do n\u00ba. 2 do artigo 13\u00ba do regulamento aprovado por Portaria n\u00ba. 778\/83, de 23 de Julho, e publicado em DR n\u00ba. 292 , III s\u00e9rie, de 20 de Dezembro de 2000.<\/span><\/p>\n<\/div><\/section><\/p><\/div>\n<\/div><\/div><\/div><!-- close content main div --><\/div><\/div><div id='av_section_1'  class='avia-section av-mdh7g6de-55aea2f331367e4c8a140c21f718891b main_color avia-section-default avia-shadow  avia-builder-el-4  el_after_av_one_full  el_before_av_section  avia-bg-style-scroll container_wrap sidebar_right'  ><div class='container av-section-cont-open' ><div class='template-page content  av-content-small alpha units'><div class='post-entry post-entry-type-page post-entry-2'><div class='entry-content-wrapper clearfix'>\n<div  class='avia-buttonrow-wrap av-av_buttonrow-5ef35acdc0e96f0e9eb052d035d5f79c avia-buttonrow-center  avia-builder-el-5  avia-builder-el-no-sibling '>\n\n<style type=\"text\/css\" data-created_by=\"avia_inline_auto\" id=\"style-css-av-av_buttonrow_item-aaa49b017b4d47be71c6d08dcbc35f28\">\n#top #wrap_all .avia-button.av-av_buttonrow_item-aaa49b017b4d47be71c6d08dcbc35f28{\nmargin-bottom:5px;\nmargin-right:3px;\nmargin-left:3px;\n}\n<\/style>\n<a href='https:\/\/asantaeufemia.systeme.io\/projeto-cidu' class='avia-button av-av_buttonrow_item-aaa49b017b4d47be71c6d08dcbc35f28 avia-icon_select-yes-left-icon avia-size-large avia-color-theme-color' target=\"_blank\" rel=\"noopener noreferrer\"><span class='avia_button_icon avia_button_icon_left ' aria-hidden='true' data-av_icon='\ue822' data-av_iconfont='entypo-fontello'><\/span><span class='avia_iconbox_title' >Projeto do Cart\u00e3o institucional do utente<\/span><\/a>\n\n<style type=\"text\/css\" data-created_by=\"avia_inline_auto\" id=\"style-css-av-av_buttonrow_item-116549cfe1734f03b98256791ed18d9d\">\n#top #wrap_all .avia-button.av-av_buttonrow_item-116549cfe1734f03b98256791ed18d9d{\nmargin-bottom:5px;\nmargin-right:3px;\nmargin-left:3px;\n}\n<\/style>\n<a href='https:\/\/asantaeufemia.systeme.io\/saude-mais' class='avia-button av-av_buttonrow_item-116549cfe1734f03b98256791ed18d9d avia-icon_select-yes-left-icon avia-size-large avia-color-theme-color' target=\"_blank\" rel=\"noopener noreferrer\"><span class='avia_button_icon avia_button_icon_left ' aria-hidden='true' data-av_icon='\ue822' data-av_iconfont='entypo-fontello'><\/span><span class='avia_iconbox_title' >Angaria\u00e7\u00e3o de fundos para o projeto Transporte \u2013Sa\u00fade Mais<\/span><\/a>\n<\/div>\n<\/div><\/div><\/div><!-- close content main div --><\/div><\/div>\n<style type=\"text\/css\" data-created_by=\"avia_inline_auto\" id=\"style-css-av-11pxw-cca4ed814953a57e2e48b4c746e1946d\">\n.avia-section.av-11pxw-cca4ed814953a57e2e48b4c746e1946d{\nbackground-color:#f1f1f1;\nbackground-image:unset;\n}\n<\/style>\n<div id='av_section_2'  class='avia-section av-11pxw-cca4ed814953a57e2e48b4c746e1946d main_color avia-section-large avia-shadow  avia-builder-el-6  el_after_av_section  el_before_av_section  avia-bg-style-scroll container_wrap sidebar_right'  ><div class='container av-section-cont-open' ><div class='template-page content  av-content-small alpha units'><div class='post-entry post-entry-type-page post-entry-2'><div class='entry-content-wrapper clearfix'>\n\n<style type=\"text\/css\" data-created_by=\"avia_inline_auto\" id=\"style-css-av-zrfk-2c42daada378a8f9ebd18506951f694b\">\n.flex_column.av-zrfk-2c42daada378a8f9ebd18506951f694b{\n-webkit-border-radius:0px 0px 0px 0px;\n-moz-border-radius:0px 0px 0px 0px;\nborder-radius:0px 0px 0px 0px;\npadding:0 0 0 0;\n}\n<\/style>\n<div  class='flex_column av-zrfk-2c42daada378a8f9ebd18506951f694b av_one_full  avia-builder-el-7  avia-builder-el-no-sibling  first flex_column_div av-zero-column-padding  '     ><section  class='av_textblock_section av-y0gc-2f378daefc540bcd5e48cb28b8f387eb '   itemscope=\"itemscope\" itemtype=\"https:\/\/schema.org\/CreativeWork\" ><div class='avia_textblock'  itemprop=\"text\" ><h2>Documentos Recentes<\/h2>\n<\/div><\/section><br \/>\n<\/p><\/div>\n<\/p>\n<\/div><\/div><\/div><!-- close content main div --><\/div><\/div><div id='av_section_3'  class='avia-section av-s9ci-17d86d123e356f5f183957903574c561 main_color avia-section-default avia-shadow  avia-builder-el-10  el_after_av_section  el_before_av_section  avia-bg-style-scroll container_wrap sidebar_right'  ><div class='container av-section-cont-open' ><div class='template-page content  av-content-small alpha units'><div class='post-entry post-entry-type-page post-entry-2'><div class='entry-content-wrapper clearfix'>\n<div  class='flex_column av-qq78-412c058a29a4f4ea14201e43aa8cd9b8 av_one_fifth  avia-builder-el-11  el_before_av_one_fifth  avia-builder-el-first  first flex_column_div  '     ><style type=\"text\/css\" data-created_by=\"avia_inline_auto\" id=\"style-css-av-p7by-ac7ea312df6f8f7785c1532a98660b0d\">\n.av_font_icon.av-p7by-ac7ea312df6f8f7785c1532a98660b0d{\ncolor:#64c1de;\nborder-color:#64c1de;\n}\n.av_font_icon.av-p7by-ac7ea312df6f8f7785c1532a98660b0d .av-icon-char{\nfont-size:40px;\nline-height:40px;\nwidth:40px;\n}\n<\/style>\n<span  class='av_font_icon av-p7by-ac7ea312df6f8f7785c1532a98660b0d avia_animate_when_visible av-icon-style-border avia-icon-pos-center avia-icon-animate'><a href='https:\/\/associacoes.beira.pt\/amcdrsantaeufemia\/quem-somos\/'  class='av-icon-char' aria-hidden='true' data-av_icon='\ue840' data-av_iconfont='entypo-fontello' ><\/a><span class='av_icon_caption av-special-font'>Quem Somos<\/span><\/span><\/div>\n<style type=\"text\/css\" data-created_by=\"avia_inline_auto\" id=\"style-css-av-ltuw-4ff4713cb79a08944252c8303ee6deb3\">\n.flex_column.av-ltuw-4ff4713cb79a08944252c8303ee6deb3{\n-webkit-border-radius:0px 0px 0px 0px;\n-moz-border-radius:0px 0px 0px 0px;\nborder-radius:0px 0px 0px 0px;\npadding:0px 0px 0px 0px;\n}\n<\/style>\n<div  class='flex_column av-ltuw-4ff4713cb79a08944252c8303ee6deb3 av_one_fifth  avia-builder-el-13  el_after_av_one_fifth  el_before_av_one_fifth  flex_column_div av-zero-column-padding  '     ><style type=\"text\/css\" data-created_by=\"avia_inline_auto\" id=\"style-css-av-jx14-49b1b9308784461768b6f98131fbe50c\">\n.av_font_icon.av-jx14-49b1b9308784461768b6f98131fbe50c{\ncolor:#64c1de;\nborder-color:#64c1de;\n}\n.av_font_icon.av-jx14-49b1b9308784461768b6f98131fbe50c .av-icon-char{\nfont-size:40px;\nline-height:40px;\nwidth:40px;\n}\n<\/style>\n<span  class='av_font_icon av-jx14-49b1b9308784461768b6f98131fbe50c avia_animate_when_visible av-icon-style-border avia-icon-pos-center avia-icon-animate'><a href='https:\/\/associacoes.beira.pt\/amcdrsantaeufemia\/contactos\/'  class='av-icon-char' aria-hidden='true' data-av_icon='\ue854' data-av_iconfont='entypo-fontello' ><\/a><span class='av_icon_caption av-special-font'>Contactos<\/span><\/span><\/div>\n<style type=\"text\/css\" data-created_by=\"avia_inline_auto\" id=\"style-css-av-ida6-767b66681f39ee4bcf9ad62825d1e52a\">\n.flex_column.av-ida6-767b66681f39ee4bcf9ad62825d1e52a{\n-webkit-border-radius:0px 0px 0px 0px;\n-moz-border-radius:0px 0px 0px 0px;\nborder-radius:0px 0px 0px 0px;\npadding:0px 0px 0px 0px;\n}\n<\/style>\n<div  class='flex_column av-ida6-767b66681f39ee4bcf9ad62825d1e52a av_one_fifth  avia-builder-el-15  el_after_av_one_fifth  el_before_av_one_fifth  flex_column_div av-zero-column-padding  '     ><style type=\"text\/css\" data-created_by=\"avia_inline_auto\" id=\"style-css-av-gqeq-316c5ed73366d5fff1984ec9566144c3\">\n.av_font_icon.av-gqeq-316c5ed73366d5fff1984ec9566144c3{\ncolor:#e9a840;\nborder-color:#e9a840;\n}\n.av_font_icon.av-gqeq-316c5ed73366d5fff1984ec9566144c3 .av-icon-char{\nfont-size:40px;\nline-height:40px;\nwidth:40px;\n}\n<\/style>\n<span  class='av_font_icon av-gqeq-316c5ed73366d5fff1984ec9566144c3 avia_animate_when_visible av-icon-style-border avia-icon-pos-center avia-icon-animate'><a href='https:\/\/associacoes.beira.pt\/amcdrsantaeufemia\/orgaos-da-instituicao\/'  class='av-icon-char' aria-hidden='true' data-av_icon='\ue80b' data-av_iconfont='entypo-fontello' ><\/a><span class='av_icon_caption av-special-font'>Org\u00e3os Da Institui\u00e7\u00e3o<\/span><\/span><\/div>\n<style type=\"text\/css\" data-created_by=\"avia_inline_auto\" id=\"style-css-av-darc-61845f2cb24b07866f2efaae0f7b4217\">\n.flex_column.av-darc-61845f2cb24b07866f2efaae0f7b4217{\n-webkit-border-radius:0px 0px 0px 0px;\n-moz-border-radius:0px 0px 0px 0px;\nborder-radius:0px 0px 0px 0px;\npadding:0px 0px 0px 0px;\n}\n<\/style>\n<div  class='flex_column av-darc-61845f2cb24b07866f2efaae0f7b4217 av_one_fifth  avia-builder-el-17  el_after_av_one_fifth  el_before_av_one_fifth  flex_column_div av-zero-column-padding  '     ><style type=\"text\/css\" data-created_by=\"avia_inline_auto\" id=\"style-css-av-axke-1f4df1b3e0a0ac2c4278ff1a1f1ddc95\">\n.av_font_icon.av-axke-1f4df1b3e0a0ac2c4278ff1a1f1ddc95{\ncolor:#e9a840;\nborder-color:#e9a840;\n}\n.av_font_icon.av-axke-1f4df1b3e0a0ac2c4278ff1a1f1ddc95 .av-icon-char{\nfont-size:40px;\nline-height:40px;\nwidth:40px;\n}\n<\/style>\n<span  class='av_font_icon av-axke-1f4df1b3e0a0ac2c4278ff1a1f1ddc95 avia_animate_when_visible av-icon-style-border avia-icon-pos-center avia-icon-animate'><a href='http:\/\/associacoes.beira.pt\/amcdrsantaeufemia\/balcao-online\/'  class='av-icon-char' aria-hidden='true' data-av_icon='\ue8d1' data-av_iconfont='entypo-fontello' ><\/a><span class='av_icon_caption av-special-font'>Documentos<\/span><\/span><\/div>\n<style type=\"text\/css\" data-created_by=\"avia_inline_auto\" id=\"style-css-av-8w6q-71865dbf7a33699c88615cccd5b5f588\">\n.flex_column.av-8w6q-71865dbf7a33699c88615cccd5b5f588{\n-webkit-border-radius:0px 0px 0px 0px;\n-moz-border-radius:0px 0px 0px 0px;\nborder-radius:0px 0px 0px 0px;\npadding:0px 0px 0px 0px;\n}\n<\/style>\n<div  class='flex_column av-8w6q-71865dbf7a33699c88615cccd5b5f588 av_one_fifth  avia-builder-el-19  el_after_av_one_fifth  avia-builder-el-last  flex_column_div av-zero-column-padding  '     ><style type=\"text\/css\" data-created_by=\"avia_inline_auto\" id=\"style-css-av-6ye8-e568488b11cdd5f87bb60710eb0f6312\">\n.av_font_icon.av-6ye8-e568488b11cdd5f87bb60710eb0f6312{\ncolor:#e9a840;\nborder-color:#e9a840;\n}\n.av_font_icon.av-6ye8-e568488b11cdd5f87bb60710eb0f6312 .av-icon-char{\nfont-size:40px;\nline-height:40px;\nwidth:40px;\n}\n<\/style>\n<span  class='av_font_icon av-6ye8-e568488b11cdd5f87bb60710eb0f6312 avia_animate_when_visible av-icon-style-border avia-icon-pos-center avia-icon-animate'><a href='https:\/\/associacoes.beira.pt\/amcdrsantaeufemia\/tipo-de-documento\/contas-de-gerencia\/'  class='av-icon-char' aria-hidden='true' data-av_icon='\ue850' data-av_iconfont='entypo-fontello' ><\/a><span class='av_icon_caption av-special-font'>Contas de Ger\u00eancia<\/span><\/span><\/div>\n\n<\/div><\/div><\/div><!-- close content main div --><\/div><\/div>\n<style type=\"text\/css\" data-created_by=\"avia_inline_auto\" id=\"style-css-av-5i18-1e3f0a8b5b87c564b909831efa1452ab\">\n.avia-section.av-5i18-1e3f0a8b5b87c564b909831efa1452ab{\nbackground-color:#222222;\nbackground-image:unset;\n}\n<\/style>\n<div id='av_section_4'  class='avia-section av-5i18-1e3f0a8b5b87c564b909831efa1452ab main_color avia-section-default avia-no-shadow  avia-builder-el-21  el_after_av_section  avia-builder-el-last  avia-bg-style-scroll container_wrap sidebar_right'  ><div class='container av-section-cont-open' ><div class='template-page content  av-content-small alpha units'><div class='post-entry post-entry-type-page post-entry-2'><div class='entry-content-wrapper clearfix'>\n\n<\/div><\/div><\/div><!-- close content main div --><\/div><\/div><div id='after_section_4'  class='main_color av_default_container_wrap container_wrap sidebar_right'  ><div class='container av-section-cont-open' ><div class='template-page content  av-content-small alpha units'><div class='post-entry post-entry-type-page post-entry-2'><div class='entry-content-wrapper clearfix'>\n","protected":false},"excerpt":{"rendered":"","protected":false},"author":3,"featured_media":0,"parent":0,"menu_order":0,"comment_status":"open","ping_status":"open","template":"","meta":{"_acf_changed":false,"footnotes":""},"class_list":["post-2","page","type-page","status-publish","hentry"],"acf":[],"_links":{"self":[{"href":"https:\/\/associacoes.beira.pt\/amcdrsantaeufemia\/wp-json\/wp\/v2\/pages\/2","targetHints":{"allow":["GET"]}}],"collection":[{"href":"https:\/\/associacoes.beira.pt\/amcdrsantaeufemia\/wp-json\/wp\/v2\/pages"}],"about":[{"href":"https:\/\/associacoes.beira.pt\/amcdrsantaeufemia\/wp-json\/wp\/v2\/types\/page"}],"author":[{"embeddable":true,"href":"https:\/\/associacoes.beira.pt\/amcdrsantaeufemia\/wp-json\/wp\/v2\/users\/3"}],"replies":[{"embeddable":true,"href":"https:\/\/associacoes.beira.pt\/amcdrsantaeufemia\/wp-json\/wp\/v2\/comments?post=2"}],"version-history":[{"count":3,"href":"https:\/\/associacoes.beira.pt\/amcdrsantaeufemia\/wp-json\/wp\/v2\/pages\/2\/revisions"}],"predecessor-version":[{"id":583,"href":"https:\/\/associacoes.beira.pt\/amcdrsantaeufemia\/wp-json\/wp\/v2\/pages\/2\/revisions\/583"}],"wp:attachment":[{"href":"https:\/\/associacoes.beira.pt\/amcdrsantaeufemia\/wp-json\/wp\/v2\/media?parent=2"}],"curies":[{"name":"wp","href":"https:\/\/api.w.org\/{rel}","templated":true}]}}