{"id":24,"date":"2015-04-20T13:20:04","date_gmt":"2015-04-20T13:20:04","guid":{"rendered":"http:\/\/associacoes.beira.pt\/amcdrsantaeufemia\/?page_id=24"},"modified":"2015-05-13T11:05:19","modified_gmt":"2015-05-13T11:05:19","slug":"quem-somos","status":"publish","type":"page","link":"https:\/\/associacoes.beira.pt\/amcdrsantaeufemia\/quem-somos\/","title":{"rendered":"Quem Somos"},"content":{"rendered":"<div  class='flex_column av-av_one_full-2a9015ff38129c418a3f2eafba3e9512 av_one_full  avia-builder-el-0  avia-builder-el-no-sibling  first flex_column_div  '     ><section  class='av_textblock_section av-av_textblock-0366cc7376be6c9e82a3e9cc8987b64f '   itemscope=\"itemscope\" itemtype=\"https:\/\/schema.org\/CreativeWork\" ><div class='avia_textblock'  itemprop=\"text\" ><h4 class=\"western\" align=\"LEFT\"><span style=\"color: #4f81bd\"><b>Denomina\u00e7\u00e3o<\/b><\/span><\/h4>\n<p align=\"JUSTIFY\">Associa\u00e7\u00e3o de Melhoramentos, Cultura, Desporto e Recreativa de Santa Euf\u00eamia est\u00e1 constitu\u00edda como Associa\u00e7\u00e3o e Institui\u00e7\u00e3o Particular de Solidariedade Social por escritura p\u00fablica a 24 de Outubro de 2000, com Estatutos aprovados e registados na Direc\u00e7\u00e3o Geral da Ac\u00e7\u00e3o Social, sob o registo n\u00ba.46\/2001, na folha 150 do Livro n\u00ba. 8 das Associa\u00e7\u00f5es de Solidariedade Social e considera-se efectuado em 26 de Outubro de 2000, nos termos do n\u00ba. 2 do artigo 13\u00ba do regulamento aprovado por Portaria n\u00ba. 778\/83, de 23 de Julho, e publicado em DR n\u00ba. 292 , III s\u00e9rie, de 20 de Dezembro de 2000.<\/p>\n<h4 class=\"western\" align=\"LEFT\"><a name=\"_GoBack\"><\/a> <span style=\"color: #4f81bd\"><b>\u00c2mbito de Aplica\u00e7\u00e3o e Sede<\/b><\/span><\/h4>\n<ol>\n<li>\n<p align=\"JUSTIFY\">A Associa\u00e7\u00e3o de M.C.D.R. de Santa Euf\u00eamia, desenvolve, entre outras actividades, apoio social \u00e0 popula\u00e7\u00e3o idosa;<\/p>\n<\/li>\n<li>\n<p align=\"JUSTIFY\">A Institui\u00e7\u00e3o tem \u00e2mbito de atua\u00e7\u00e3o Nacional.<\/p>\n<\/li>\n<li>\n<p align=\"JUSTIFY\">A Associa\u00e7\u00e3o de M.C.D.R. de Santa Euf\u00eamia, celebrou o primeiro acordo de coopera\u00e7\u00e3o para Apoio Domicili\u00e1rio, com o Centro Distrital da Guarda, em 01 de Julho de 2002.<\/p>\n<\/li>\n<li>\n<p align=\"JUSTIFY\">A sua Sede \u00e9 na freguesia de Santa Euf\u00eamia, concelho de Pinhel.<\/p>\n<\/li>\n<\/ol>\n<h4 align=\"LEFT\">Fins<\/h4>\n<p align=\"JUSTIFY\">A Resposta Social de Servi\u00e7o de Apoio Domicili\u00e1rio consiste na apresenta\u00e7\u00e3o de um conjunto de servi\u00e7os que contribuem para a manuten\u00e7\u00e3o dos idosos no seu meio sociofamiliar e cultural. Destina-se a pessoas idosas e outras, de ambos os sexos, aut\u00f3nomos ou n\u00e3o e que expressem de livre vontade querer beneficiar dos servi\u00e7os que esta Institui\u00e7\u00e3o presta nas suas Respostas Sociais.<\/p>\n<p align=\"JUSTIFY\">Em situa\u00e7\u00e3o de incapacidade de express\u00e3o de livre vontade, o pedido de admiss\u00e3o nestes servi\u00e7os dever\u00e1 ser formulado por um parente ou pessoa id\u00f3nea da comunidade com quem o idoso se relacione e que assuma a responsabilidade e o pagamento pelos servi\u00e7os prestados.<\/p>\n<p class=\"western\" align=\"JUSTIFY\"><span style=\"font-family: Times New Roman,serif\"><span style=\"font-size: medium\"><span style=\"color: #4f81bd\"><span style=\"font-family: Arial,serif\"><span style=\"font-size: medium\"><b>Objetivos da Institui\u00e7\u00e3o<\/b><\/span><\/span><\/span><\/span><\/span><\/p>\n<p align=\"JUSTIFY\">Os objetivos da institui\u00e7\u00e3o s\u00e3o:<\/p>\n<ol>\n<li>\n<p align=\"JUSTIFY\">Contribuir para a melhoria da qualidade de vida dos seus utentes;<\/p>\n<\/li>\n<li>\n<p align=\"JUSTIFY\">Prevenir situa\u00e7\u00f5es de depend\u00eancia e promover a autonomia;<\/p>\n<\/li>\n<li>\n<p align=\"JUSTIFY\">Proporcionar o acompanhamento psicol\u00f3gico, social e providenciar encaminhamentos, sendo caso disso, de modo a contribuir para o seu equil\u00edbrio e bem-estar;<\/p>\n<\/li>\n<li>\n<p align=\"JUSTIFY\">Colaborar no acesso \u00e0 presta\u00e7\u00e3o de cuidados de sa\u00fade;<\/p>\n<\/li>\n<li>\n<p align=\"JUSTIFY\">Assegurar a satisfa\u00e7\u00e3o das necessidades b\u00e1sicas da pessoa, nomeadamente: alimenta\u00e7\u00e3o, sa\u00fade, higiene, ocupa\u00e7\u00e3o e lazer.<\/p>\n<\/li>\n<li>\n<p align=\"JUSTIFY\">Promover os sentimentos de intera\u00e7\u00e3o, autoestima e seguran\u00e7a por forma a contribuir para a estabiliza\u00e7\u00e3o e o retardamento do processo de envelhecimento.<\/p>\n<\/li>\n<\/ol>\n<h4 class=\"western\" align=\"LEFT\"><span style=\"color: #4f81bd\"><b>Respostas Sociais e Servi\u00e7os Prestados<\/b><\/span><\/h4>\n<p align=\"JUSTIFY\">A Associa\u00e7\u00e3o de M.C.D.R. de Santa Euf\u00eamia assegura a presta\u00e7\u00e3o das seguintes respostas sociais e servi\u00e7os:<\/p>\n<ol>\n<li>\n<p align=\"JUSTIFY\">Apoio Domicili\u00e1rio (alimenta\u00e7\u00e3o; cuidados de higiene e conforto pessoal; cuidados de higiene e conforto habitacional; lavagem e tratamento de roupas).<\/p>\n<\/li>\n<li>\n<p align=\"JUSTIFY\">Anima\u00e7\u00e3o e Lazer;<\/p>\n<\/li>\n<li>\n<p align=\"JUSTIFY\">Apoio nas desloca\u00e7\u00f5es \u00e0 Institui\u00e7\u00e3o;<\/p>\n<\/li>\n<li>\n<p align=\"JUSTIFY\">Apoio nas desloca\u00e7\u00f5es aos servi\u00e7os de sa\u00fade em situa\u00e7\u00f5es de emerg\u00eancia;<\/p>\n<\/li>\n<li>\n<p align=\"JUSTIFY\">Apoio e encaminhamento social;<\/p>\n<\/li>\n<li>\n<p align=\"JUSTIFY\">Passeios em grupo.<\/p>\n<\/li>\n<\/ol>\n<\/div><\/section><\/div>\n","protected":false},"excerpt":{"rendered":"","protected":false},"author":2,"featured_media":0,"parent":0,"menu_order":0,"comment_status":"open","ping_status":"open","template":"","meta":{"_acf_changed":false,"footnotes":""},"class_list":["post-24","page","type-page","status-publish","hentry"],"acf":[],"_links":{"self":[{"href":"https:\/\/associacoes.beira.pt\/amcdrsantaeufemia\/wp-json\/wp\/v2\/pages\/24","targetHints":{"allow":["GET"]}}],"collection":[{"href":"https:\/\/associacoes.beira.pt\/amcdrsantaeufemia\/wp-json\/wp\/v2\/pages"}],"about":[{"href":"https:\/\/associacoes.beira.pt\/amcdrsantaeufemia\/wp-json\/wp\/v2\/types\/page"}],"author":[{"embeddable":true,"href":"https:\/\/associacoes.beira.pt\/amcdrsantaeufemia\/wp-json\/wp\/v2\/users\/2"}],"replies":[{"embeddable":true,"href":"https:\/\/associacoes.beira.pt\/amcdrsantaeufemia\/wp-json\/wp\/v2\/comments?post=24"}],"version-history":[{"count":0,"href":"https:\/\/associacoes.beira.pt\/amcdrsantaeufemia\/wp-json\/wp\/v2\/pages\/24\/revisions"}],"wp:attachment":[{"href":"https:\/\/associacoes.beira.pt\/amcdrsantaeufemia\/wp-json\/wp\/v2\/media?parent=24"}],"curies":[{"name":"wp","href":"https:\/\/api.w.org\/{rel}","templated":true}]}}