{"id":40,"date":"2015-04-20T13:26:02","date_gmt":"2015-04-20T13:26:02","guid":{"rendered":"http:\/\/associacoes.beira.pt\/amcdrsantaeufemia\/?page_id=40"},"modified":"2024-03-26T08:56:46","modified_gmt":"2024-03-26T08:56:46","slug":"orgaos-da-instituicao","status":"publish","type":"page","link":"https:\/\/associacoes.beira.pt\/amcdrsantaeufemia\/orgaos-da-instituicao\/","title":{"rendered":"\u00d3rg\u00e3os da Institui\u00e7\u00e3o"},"content":{"rendered":"<div  class='flex_column av-1foog-3198b7e9e726ee675f379168842c1280 av_one_full  avia-builder-el-0  avia-builder-el-no-sibling  first flex_column_div  '     ><section  class='av_textblock_section av-tps8-192d33d5f270287aebda2ee3b0f35fe0 '   itemscope=\"itemscope\" itemtype=\"https:\/\/schema.org\/CreativeWork\" ><div class='avia_textblock'  itemprop=\"text\" ><p align=\"CENTER\"><span style=\"font-size: large;\"><b>LISTA DE CORPOS GERENTES DA<\/b><\/span><\/p>\n<p align=\"CENTER\"><span style=\"font-size: large;\"><b>ASSOCIA\u00c7\u00c3O DE MELHORAMENTOS, CULTURA, DESPORTO E RECREATIVA DE<\/b><\/span><\/p>\n<p align=\"CENTER\"><span style=\"font-size: large;\"><b>SANTA EUF\u00caMIA<\/b><\/span><\/p>\n<p><span style=\"font-size: large;\"><b>Assembleia Geral<\/b><\/span><span style=\"font-size: large;\">:<\/span><\/p>\n<ul>\n<li>\n<p align=\"JUSTIFY\"><b>Presidente<\/b> S\u00e9rgio Alexandre Raposo Ferreira Paula S\u00f3cio n \u00ba 26<\/p>\n<\/li>\n<li>\n<p align=\"JUSTIFY\"><b>1\u00ba Secret\u00e1rio<\/b> Laura Maria Fernandes da Silva n \u00ba 20<\/p>\n<\/li>\n<li>\n<p align=\"JUSTIFY\"><b>2\u00ba Secret\u00e1rio<\/b> Cl\u00e1udia Sofia Lopes dos Santos n \u00ba 235<\/p>\n<\/li>\n<\/ul>\n<p><span style=\"font-size: large;\"><b>Direc\u00e7\u00e3o<\/b><\/span><span style=\"font-size: large;\">:<\/span><\/p>\n<ul>\n<li><b>Presidente\u00a0<\/b>Maria Regina Gon\u00e7alves Pereira Paula n \u00ba 98<\/li>\n<li><b>Vice-Presidente<\/b> Maria Jos\u00e9 Branquinho Adriano n \u00ba 179<\/li>\n<li><b>Secret\u00e1rio<\/b> Jos\u00e9 Monteiro Fernandes S\u00f3cio n.\u00ba 88<\/li>\n<li><b>Tesoureiro<\/b> Jorge Manuel Santos Amaral S\u00f3cio n \u00ba 22<\/li>\n<li><b>Vogal\u00a0<\/b>Gra\u00e7a Alexandra Xavier Paula S\u00f3cio n.\u00ba 242<\/li>\n<\/ul>\n<p><span style=\"font-size: large;\"><b>Suplentes<\/b><\/span><span style=\"font-size: large;\">:<\/span><\/p>\n<ul>\n<li>Delfim de Carvalho Pascoal n \u00ba 200<\/li>\n<li>Manuel Fernandes Paulos S\u00f3cio n \u00ba 04<\/li>\n<li>Gilberto Fernandes Paulos S\u00f3cio n \u00ba 50<\/li>\n<li>H\u00e9lio dos Santos Amaral S\u00f3cio n \u00ba 17<\/li>\n<li>Paulo Alberto da Silva S\u00f3cio n \u00ba 16<\/li>\n<\/ul>\n<p><span style=\"font-size: large;\"><b>Conselho Fiscal<\/b><\/span>:<\/p>\n<ul>\n<li><b>Presidente<\/b> Jos\u00e9 M\u00e1rio Santos Ferreira S\u00f3cio n \u00ba 102<\/li>\n<li><b>Vogal\u00a0<\/b>Carlos Miguel da Silva Monteiro S\u00f3cio n \u00ba 90<\/li>\n<li><b>Vogal\u00a0<\/b>Paulo Alfredo Fernandes Paulos S\u00f3cio n \u00ba 56<\/li>\n<\/ul>\n<p><span style=\"font-size: large;\"><b>Suplentes<\/b><\/span><span style=\"font-size: large;\">:<\/span><\/p>\n<ul>\n<li>Am\u00e9lia da Concei\u00e7\u00e3o P. Baltazar Ribeiro S\u00f3cio n \u00ba 58<\/li>\n<li>Fernando Jorge de Carvalho Paula S\u00f3cio n \u00ba21<\/li>\n<li>Paula Cristina Soeiro Ferreira S\u00f3cio n \u00ba36<\/li>\n<\/ul>\n<p>Santa Euf\u00eamia, 30 de janeiro de 2021<\/p>\n<\/div><\/section><\/div>\n","protected":false},"excerpt":{"rendered":"","protected":false},"author":4,"featured_media":0,"parent":0,"menu_order":0,"comment_status":"open","ping_status":"open","template":"","meta":{"_acf_changed":false,"footnotes":""},"class_list":["post-40","page","type-page","status-publish","hentry"],"acf":[],"_links":{"self":[{"href":"https:\/\/associacoes.beira.pt\/amcdrsantaeufemia\/wp-json\/wp\/v2\/pages\/40","targetHints":{"allow":["GET"]}}],"collection":[{"href":"https:\/\/associacoes.beira.pt\/amcdrsantaeufemia\/wp-json\/wp\/v2\/pages"}],"about":[{"href":"https:\/\/associacoes.beira.pt\/amcdrsantaeufemia\/wp-json\/wp\/v2\/types\/page"}],"author":[{"embeddable":true,"href":"https:\/\/associacoes.beira.pt\/amcdrsantaeufemia\/wp-json\/wp\/v2\/users\/4"}],"replies":[{"embeddable":true,"href":"https:\/\/associacoes.beira.pt\/amcdrsantaeufemia\/wp-json\/wp\/v2\/comments?post=40"}],"version-history":[{"count":0,"href":"https:\/\/associacoes.beira.pt\/amcdrsantaeufemia\/wp-json\/wp\/v2\/pages\/40\/revisions"}],"wp:attachment":[{"href":"https:\/\/associacoes.beira.pt\/amcdrsantaeufemia\/wp-json\/wp\/v2\/media?parent=40"}],"curies":[{"name":"wp","href":"https:\/\/api.w.org\/{rel}","templated":true}]}}