{"id":24,"date":"2015-04-20T13:20:04","date_gmt":"2015-04-20T13:20:04","guid":{"rendered":"http:\/\/associacoes.beira.pt\/amcdrsantaeufemia\/?page_id=24"},"modified":"2018-07-05T10:32:26","modified_gmt":"2018-07-05T10:32:26","slug":"quem-somos","status":"publish","type":"page","link":"https:\/\/associacoes.beira.pt\/asdrcminhocal\/quem-somos\/","title":{"rendered":"Quem Somos"},"content":{"rendered":"<section  class='av_textblock_section av-av_textblock-2de302bf1aa3cf4c9157dbe6f50ac7eb '   itemscope=\"itemscope\" itemtype=\"https:\/\/schema.org\/CreativeWork\" ><div class='avia_textblock'  itemprop=\"text\" ><p style=\"text-align: justify;\">A <strong>Associa\u00e7\u00e3o Social Desportiva Recreativa e Cultural de Minhocal<\/strong>\u00a0\u00e9 uma Institui\u00e7\u00e3o Particular de Solidariedade Social (IPSS), que tem por finalidade o exerc\u00edcio da ac\u00e7\u00e3o social na preven\u00e7\u00e3o e apoio nas diversas situa\u00e7\u00f5es de fragilidade, exclus\u00e3o ou car\u00eancia humana, promovendo a inclus\u00e3o e a integra\u00e7\u00e3o social, neste caso da terceira idade.<\/p>\n<p style=\"text-align: justify;\">Esta IPSS n\u00e3o tem qualquer finalidade lucrativa, tendo como prop\u00f3sito dar express\u00e3o ao dever moral de solidariedade e de justi\u00e7a entre os seus utentes e promover a Qualidade de Vida dos mesmos. Assim, a Associa\u00e7\u00e3o Social e Desportiva Recreativa e Cultural de Minhocal, desenvolve a reposta social (SERVI\u00c7O DE APOIO DOMICILI\u00c1RIO) que visa promover a Qualidade de Vida dos utentes que delas usufruem, desta forma o SERVI\u00c7O DE APOIO DOMICILI\u00c1RIO, consiste na presta\u00e7\u00e3o de cuidados individualizados e personalizados no domic\u00edlio a indiv\u00edduos e fam\u00edlias quando, por motivo de doen\u00e7a, defici\u00eancia ou outro impedimento, os mesmos n\u00e3o possam assegurar tempor\u00e1ria ou permanentemente, a satisfa\u00e7\u00e3o das suas necessidades b\u00e1sicas e\/ou as actividades da vida di\u00e1ria.<\/p>\n<p style=\"text-align: justify;\">Os objectivos gerais do Servi\u00e7o de Apoio Domicili\u00e1rio s\u00e3o contribuir para a melhoria da Qualidade de Vida dos indiv\u00edduos e fam\u00edlias, contribuir para retardar ou evitar a institucionaliza\u00e7\u00e3o. Os Objectivos espec\u00edficos do Servi\u00e7o de Apoio Domicili\u00e1rio s\u00e3o assegurar aos indiv\u00edduos e fam\u00edlias satisfa\u00e7\u00e3o de necessidades b\u00e1sicas, prestar cuidados de ordem f\u00edsica e apoio psico-social aos indiv\u00edduos e fam\u00edlias, de modo a contribuir para o seu equil\u00edbrio e bem-estar e colaborar na presta\u00e7\u00e3o de cuidados de sa\u00fade.<\/p>\n<p style=\"text-align: justify;\">O SAD deve proporcionar os seguintes servi\u00e7os: presta\u00e7\u00e3o de cuidados de higiene e conforto, arruma\u00e7\u00e3o e pequenas limpezas no domic\u00edlio, confec\u00e7\u00e3o, transporte e\/ou distribui\u00e7\u00e3o de refei\u00e7\u00f5es, tratamento de roupas. O SAD pode ainda assegurar outros servi\u00e7os, tais como, acompanhamento ao exterior, aquisi\u00e7\u00e3o de g\u00e9neros aliment\u00edcios e outros artigos, acompanhamento, recrea\u00e7\u00e3o e conv\u00edvio, pequenas repara\u00e7\u00f5es no domic\u00edlio, contactos com o exterior<\/p>\n<\/div><\/section>\n","protected":false},"excerpt":{"rendered":"","protected":false},"author":3,"featured_media":0,"parent":0,"menu_order":0,"comment_status":"open","ping_status":"open","template":"","meta":{"_acf_changed":false,"footnotes":""},"class_list":["post-24","page","type-page","status-publish","hentry"],"acf":[],"_links":{"self":[{"href":"https:\/\/associacoes.beira.pt\/asdrcminhocal\/wp-json\/wp\/v2\/pages\/24","targetHints":{"allow":["GET"]}}],"collection":[{"href":"https:\/\/associacoes.beira.pt\/asdrcminhocal\/wp-json\/wp\/v2\/pages"}],"about":[{"href":"https:\/\/associacoes.beira.pt\/asdrcminhocal\/wp-json\/wp\/v2\/types\/page"}],"author":[{"embeddable":true,"href":"https:\/\/associacoes.beira.pt\/asdrcminhocal\/wp-json\/wp\/v2\/users\/3"}],"replies":[{"embeddable":true,"href":"https:\/\/associacoes.beira.pt\/asdrcminhocal\/wp-json\/wp\/v2\/comments?post=24"}],"version-history":[{"count":0,"href":"https:\/\/associacoes.beira.pt\/asdrcminhocal\/wp-json\/wp\/v2\/pages\/24\/revisions"}],"wp:attachment":[{"href":"https:\/\/associacoes.beira.pt\/asdrcminhocal\/wp-json\/wp\/v2\/media?parent=24"}],"curies":[{"name":"wp","href":"https:\/\/api.w.org\/{rel}","templated":true}]}}