{"id":363,"date":"2016-07-05T15:42:00","date_gmt":"2016-07-05T15:42:00","guid":{"rendered":"http:\/\/associacoes.beira.pt\/casm\/?page_id=363"},"modified":"2018-06-29T13:33:44","modified_gmt":"2018-06-29T13:33:44","slug":"centro-de-dia","status":"publish","type":"page","link":"https:\/\/associacoes.beira.pt\/asdrcminhocal\/centro-de-dia\/","title":{"rendered":"Centro de Dia"},"content":{"rendered":"\n<style type=\"text\/css\" data-created_by=\"avia_inline_auto\" id=\"style-css-av-av_one_full-9497bbf8bff73ea4c6992cc17fa9ec36\">\n.flex_column.av-av_one_full-9497bbf8bff73ea4c6992cc17fa9ec36{\n-webkit-border-radius:0px 0px 0px 0px;\n-moz-border-radius:0px 0px 0px 0px;\nborder-radius:0px 0px 0px 0px;\npadding:0px 0px 0px 0px;\n}\n<\/style>\n<div  class='flex_column av-av_one_full-9497bbf8bff73ea4c6992cc17fa9ec36 av_one_full  avia-builder-el-0  avia-builder-el-no-sibling  first flex_column_div av-zero-column-padding  '     ><section  class='av_textblock_section av-av_textblock-0366cc7376be6c9e82a3e9cc8987b64f '   itemscope=\"itemscope\" itemtype=\"https:\/\/schema.org\/CreativeWork\" ><div class='avia_textblock'  itemprop=\"text\" ><p>O <strong>Centro de Dia<\/strong> \u00e9 uma resposta social, que contribuiu para a valoriza\u00e7\u00e3o pessoal, partilha de conhecimentos <span class=\"text_exposed_show\">e experi\u00eancias pessoais, proporcionando ainda durante o dia a resolu\u00e7\u00e3o de necessidades b\u00e1sicas pessoais, terap\u00eauticas e s\u00f3cio &#8211; culturais \u00e0s pessoas afectadas por diferentes graus de depend\u00eancia, contribuindo para a manuten\u00e7\u00e3o da pessoa no seu meio familiar.<\/span><\/p>\n<p><strong>Objectivos<\/strong><br \/>\nMelhorar a qualidade de vida das pessoas idosas e possibilitar a manuten\u00e7\u00e3o dos seus utentes, nos seus pr\u00f3prios domic\u00edlios.<br \/>\nPotencializar um conjunto de ac\u00e7\u00f5es destinadas a promover a conviv\u00eancia, participa\u00e7\u00e3o e integra\u00e7\u00e3o dos indiv\u00edduos na vida social.<\/p>\n<p><strong>Servi\u00e7os Prestados<\/strong><br \/>\nApoio social e burocr\u00e1tico, quando necess\u00e1rio.<br \/>\nAlimenta\u00e7\u00e3o, de Segunda-Feira a S\u00e1bado.<br \/>\nHigiene pessoal, de Segunda-Feira a Sexta-Feira.<br \/>\nHigiene habitacional, de Segunda-Feira a Sexta-Feira.<br \/>\nTratamento de roupas, de Segunda-Feira a Sexta-Feira.<br \/>\nCuidados de sa\u00fade a n\u00edvel de enfermagem, de Segunda-Feira a Sexta-Feira.<br \/>\nAcompanhamento ao exterior \/ m\u00e9dico, quando solicitado.<br \/>\nConv\u00edvio, passeios e visitas guiadas.<\/p>\n<\/div><\/section><\/div>\n","protected":false},"excerpt":{"rendered":"","protected":false},"author":3,"featured_media":0,"parent":0,"menu_order":0,"comment_status":"closed","ping_status":"closed","template":"","meta":{"_acf_changed":false,"footnotes":""},"class_list":["post-363","page","type-page","status-publish","hentry"],"acf":[],"_links":{"self":[{"href":"https:\/\/associacoes.beira.pt\/asdrcminhocal\/wp-json\/wp\/v2\/pages\/363","targetHints":{"allow":["GET"]}}],"collection":[{"href":"https:\/\/associacoes.beira.pt\/asdrcminhocal\/wp-json\/wp\/v2\/pages"}],"about":[{"href":"https:\/\/associacoes.beira.pt\/asdrcminhocal\/wp-json\/wp\/v2\/types\/page"}],"author":[{"embeddable":true,"href":"https:\/\/associacoes.beira.pt\/asdrcminhocal\/wp-json\/wp\/v2\/users\/3"}],"replies":[{"embeddable":true,"href":"https:\/\/associacoes.beira.pt\/asdrcminhocal\/wp-json\/wp\/v2\/comments?post=363"}],"version-history":[{"count":0,"href":"https:\/\/associacoes.beira.pt\/asdrcminhocal\/wp-json\/wp\/v2\/pages\/363\/revisions"}],"wp:attachment":[{"href":"https:\/\/associacoes.beira.pt\/asdrcminhocal\/wp-json\/wp\/v2\/media?parent=363"}],"curies":[{"name":"wp","href":"https:\/\/api.w.org\/{rel}","templated":true}]}}