{"id":2,"date":"2015-04-20T10:03:11","date_gmt":"2015-04-20T10:03:11","guid":{"rendered":"http:\/\/associacoes.beira.pt\/amcdrsantaeufemia\/?page_id=2"},"modified":"2021-04-05T11:33:55","modified_gmt":"2021-04-05T11:33:55","slug":"pagina-exemplo","status":"publish","type":"page","link":"https:\/\/associacoes.beira.pt\/assfornotelheiro\/","title":{"rendered":"P\u00e1gina Principal"},"content":{"rendered":"<div id='layer_slider_1'  class='avia-layerslider main_color avia-shadow  avia-builder-el-0  el_before_av_one_full  avia-builder-el-first  container_wrap sidebar_right'  style='height: 511px;'  ><\/div><div id='after_layer_slider_1'  class='main_color av_default_container_wrap container_wrap sidebar_right'  ><div class='container av-section-cont-open' ><div class='template-page content  av-content-small alpha units'><div class='post-entry post-entry-type-page post-entry-2'><div class='entry-content-wrapper clearfix'>\n\n<style type=\"text\/css\" data-created_by=\"avia_inline_auto\" id=\"style-css-av-12ujk-1c48c27ba5c01fcaa28a0a9282f575d5\">\n.flex_column.av-12ujk-1c48c27ba5c01fcaa28a0a9282f575d5{\n-webkit-border-radius:0px 0px 0px 0px;\n-moz-border-radius:0px 0px 0px 0px;\nborder-radius:0px 0px 0px 0px;\npadding:0px 0px 0px 0px;\n}\n<\/style>\n<div  class='flex_column av-12ujk-1c48c27ba5c01fcaa28a0a9282f575d5 av_one_full  avia-builder-el-1  el_after_av_layerslider  el_before_av_section  avia-builder-el-no-sibling  first flex_column_div av-zero-column-padding  '     ><\/div>\n<\/div><\/div><\/div><!-- close content main div --><\/div><\/div>\n<style type=\"text\/css\" data-created_by=\"avia_inline_auto\" id=\"style-css-av-10cea-61e0c147466b10150d5752d055091c3e\">\n.avia-section.av-10cea-61e0c147466b10150d5752d055091c3e{\nbackground-color:#f6f6f6;\nbackground-image:unset;\n}\n<\/style>\n<div id='av_section_1'  class='avia-section av-10cea-61e0c147466b10150d5752d055091c3e main_color avia-section-large avia-no-border-styling  avia-builder-el-3  el_after_av_one_full  el_before_av_section  avia-bg-style-scroll container_wrap sidebar_right'  ><div class='container av-section-cont-open' ><div class='template-page content  av-content-small alpha units'><div class='post-entry post-entry-type-page post-entry-2'><div class='entry-content-wrapper clearfix'>\n<section  class='av_textblock_section av-xjqo-3f0895e118e7c2349dfe9f5aa1c1b402 '   itemscope=\"itemscope\" itemtype=\"https:\/\/schema.org\/CreativeWork\" ><div class='avia_textblock'  itemprop=\"text\" ><h2>Breve Historial da Associa\u00e7\u00e3o<\/h2>\n<\/div><\/section>\n<section  class='av_textblock_section av-vh5o-81a141f8a02edfb6bc322b1602300f01 '   itemscope=\"itemscope\" itemtype=\"https:\/\/schema.org\/CreativeWork\" ><div class='avia_textblock'  itemprop=\"text\" ><p>A Associa\u00e7\u00e3o foi fundada pela Dign\u00edssima Enfermeira Maria da Concei\u00e7\u00e3o Ramos Cerejo, natural de Fornotelheiro atrav\u00e9s do Registo Nacional de Pessoas Coletivas em 25 de Junho de 1996; a escritura p\u00fablica foi celebrada no Cart\u00f3rio Notarial de Celorico da Beira em 26 de Agosto do mesmo ano, com a denomina\u00e7\u00e3o &#8211; Associa\u00e7\u00e3o de Solidariedade Social e de Melhoramentos de Fornotelheiro, conforme consta da publica\u00e7\u00e3o em Di\u00e1rio da Rep\u00fablica, III S\u00e9rie, N.\u00ba 230 de 3-10- 1996.<\/p>\n<p style=\"text-align: right\"><a href=\"http:\/\/associacoes.beira.pt\/assfornotelheiro\/quem-somos\/\">Mais informa\u00e7\u00e3o &gt;&gt;<\/a><\/p>\n<\/div><\/section>\n\n<\/div><\/div><\/div><!-- close content main div --><\/div><\/div>\n<style type=\"text\/css\" data-created_by=\"avia_inline_auto\" id=\"style-css-av-sa7m-be8388a8d8661f6c9b846f95430e3c6d\">\n.avia-section.av-sa7m-be8388a8d8661f6c9b846f95430e3c6d{\nbackground-color:#7e0021;\nbackground-image:unset;\n}\n<\/style>\n<div id='av_section_2'  class='avia-section av-sa7m-be8388a8d8661f6c9b846f95430e3c6d main_color avia-section-large avia-shadow  avia-builder-el-6  el_after_av_section  el_before_av_section  avia-bg-style-scroll container_wrap sidebar_right'  ><div class='container av-section-cont-open' ><div class='template-page content  av-content-small alpha units'><div class='post-entry post-entry-type-page post-entry-2'><div class='entry-content-wrapper clearfix'>\n<div class='flex_column_table av-qfq0-3c54042289a750e350719c60c33cb1b9 sc-av_one_fifth av-equal-height-column-flextable'>\n<style type=\"text\/css\" data-created_by=\"avia_inline_auto\" id=\"style-css-av-qfq0-3c54042289a750e350719c60c33cb1b9\">\n.flex_column.av-qfq0-3c54042289a750e350719c60c33cb1b9{\n-webkit-border-radius:0px 0px 0px 0px;\n-moz-border-radius:0px 0px 0px 0px;\nborder-radius:0px 0px 0px 0px;\npadding:0px 0px 0px 0px;\n}\n<\/style>\n<div  class='flex_column av-qfq0-3c54042289a750e350719c60c33cb1b9 av_one_fifth  avia-builder-el-7  el_before_av_one_fifth  avia-builder-el-first  first flex_column_table_cell av-equal-height-column av-align-middle av-zero-column-padding  '     ><style type=\"text\/css\" data-created_by=\"avia_inline_auto\" id=\"style-css-av-pdke-f0643d0f43a8f5c651adcb638ea25490\">\n.av_font_icon.av-pdke-f0643d0f43a8f5c651adcb638ea25490{\ncolor:#ffffff;\nborder-color:#ffffff;\n}\n.av_font_icon.av-pdke-f0643d0f43a8f5c651adcb638ea25490 .av-icon-char{\nfont-size:40px;\nline-height:40px;\nwidth:40px;\n}\n<\/style>\n<span  class='av_font_icon av-pdke-f0643d0f43a8f5c651adcb638ea25490 avia_animate_when_visible av-icon-style-border avia-icon-pos-center avia-icon-animate'><a href='https:\/\/associacoes.beira.pt\/assfornotelheiro\/quem-somos\/'  class='av-icon-char' aria-hidden='true' data-av_icon='\ue840' data-av_iconfont='entypo-fontello' ><\/a><span class='av_icon_caption av-special-font'>Quem Somos<\/span><\/span><\/div><div class='av-flex-placeholder'><\/div>\n<style type=\"text\/css\" data-created_by=\"avia_inline_auto\" id=\"style-css-av-m4w4-7def41ba616e2841672dc27e384e9e2b\">\n.flex_column.av-m4w4-7def41ba616e2841672dc27e384e9e2b{\n-webkit-border-radius:0px 0px 0px 0px;\n-moz-border-radius:0px 0px 0px 0px;\nborder-radius:0px 0px 0px 0px;\npadding:0px 0px 0px 0px;\n}\n<\/style>\n<div  class='flex_column av-m4w4-7def41ba616e2841672dc27e384e9e2b av_one_fifth  avia-builder-el-9  el_after_av_one_fifth  el_before_av_one_fifth  flex_column_table_cell av-equal-height-column av-align-middle av-zero-column-padding  '     ><style type=\"text\/css\" data-created_by=\"avia_inline_auto\" id=\"style-css-av-jp26-b4bb2bae7a6428579aa113fed2208530\">\n.av_font_icon.av-jp26-b4bb2bae7a6428579aa113fed2208530{\ncolor:#ffffff;\nborder-color:#ffffff;\n}\n.av_font_icon.av-jp26-b4bb2bae7a6428579aa113fed2208530 .av-icon-char{\nfont-size:40px;\nline-height:40px;\nwidth:40px;\n}\n<\/style>\n<span  class='av_font_icon av-jp26-b4bb2bae7a6428579aa113fed2208530 avia_animate_when_visible av-icon-style-border avia-icon-pos-center avia-icon-animate'><a href='https:\/\/associacoes.beira.pt\/assfornotelheiro\/contactos\/'  class='av-icon-char' aria-hidden='true' data-av_icon='\ue854' data-av_iconfont='entypo-fontello' ><\/a><span class='av_icon_caption av-special-font'>Contactos<\/span><\/span><\/div><div class='av-flex-placeholder'><\/div>\n<style type=\"text\/css\" data-created_by=\"avia_inline_auto\" id=\"style-css-av-htem-be6a41913b57a9dcfe54d07f660e9b62\">\n.flex_column.av-htem-be6a41913b57a9dcfe54d07f660e9b62{\n-webkit-border-radius:0px 0px 0px 0px;\n-moz-border-radius:0px 0px 0px 0px;\nborder-radius:0px 0px 0px 0px;\npadding:0px 0px 0px 0px;\n}\n<\/style>\n<div  class='flex_column av-htem-be6a41913b57a9dcfe54d07f660e9b62 av_one_fifth  avia-builder-el-11  el_after_av_one_fifth  el_before_av_one_fifth  flex_column_table_cell av-equal-height-column av-align-middle av-zero-column-padding  '     ><style type=\"text\/css\" data-created_by=\"avia_inline_auto\" id=\"style-css-av-1np8-b355c9a06258039ff10714e119eaefb3\">\n.av_font_icon.av-1np8-b355c9a06258039ff10714e119eaefb3{\ncolor:#ffffff;\nborder-color:#ffffff;\n}\n.av_font_icon.av-1np8-b355c9a06258039ff10714e119eaefb3 .av-icon-char{\nfont-size:40px;\nline-height:40px;\nwidth:40px;\n}\n<\/style>\n<span  class='av_font_icon av-1np8-b355c9a06258039ff10714e119eaefb3 avia_animate_when_visible av-icon-style-border avia-icon-pos-center avia-icon-animate'><a href='https:\/\/associacoes.beira.pt\/assfornotelheiro\/wp-content\/uploads\/sites\/8\/2018\/03\/assf-corpos-sociais-2017-2020.pdf'  target=\"_blank\"  rel=\"noopener noreferrer\" class='av-icon-char' aria-hidden='true' data-av_icon='\ue80b' data-av_iconfont='entypo-fontello' ><\/a><span class='av_icon_caption av-special-font'>Org\u00e3os Associativos<\/span><\/span><\/div><div class='av-flex-placeholder'><\/div>\n<style type=\"text\/css\" data-created_by=\"avia_inline_auto\" id=\"style-css-av-e0ui-43e0e1b114788a846240fa04b8baad6e\">\n.flex_column.av-e0ui-43e0e1b114788a846240fa04b8baad6e{\n-webkit-border-radius:0px 0px 0px 0px;\n-moz-border-radius:0px 0px 0px 0px;\nborder-radius:0px 0px 0px 0px;\npadding:0px 0px 0px 0px;\n}\n<\/style>\n<div  class='flex_column av-e0ui-43e0e1b114788a846240fa04b8baad6e av_one_fifth  avia-builder-el-13  el_after_av_one_fifth  el_before_av_one_fifth  flex_column_table_cell av-equal-height-column av-align-middle av-zero-column-padding  '     ><style type=\"text\/css\" data-created_by=\"avia_inline_auto\" id=\"style-css-av-cht4-cc1882ecf0ca66a64e1139e1dea7eaf3\">\n.av_font_icon.av-cht4-cc1882ecf0ca66a64e1139e1dea7eaf3{\ncolor:#ffffff;\nborder-color:#ffffff;\n}\n.av_font_icon.av-cht4-cc1882ecf0ca66a64e1139e1dea7eaf3 .av-icon-char{\nfont-size:40px;\nline-height:40px;\nwidth:40px;\n}\n<\/style>\n<span  class='av_font_icon av-cht4-cc1882ecf0ca66a64e1139e1dea7eaf3 avia_animate_when_visible av-icon-style-border avia-icon-pos-center avia-icon-animate'><a href='https:\/\/associacoes.beira.pt\/assfornotelheiro\/wp-content\/uploads\/sites\/8\/2018\/07\/estatutos-2018-digitalizados.pdf'  target=\"_blank\"  rel=\"noopener noreferrer\" class='av-icon-char' aria-hidden='true' data-av_icon='\ue84c' data-av_iconfont='entypo-fontello' ><\/a><span class='av_icon_caption av-special-font'>Estatutos<\/span><\/span><\/div><div class='av-flex-placeholder'><\/div>\n<style type=\"text\/css\" data-created_by=\"avia_inline_auto\" id=\"style-css-av-3h2-f4eb85bc9ce8f6ad3ae1ed9c3203167d\">\n.flex_column.av-3h2-f4eb85bc9ce8f6ad3ae1ed9c3203167d{\n-webkit-border-radius:0px 0px 0px 0px;\n-moz-border-radius:0px 0px 0px 0px;\nborder-radius:0px 0px 0px 0px;\npadding:0px 0px 0px 0px;\n}\n<\/style>\n<div  class='flex_column av-3h2-f4eb85bc9ce8f6ad3ae1ed9c3203167d av_one_fifth  avia-builder-el-15  el_after_av_one_fifth  avia-builder-el-last  flex_column_table_cell av-equal-height-column av-align-middle av-zero-column-padding  '     ><style type=\"text\/css\" data-created_by=\"avia_inline_auto\" id=\"style-css-av-7uak-1c92ebe6562cac684f47e1f3b0f206e7\">\n.av_font_icon.av-7uak-1c92ebe6562cac684f47e1f3b0f206e7{\ncolor:#ffffff;\nborder-color:#ffffff;\n}\n.av_font_icon.av-7uak-1c92ebe6562cac684f47e1f3b0f206e7 .av-icon-char{\nfont-size:40px;\nline-height:40px;\nwidth:40px;\n}\n<\/style>\n<span  class='av_font_icon av-7uak-1c92ebe6562cac684f47e1f3b0f206e7 avia_animate_when_visible av-icon-style-border avia-icon-pos-center avia-icon-animate'><a href='http:\/\/associacoes.beira.pt\/assfornotelheiro\/tipo-de-documento\/relatorios-de-contas\/'  class='av-icon-char' aria-hidden='true' data-av_icon='\ue8cf' data-av_iconfont='entypo-fontello' ><\/a><span class='av_icon_caption av-special-font'>Contas<\/span><\/span><\/div><\/div><!--close column table wrapper. Autoclose: 1 --><\/div><\/div><\/div><!-- close content main div --><\/div><\/div>\n<style type=\"text\/css\" data-created_by=\"avia_inline_auto\" id=\"style-css-av-55wk-f0a820ccfa7813806aa56beca57c3c15\">\n.avia-section.av-55wk-f0a820ccfa7813806aa56beca57c3c15{\nbackground-color:#222222;\nbackground-image:unset;\n}\n<\/style>\n<div id='av_section_3'  class='avia-section av-55wk-f0a820ccfa7813806aa56beca57c3c15 main_color avia-section-default avia-no-shadow  avia-builder-el-17  el_after_av_section  avia-builder-el-last  avia-bg-style-scroll container_wrap sidebar_right'  ><div class='container av-section-cont-open' ><div class='template-page content  av-content-small alpha units'><div class='post-entry post-entry-type-page post-entry-2'><div class='entry-content-wrapper clearfix'>\n\n<\/div><\/div><\/div><!-- close content main div --><\/div><\/div><div id='after_section_3'  class='main_color av_default_container_wrap container_wrap sidebar_right'  ><div class='container av-section-cont-open' ><div class='template-page content  av-content-small alpha units'><div class='post-entry post-entry-type-page post-entry-2'><div class='entry-content-wrapper clearfix'><\/p>\n","protected":false},"excerpt":{"rendered":"","protected":false},"author":3,"featured_media":0,"parent":0,"menu_order":0,"comment_status":"closed","ping_status":"closed","template":"","meta":{"_acf_changed":false,"footnotes":""},"class_list":["post-2","page","type-page","status-publish","hentry"],"acf":[],"_links":{"self":[{"href":"https:\/\/associacoes.beira.pt\/assfornotelheiro\/wp-json\/wp\/v2\/pages\/2","targetHints":{"allow":["GET"]}}],"collection":[{"href":"https:\/\/associacoes.beira.pt\/assfornotelheiro\/wp-json\/wp\/v2\/pages"}],"about":[{"href":"https:\/\/associacoes.beira.pt\/assfornotelheiro\/wp-json\/wp\/v2\/types\/page"}],"author":[{"embeddable":true,"href":"https:\/\/associacoes.beira.pt\/assfornotelheiro\/wp-json\/wp\/v2\/users\/3"}],"replies":[{"embeddable":true,"href":"https:\/\/associacoes.beira.pt\/assfornotelheiro\/wp-json\/wp\/v2\/comments?post=2"}],"version-history":[{"count":0,"href":"https:\/\/associacoes.beira.pt\/assfornotelheiro\/wp-json\/wp\/v2\/pages\/2\/revisions"}],"wp:attachment":[{"href":"https:\/\/associacoes.beira.pt\/assfornotelheiro\/wp-json\/wp\/v2\/media?parent=2"}],"curies":[{"name":"wp","href":"https:\/\/api.w.org\/{rel}","templated":true}]}}