{"id":24,"date":"2015-04-20T13:20:04","date_gmt":"2015-04-20T13:20:04","guid":{"rendered":"http:\/\/associacoes.beira.pt\/amcdrsantaeufemia\/?page_id=24"},"modified":"2016-03-23T14:26:53","modified_gmt":"2016-03-23T14:26:53","slug":"quem-somos","status":"publish","type":"page","link":"https:\/\/associacoes.beira.pt\/assfornotelheiro\/quem-somos\/","title":{"rendered":"Quem Somos"},"content":{"rendered":"<div  class='flex_column av-av_one_full-2a9015ff38129c418a3f2eafba3e9512 av_one_full  avia-builder-el-0  avia-builder-el-no-sibling  first flex_column_div  '     ><p>\n<style type=\"text\/css\" data-created_by=\"avia_inline_auto\" id=\"style-css-av-av_heading-3963d0b5fa914749924af8c2bebd163e\">\n#top .av-special-heading.av-av_heading-3963d0b5fa914749924af8c2bebd163e{\npadding-bottom:10px;\n}\nbody .av-special-heading.av-av_heading-3963d0b5fa914749924af8c2bebd163e .av-special-heading-tag .heading-char{\nfont-size:25px;\n}\n.av-special-heading.av-av_heading-3963d0b5fa914749924af8c2bebd163e .av-subheading{\nfont-size:15px;\n}\n<\/style>\n<div  class='av-special-heading av-av_heading-3963d0b5fa914749924af8c2bebd163e av-special-heading-h2  avia-builder-el-1  el_before_av_textblock  avia-builder-el-first '><h2 class='av-special-heading-tag'  itemprop=\"headline\"  >Breve Historial da Associa\u00e7\u00e3o<\/h2><div class=\"special-heading-border\"><div class=\"special-heading-inner-border\"><\/div><\/div><\/div><br \/>\n<section  class='av_textblock_section av-av_textblock-0366cc7376be6c9e82a3e9cc8987b64f '   itemscope=\"itemscope\" itemtype=\"https:\/\/schema.org\/CreativeWork\" ><div class='avia_textblock'  itemprop=\"text\" ><p>A Associa\u00e7\u00e3o foi fundada pela Dign\u00edssima Enfermeira Maria da Concei\u00e7\u00e3o Ramos Cerejo, natural de Fornotelheiro, atrav\u00e9s do Registo Nacional de Pessoas Coletivas em 25 de Junho de 1996; a escritura p\u00fablica foi celebrada no Cart\u00f3rio Notarial de Celorico da Beira em 26 de Agosto do mesmo ano, com a denomina\u00e7\u00e3o &#8211; Associa\u00e7\u00e3o de Solidariedade Social e de Melhoramentos de Fornotelheiro, conforme consta da publica\u00e7\u00e3o em Di\u00e1rio da Rep\u00fablica, III S\u00e9rie, N.\u00ba 230 de 3-10- 1996.<\/p>\n<p>O registo definitivo dos Estatutos e reconhecimento de IPSS pela Dire\u00e7\u00e3o Geral da A\u00e7\u00e3o Social, foi publicado em Di\u00e1rio da Rep\u00fablica, III S\u00e9rie, N.\u00ba 94 de 22-4-1997.<\/p>\n<p>Os primeiros acordos de coopera\u00e7\u00e3o foram celebrados em 31-03-2003, com a Seguran\u00e7a Social da Guarda, para as val\u00eancias de Centro de Dia e Apoio Domicili\u00e1rio.<\/p>\n<p>O funcionamento das atividades de apoio social \u00e0 Pessoa Idosa teve lugar em instala\u00e7\u00f5es provis\u00f3rias no Largo do Rossio, freguesia de Fornotelheiro, desde 1996 at\u00e9 ao ano de 2007.<\/p>\n<p>A constru\u00e7\u00e3o da sede da Associa\u00e7\u00e3o foi um processo moroso, principalmente com a legaliza\u00e7\u00e3o da parcela de terreno doado pelo Benfeitor Sr. Eng. Joaquim Miguel de Vasconcelos Melo e Arriaga Tavares, residente em Lisboa. A fase decisiva da sua edifica\u00e7\u00e3o foi em 2006 e a conclus\u00e3o da obra ocorreu em Junho de 2007.<\/p>\n<p>As instala\u00e7\u00f5es contemplam 11 quartos com casa de banho privativa, sendo a capacidade para 20 utentes residentes; a Associa\u00e7\u00e3o presta cuidados nas 3 val\u00eancias: Lar, Centro de Dia e Apoio Domicili\u00e1rio.<\/p>\n<p>Com a entrada em vigor do Decreto-Lei n.\u00ba 172-A\/2014 de 14 de novembro, os Estatutos que vigoravam desde a sua funda\u00e7\u00e3o, foram alterados e aprovados em Assembleia Geral de s\u00f3cios a 26 de Setembro de 2015, agora com a denomina\u00e7\u00e3o social de \u201cASSF &#8211; Associa\u00e7\u00e3o de Solidariedade Social de Fornotelheiro\u201d.<\/p>\n<\/div><\/section><\/p><\/div>\n","protected":false},"excerpt":{"rendered":"","protected":false},"author":3,"featured_media":0,"parent":0,"menu_order":0,"comment_status":"open","ping_status":"open","template":"","meta":{"_acf_changed":false,"footnotes":""},"class_list":["post-24","page","type-page","status-publish","hentry"],"acf":[],"_links":{"self":[{"href":"https:\/\/associacoes.beira.pt\/assfornotelheiro\/wp-json\/wp\/v2\/pages\/24","targetHints":{"allow":["GET"]}}],"collection":[{"href":"https:\/\/associacoes.beira.pt\/assfornotelheiro\/wp-json\/wp\/v2\/pages"}],"about":[{"href":"https:\/\/associacoes.beira.pt\/assfornotelheiro\/wp-json\/wp\/v2\/types\/page"}],"author":[{"embeddable":true,"href":"https:\/\/associacoes.beira.pt\/assfornotelheiro\/wp-json\/wp\/v2\/users\/3"}],"replies":[{"embeddable":true,"href":"https:\/\/associacoes.beira.pt\/assfornotelheiro\/wp-json\/wp\/v2\/comments?post=24"}],"version-history":[{"count":0,"href":"https:\/\/associacoes.beira.pt\/assfornotelheiro\/wp-json\/wp\/v2\/pages\/24\/revisions"}],"wp:attachment":[{"href":"https:\/\/associacoes.beira.pt\/assfornotelheiro\/wp-json\/wp\/v2\/media?parent=24"}],"curies":[{"name":"wp","href":"https:\/\/api.w.org\/{rel}","templated":true}]}}