{"id":24,"date":"2015-04-20T13:20:04","date_gmt":"2015-04-20T13:20:04","guid":{"rendered":"http:\/\/associacoes.beira.pt\/amcdrsantaeufemia\/?page_id=24"},"modified":"2017-09-05T11:26:50","modified_gmt":"2017-09-05T11:26:50","slug":"quem-somos","status":"publish","type":"page","link":"https:\/\/associacoes.beira.pt\/casa-da-freguesia-de-escalhao\/quem-somos\/","title":{"rendered":"Resenha Hist\u00f3rica da Casa da Freguesia de Escalh\u00e3o"},"content":{"rendered":"<div  class='flex_column av-av_one_full-2a9015ff38129c418a3f2eafba3e9512 av_one_full  avia-builder-el-0  avia-builder-el-no-sibling  first flex_column_div  '     ><section  class='av_textblock_section av-av_textblock-0366cc7376be6c9e82a3e9cc8987b64f '   itemscope=\"itemscope\" itemtype=\"https:\/\/schema.org\/CreativeWork\" ><div class='avia_textblock'  itemprop=\"text\" ><p style=\"text-align: justify;\">A \u201cCasa da Freguesia de Escalh\u00e3o\u201d, fundada em Janeiro de 1974 e ent\u00e3o designada por Casa do Povo, tem a seu cargo a manuten\u00e7\u00e3o do Museu das Artes e Of\u00edcios Francisco T\u00e1vora, o \u201cLar de Idosos\u201d, a Creche e Jardim de Inf\u00e2ncia e o ATL. Neste edif\u00edcio t\u00eam lugar outras val\u00eancias como a valiosa biblioteca e um sal\u00e3o de festas.<br \/>\nInicialmente, a Casa da Freguesia, funcionou numa casa alugada para o efeito, mas logo a seguir houve a doa\u00e7\u00e3o de um not\u00e1vel im\u00f3vel por parte da fam\u00edlia Lopes da Fonseca e foi a partir desse embri\u00e3o que tudo come\u00e7ou. A cria\u00e7\u00e3o de um \u201cLar de Idosos\u201d teve inicio em Janeiro de 1984, atrav\u00e9s da doa\u00e7\u00e3o de um im\u00f3vel pelo Coronel Hor\u00e1cio de Vilhena Andrade. Em Setembro de 1983 foi inaugurada a Creche, Jardim de Inf\u00e2ncia e ATL, e posteriormente, de uma Ludoteca em 1998.<\/p>\n<p style=\"text-align: justify;\">Possui um valioso Museu, que retrata bem como era o viver em Escalh\u00e3o, com objectos representativos da vida quotidiana do lar, do trabalho rural, do lazer, da vida religiosa e de artes e of\u00edcios. \u00c9 o \u00fanico a n\u00edvel do Concelho, sendo muito visitado e inclu\u00eddo em muitos roteiros de destinos a visitar.<br \/>\nAlberga tamb\u00e9m uma not\u00e1vel Biblioteca, informatizada e com mais de 17 mil volumes, muito solicitada por estudantes e estudiosos e para a qual dia a dia surgem doa\u00e7\u00f5es por parte de amigos desta Institui\u00e7\u00e3o de volumes antiqu\u00edssimos, valiosos e raros. Possui ainda uma Mediateca onde os s\u00f3cios podem aceder \u00e0 Internet e visualizar filmes.<\/p>\n<p style=\"text-align: justify;\">Sentimos que a Casa da Freguesia de Escalh\u00e3o \u00e9 uma estrutura que cresce dia a dia, pois todos os dias nos chegam solicita\u00e7\u00f5es para o envolvimento e pr\u00e9stimos, podemos afirmar que \u00e9 uma Institui\u00e7\u00e3o respons\u00e1vel pela vitalidade da aldeia.<br \/>\nA n\u00edvel social h\u00e1 um grande interc\u00e2mbio de gera\u00e7\u00f5es onde os mais velhos convivem com as crian\u00e7as, numa troca de alegria, saberes e viv\u00eancias. Atendendo \u00e0 zona de interior onde nos encontramos inseridos e desprovidos de estruturas de emprego, a Casa da Freguesia tamb\u00e9m tem apostado na forma\u00e7\u00e3o profissional, em parceria tanto com o IEFP como o CAIS de Vilar Formoso e outras entidades do concelho de Figueira Castelo Rodrigo e do distrito da Guarda, tendo j\u00e1 funcionado os cursos de Tecelagem, Corte e Costura, Arraiolos, Pintura Decorativa, Estilismo, Latoaria Art\u00edstica, Culin\u00e1ria, Electricidade, Inform\u00e1tica, Bordados e Bainhas Abertas.<\/p>\n<p style=\"text-align: justify;\">No sector recreativo h\u00e1 a preocupa\u00e7\u00e3o de revitalizar e recuperar o Grupo de Teatro e a Escola de M\u00fasica, pois possui equipamentos, instala\u00e7\u00f5es e, sobretudo, vontade de aprender: a maior dificuldade \u00e9 n\u00e3o possuirmos professores para essas \u00e1reas.<br \/>\nA Casa da Freguesia \u00e9 uma associa\u00e7\u00e3o com abertura ao exterior, todos os servi\u00e7os s\u00e3o para serventia de todas as pessoas que aqui se dirigem. \u00c9 uma organiza\u00e7\u00e3o onde \u00e9 preciso ter um esp\u00edrito muito aberto e um grande poder de iniciativa, ger\u00eancia e organiza\u00e7\u00e3o, pois num interior envelhecido onde estamos inseridos se n\u00e3o houver voluntariado, carolice e gosto pelo que fazemos fica mais pobre ainda a nossa comunidade.<\/p>\n<\/div><\/section><br \/>\n<div  class='avia-logo-element-container av-av_partner-e22654386d88142fe8a065247d950e80 av-border-deactivate avia-logo-grid avia-content-slider avia-smallarrow-slider avia-content-grid-active noHover avia-content-slider-even  avia-builder-el-2  el_after_av_textblock  el_before_av_textblock  avia-content-slider1' ><div class='avia-smallarrow-slider-heading  no-logo-slider-heading '><div class='new-special-heading'>&nbsp;<\/div><\/div><div class=\"avia-content-slider-inner\"><div class=\"slide-entry-wrap\"><div  class='slide-entry av-av_partner_logo-e4d1d552b9e43d020554158e82e57d09 flex_column no_margin av_one_fourth real-thumbnail post-entry slide-entry-overview slide-loop-1 slide-parity-odd  first'><span class='av-partner-fake-img' style='padding-bottom:100%; background-image:url(https:\/\/associacoes.beira.pt\/casa-da-freguesia-de-escalhao\/wp-content\/uploads\/sites\/14\/2015\/04\/loja6-2-300x300.jpg);'><\/span><\/div><div  class='slide-entry av-av_partner_logo-01b4c2d3a94509633967d76d2b841499 flex_column no_margin av_one_fourth real-thumbnail post-entry slide-entry-overview slide-loop-2 slide-parity-even  '><span class='av-partner-fake-img' style='padding-bottom:100%; background-image:url(https:\/\/associacoes.beira.pt\/casa-da-freguesia-de-escalhao\/wp-content\/uploads\/sites\/14\/2015\/04\/loja9-2-300x300.jpg);'><\/span><\/div><div  class='slide-entry av-av_partner_logo-d3e3c1f80f39eb622f952a7d50a8884c flex_column no_margin av_one_fourth real-thumbnail post-entry slide-entry-overview slide-loop-3 slide-parity-odd  '><span class='av-partner-fake-img' style='padding-bottom:100%; background-image:url(https:\/\/associacoes.beira.pt\/casa-da-freguesia-de-escalhao\/wp-content\/uploads\/sites\/14\/2015\/04\/loja8-2-300x300.jpg);'><\/span><\/div><div  class='slide-entry av-av_partner_logo-d554610d100a7211943004918c7bac48 flex_column no_margin av_one_fourth real-thumbnail post-entry slide-entry-overview slide-loop-4 slide-parity-even  '><span class='av-partner-fake-img' style='padding-bottom:100%; background-image:url(https:\/\/associacoes.beira.pt\/casa-da-freguesia-de-escalhao\/wp-content\/uploads\/sites\/14\/2015\/04\/loja7-2-300x300.jpg);'><\/span><\/div><\/div><div class=\"slide-entry-wrap\"><div  class='slide-entry av-av_partner_logo-cfb73c4497681f691ad03e43c4b0c0eb flex_column no_margin av_one_fourth real-thumbnail post-entry slide-entry-overview slide-loop-5 slide-parity-odd  first'><span class='av-partner-fake-img' style='padding-bottom:100%; background-image:url(https:\/\/associacoes.beira.pt\/casa-da-freguesia-de-escalhao\/wp-content\/uploads\/sites\/14\/2015\/04\/loja5-2-300x300.jpg);'><\/span><\/div><div  class='slide-entry av-av_partner_logo-cfb26051a30c86111c9244fbd108d769 flex_column no_margin av_one_fourth real-thumbnail post-entry slide-entry-overview slide-loop-6 slide-parity-even  '><span class='av-partner-fake-img' style='padding-bottom:100%; background-image:url(https:\/\/associacoes.beira.pt\/casa-da-freguesia-de-escalhao\/wp-content\/uploads\/sites\/14\/2015\/04\/loja4-2-300x300.jpg);'><\/span><\/div><div  class='slide-entry av-av_partner_logo-9b75fa13811e67ee076057d557b0f91b flex_column no_margin av_one_fourth real-thumbnail post-entry slide-entry-overview slide-loop-7 slide-parity-odd  '><span class='av-partner-fake-img' style='padding-bottom:100%; background-image:url(https:\/\/associacoes.beira.pt\/casa-da-freguesia-de-escalhao\/wp-content\/uploads\/sites\/14\/2015\/04\/loja3-2-300x300.jpg);'><\/span><\/div><div  class='slide-entry av-av_partner_logo-7291546a7f6a12eaca0c295bc05369f9 flex_column no_margin av_one_fourth real-thumbnail post-entry slide-entry-overview slide-loop-8 slide-parity-even post-entry-last '><span class='av-partner-fake-img' style='padding-bottom:100%; background-image:url(https:\/\/associacoes.beira.pt\/casa-da-freguesia-de-escalhao\/wp-content\/uploads\/sites\/14\/2015\/04\/loja1-2-300x300.jpg);'><\/span><\/div><\/div><\/div><\/div><br \/>\n<section  class='av_textblock_section av-av_textblock-0366cc7376be6c9e82a3e9cc8987b64f '   itemscope=\"itemscope\" itemtype=\"https:\/\/schema.org\/CreativeWork\" ><div class='avia_textblock'  itemprop=\"text\" ><p><span style=\"color: #008000;\">Estes objectos encontram-se \u00e0 venda no Museu &#8220;Artes e Of\u00edcios Francisco T\u00e1vora&#8221;<\/span><\/p>\n<\/div><\/section><\/p><\/div>\n","protected":false},"excerpt":{"rendered":"","protected":false},"author":3,"featured_media":0,"parent":0,"menu_order":0,"comment_status":"open","ping_status":"open","template":"","meta":{"_acf_changed":false,"footnotes":""},"class_list":["post-24","page","type-page","status-publish","hentry"],"acf":[],"_links":{"self":[{"href":"https:\/\/associacoes.beira.pt\/casa-da-freguesia-de-escalhao\/wp-json\/wp\/v2\/pages\/24","targetHints":{"allow":["GET"]}}],"collection":[{"href":"https:\/\/associacoes.beira.pt\/casa-da-freguesia-de-escalhao\/wp-json\/wp\/v2\/pages"}],"about":[{"href":"https:\/\/associacoes.beira.pt\/casa-da-freguesia-de-escalhao\/wp-json\/wp\/v2\/types\/page"}],"author":[{"embeddable":true,"href":"https:\/\/associacoes.beira.pt\/casa-da-freguesia-de-escalhao\/wp-json\/wp\/v2\/users\/3"}],"replies":[{"embeddable":true,"href":"https:\/\/associacoes.beira.pt\/casa-da-freguesia-de-escalhao\/wp-json\/wp\/v2\/comments?post=24"}],"version-history":[{"count":0,"href":"https:\/\/associacoes.beira.pt\/casa-da-freguesia-de-escalhao\/wp-json\/wp\/v2\/pages\/24\/revisions"}],"wp:attachment":[{"href":"https:\/\/associacoes.beira.pt\/casa-da-freguesia-de-escalhao\/wp-json\/wp\/v2\/media?parent=24"}],"curies":[{"name":"wp","href":"https:\/\/api.w.org\/{rel}","templated":true}]}}