{"id":288,"date":"2016-10-13T10:05:58","date_gmt":"2016-10-13T10:05:58","guid":{"rendered":"http:\/\/associacoes.beira.pt\/casa-da-freguesia-de-escalhao\/?page_id=288"},"modified":"2017-09-05T14:01:25","modified_gmt":"2017-09-05T14:01:25","slug":"creche-jardim-de-infancia-atl","status":"publish","type":"page","link":"https:\/\/associacoes.beira.pt\/casa-da-freguesia-de-escalhao\/creche-jardim-de-infancia-atl\/","title":{"rendered":"Creche \/ Jardim de Inf\u00e2ncia \/ ATL"},"content":{"rendered":"<div id='av_section_1'  class='avia-section av-av_section-d18d8c2c81d10022ebd21ffa95322c35 main_color avia-section-default avia-no-shadow  avia-builder-el-0  avia-builder-el-no-sibling  avia-bg-style-scroll container_wrap fullsize'  ><div class='container av-section-cont-open' ><main  role=\"main\" itemprop=\"mainContentOfPage\"  class='template-page content  av-content-full alpha units'><div class='post-entry post-entry-type-page post-entry-288'><div class='entry-content-wrapper clearfix'>\n\n<style type=\"text\/css\" data-created_by=\"avia_inline_auto\" id=\"style-css-av-av_three_fourth-9497bbf8bff73ea4c6992cc17fa9ec36\">\n.flex_column.av-av_three_fourth-9497bbf8bff73ea4c6992cc17fa9ec36{\n-webkit-border-radius:0px 0px 0px 0px;\n-moz-border-radius:0px 0px 0px 0px;\nborder-radius:0px 0px 0px 0px;\npadding:0px 0px 0px 0px;\n}\n<\/style>\n<div  class='flex_column av-av_three_fourth-9497bbf8bff73ea4c6992cc17fa9ec36 av_three_fourth  avia-builder-el-1  el_before_av_one_fourth  avia-builder-el-first  first flex_column_div av-zero-column-padding  '     ><section  class='av_textblock_section av-av_textblock-0366cc7376be6c9e82a3e9cc8987b64f '   itemscope=\"itemscope\" itemtype=\"https:\/\/schema.org\/CreativeWork\" ><div class='avia_textblock'  itemprop=\"text\" ><p style=\"text-align: left;\"><strong>Hor\u00e1rio de Funcionamento<\/strong><br \/>\nSegunda a Sexta<br \/>\n7h30 \u00e0s 18h00<\/p>\n<\/div><\/section><br \/>\n\n<style type=\"text\/css\" data-created_by=\"avia_inline_auto\" id=\"style-css-av-av_hr-a9a57035239c5904144e25e3fc4a7e2f\">\n#top .hr.av-av_hr-a9a57035239c5904144e25e3fc4a7e2f{\nmargin-top:5px;\nmargin-bottom:5px;\n}\n.hr.av-av_hr-a9a57035239c5904144e25e3fc4a7e2f .hr-inner{\nwidth:100%;\nborder-color:#108b1a;\n}\n<\/style>\n<div  class='hr av-av_hr-a9a57035239c5904144e25e3fc4a7e2f hr-custom  avia-builder-el-3  el_after_av_textblock  el_before_av_textblock  hr-center hr-icon-no'><span class='hr-inner inner-border-av-border-thin'><span class=\"hr-inner-style\"><\/span><\/span><\/div><br \/>\n<section  class='av_textblock_section av-av_textblock-0366cc7376be6c9e82a3e9cc8987b64f '   itemscope=\"itemscope\" itemtype=\"https:\/\/schema.org\/CreativeWork\" ><div class='avia_textblock'  itemprop=\"text\" ><p style=\"text-align: justify;\">A Creche\/Jardim de Inf\u00e2ncia foi inaugurada em Setembro de 1983 pelo Secret\u00e1rio de Estado da Seguran\u00e7a Social Dr. Arlindo de Carvalho .<br \/>\nEste equipamento foi concebido e idealizado de raiz, com o objectivo de proporcionar um espa\u00e7o de qualidade e excel\u00eancia, a todos os n\u00edveis, para crian\u00e7as dos 3 meses aos 6 anos.<\/p>\n<p style=\"text-align: justify;\">Constru\u00edda de forma inovadora e exemplar, a nossa Creche foi pensada e organizada em fun\u00e7\u00e3o dos interesses e necessidades das crian\u00e7as, valorizando e respeitando a sua individualidade.<br \/>\nO nosso projecto pedag\u00f3gico \u00e9 orientado para a progressiva autonomia da crian\u00e7a, o seu sucesso escolar e futura cidadania.<br \/>\nPor tudo isto, investimos em todo o tipo de recursos que promovam ambientes estimulantes \u00e0 aprendizagem e numa equipa de profissionais competentes, motivados e empenhados em educar em estreita liga\u00e7\u00e3o com a fam\u00edlia e a comunidade.<\/p>\n<p style=\"text-align: justify;\">Princ\u00edpios Gerais Pedag\u00f3gicos<br \/>\n1- Promover o desenvolvimento pessoal e social da crian\u00e7a com base em experi\u00eancias de vida democr\u00e1tica numa perspectiva de educa\u00e7\u00e3o para a cidadania.<br \/>\n2- Fomentar a inser\u00e7\u00e3o da crian\u00e7a em grupos sociais diversos, no respeito da pluralidade das culturas, favorecendo uma progressiva consci\u00eancia do seu papel como membro da sociedade.<br \/>\n3- Contribuir para a igualdade de oportunidades no acesso \u00e0 escola e para o sucesso da aprendizagem.<\/p>\n<p style=\"text-align: justify;\">O ATL \u00e9 o Estabelecimento de ensino que acolhe um n\u00famero igual ou superior de alunos matriculados na Escola prim\u00e1ria de Escalh\u00e3o. \u00c9 para o ATL que v\u00e3o as crian\u00e7as depois de sa\u00edrem da Escola e ainda nos per\u00edodos de interrup\u00e7\u00e3o da actividade escolar. Aqui desenvolvem actividades em conjunto e disp\u00f5e de computadores para jogos inform\u00e1ticos. Acima de tudo, pretende-se que ocupem aqui o tempo a brincar.<br \/>\nEstes centros de actividades de tempos livres devem proporcionar \u00e0s crian\u00e7as experi\u00eancias que contribuam para o seu crescimento enquanto pessoa, satisfazendo as suas necessidades de ordem f\u00edsica, afectiva, intelectual, e social.<\/p>\n<\/div><\/section><\/p><\/div>\n<style type=\"text\/css\" data-created_by=\"avia_inline_auto\" id=\"style-css-av-av_one_fourth-9c1d454dc06f7247226bc4e8f931daae\">\n.flex_column.av-av_one_fourth-9c1d454dc06f7247226bc4e8f931daae{\n-webkit-border-radius:0px 0px 0px 0px;\n-moz-border-radius:0px 0px 0px 0px;\nborder-radius:0px 0px 0px 0px;\npadding:0px 0px 0px 0px;\n}\n<\/style>\n<div  class='flex_column av-av_one_fourth-9c1d454dc06f7247226bc4e8f931daae av_one_fourth  avia-builder-el-5  el_after_av_three_fourth  el_before_av_gallery  flex_column_div av-zero-column-padding  '     ><div  class='avia-builder-widget-area clearfix  avia-builder-el-6  avia-builder-el-no-sibling '><section id=\"nav_menu-2\" class=\"widget clearfix widget_nav_menu\"><h3 class=\"widgettitle\">Respostas Sociais<\/h3><div class=\"menu-respostas-sociais-container\"><ul id=\"menu-respostas-sociais\" class=\"menu\"><li id=\"menu-item-359\" class=\"menu-item menu-item-type-post_type menu-item-object-page menu-item-359\"><a href=\"https:\/\/associacoes.beira.pt\/casa-da-freguesia-de-escalhao\/creche-jardim-de-infancia-atl\/\">Creche \/ Jardim de Inf\u00e2ncia \/ ATL<\/a><\/li>\n<li id=\"menu-item-357\" class=\"menu-item menu-item-type-post_type menu-item-object-page menu-item-357\"><a href=\"https:\/\/associacoes.beira.pt\/casa-da-freguesia-de-escalhao\/ludoteca\/\">Ludoteca<\/a><\/li>\n<li id=\"menu-item-358\" class=\"menu-item menu-item-type-post_type menu-item-object-page menu-item-358\"><a href=\"https:\/\/associacoes.beira.pt\/casa-da-freguesia-de-escalhao\/lar-de-idosos-centro-de-dia-apoio-domiciliario\/\">Lar de Idosos \/ Centro de Dia \/ Apoio Domicili\u00e1rio<\/a><\/li>\n<\/ul><\/div><span class=\"seperator extralight-border\"><\/span><\/section><\/div><\/div>\n<style type=\"text\/css\" data-created_by=\"avia_inline_auto\" id=\"style-css-av-av_gallery-80f6b762ab8b5c69619a22d56f52a535\">\n#top .avia-gallery.av-av_gallery-80f6b762ab8b5c69619a22d56f52a535 .avia-gallery-thumb a{\nwidth:20%;\n}\n<\/style>\n<div  class='avia-gallery av-av_gallery-80f6b762ab8b5c69619a22d56f52a535 avia_animate_when_visible  avia-builder-el-7  el_after_av_one_fourth  avia-builder-el-last  deactivate_avia_lazyload avia-gallery-animate avia-gallery-1'  itemprop=\"image\" itemscope=\"itemscope\" itemtype=\"https:\/\/schema.org\/ImageObject\" ><meta itemprop=\"contentURL\" content=\"https:\/\/associacoes.beira.pt\/casa-da-freguesia-de-escalhao\/creche-jardim-de-infancia-atl\/\"><div class='avia-gallery-thumb'><a href=\"https:\/\/associacoes.beira.pt\/casa-da-freguesia-de-escalhao\/wp-content\/uploads\/sites\/14\/2016\/10\/creche1-2.jpg\" data-rel='gallery-1' data-prev-img='https:\/\/associacoes.beira.pt\/casa-da-freguesia-de-escalhao\/wp-content\/uploads\/sites\/14\/2016\/10\/creche1-2-495x400.jpg' class='first_thumb lightbox ' data-onclick='1' title='creche1-2'  itemprop=\"thumbnailUrl\"  ><img class=\"wp-image-296 avia-img-lazy-loading-not-296\"   src='https:\/\/associacoes.beira.pt\/casa-da-freguesia-de-escalhao\/wp-content\/uploads\/sites\/14\/2016\/10\/creche1-2-300x225.jpg' width='300' height='225'  title='creche1-2' alt='' \/><div class='big-prev-fake'><img class=\"wp-image-296 avia-img-lazy-loading-296\"  width='495' height='400' src='https:\/\/associacoes.beira.pt\/casa-da-freguesia-de-escalhao\/wp-content\/uploads\/sites\/14\/2016\/10\/creche1-2-495x400.jpg' title='creche1-2' alt='' \/><\/div><\/a><a href=\"https:\/\/associacoes.beira.pt\/casa-da-freguesia-de-escalhao\/wp-content\/uploads\/sites\/14\/2016\/10\/creche2-2.jpg\" data-rel='gallery-1' data-prev-img='https:\/\/associacoes.beira.pt\/casa-da-freguesia-de-escalhao\/wp-content\/uploads\/sites\/14\/2016\/10\/creche2-2-495x400.jpg' class='lightbox ' data-onclick='2' title='creche2-2'  itemprop=\"thumbnailUrl\"  ><img class=\"wp-image-297 avia-img-lazy-loading-not-297\"   src='https:\/\/associacoes.beira.pt\/casa-da-freguesia-de-escalhao\/wp-content\/uploads\/sites\/14\/2016\/10\/creche2-2-300x225.jpg' width='300' height='225'  title='creche2-2' alt='' \/><div class='big-prev-fake'><img class=\"wp-image-297 avia-img-lazy-loading-297\"  width='495' height='400' src='https:\/\/associacoes.beira.pt\/casa-da-freguesia-de-escalhao\/wp-content\/uploads\/sites\/14\/2016\/10\/creche2-2-495x400.jpg' title='creche2-2' alt='' \/><\/div><\/a><a href=\"https:\/\/associacoes.beira.pt\/casa-da-freguesia-de-escalhao\/wp-content\/uploads\/sites\/14\/2016\/10\/creche3-2.jpg\" data-rel='gallery-1' data-prev-img='https:\/\/associacoes.beira.pt\/casa-da-freguesia-de-escalhao\/wp-content\/uploads\/sites\/14\/2016\/10\/creche3-2-495x400.jpg' class='lightbox ' data-onclick='3' title='creche3-2'  itemprop=\"thumbnailUrl\"  ><img class=\"wp-image-298 avia-img-lazy-loading-not-298\"   src='https:\/\/associacoes.beira.pt\/casa-da-freguesia-de-escalhao\/wp-content\/uploads\/sites\/14\/2016\/10\/creche3-2-300x225.jpg' width='300' height='225'  title='creche3-2' alt='' \/><div class='big-prev-fake'><img class=\"wp-image-298 avia-img-lazy-loading-298\"  width='495' height='400' src='https:\/\/associacoes.beira.pt\/casa-da-freguesia-de-escalhao\/wp-content\/uploads\/sites\/14\/2016\/10\/creche3-2-495x400.jpg' title='creche3-2' alt='' \/><\/div><\/a><a href=\"https:\/\/associacoes.beira.pt\/casa-da-freguesia-de-escalhao\/wp-content\/uploads\/sites\/14\/2016\/10\/creche4-2.jpg\" data-rel='gallery-1' data-prev-img='https:\/\/associacoes.beira.pt\/casa-da-freguesia-de-escalhao\/wp-content\/uploads\/sites\/14\/2016\/10\/creche4-2-495x400.jpg' class='lightbox ' data-onclick='4' title='creche4-2'  itemprop=\"thumbnailUrl\"  ><img class=\"wp-image-299 avia-img-lazy-loading-not-299\"   src='https:\/\/associacoes.beira.pt\/casa-da-freguesia-de-escalhao\/wp-content\/uploads\/sites\/14\/2016\/10\/creche4-2-300x225.jpg' width='300' height='225'  title='creche4-2' alt='' \/><div class='big-prev-fake'><img class=\"wp-image-299 avia-img-lazy-loading-299\"  width='495' height='400' src='https:\/\/associacoes.beira.pt\/casa-da-freguesia-de-escalhao\/wp-content\/uploads\/sites\/14\/2016\/10\/creche4-2-495x400.jpg' title='creche4-2' alt='' \/><\/div><\/a><a href=\"https:\/\/associacoes.beira.pt\/casa-da-freguesia-de-escalhao\/wp-content\/uploads\/sites\/14\/2016\/10\/creche5-2.jpg\" data-rel='gallery-1' data-prev-img='https:\/\/associacoes.beira.pt\/casa-da-freguesia-de-escalhao\/wp-content\/uploads\/sites\/14\/2016\/10\/creche5-2-495x400.jpg' class='lightbox ' data-onclick='5' title='creche5-2'  itemprop=\"thumbnailUrl\"  ><img class=\"wp-image-300 avia-img-lazy-loading-not-300\"   src='https:\/\/associacoes.beira.pt\/casa-da-freguesia-de-escalhao\/wp-content\/uploads\/sites\/14\/2016\/10\/creche5-2-300x225.jpg' width='300' height='225'  title='creche5-2' alt='' \/><div class='big-prev-fake'><img class=\"wp-image-300 avia-img-lazy-loading-300\"  width='495' height='400' src='https:\/\/associacoes.beira.pt\/casa-da-freguesia-de-escalhao\/wp-content\/uploads\/sites\/14\/2016\/10\/creche5-2-495x400.jpg' title='creche5-2' alt='' \/><\/div><\/a><a href=\"https:\/\/associacoes.beira.pt\/casa-da-freguesia-de-escalhao\/wp-content\/uploads\/sites\/14\/2016\/10\/creche6-2.jpg\" data-rel='gallery-1' data-prev-img='https:\/\/associacoes.beira.pt\/casa-da-freguesia-de-escalhao\/wp-content\/uploads\/sites\/14\/2016\/10\/creche6-2-495x400.jpg' class='first_thumb lightbox ' data-onclick='6' title='creche6-2'  itemprop=\"thumbnailUrl\"  ><img class=\"wp-image-301 avia-img-lazy-loading-not-301\"   src='https:\/\/associacoes.beira.pt\/casa-da-freguesia-de-escalhao\/wp-content\/uploads\/sites\/14\/2016\/10\/creche6-2-300x225.jpg' width='300' height='225'  title='creche6-2' alt='' \/><div class='big-prev-fake'><img class=\"wp-image-301 avia-img-lazy-loading-301\"  width='495' height='400' src='https:\/\/associacoes.beira.pt\/casa-da-freguesia-de-escalhao\/wp-content\/uploads\/sites\/14\/2016\/10\/creche6-2-495x400.jpg' title='creche6-2' alt='' \/><\/div><\/a><\/div><\/div>\n\n","protected":false},"excerpt":{"rendered":"","protected":false},"author":3,"featured_media":0,"parent":0,"menu_order":0,"comment_status":"closed","ping_status":"closed","template":"","meta":{"_acf_changed":false,"footnotes":""},"class_list":["post-288","page","type-page","status-publish","hentry"],"acf":[],"_links":{"self":[{"href":"https:\/\/associacoes.beira.pt\/casa-da-freguesia-de-escalhao\/wp-json\/wp\/v2\/pages\/288","targetHints":{"allow":["GET"]}}],"collection":[{"href":"https:\/\/associacoes.beira.pt\/casa-da-freguesia-de-escalhao\/wp-json\/wp\/v2\/pages"}],"about":[{"href":"https:\/\/associacoes.beira.pt\/casa-da-freguesia-de-escalhao\/wp-json\/wp\/v2\/types\/page"}],"author":[{"embeddable":true,"href":"https:\/\/associacoes.beira.pt\/casa-da-freguesia-de-escalhao\/wp-json\/wp\/v2\/users\/3"}],"replies":[{"embeddable":true,"href":"https:\/\/associacoes.beira.pt\/casa-da-freguesia-de-escalhao\/wp-json\/wp\/v2\/comments?post=288"}],"version-history":[{"count":0,"href":"https:\/\/associacoes.beira.pt\/casa-da-freguesia-de-escalhao\/wp-json\/wp\/v2\/pages\/288\/revisions"}],"wp:attachment":[{"href":"https:\/\/associacoes.beira.pt\/casa-da-freguesia-de-escalhao\/wp-json\/wp\/v2\/media?parent=288"}],"curies":[{"name":"wp","href":"https:\/\/api.w.org\/{rel}","templated":true}]}}