{"id":323,"date":"2016-10-13T13:46:33","date_gmt":"2016-10-13T13:46:33","guid":{"rendered":"http:\/\/associacoes.beira.pt\/casa-da-freguesia-de-escalhao\/?page_id=323"},"modified":"2017-09-05T14:02:15","modified_gmt":"2017-09-05T14:02:15","slug":"lar-de-idosos-centro-de-dia-apoio-domiciliario","status":"publish","type":"page","link":"https:\/\/associacoes.beira.pt\/casa-da-freguesia-de-escalhao\/lar-de-idosos-centro-de-dia-apoio-domiciliario\/","title":{"rendered":"Lar de Idosos \/ Centro de Dia \/ Apoio Domicili\u00e1rio"},"content":{"rendered":"<div id='av_section_1'  class='avia-section av-av_section-915b33fd1d6006bfc684ade488387eaf main_color avia-section-default avia-no-border-styling  avia-builder-el-0  avia-builder-el-no-sibling  avia-bg-style-scroll container_wrap fullsize'  ><div class='container av-section-cont-open' ><main  role=\"main\" itemprop=\"mainContentOfPage\"  class='template-page content  av-content-full alpha units'><div class='post-entry post-entry-type-page post-entry-323'><div class='entry-content-wrapper clearfix'>\n\n<style type=\"text\/css\" data-created_by=\"avia_inline_auto\" id=\"style-css-av-av_three_fourth-9497bbf8bff73ea4c6992cc17fa9ec36\">\n.flex_column.av-av_three_fourth-9497bbf8bff73ea4c6992cc17fa9ec36{\n-webkit-border-radius:0px 0px 0px 0px;\n-moz-border-radius:0px 0px 0px 0px;\nborder-radius:0px 0px 0px 0px;\npadding:0px 0px 0px 0px;\n}\n<\/style>\n<div  class='flex_column av-av_three_fourth-9497bbf8bff73ea4c6992cc17fa9ec36 av_three_fourth  avia-builder-el-1  el_before_av_one_fourth  avia-builder-el-first  first flex_column_div av-zero-column-padding  '     ><section  class='av_textblock_section av-av_textblock-0366cc7376be6c9e82a3e9cc8987b64f '   itemscope=\"itemscope\" itemtype=\"https:\/\/schema.org\/CreativeWork\" ><div class='avia_textblock'  itemprop=\"text\" ><p style=\"text-align: left;\"><strong>Hor\u00e1rio de Visitas<\/strong><br \/>\nSegunda a Domingo<br \/>\n14h00 \u00e0s 17h00<\/p>\n<\/div><\/section><br \/>\n\n<style type=\"text\/css\" data-created_by=\"avia_inline_auto\" id=\"style-css-av-av_hr-f7dff7ebb532ce2afc94485b8e7f7e2d\">\n#top .hr.av-av_hr-f7dff7ebb532ce2afc94485b8e7f7e2d{\nmargin-top:5px;\nmargin-bottom:30px;\n}\n.hr.av-av_hr-f7dff7ebb532ce2afc94485b8e7f7e2d .hr-inner{\nwidth:100%;\nborder-color:#108b1a;\n}\n<\/style>\n<div  class='hr av-av_hr-f7dff7ebb532ce2afc94485b8e7f7e2d hr-custom  avia-builder-el-3  el_after_av_textblock  el_before_av_textblock  hr-center hr-icon-no'><span class='hr-inner inner-border-av-border-thin'><span class=\"hr-inner-style\"><\/span><\/span><\/div><br \/>\n<section  class='av_textblock_section av-av_textblock-0366cc7376be6c9e82a3e9cc8987b64f '   itemscope=\"itemscope\" itemtype=\"https:\/\/schema.org\/CreativeWork\" ><div class='avia_textblock'  itemprop=\"text\" ><p><strong>&#8220;Lar de Idosos &#8220;Francisco T\u00e1vora&#8221;<\/strong><\/p>\n<p style=\"text-align: justify;\">Um lar para idosos \u00e9 um estabelecimento que desenvolve actividades de apoio social a pessoas idosas atrav\u00e9s do alojamento colectivo, de utiliza\u00e7\u00e3o tempor\u00e1ria ou permanente, fornecimento de alimenta\u00e7\u00e3o, cuidados de sa\u00fade, higiene e conforto, fomentando o conv\u00edvio e propiciando a anima\u00e7\u00e3o social e a ocupa\u00e7\u00e3o dos tempos livres dos utentes.<\/p>\n<p style=\"text-align: justify;\">A cria\u00e7\u00e3o do \u201cLar de Idosos Lu\u00eds Paulo\u201d teve inicio em 28 de Novembro de 1980, atrav\u00e9s da doa\u00e7\u00e3o do valioso im\u00f3vel, pelo Coronel Hor\u00e1cio de Vilhena Andrade, para a instala\u00e7\u00e3o de uma Obra Social de apoio \u00e0 terceira idade e com a colabora\u00e7\u00e3o do Centro Regional da Guarda e dos Escalhonenses. A inaugura\u00e7\u00e3o do \u201cLar Lu\u00eds Paulo\u201d foi a 25 de Janeiro de 1984, contando na altura com apenas 14 utentes em regime interno e 11 utentes em Centro de Dia. Actualmente disp\u00f5e ainda de Apoio Domicili\u00e1rio que abrange a maioria dos idosos da Freguesia. Foi desactivado a 20 de Dezembro de 2006, tendo entrado nesta data em funcionamento o novo lar de idosos.<\/p>\n<p style=\"text-align: justify;\">O novo lar de Escalh\u00e3o \u201cLar de Idosos Francisco T\u00e1vora\u201d num \u00fanico edif\u00edcio de um s\u00f3 piso, de forma a facilitar a mobilidade dos idosos, possui zonas de lazer, todos os servi\u00e7os de apoio hoteleiro, administrativo e servi\u00e7os assistenciais. O novo lar foi inaugurado a 25 de Julho de 2007, pelo Secretario de Estado da Seguran\u00e7a Social Dr. Pedro Manuel Dias de Jesus Marques. No entanto, este abriu portas no Natal de 2006. O novo lar de idosos da freguesia localiza-se no bairro da Sarzeda e tem capacidade para 46 utentes internos.<\/p>\n<p style=\"text-align: justify;\">De salientar que, este \u00e9 considerado o melhor Lar de Idosos do Distrito, motivo de grande orgulho para aqueles que tanto se esfor\u00e7aram para o bom funcionamento do mesmo.<br \/>\nO lar de idosos, foi durante d\u00e9cadas, a \u00fanica resposta social, cuja utiliza\u00e7\u00e3o exigia a institucionaliza\u00e7\u00e3o do idoso, que ali se mantinha geralmente at\u00e9 ao fim da sua vida. Actualmente existem outras respostas sociais, tais como os centros de dia e de conv\u00edvio e os servi\u00e7os de apoio domicili\u00e1rio.<\/p>\n<\/div><\/section><\/p><\/div>\n<style type=\"text\/css\" data-created_by=\"avia_inline_auto\" id=\"style-css-av-av_one_fourth-9c1d454dc06f7247226bc4e8f931daae\">\n.flex_column.av-av_one_fourth-9c1d454dc06f7247226bc4e8f931daae{\n-webkit-border-radius:0px 0px 0px 0px;\n-moz-border-radius:0px 0px 0px 0px;\nborder-radius:0px 0px 0px 0px;\npadding:0px 0px 0px 0px;\n}\n<\/style>\n<div  class='flex_column av-av_one_fourth-9c1d454dc06f7247226bc4e8f931daae av_one_fourth  avia-builder-el-5  el_after_av_three_fourth  el_before_av_gallery  flex_column_div av-zero-column-padding  '     ><div  class='avia-builder-widget-area clearfix  avia-builder-el-6  avia-builder-el-no-sibling '><section id=\"nav_menu-2\" class=\"widget clearfix widget_nav_menu\"><h3 class=\"widgettitle\">Respostas Sociais<\/h3><div class=\"menu-respostas-sociais-container\"><ul id=\"menu-respostas-sociais\" class=\"menu\"><li id=\"menu-item-359\" class=\"menu-item menu-item-type-post_type menu-item-object-page menu-item-359\"><a href=\"https:\/\/associacoes.beira.pt\/casa-da-freguesia-de-escalhao\/creche-jardim-de-infancia-atl\/\">Creche \/ Jardim de Inf\u00e2ncia \/ ATL<\/a><\/li>\n<li id=\"menu-item-357\" class=\"menu-item menu-item-type-post_type menu-item-object-page menu-item-357\"><a href=\"https:\/\/associacoes.beira.pt\/casa-da-freguesia-de-escalhao\/ludoteca\/\">Ludoteca<\/a><\/li>\n<li id=\"menu-item-358\" class=\"menu-item menu-item-type-post_type menu-item-object-page menu-item-358\"><a href=\"https:\/\/associacoes.beira.pt\/casa-da-freguesia-de-escalhao\/lar-de-idosos-centro-de-dia-apoio-domiciliario\/\">Lar de Idosos \/ Centro de Dia \/ Apoio Domicili\u00e1rio<\/a><\/li>\n<\/ul><\/div><span class=\"seperator extralight-border\"><\/span><\/section><\/div><\/div>\n\n","protected":false},"excerpt":{"rendered":"","protected":false},"author":3,"featured_media":0,"parent":0,"menu_order":0,"comment_status":"closed","ping_status":"closed","template":"","meta":{"_acf_changed":false,"footnotes":""},"class_list":["post-323","page","type-page","status-publish","hentry"],"acf":[],"_links":{"self":[{"href":"https:\/\/associacoes.beira.pt\/casa-da-freguesia-de-escalhao\/wp-json\/wp\/v2\/pages\/323","targetHints":{"allow":["GET"]}}],"collection":[{"href":"https:\/\/associacoes.beira.pt\/casa-da-freguesia-de-escalhao\/wp-json\/wp\/v2\/pages"}],"about":[{"href":"https:\/\/associacoes.beira.pt\/casa-da-freguesia-de-escalhao\/wp-json\/wp\/v2\/types\/page"}],"author":[{"embeddable":true,"href":"https:\/\/associacoes.beira.pt\/casa-da-freguesia-de-escalhao\/wp-json\/wp\/v2\/users\/3"}],"replies":[{"embeddable":true,"href":"https:\/\/associacoes.beira.pt\/casa-da-freguesia-de-escalhao\/wp-json\/wp\/v2\/comments?post=323"}],"version-history":[{"count":0,"href":"https:\/\/associacoes.beira.pt\/casa-da-freguesia-de-escalhao\/wp-json\/wp\/v2\/pages\/323\/revisions"}],"wp:attachment":[{"href":"https:\/\/associacoes.beira.pt\/casa-da-freguesia-de-escalhao\/wp-json\/wp\/v2\/media?parent=323"}],"curies":[{"name":"wp","href":"https:\/\/api.w.org\/{rel}","templated":true}]}}