{"id":340,"date":"2016-10-13T14:10:20","date_gmt":"2016-10-13T14:10:20","guid":{"rendered":"http:\/\/associacoes.beira.pt\/casa-da-freguesia-de-escalhao\/?page_id=340"},"modified":"2017-09-05T14:02:34","modified_gmt":"2017-09-05T14:02:34","slug":"ludoteca","status":"publish","type":"page","link":"https:\/\/associacoes.beira.pt\/casa-da-freguesia-de-escalhao\/ludoteca\/","title":{"rendered":"Ludoteca"},"content":{"rendered":"<div id='av_section_1'  class='avia-section av-av_section-d18d8c2c81d10022ebd21ffa95322c35 main_color avia-section-default avia-no-shadow  avia-builder-el-0  avia-builder-el-no-sibling  avia-bg-style-scroll container_wrap fullsize'  ><div class='container av-section-cont-open' ><main  role=\"main\" itemprop=\"mainContentOfPage\"  class='template-page content  av-content-full alpha units'><div class='post-entry post-entry-type-page post-entry-340'><div class='entry-content-wrapper clearfix'>\n\n<style type=\"text\/css\" data-created_by=\"avia_inline_auto\" id=\"style-css-av-av_three_fourth-9497bbf8bff73ea4c6992cc17fa9ec36\">\n.flex_column.av-av_three_fourth-9497bbf8bff73ea4c6992cc17fa9ec36{\n-webkit-border-radius:0px 0px 0px 0px;\n-moz-border-radius:0px 0px 0px 0px;\nborder-radius:0px 0px 0px 0px;\npadding:0px 0px 0px 0px;\n}\n<\/style>\n<div  class='flex_column av-av_three_fourth-9497bbf8bff73ea4c6992cc17fa9ec36 av_three_fourth  avia-builder-el-1  el_before_av_one_fourth  avia-builder-el-first  first flex_column_div av-zero-column-padding  '     ><section  class='av_textblock_section av-av_textblock-0366cc7376be6c9e82a3e9cc8987b64f '   itemscope=\"itemscope\" itemtype=\"https:\/\/schema.org\/CreativeWork\" ><div class='avia_textblock'  itemprop=\"text\" ><p style=\"text-align: left;\"><strong>Hor\u00e1rio de Funcionamento<\/strong><br \/>\nSegunda a Sexta<br \/>\n7h30 \u00e0s 18h00<\/p>\n<\/div><\/section><br \/>\n\n<style type=\"text\/css\" data-created_by=\"avia_inline_auto\" id=\"style-css-av-av_hr-f7dff7ebb532ce2afc94485b8e7f7e2d\">\n#top .hr.av-av_hr-f7dff7ebb532ce2afc94485b8e7f7e2d{\nmargin-top:5px;\nmargin-bottom:30px;\n}\n.hr.av-av_hr-f7dff7ebb532ce2afc94485b8e7f7e2d .hr-inner{\nwidth:100%;\nborder-color:#108b1a;\n}\n<\/style>\n<div  class='hr av-av_hr-f7dff7ebb532ce2afc94485b8e7f7e2d hr-custom  avia-builder-el-3  el_after_av_textblock  el_before_av_textblock  hr-center hr-icon-no'><span class='hr-inner inner-border-av-border-thin'><span class=\"hr-inner-style\"><\/span><\/span><\/div><br \/>\n<section  class='av_textblock_section av-av_textblock-0366cc7376be6c9e82a3e9cc8987b64f '   itemscope=\"itemscope\" itemtype=\"https:\/\/schema.org\/CreativeWork\" ><div class='avia_textblock'  itemprop=\"text\" ><p style=\"text-align: justify;\">O primeiro objectivo da Ludoteca, institui\u00e7\u00e3o social, educativa e cultural \u00e9 educar no tempo livre, no sentido de ajudar a crescer como pessoa durante este espa\u00e7o temporal. Ou seja, favorecer e proporcionar o conhecimento satisfat\u00f3rio de t\u00e9cnicas, recursos e actividades suscept\u00edveis de formar parte de um tempo livre pleno; isto realizar-se-\u00e1 sempre atrav\u00e9s do jogo ou actividades afins. As Ludotecas s\u00e3o espa\u00e7os l\u00fadicos, educativos, recreativos e culturais, especialmente pensados para crian\u00e7as e adolescentes, tendo como primeira fun\u00e7\u00e3o a de lhes restituir o espa\u00e7o e o tempo para brincar, livremente e a seu belo prazer.<\/p>\n<p style=\"text-align: justify;\">Possibilitar a todas as crian\u00e7as e jovens, o acesso ao jogo e ao brinquedo. A Ludoteca de Escalh\u00e3o acolhe crian\u00e7as e jovens dos 4 aos 14 anos de idade, especialmente nos per\u00edodos de interrup\u00e7\u00e3o das actividades escolares.<br \/>\nEntendemos este objectivo como um compromisso a Ludoteca permite usufruir livremente dos espa\u00e7os de jogo e das diferentes actividades existentes e desenvolver projectos de suporte e apoio educativo em articula\u00e7\u00e3o com a comunidade educativa.<\/p>\n<\/div><\/section><\/p><\/div>\n<style type=\"text\/css\" data-created_by=\"avia_inline_auto\" id=\"style-css-av-av_one_fourth-9c1d454dc06f7247226bc4e8f931daae\">\n.flex_column.av-av_one_fourth-9c1d454dc06f7247226bc4e8f931daae{\n-webkit-border-radius:0px 0px 0px 0px;\n-moz-border-radius:0px 0px 0px 0px;\nborder-radius:0px 0px 0px 0px;\npadding:0px 0px 0px 0px;\n}\n<\/style>\n<div  class='flex_column av-av_one_fourth-9c1d454dc06f7247226bc4e8f931daae av_one_fourth  avia-builder-el-5  el_after_av_three_fourth  el_before_av_gallery  flex_column_div av-zero-column-padding  '     ><div  class='avia-builder-widget-area clearfix  avia-builder-el-6  avia-builder-el-no-sibling '><section id=\"nav_menu-2\" class=\"widget clearfix widget_nav_menu\"><h3 class=\"widgettitle\">Respostas Sociais<\/h3><div class=\"menu-respostas-sociais-container\"><ul id=\"menu-respostas-sociais\" class=\"menu\"><li id=\"menu-item-359\" class=\"menu-item menu-item-type-post_type menu-item-object-page menu-item-359\"><a href=\"https:\/\/associacoes.beira.pt\/casa-da-freguesia-de-escalhao\/creche-jardim-de-infancia-atl\/\">Creche \/ Jardim de Inf\u00e2ncia \/ ATL<\/a><\/li>\n<li id=\"menu-item-357\" class=\"menu-item menu-item-type-post_type menu-item-object-page menu-item-357\"><a href=\"https:\/\/associacoes.beira.pt\/casa-da-freguesia-de-escalhao\/ludoteca\/\">Ludoteca<\/a><\/li>\n<li id=\"menu-item-358\" class=\"menu-item menu-item-type-post_type menu-item-object-page menu-item-358\"><a href=\"https:\/\/associacoes.beira.pt\/casa-da-freguesia-de-escalhao\/lar-de-idosos-centro-de-dia-apoio-domiciliario\/\">Lar de Idosos \/ Centro de Dia \/ Apoio Domicili\u00e1rio<\/a><\/li>\n<\/ul><\/div><span class=\"seperator extralight-border\"><\/span><\/section><\/div><\/div>\n<style type=\"text\/css\" data-created_by=\"avia_inline_auto\" id=\"style-css-av-av_gallery-2daf4751cf89bda16b37aafc4b493755\">\n#top .avia-gallery.av-av_gallery-2daf4751cf89bda16b37aafc4b493755 .avia-gallery-thumb a{\nwidth:20%;\n}\n<\/style>\n<div  class='avia-gallery av-av_gallery-2daf4751cf89bda16b37aafc4b493755 avia_animate_when_visible  avia-builder-el-7  el_after_av_one_fourth  avia-builder-el-last  deactivate_avia_lazyload avia-gallery-animate avia-gallery-1'  itemprop=\"image\" itemscope=\"itemscope\" itemtype=\"https:\/\/schema.org\/ImageObject\" ><meta itemprop=\"contentURL\" content=\"https:\/\/associacoes.beira.pt\/casa-da-freguesia-de-escalhao\/ludoteca\/\"><div class='avia-gallery-thumb'><a href=\"https:\/\/associacoes.beira.pt\/casa-da-freguesia-de-escalhao\/wp-content\/uploads\/sites\/14\/2016\/10\/ludoteca3-2.jpg\" data-rel='gallery-1' data-prev-img='https:\/\/associacoes.beira.pt\/casa-da-freguesia-de-escalhao\/wp-content\/uploads\/sites\/14\/2016\/10\/ludoteca3-2-495x400.jpg' class='first_thumb lightbox ' data-onclick='1' title='ludoteca3-2'  itemprop=\"thumbnailUrl\"  ><img class=\"wp-image-344 avia-img-lazy-loading-not-344\"   src='https:\/\/associacoes.beira.pt\/casa-da-freguesia-de-escalhao\/wp-content\/uploads\/sites\/14\/2016\/10\/ludoteca3-2-300x225.jpg' width='300' height='225'  title='ludoteca3-2' alt='' \/><div class='big-prev-fake'><img class=\"wp-image-344 avia-img-lazy-loading-344\"  width='495' height='400' src='https:\/\/associacoes.beira.pt\/casa-da-freguesia-de-escalhao\/wp-content\/uploads\/sites\/14\/2016\/10\/ludoteca3-2-495x400.jpg' title='ludoteca3-2' alt='' \/><\/div><\/a><a href=\"https:\/\/associacoes.beira.pt\/casa-da-freguesia-de-escalhao\/wp-content\/uploads\/sites\/14\/2016\/10\/ludoteca5-2.jpg\" data-rel='gallery-1' data-prev-img='https:\/\/associacoes.beira.pt\/casa-da-freguesia-de-escalhao\/wp-content\/uploads\/sites\/14\/2016\/10\/ludoteca5-2-495x400.jpg' class='lightbox ' data-onclick='2' title='ludoteca5-2'  itemprop=\"thumbnailUrl\"  ><img class=\"wp-image-346 avia-img-lazy-loading-not-346\"   src='https:\/\/associacoes.beira.pt\/casa-da-freguesia-de-escalhao\/wp-content\/uploads\/sites\/14\/2016\/10\/ludoteca5-2-300x225.jpg' width='300' height='225'  title='ludoteca5-2' alt='' \/><div class='big-prev-fake'><img class=\"wp-image-346 avia-img-lazy-loading-346\"  width='495' height='400' src='https:\/\/associacoes.beira.pt\/casa-da-freguesia-de-escalhao\/wp-content\/uploads\/sites\/14\/2016\/10\/ludoteca5-2-495x400.jpg' title='ludoteca5-2' alt='' \/><\/div><\/a><\/div><\/div>\n\n","protected":false},"excerpt":{"rendered":"","protected":false},"author":3,"featured_media":0,"parent":0,"menu_order":0,"comment_status":"closed","ping_status":"closed","template":"","meta":{"_acf_changed":false,"footnotes":""},"class_list":["post-340","page","type-page","status-publish","hentry"],"acf":[],"_links":{"self":[{"href":"https:\/\/associacoes.beira.pt\/casa-da-freguesia-de-escalhao\/wp-json\/wp\/v2\/pages\/340","targetHints":{"allow":["GET"]}}],"collection":[{"href":"https:\/\/associacoes.beira.pt\/casa-da-freguesia-de-escalhao\/wp-json\/wp\/v2\/pages"}],"about":[{"href":"https:\/\/associacoes.beira.pt\/casa-da-freguesia-de-escalhao\/wp-json\/wp\/v2\/types\/page"}],"author":[{"embeddable":true,"href":"https:\/\/associacoes.beira.pt\/casa-da-freguesia-de-escalhao\/wp-json\/wp\/v2\/users\/3"}],"replies":[{"embeddable":true,"href":"https:\/\/associacoes.beira.pt\/casa-da-freguesia-de-escalhao\/wp-json\/wp\/v2\/comments?post=340"}],"version-history":[{"count":0,"href":"https:\/\/associacoes.beira.pt\/casa-da-freguesia-de-escalhao\/wp-json\/wp\/v2\/pages\/340\/revisions"}],"wp:attachment":[{"href":"https:\/\/associacoes.beira.pt\/casa-da-freguesia-de-escalhao\/wp-json\/wp\/v2\/media?parent=340"}],"curies":[{"name":"wp","href":"https:\/\/api.w.org\/{rel}","templated":true}]}}