{"id":40,"date":"2015-04-20T13:26:02","date_gmt":"2015-04-20T13:26:02","guid":{"rendered":"http:\/\/associacoes.beira.pt\/amcdrsantaeufemia\/?page_id=40"},"modified":"2017-09-05T10:57:13","modified_gmt":"2017-09-05T10:57:13","slug":"orgaos-da-instituicao","status":"publish","type":"page","link":"https:\/\/associacoes.beira.pt\/casa-da-freguesia-de-escalhao\/orgaos-da-instituicao\/","title":{"rendered":"\u00d3rg\u00e3os da Institui\u00e7\u00e3o"},"content":{"rendered":"<div  class='flex_column av-av_one_full-2a9015ff38129c418a3f2eafba3e9512 av_one_full  avia-builder-el-0  avia-builder-el-no-sibling  first flex_column_div  '     ><section  class='av_textblock_section av-av_textblock-0366cc7376be6c9e82a3e9cc8987b64f '   itemscope=\"itemscope\" itemtype=\"https:\/\/schema.org\/CreativeWork\" ><div class='avia_textblock'  itemprop=\"text\" ><p style=\"text-align: center;\"><strong>Assembleia Geral<\/strong><\/p>\n<ul>\n<li><em>Presidente<\/em> &#8211; Paula Cristina Bordalo Monteiro Nunes<\/li>\n<li><em>Primeiro Secret\u00e1rio<\/em> &#8211; Lidia Maria Reveles Gomes Pinto<\/li>\n<li><em>Segundo Secret\u00e1rio<\/em> &#8211; Maria Em\u00edlia Monteiro Pacheco<\/li>\n<\/ul>\n<p style=\"text-align: center;\"><strong>Dire\u00e7\u00e3o<\/strong><\/p>\n<ul>\n<li><em>Presidente<\/em> &#8211; Paulo Jorge Ca\u00e7ote Gabriel<\/li>\n<li><em>Secret\u00e1rio<\/em> &#8211; Jos\u00e9 Maria Carrapatoso de Paiva Ribeiro<\/li>\n<li><em>Tesoureiro<\/em> &#8211; Joaquim Francisco Paredes Ribeiro<\/li>\n<li><em>Vogal<\/em> &#8211; Irene Correia Henriques Gomes<\/li>\n<li><em>Vogal<\/em> &#8211; Ortelinda da Anuncia\u00e7\u00e3o Pires Rodrigues Eus\u00e9bio<\/li>\n<li><em>Primeiro Suplente<\/em> &#8211; Ana Isabel G\u00f3is Machado Lima<\/li>\n<li><em>Segundo Suplente<\/em> &#8211; Maria Celina Madeira Gon\u00e7alves Rodrigues<\/li>\n<li><em>Terceiro Suplente<\/em> &#8211; Delfina Irene Monteiro Gomes Paiva Ribeiro<\/li>\n<li><em>Quarto Suplente<\/em> &#8211; Helena Cristina Gomes Pinto Nunes<\/li>\n<li><em>Quinto Suplente<\/em> &#8211; Maria Isabel Campos Teixeira Nabuco<\/li>\n<\/ul>\n<p style=\"text-align: center;\"><strong>Conselho Fiscal<\/strong><\/p>\n<ul>\n<li><em>Presidente<\/em> &#8211; Ant\u00f3nio Carlos Ferreira Nunes<\/li>\n<li><em>Primeiro Vogal<\/em> &#8211; Francisco Ant\u00f3nio Rebolho Afonso<\/li>\n<li><em>Segundo Vogal<\/em> &#8211; Paulo Jorge Lopes Aveiro<\/li>\n<li><em>Primeiro Suplente<\/em> &#8211; Lu\u00edsa Maria Ferreira Nunes<\/li>\n<li><em>Segundo Suplente<\/em> &#8211; Jorge Emanuel Teixeira e Ribeiro de Almeida Nune<\/li>\n<li><em>Terceiro Suplente<\/em> &#8211; Elisa Maria Andrade Andr\u00eas Correia<\/li>\n<\/ul>\n<\/div><\/section><\/div>\n","protected":false},"excerpt":{"rendered":"","protected":false},"author":4,"featured_media":0,"parent":0,"menu_order":0,"comment_status":"open","ping_status":"open","template":"","meta":{"_acf_changed":false,"footnotes":""},"class_list":["post-40","page","type-page","status-publish","hentry"],"acf":[],"_links":{"self":[{"href":"https:\/\/associacoes.beira.pt\/casa-da-freguesia-de-escalhao\/wp-json\/wp\/v2\/pages\/40","targetHints":{"allow":["GET"]}}],"collection":[{"href":"https:\/\/associacoes.beira.pt\/casa-da-freguesia-de-escalhao\/wp-json\/wp\/v2\/pages"}],"about":[{"href":"https:\/\/associacoes.beira.pt\/casa-da-freguesia-de-escalhao\/wp-json\/wp\/v2\/types\/page"}],"author":[{"embeddable":true,"href":"https:\/\/associacoes.beira.pt\/casa-da-freguesia-de-escalhao\/wp-json\/wp\/v2\/users\/4"}],"replies":[{"embeddable":true,"href":"https:\/\/associacoes.beira.pt\/casa-da-freguesia-de-escalhao\/wp-json\/wp\/v2\/comments?post=40"}],"version-history":[{"count":0,"href":"https:\/\/associacoes.beira.pt\/casa-da-freguesia-de-escalhao\/wp-json\/wp\/v2\/pages\/40\/revisions"}],"wp:attachment":[{"href":"https:\/\/associacoes.beira.pt\/casa-da-freguesia-de-escalhao\/wp-json\/wp\/v2\/media?parent=40"}],"curies":[{"name":"wp","href":"https:\/\/api.w.org\/{rel}","templated":true}]}}