{"id":463,"date":"2017-02-03T16:51:56","date_gmt":"2017-02-03T16:51:56","guid":{"rendered":"http:\/\/associacoes.beira.pt\/casa-da-freguesia-de-escalhao\/?page_id=463"},"modified":"2017-09-05T11:30:48","modified_gmt":"2017-09-05T11:30:48","slug":"freguesia-de-escalhao","status":"publish","type":"page","link":"https:\/\/associacoes.beira.pt\/casa-da-freguesia-de-escalhao\/freguesia-de-escalhao\/","title":{"rendered":"Enquadramento geogr\u00e1fico e hist\u00f3rico da freguesia de Escalh\u00e3o"},"content":{"rendered":"\n<style type=\"text\/css\" data-created_by=\"avia_inline_auto\" id=\"style-css-av-av_one_full-6126cab7d8fab8d08143dd2dacdf673c\">\n.flex_column.av-av_one_full-6126cab7d8fab8d08143dd2dacdf673c{\n-webkit-border-radius:0px 0px 0px 0px;\n-moz-border-radius:0px 0px 0px 0px;\nborder-radius:0px 0px 0px 0px;\npadding:0px 0px 0px 0px;\n}\n<\/style>\n<div  class='flex_column av-av_one_full-6126cab7d8fab8d08143dd2dacdf673c av_one_full  avia-builder-el-0  el_before_av_one_full  avia-builder-el-first  first flex_column_div av-zero-column-padding  '     ><section  class='av_textblock_section av-av_textblock-0366cc7376be6c9e82a3e9cc8987b64f '   itemscope=\"itemscope\" itemtype=\"https:\/\/schema.org\/CreativeWork\" ><div class='avia_textblock'  itemprop=\"text\" ><p style=\"text-align: justify;\">A freguesia de Escalh\u00e3o, situada a 5 km para Norte da sede do concelho, est\u00e1 implantada entre as cotas 600 e 610 metros. Tem por limite Norte o rio Douro; a Nascente o rio \u00c1gueda e a freguesia de Mata de Lobos: a Sul a mesma freguesia e a de Figueira de Castelo Rodrigo; e a Poente a freguesia de Vilar de Amargo e a ribeira de Aguiar. As principais vias de acesso que servem Escalh\u00e3o s\u00e3o a E.N.221 e a E.N.604. Os terrenos agr\u00edcolas que envolvem a aldeia encontram-se em maior parte a Nascente. Sendo a maior freguesia do concelho, os terrenos f\u00e9rteis produzem azeite, am\u00eandoa, vinho e cereais.<\/p>\n<p style=\"text-align: justify;\">Segundo uns, o top\u00f3nimo \u201cEscalh\u00e3o\u201d derivar\u00e1 do latim \u201cScalanis\u201d, ou \u201cScalarius\u201d, classificando \u201cos montes penhascosos que se escalonavam\u201d, referindo-se \u00e0 configura\u00e7\u00e3o geogr\u00e1fica do terreno em escalos, em declive para a conflu\u00eancia dos rios \u00c1gueda e Douro. Outros defendem que o termo \u201cEscalh\u00e3o\u201d, derivar\u00e1 do voc\u00e1bulo \u201cSecalh\u00e3o\u201d, referindo-se \u00e0 aridez que, noutros tempos, caracterizou a regi\u00e3o. Mais tarde, o desbravamento de terrenos incultos e a arboriza\u00e7\u00e3o ter\u00e3o contribu\u00eddo para a fertiliza\u00e7\u00e3o da freguesia.<\/p>\n<p style=\"text-align: justify;\">D.Jo\u00e3o IV concedeu-lhe foral e levou-a \u00e0 categoria de vila em 1650, em reconhecimento do hero\u00edsmo dos seus habitantes na Guerra da Restaura\u00e7\u00e3o. Do seu passado davam testemunho os restos de um castelo medieval, ali mandado construir pelo Rei D.Dinis em 1310,sobre as ru\u00ednas de um castro lusitano-romano. Nos limites da freguesia existe ainda uma ponte romana (sobre a Ribeira de Aguiar) e tro\u00e7os de cal\u00e7ada da antiga via que vinda de Castelo Rodrigo, seguia para Astorga.<\/p>\n<p style=\"text-align: justify;\">Em 1755, Escalh\u00e3o pertencia \u00e0 comarca de Pinhel, passando para a de Trancoso em 1839. A partir de 1878, ficou integrada na freguesia de Figueira de Castelo Rodrigo.<\/p>\n<p style=\"text-align: justify;\">A sua grandiosa Igreja Matriz cuja frontaria e torre de rel\u00f3gio se cr\u00ea serem sobreviv\u00eancia da medieval fortaleza, possu\u00ed valiosas pinturas murais (sacristia) e riqu\u00edssimos altares de talha dourada.<\/p>\n<p style=\"text-align: justify;\">A sua principal actividade \u00e9 a agricultura e tem como principais produ\u00e7\u00f5es o azeite, a azeitona de conserva, a am\u00eandoa e o vinho.<br \/>\nO patrim\u00f3nio cultural desta regi\u00e3o \u00e9 invej\u00e1vel, vai desde o patrim\u00f3nio arquitect\u00f3nico (o popular, o religioso e o tradicional), \u00e0s tradi\u00e7\u00f5es etnogr\u00e1ficas (romarias, festas e m\u00fasica tradicional), ao artesanato (trabalhos de madeira, latoaria, tecelagem de l\u00e3, rendas\u2026) \u00e0 gastronomia (o cabrito e o borrego assados, os enchidos e a do\u00e7aria ,com os t\u00e3o\u00a0 afamados \u201cBiscoitos de Escalh\u00e3o\u201d \u00fanicos no pa\u00eds.<\/p>\n<\/div><\/section><\/div>\n<style type=\"text\/css\" data-created_by=\"avia_inline_auto\" id=\"style-css-av-av_one_full-6126cab7d8fab8d08143dd2dacdf673c\">\n.flex_column.av-av_one_full-6126cab7d8fab8d08143dd2dacdf673c{\n-webkit-border-radius:0px 0px 0px 0px;\n-moz-border-radius:0px 0px 0px 0px;\nborder-radius:0px 0px 0px 0px;\npadding:0px 0px 0px 0px;\n}\n<\/style>\n<div  class='flex_column av-av_one_full-6126cab7d8fab8d08143dd2dacdf673c av_one_full  avia-builder-el-2  el_after_av_one_full  avia-builder-el-last  first flex_column_div av-zero-column-padding  column-top-margin'     ><style type=\"text\/css\" data-created_by=\"avia_inline_auto\" id=\"style-css-av-av_gallery-775853f23e5d432149935ba9e1f6c7d3\">\n#top .avia-gallery.av-av_gallery-775853f23e5d432149935ba9e1f6c7d3 .avia-gallery-thumb a{\nwidth:20%;\n}\n<\/style>\n<div  class='avia-gallery av-av_gallery-775853f23e5d432149935ba9e1f6c7d3 avia_animate_when_visible  avia-builder-el-3  avia-builder-el-no-sibling  deactivate_avia_lazyload avia-gallery-animate avia-gallery-1'  itemprop=\"image\" itemscope=\"itemscope\" itemtype=\"https:\/\/schema.org\/ImageObject\" ><meta itemprop=\"contentURL\" content=\"https:\/\/associacoes.beira.pt\/casa-da-freguesia-de-escalhao\/freguesia-de-escalhao\/\"><div class='avia-gallery-thumb'><a href=\"https:\/\/associacoes.beira.pt\/casa-da-freguesia-de-escalhao\/wp-content\/uploads\/sites\/14\/2017\/02\/postais1-2.jpg\" data-rel='gallery-1' data-prev-img='https:\/\/associacoes.beira.pt\/casa-da-freguesia-de-escalhao\/wp-content\/uploads\/sites\/14\/2017\/02\/postais1-2-495x400.jpg' class='first_thumb lightbox ' data-onclick='1' title='postais1-2'  itemprop=\"thumbnailUrl\"  ><img class=\"wp-image-562 avia-img-lazy-loading-not-562\"   src='https:\/\/associacoes.beira.pt\/casa-da-freguesia-de-escalhao\/wp-content\/uploads\/sites\/14\/2017\/02\/postais1-2-120x120.jpg' width='120' height='120'  title='postais1-2' alt='' \/><div class='big-prev-fake'><img class=\"wp-image-562 avia-img-lazy-loading-562\"  width='495' height='400' src='https:\/\/associacoes.beira.pt\/casa-da-freguesia-de-escalhao\/wp-content\/uploads\/sites\/14\/2017\/02\/postais1-2-495x400.jpg' title='postais1-2' alt='' \/><\/div><\/a><a href=\"https:\/\/associacoes.beira.pt\/casa-da-freguesia-de-escalhao\/wp-content\/uploads\/sites\/14\/2017\/02\/postais2-2.jpg\" data-rel='gallery-1' data-prev-img='https:\/\/associacoes.beira.pt\/casa-da-freguesia-de-escalhao\/wp-content\/uploads\/sites\/14\/2017\/02\/postais2-2-495x400.jpg' class='lightbox ' data-onclick='2' title='postais2-2'  itemprop=\"thumbnailUrl\"  ><img class=\"wp-image-563 avia-img-lazy-loading-not-563\"   src='https:\/\/associacoes.beira.pt\/casa-da-freguesia-de-escalhao\/wp-content\/uploads\/sites\/14\/2017\/02\/postais2-2-120x120.jpg' width='120' height='120'  title='postais2-2' alt='' \/><div class='big-prev-fake'><img class=\"wp-image-563 avia-img-lazy-loading-563\"  width='495' height='400' src='https:\/\/associacoes.beira.pt\/casa-da-freguesia-de-escalhao\/wp-content\/uploads\/sites\/14\/2017\/02\/postais2-2-495x400.jpg' title='postais2-2' alt='' \/><\/div><\/a><a href=\"https:\/\/associacoes.beira.pt\/casa-da-freguesia-de-escalhao\/wp-content\/uploads\/sites\/14\/2017\/02\/postais3-2.jpg\" data-rel='gallery-1' data-prev-img='https:\/\/associacoes.beira.pt\/casa-da-freguesia-de-escalhao\/wp-content\/uploads\/sites\/14\/2017\/02\/postais3-2-495x400.jpg' class='lightbox ' data-onclick='3' title='postais3-2'  itemprop=\"thumbnailUrl\"  ><img class=\"wp-image-564 avia-img-lazy-loading-not-564\"   src='https:\/\/associacoes.beira.pt\/casa-da-freguesia-de-escalhao\/wp-content\/uploads\/sites\/14\/2017\/02\/postais3-2-120x120.jpg' width='120' height='120'  title='postais3-2' alt='' \/><div class='big-prev-fake'><img class=\"wp-image-564 avia-img-lazy-loading-564\"  width='495' height='400' src='https:\/\/associacoes.beira.pt\/casa-da-freguesia-de-escalhao\/wp-content\/uploads\/sites\/14\/2017\/02\/postais3-2-495x400.jpg' title='postais3-2' alt='' \/><\/div><\/a><a href=\"https:\/\/associacoes.beira.pt\/casa-da-freguesia-de-escalhao\/wp-content\/uploads\/sites\/14\/2017\/02\/postais4-2.jpg\" data-rel='gallery-1' data-prev-img='https:\/\/associacoes.beira.pt\/casa-da-freguesia-de-escalhao\/wp-content\/uploads\/sites\/14\/2017\/02\/postais4-2-450x400.jpg' class='lightbox ' data-onclick='4' title='postais4-2'  itemprop=\"thumbnailUrl\"  ><img class=\"wp-image-565 avia-img-lazy-loading-not-565\"   src='https:\/\/associacoes.beira.pt\/casa-da-freguesia-de-escalhao\/wp-content\/uploads\/sites\/14\/2017\/02\/postais4-2-120x120.jpg' width='120' height='120'  title='postais4-2' alt='' \/><div class='big-prev-fake'><img class=\"wp-image-565 avia-img-lazy-loading-565\"  width='450' height='400' src='https:\/\/associacoes.beira.pt\/casa-da-freguesia-de-escalhao\/wp-content\/uploads\/sites\/14\/2017\/02\/postais4-2-450x400.jpg' title='postais4-2' alt='' \/><\/div><\/a><a href=\"https:\/\/associacoes.beira.pt\/casa-da-freguesia-de-escalhao\/wp-content\/uploads\/sites\/14\/2017\/02\/postais5-2.jpg\" data-rel='gallery-1' data-prev-img='https:\/\/associacoes.beira.pt\/casa-da-freguesia-de-escalhao\/wp-content\/uploads\/sites\/14\/2017\/02\/postais5-2-450x400.jpg' class='lightbox ' data-onclick='5' title='postais5-2'  itemprop=\"thumbnailUrl\"  ><img class=\"wp-image-566 avia-img-lazy-loading-not-566\"   src='https:\/\/associacoes.beira.pt\/casa-da-freguesia-de-escalhao\/wp-content\/uploads\/sites\/14\/2017\/02\/postais5-2-120x120.jpg' width='120' height='120'  title='postais5-2' alt='' \/><div class='big-prev-fake'><img class=\"wp-image-566 avia-img-lazy-loading-566\"  width='450' height='400' src='https:\/\/associacoes.beira.pt\/casa-da-freguesia-de-escalhao\/wp-content\/uploads\/sites\/14\/2017\/02\/postais5-2-450x400.jpg' title='postais5-2' alt='' \/><\/div><\/a><a href=\"https:\/\/associacoes.beira.pt\/casa-da-freguesia-de-escalhao\/wp-content\/uploads\/sites\/14\/2017\/02\/postais6-2.jpg\" data-rel='gallery-1' data-prev-img='https:\/\/associacoes.beira.pt\/casa-da-freguesia-de-escalhao\/wp-content\/uploads\/sites\/14\/2017\/02\/postais6-2-495x400.jpg' class='first_thumb lightbox ' data-onclick='6' title='postais6-2'  itemprop=\"thumbnailUrl\"  ><img class=\"wp-image-567 avia-img-lazy-loading-not-567\"   src='https:\/\/associacoes.beira.pt\/casa-da-freguesia-de-escalhao\/wp-content\/uploads\/sites\/14\/2017\/02\/postais6-2-120x120.jpg' width='120' height='120'  title='postais6-2' alt='' \/><div class='big-prev-fake'><img class=\"wp-image-567 avia-img-lazy-loading-567\"  width='495' height='400' src='https:\/\/associacoes.beira.pt\/casa-da-freguesia-de-escalhao\/wp-content\/uploads\/sites\/14\/2017\/02\/postais6-2-495x400.jpg' title='postais6-2' alt='' \/><\/div><\/a><a href=\"https:\/\/associacoes.beira.pt\/casa-da-freguesia-de-escalhao\/wp-content\/uploads\/sites\/14\/2017\/02\/postais7-2.jpg\" data-rel='gallery-1' data-prev-img='https:\/\/associacoes.beira.pt\/casa-da-freguesia-de-escalhao\/wp-content\/uploads\/sites\/14\/2017\/02\/postais7-2-495x400.jpg' class='lightbox ' data-onclick='7' title='postais7-2'  itemprop=\"thumbnailUrl\"  ><img class=\"wp-image-568 avia-img-lazy-loading-not-568\"   src='https:\/\/associacoes.beira.pt\/casa-da-freguesia-de-escalhao\/wp-content\/uploads\/sites\/14\/2017\/02\/postais7-2-120x120.jpg' width='120' height='120'  title='postais7-2' alt='' \/><div class='big-prev-fake'><img class=\"wp-image-568 avia-img-lazy-loading-568\"  width='495' height='400' src='https:\/\/associacoes.beira.pt\/casa-da-freguesia-de-escalhao\/wp-content\/uploads\/sites\/14\/2017\/02\/postais7-2-495x400.jpg' title='postais7-2' alt='' \/><\/div><\/a><a href=\"https:\/\/associacoes.beira.pt\/casa-da-freguesia-de-escalhao\/wp-content\/uploads\/sites\/14\/2017\/02\/postais8-2.jpg\" data-rel='gallery-1' data-prev-img='https:\/\/associacoes.beira.pt\/casa-da-freguesia-de-escalhao\/wp-content\/uploads\/sites\/14\/2017\/02\/postais8-2-495x400.jpg' class='lightbox ' data-onclick='8' title='postais8-2'  itemprop=\"thumbnailUrl\"  ><img class=\"wp-image-569 avia-img-lazy-loading-not-569\"   src='https:\/\/associacoes.beira.pt\/casa-da-freguesia-de-escalhao\/wp-content\/uploads\/sites\/14\/2017\/02\/postais8-2-120x120.jpg' width='120' height='120'  title='postais8-2' alt='' \/><div class='big-prev-fake'><img class=\"wp-image-569 avia-img-lazy-loading-569\"  width='495' height='400' src='https:\/\/associacoes.beira.pt\/casa-da-freguesia-de-escalhao\/wp-content\/uploads\/sites\/14\/2017\/02\/postais8-2-495x400.jpg' title='postais8-2' alt='' \/><\/div><\/a><a href=\"https:\/\/associacoes.beira.pt\/casa-da-freguesia-de-escalhao\/wp-content\/uploads\/sites\/14\/2017\/02\/postais9-2.jpg\" data-rel='gallery-1' data-prev-img='https:\/\/associacoes.beira.pt\/casa-da-freguesia-de-escalhao\/wp-content\/uploads\/sites\/14\/2017\/02\/postais9-2-495x400.jpg' class='lightbox ' data-onclick='9' title='postais9-2'  itemprop=\"thumbnailUrl\"  ><img class=\"wp-image-570 avia-img-lazy-loading-not-570\"   src='https:\/\/associacoes.beira.pt\/casa-da-freguesia-de-escalhao\/wp-content\/uploads\/sites\/14\/2017\/02\/postais9-2-120x120.jpg' width='120' height='120'  title='postais9-2' alt='' \/><div class='big-prev-fake'><img class=\"wp-image-570 avia-img-lazy-loading-570\"  width='495' height='400' src='https:\/\/associacoes.beira.pt\/casa-da-freguesia-de-escalhao\/wp-content\/uploads\/sites\/14\/2017\/02\/postais9-2-495x400.jpg' title='postais9-2' alt='' \/><\/div><\/a><a href=\"https:\/\/associacoes.beira.pt\/casa-da-freguesia-de-escalhao\/wp-content\/uploads\/sites\/14\/2017\/02\/postais10-2.jpg\" data-rel='gallery-1' data-prev-img='https:\/\/associacoes.beira.pt\/casa-da-freguesia-de-escalhao\/wp-content\/uploads\/sites\/14\/2017\/02\/postais10-2-495x400.jpg' class='lightbox ' data-onclick='10' title='postais10-2'  itemprop=\"thumbnailUrl\"  ><img class=\"wp-image-571 avia-img-lazy-loading-not-571\"   src='https:\/\/associacoes.beira.pt\/casa-da-freguesia-de-escalhao\/wp-content\/uploads\/sites\/14\/2017\/02\/postais10-2-120x120.jpg' width='120' height='120'  title='postais10-2' alt='' \/><div class='big-prev-fake'><img class=\"wp-image-571 avia-img-lazy-loading-571\"  width='495' height='400' src='https:\/\/associacoes.beira.pt\/casa-da-freguesia-de-escalhao\/wp-content\/uploads\/sites\/14\/2017\/02\/postais10-2-495x400.jpg' title='postais10-2' alt='' \/><\/div><\/a><a href=\"https:\/\/associacoes.beira.pt\/casa-da-freguesia-de-escalhao\/wp-content\/uploads\/sites\/14\/2017\/02\/postais11-2.jpg\" data-rel='gallery-1' data-prev-img='https:\/\/associacoes.beira.pt\/casa-da-freguesia-de-escalhao\/wp-content\/uploads\/sites\/14\/2017\/02\/postais11-2-495x400.jpg' class='first_thumb lightbox ' data-onclick='11' title='postais11-2'  itemprop=\"thumbnailUrl\"  ><img class=\"wp-image-572 avia-img-lazy-loading-not-572\"   src='https:\/\/associacoes.beira.pt\/casa-da-freguesia-de-escalhao\/wp-content\/uploads\/sites\/14\/2017\/02\/postais11-2-120x120.jpg' width='120' height='120'  title='postais11-2' alt='' \/><div class='big-prev-fake'><img class=\"wp-image-572 avia-img-lazy-loading-572\"  width='495' height='400' src='https:\/\/associacoes.beira.pt\/casa-da-freguesia-de-escalhao\/wp-content\/uploads\/sites\/14\/2017\/02\/postais11-2-495x400.jpg' title='postais11-2' alt='' \/><\/div><\/a><a href=\"https:\/\/associacoes.beira.pt\/casa-da-freguesia-de-escalhao\/wp-content\/uploads\/sites\/14\/2017\/02\/postais12-2.jpg\" data-rel='gallery-1' data-prev-img='https:\/\/associacoes.beira.pt\/casa-da-freguesia-de-escalhao\/wp-content\/uploads\/sites\/14\/2017\/02\/postais12-2-495x400.jpg' class='lightbox ' data-onclick='12' title='postais12-2'  itemprop=\"thumbnailUrl\"  ><img class=\"wp-image-573 avia-img-lazy-loading-not-573\"   src='https:\/\/associacoes.beira.pt\/casa-da-freguesia-de-escalhao\/wp-content\/uploads\/sites\/14\/2017\/02\/postais12-2-120x120.jpg' width='120' height='120'  title='postais12-2' alt='' \/><div class='big-prev-fake'><img class=\"wp-image-573 avia-img-lazy-loading-573\"  width='495' height='400' src='https:\/\/associacoes.beira.pt\/casa-da-freguesia-de-escalhao\/wp-content\/uploads\/sites\/14\/2017\/02\/postais12-2-495x400.jpg' title='postais12-2' alt='' \/><\/div><\/a><a href=\"https:\/\/associacoes.beira.pt\/casa-da-freguesia-de-escalhao\/wp-content\/uploads\/sites\/14\/2017\/02\/postais13-2.jpg\" data-rel='gallery-1' data-prev-img='https:\/\/associacoes.beira.pt\/casa-da-freguesia-de-escalhao\/wp-content\/uploads\/sites\/14\/2017\/02\/postais13-2-495x400.jpg' class='lightbox ' data-onclick='13' title='postais13-2'  itemprop=\"thumbnailUrl\"  ><img class=\"wp-image-574 avia-img-lazy-loading-not-574\"   src='https:\/\/associacoes.beira.pt\/casa-da-freguesia-de-escalhao\/wp-content\/uploads\/sites\/14\/2017\/02\/postais13-2-120x120.jpg' width='120' height='120'  title='postais13-2' alt='' \/><div class='big-prev-fake'><img class=\"wp-image-574 avia-img-lazy-loading-574\"  width='495' height='400' src='https:\/\/associacoes.beira.pt\/casa-da-freguesia-de-escalhao\/wp-content\/uploads\/sites\/14\/2017\/02\/postais13-2-495x400.jpg' title='postais13-2' alt='' \/><\/div><\/a><a href=\"https:\/\/associacoes.beira.pt\/casa-da-freguesia-de-escalhao\/wp-content\/uploads\/sites\/14\/2017\/02\/postais14-2.jpg\" data-rel='gallery-1' data-prev-img='https:\/\/associacoes.beira.pt\/casa-da-freguesia-de-escalhao\/wp-content\/uploads\/sites\/14\/2017\/02\/postais14-2-450x400.jpg' class='lightbox ' data-onclick='14' title='postais14-2'  itemprop=\"thumbnailUrl\"  ><img class=\"wp-image-575 avia-img-lazy-loading-not-575\"   src='https:\/\/associacoes.beira.pt\/casa-da-freguesia-de-escalhao\/wp-content\/uploads\/sites\/14\/2017\/02\/postais14-2-120x120.jpg' width='120' height='120'  title='postais14-2' alt='' \/><div class='big-prev-fake'><img class=\"wp-image-575 avia-img-lazy-loading-575\"  width='450' height='400' src='https:\/\/associacoes.beira.pt\/casa-da-freguesia-de-escalhao\/wp-content\/uploads\/sites\/14\/2017\/02\/postais14-2-450x400.jpg' title='postais14-2' alt='' \/><\/div><\/a><a href=\"https:\/\/associacoes.beira.pt\/casa-da-freguesia-de-escalhao\/wp-content\/uploads\/sites\/14\/2017\/02\/postais15-2.jpg\" data-rel='gallery-1' data-prev-img='https:\/\/associacoes.beira.pt\/casa-da-freguesia-de-escalhao\/wp-content\/uploads\/sites\/14\/2017\/02\/postais15-2-450x400.jpg' class='lightbox ' data-onclick='15' title='postais15-2'  itemprop=\"thumbnailUrl\"  ><img class=\"wp-image-576 avia-img-lazy-loading-not-576\"   src='https:\/\/associacoes.beira.pt\/casa-da-freguesia-de-escalhao\/wp-content\/uploads\/sites\/14\/2017\/02\/postais15-2-120x120.jpg' width='120' height='120'  title='postais15-2' alt='' \/><div class='big-prev-fake'><img class=\"wp-image-576 avia-img-lazy-loading-576\"  width='450' height='400' src='https:\/\/associacoes.beira.pt\/casa-da-freguesia-de-escalhao\/wp-content\/uploads\/sites\/14\/2017\/02\/postais15-2-450x400.jpg' title='postais15-2' alt='' \/><\/div><\/a><a href=\"https:\/\/associacoes.beira.pt\/casa-da-freguesia-de-escalhao\/wp-content\/uploads\/sites\/14\/2017\/02\/postais16-2.jpg\" data-rel='gallery-1' data-prev-img='https:\/\/associacoes.beira.pt\/casa-da-freguesia-de-escalhao\/wp-content\/uploads\/sites\/14\/2017\/02\/postais16-2-495x400.jpg' class='first_thumb lightbox ' data-onclick='16' title='postais16-2'  itemprop=\"thumbnailUrl\"  ><img class=\"wp-image-577 avia-img-lazy-loading-not-577\"   src='https:\/\/associacoes.beira.pt\/casa-da-freguesia-de-escalhao\/wp-content\/uploads\/sites\/14\/2017\/02\/postais16-2-120x120.jpg' width='120' height='120'  title='postais16-2' alt='' \/><div class='big-prev-fake'><img class=\"wp-image-577 avia-img-lazy-loading-577\"  width='495' height='400' src='https:\/\/associacoes.beira.pt\/casa-da-freguesia-de-escalhao\/wp-content\/uploads\/sites\/14\/2017\/02\/postais16-2-495x400.jpg' title='postais16-2' alt='' \/><\/div><\/a><a href=\"https:\/\/associacoes.beira.pt\/casa-da-freguesia-de-escalhao\/wp-content\/uploads\/sites\/14\/2017\/02\/postais17-2.jpg\" data-rel='gallery-1' data-prev-img='https:\/\/associacoes.beira.pt\/casa-da-freguesia-de-escalhao\/wp-content\/uploads\/sites\/14\/2017\/02\/postais17-2-495x400.jpg' class='lightbox ' data-onclick='17' title='postais17-2'  itemprop=\"thumbnailUrl\"  ><img class=\"wp-image-578 avia-img-lazy-loading-not-578\"   src='https:\/\/associacoes.beira.pt\/casa-da-freguesia-de-escalhao\/wp-content\/uploads\/sites\/14\/2017\/02\/postais17-2-120x120.jpg' width='120' height='120'  title='postais17-2' alt='' \/><div class='big-prev-fake'><img class=\"wp-image-578 avia-img-lazy-loading-578\"  width='495' height='400' src='https:\/\/associacoes.beira.pt\/casa-da-freguesia-de-escalhao\/wp-content\/uploads\/sites\/14\/2017\/02\/postais17-2-495x400.jpg' title='postais17-2' alt='' \/><\/div><\/a><a href=\"https:\/\/associacoes.beira.pt\/casa-da-freguesia-de-escalhao\/wp-content\/uploads\/sites\/14\/2017\/02\/postais18-2.jpg\" data-rel='gallery-1' data-prev-img='https:\/\/associacoes.beira.pt\/casa-da-freguesia-de-escalhao\/wp-content\/uploads\/sites\/14\/2017\/02\/postais18-2-495x400.jpg' class='lightbox ' data-onclick='18' title='postais18-2'  itemprop=\"thumbnailUrl\"  ><img class=\"wp-image-579 avia-img-lazy-loading-not-579\"   src='https:\/\/associacoes.beira.pt\/casa-da-freguesia-de-escalhao\/wp-content\/uploads\/sites\/14\/2017\/02\/postais18-2-120x120.jpg' width='120' height='120'  title='postais18-2' alt='' \/><div class='big-prev-fake'><img class=\"wp-image-579 avia-img-lazy-loading-579\"  width='495' height='400' src='https:\/\/associacoes.beira.pt\/casa-da-freguesia-de-escalhao\/wp-content\/uploads\/sites\/14\/2017\/02\/postais18-2-495x400.jpg' title='postais18-2' alt='' \/><\/div><\/a><\/div><\/div><\/div><\/p>\n","protected":false},"excerpt":{"rendered":"","protected":false},"author":3,"featured_media":0,"parent":0,"menu_order":0,"comment_status":"closed","ping_status":"closed","template":"","meta":{"_acf_changed":false,"footnotes":""},"class_list":["post-463","page","type-page","status-publish","hentry"],"acf":[],"_links":{"self":[{"href":"https:\/\/associacoes.beira.pt\/casa-da-freguesia-de-escalhao\/wp-json\/wp\/v2\/pages\/463","targetHints":{"allow":["GET"]}}],"collection":[{"href":"https:\/\/associacoes.beira.pt\/casa-da-freguesia-de-escalhao\/wp-json\/wp\/v2\/pages"}],"about":[{"href":"https:\/\/associacoes.beira.pt\/casa-da-freguesia-de-escalhao\/wp-json\/wp\/v2\/types\/page"}],"author":[{"embeddable":true,"href":"https:\/\/associacoes.beira.pt\/casa-da-freguesia-de-escalhao\/wp-json\/wp\/v2\/users\/3"}],"replies":[{"embeddable":true,"href":"https:\/\/associacoes.beira.pt\/casa-da-freguesia-de-escalhao\/wp-json\/wp\/v2\/comments?post=463"}],"version-history":[{"count":0,"href":"https:\/\/associacoes.beira.pt\/casa-da-freguesia-de-escalhao\/wp-json\/wp\/v2\/pages\/463\/revisions"}],"wp:attachment":[{"href":"https:\/\/associacoes.beira.pt\/casa-da-freguesia-de-escalhao\/wp-json\/wp\/v2\/media?parent=463"}],"curies":[{"name":"wp","href":"https:\/\/api.w.org\/{rel}","templated":true}]}}