{"id":474,"date":"2017-02-06T10:22:20","date_gmt":"2017-02-06T10:22:20","guid":{"rendered":"http:\/\/associacoes.beira.pt\/casa-da-freguesia-de-escalhao\/?page_id=474"},"modified":"2017-02-06T10:30:31","modified_gmt":"2017-02-06T10:30:31","slug":"museu-artes-oficios-francisco-tavora","status":"publish","type":"page","link":"https:\/\/associacoes.beira.pt\/casa-da-freguesia-de-escalhao\/museu-artes-oficios-francisco-tavora\/","title":{"rendered":"Museu &#8220;Artes e Of\u00edcios Francisco T\u00e1vora&#8221;"},"content":{"rendered":"<div id='av_section_1'  class='avia-section av-av_section-f5416f04ad720a2c47933a0c3c5c9f4d main_color avia-section-no-padding avia-no-border-styling  avia-builder-el-0  el_before_av_gallery  avia-builder-el-first  avia-bg-style-scroll container_wrap fullsize'  ><div class='container av-section-cont-open' ><main  role=\"main\" itemprop=\"mainContentOfPage\"  class='template-page content  av-content-full alpha units'><div class='post-entry post-entry-type-page post-entry-474'><div class='entry-content-wrapper clearfix'>\n\n<style type=\"text\/css\" data-created_by=\"avia_inline_auto\" id=\"style-css-av-av_three_fourth-67c1acb0579a8d4ef554daa8040b2e1d\">\n.flex_column.av-av_three_fourth-67c1acb0579a8d4ef554daa8040b2e1d{\n-webkit-border-radius:0px 0px 0px 0px;\n-moz-border-radius:0px 0px 0px 0px;\nborder-radius:0px 0px 0px 0px;\npadding:0px 0px 0px 0px;\n}\n<\/style>\n<div  class='flex_column av-av_three_fourth-67c1acb0579a8d4ef554daa8040b2e1d av_three_fourth  avia-builder-el-1  el_before_av_one_fourth  avia-builder-el-first  first no_margin flex_column_div av-zero-column-padding  '     ><p><section  class='av_textblock_section av-av_textblock-0366cc7376be6c9e82a3e9cc8987b64f '   itemscope=\"itemscope\" itemtype=\"https:\/\/schema.org\/CreativeWork\" ><div class='avia_textblock'  itemprop=\"text\" ><p><strong>Hor\u00e1rio de Funcionamento<\/strong><\/p>\n<p>Segunda a Sexta<br \/>\n9h00 \u00e0s 12h30 \/ 14h00 \u00e0s 17h30<\/p>\n<p>S\u00e1bado e Domingo<br \/>\n10h00 \u00e0s 12h00 \/ 14h00 \u00e0s 16h00<\/p>\n<p><strong>Pre\u00e7o de Entrada<\/strong><\/p>\n<p>1\u20ac por pessoa<br \/>\nmenores de 12 anos entrada gratuita<\/p>\n<\/div><\/section><br \/>\n\n<style type=\"text\/css\" data-created_by=\"avia_inline_auto\" id=\"style-css-av-av_hr-a9a57035239c5904144e25e3fc4a7e2f\">\n#top .hr.av-av_hr-a9a57035239c5904144e25e3fc4a7e2f{\nmargin-top:5px;\nmargin-bottom:5px;\n}\n.hr.av-av_hr-a9a57035239c5904144e25e3fc4a7e2f .hr-inner{\nwidth:100%;\nborder-color:#108b1a;\n}\n<\/style>\n<div  class='hr av-av_hr-a9a57035239c5904144e25e3fc4a7e2f hr-custom  avia-builder-el-3  el_after_av_textblock  el_before_av_textblock  hr-center hr-icon-no'><span class='hr-inner inner-border-av-border-thin'><span class=\"hr-inner-style\"><\/span><\/span><\/div><br \/>\n<section  class='av_textblock_section av-av_textblock-0366cc7376be6c9e82a3e9cc8987b64f '   itemscope=\"itemscope\" itemtype=\"https:\/\/schema.org\/CreativeWork\" ><div class='avia_textblock'  itemprop=\"text\" ><p style=\"text-align: justify;\">Um museu \u00e9 uma institui\u00e7\u00e3o de car\u00e1cter permanente, administrado para interesse geral, com a finalidade de recolher, conservar, pesquisar e valorizar de diversas maneiras um conjunto de elementos de valor cultural.<\/p>\n<p style=\"text-align: justify;\">Este museu re\u00fane material ligado aos m\u00faltiplos aspectos da vida quotidiana da Beira Alta. As atividades da vida rural de Escalh\u00e3o est\u00e3o aqui representadas, nomeadamente a cultura da oliveira e da vinha ou o amanho da terra, atrav\u00e9s da exposi\u00e7\u00e3o de objetos ligados ao labor agr\u00edcola, of\u00edcios tradicionais, vida dom\u00e9stica, festas, vida religiosa e trajes. \u00c9 o \u00fanico a n\u00edvel do Concelho, sendo muito visitado e inclu\u00eddo em muitos passeios de estudo de Escolas e grupos diversos.<\/p>\n<p style=\"text-align: justify;\">Pelo museu s\u00e3o sugeridos dois percursos para quem o visita: um corresponde \u00e0 Cozinha e a todas as atividades associadas a esse espa\u00e7o dom\u00e9stico; o outro integra todas as atividades da vida rural da freguesia de Escalh\u00e3o: a cultura do Azeite e do Vinho; a Lavoura; a Eira; a Oficina do Ferreiro; a Oficina do Carpinteiro; a Oficina do Sapateiro; a Festa e o Lazer; a Vida Religiosa; o Traje.<\/p>\n<\/div><\/section><\/p><\/div>\n<style type=\"text\/css\" data-created_by=\"avia_inline_auto\" id=\"style-css-av-av_one_fourth-0aa7055fe62c3622faec82866afbaeb2\">\n.flex_column.av-av_one_fourth-0aa7055fe62c3622faec82866afbaeb2{\n-webkit-border-radius:0px 0px 0px 0px;\n-moz-border-radius:0px 0px 0px 0px;\nborder-radius:0px 0px 0px 0px;\npadding:0px 0px 0px 0px;\n}\n<\/style>\n<div  class='flex_column av-av_one_fourth-0aa7055fe62c3622faec82866afbaeb2 av_one_fourth  avia-builder-el-5  el_after_av_three_fourth  avia-builder-el-last  no_margin flex_column_div av-zero-column-padding  '     ><div  class='avia-builder-widget-area clearfix  avia-builder-el-6  avia-builder-el-no-sibling '><div id=\"nav_menu-3\" class=\"widget clearfix widget_nav_menu\"><h3 class=\"widgettitle\">Sector Cultural<\/h3><div class=\"menu-sector-cultural-container\"><ul id=\"menu-sector-cultural\" class=\"menu\"><li id=\"menu-item-486\" class=\"menu-item menu-item-type-post_type menu-item-object-page menu-item-486\"><a href=\"https:\/\/associacoes.beira.pt\/casa-da-freguesia-de-escalhao\/museu-artes-oficios-francisco-tavora\/\">Museu &#8220;Artes e Of\u00edcios Francisco T\u00e1vora&#8221;<\/a><\/li>\n<\/ul><\/div><\/div><\/div><\/div><\/div><\/div><\/main><!-- close content main element --><\/div><\/div><div id='after_section_1'  class='main_color av_default_container_wrap container_wrap fullsize'  ><div class='container av-section-cont-open' ><div class='template-page content  av-content-full alpha units'><div class='post-entry post-entry-type-page post-entry-474'><div class='entry-content-wrapper clearfix'>\n<style type=\"text\/css\" data-created_by=\"avia_inline_auto\" id=\"style-css-av-av_gallery-e9d2787f44a0ed12aea6406f36027b9d\">\n#top .avia-gallery.av-av_gallery-e9d2787f44a0ed12aea6406f36027b9d .avia-gallery-thumb a{\nwidth:20%;\n}\n<\/style>\n<div  class='avia-gallery av-av_gallery-e9d2787f44a0ed12aea6406f36027b9d avia_animate_when_visible  avia-builder-el-7  el_after_av_section  avia-builder-el-no-sibling  avia_lazyload avia-gallery-animate avia-gallery-1'  itemprop=\"image\" itemscope=\"itemscope\" itemtype=\"https:\/\/schema.org\/ImageObject\" ><meta itemprop=\"contentURL\" content=\"https:\/\/associacoes.beira.pt\/casa-da-freguesia-de-escalhao\/museu-artes-oficios-francisco-tavora\/\"><div class='avia-gallery-thumb'><a href=\"https:\/\/associacoes.beira.pt\/casa-da-freguesia-de-escalhao\/wp-content\/uploads\/sites\/14\/2017\/02\/museu1-2.jpg\" data-rel='gallery-1' data-prev-img='https:\/\/associacoes.beira.pt\/casa-da-freguesia-de-escalhao\/wp-content\/uploads\/sites\/14\/2017\/02\/museu1-2-495x400.jpg' class='first_thumb lightbox ' data-onclick='1' title='museu1-2'  itemprop=\"thumbnailUrl\"  ><img class=\"wp-image-478 avia-img-lazy-loading-not-478\"   src='https:\/\/associacoes.beira.pt\/casa-da-freguesia-de-escalhao\/wp-content\/uploads\/sites\/14\/2017\/02\/museu1-2-300x225.jpg' width='300' height='225'  title='museu1-2' alt='' \/><div class='big-prev-fake'><img class=\"wp-image-478 avia-img-lazy-loading-478\"  width='495' height='400' src='https:\/\/associacoes.beira.pt\/casa-da-freguesia-de-escalhao\/wp-content\/uploads\/sites\/14\/2017\/02\/museu1-2-495x400.jpg' title='museu1-2' alt='' \/><\/div><\/a><a href=\"https:\/\/associacoes.beira.pt\/casa-da-freguesia-de-escalhao\/wp-content\/uploads\/sites\/14\/2017\/02\/museu2-2.jpg\" data-rel='gallery-1' data-prev-img='https:\/\/associacoes.beira.pt\/casa-da-freguesia-de-escalhao\/wp-content\/uploads\/sites\/14\/2017\/02\/museu2-2-495x400.jpg' class='lightbox ' data-onclick='2' title='museu2-2'  itemprop=\"thumbnailUrl\"  ><img class=\"wp-image-479 avia-img-lazy-loading-not-479\"   src='https:\/\/associacoes.beira.pt\/casa-da-freguesia-de-escalhao\/wp-content\/uploads\/sites\/14\/2017\/02\/museu2-2-300x225.jpg' width='300' height='225'  title='museu2-2' alt='' \/><div class='big-prev-fake'><img class=\"wp-image-479 avia-img-lazy-loading-479\"  width='495' height='400' src='https:\/\/associacoes.beira.pt\/casa-da-freguesia-de-escalhao\/wp-content\/uploads\/sites\/14\/2017\/02\/museu2-2-495x400.jpg' title='museu2-2' alt='' \/><\/div><\/a><a href=\"https:\/\/associacoes.beira.pt\/casa-da-freguesia-de-escalhao\/wp-content\/uploads\/sites\/14\/2017\/02\/museu3-2.jpg\" data-rel='gallery-1' data-prev-img='https:\/\/associacoes.beira.pt\/casa-da-freguesia-de-escalhao\/wp-content\/uploads\/sites\/14\/2017\/02\/museu3-2-495x400.jpg' class='lightbox ' data-onclick='3' title='museu3-2'  itemprop=\"thumbnailUrl\"  ><img class=\"wp-image-480 avia-img-lazy-loading-not-480\"   src='https:\/\/associacoes.beira.pt\/casa-da-freguesia-de-escalhao\/wp-content\/uploads\/sites\/14\/2017\/02\/museu3-2-300x225.jpg' width='300' height='225'  title='museu3-2' alt='' \/><div class='big-prev-fake'><img class=\"wp-image-480 avia-img-lazy-loading-480\"  width='495' height='400' src='https:\/\/associacoes.beira.pt\/casa-da-freguesia-de-escalhao\/wp-content\/uploads\/sites\/14\/2017\/02\/museu3-2-495x400.jpg' title='museu3-2' alt='' \/><\/div><\/a><a href=\"https:\/\/associacoes.beira.pt\/casa-da-freguesia-de-escalhao\/wp-content\/uploads\/sites\/14\/2017\/02\/museu4-2.jpg\" data-rel='gallery-1' data-prev-img='https:\/\/associacoes.beira.pt\/casa-da-freguesia-de-escalhao\/wp-content\/uploads\/sites\/14\/2017\/02\/museu4-2-495x400.jpg' class='lightbox ' data-onclick='4' title='museu4-2'  itemprop=\"thumbnailUrl\"  ><img class=\"wp-image-481 avia-img-lazy-loading-not-481\"   src='https:\/\/associacoes.beira.pt\/casa-da-freguesia-de-escalhao\/wp-content\/uploads\/sites\/14\/2017\/02\/museu4-2-300x225.jpg' width='300' height='225'  title='museu4-2' alt='' \/><div class='big-prev-fake'><img class=\"wp-image-481 avia-img-lazy-loading-481\"  width='495' height='400' src='https:\/\/associacoes.beira.pt\/casa-da-freguesia-de-escalhao\/wp-content\/uploads\/sites\/14\/2017\/02\/museu4-2-495x400.jpg' title='museu4-2' alt='' \/><\/div><\/a><a href=\"https:\/\/associacoes.beira.pt\/casa-da-freguesia-de-escalhao\/wp-content\/uploads\/sites\/14\/2017\/02\/museu5-2.jpg\" data-rel='gallery-1' data-prev-img='https:\/\/associacoes.beira.pt\/casa-da-freguesia-de-escalhao\/wp-content\/uploads\/sites\/14\/2017\/02\/museu5-2-495x400.jpg' class='lightbox ' data-onclick='5' title='museu5-2'  itemprop=\"thumbnailUrl\"  ><img class=\"wp-image-482 avia-img-lazy-loading-not-482\"   src='https:\/\/associacoes.beira.pt\/casa-da-freguesia-de-escalhao\/wp-content\/uploads\/sites\/14\/2017\/02\/museu5-2-300x225.jpg' width='300' height='225'  title='museu5-2' alt='' \/><div class='big-prev-fake'><img class=\"wp-image-482 avia-img-lazy-loading-482\"  width='495' height='400' src='https:\/\/associacoes.beira.pt\/casa-da-freguesia-de-escalhao\/wp-content\/uploads\/sites\/14\/2017\/02\/museu5-2-495x400.jpg' title='museu5-2' alt='' \/><\/div><\/a><a href=\"https:\/\/associacoes.beira.pt\/casa-da-freguesia-de-escalhao\/wp-content\/uploads\/sites\/14\/2017\/02\/museu6-2.jpg\" data-rel='gallery-1' data-prev-img='https:\/\/associacoes.beira.pt\/casa-da-freguesia-de-escalhao\/wp-content\/uploads\/sites\/14\/2017\/02\/museu6-2-495x400.jpg' class='first_thumb lightbox ' data-onclick='6' title='museu6-2'  itemprop=\"thumbnailUrl\"  ><img class=\"wp-image-483 avia-img-lazy-loading-not-483\"   src='https:\/\/associacoes.beira.pt\/casa-da-freguesia-de-escalhao\/wp-content\/uploads\/sites\/14\/2017\/02\/museu6-2-300x225.jpg' width='300' height='225'  title='museu6-2' alt='' \/><div class='big-prev-fake'><img class=\"wp-image-483 avia-img-lazy-loading-483\"  width='495' height='400' src='https:\/\/associacoes.beira.pt\/casa-da-freguesia-de-escalhao\/wp-content\/uploads\/sites\/14\/2017\/02\/museu6-2-495x400.jpg' title='museu6-2' alt='' \/><\/div><\/a><\/div><\/div><\/p>\n","protected":false},"excerpt":{"rendered":"","protected":false},"author":3,"featured_media":0,"parent":0,"menu_order":0,"comment_status":"closed","ping_status":"closed","template":"","meta":{"_acf_changed":false,"footnotes":""},"class_list":["post-474","page","type-page","status-publish","hentry"],"acf":[],"_links":{"self":[{"href":"https:\/\/associacoes.beira.pt\/casa-da-freguesia-de-escalhao\/wp-json\/wp\/v2\/pages\/474","targetHints":{"allow":["GET"]}}],"collection":[{"href":"https:\/\/associacoes.beira.pt\/casa-da-freguesia-de-escalhao\/wp-json\/wp\/v2\/pages"}],"about":[{"href":"https:\/\/associacoes.beira.pt\/casa-da-freguesia-de-escalhao\/wp-json\/wp\/v2\/types\/page"}],"author":[{"embeddable":true,"href":"https:\/\/associacoes.beira.pt\/casa-da-freguesia-de-escalhao\/wp-json\/wp\/v2\/users\/3"}],"replies":[{"embeddable":true,"href":"https:\/\/associacoes.beira.pt\/casa-da-freguesia-de-escalhao\/wp-json\/wp\/v2\/comments?post=474"}],"version-history":[{"count":0,"href":"https:\/\/associacoes.beira.pt\/casa-da-freguesia-de-escalhao\/wp-json\/wp\/v2\/pages\/474\/revisions"}],"wp:attachment":[{"href":"https:\/\/associacoes.beira.pt\/casa-da-freguesia-de-escalhao\/wp-json\/wp\/v2\/media?parent=474"}],"curies":[{"name":"wp","href":"https:\/\/api.w.org\/{rel}","templated":true}]}}