{"id":432,"date":"2020-11-03T10:04:10","date_gmt":"2020-11-03T10:04:10","guid":{"rendered":"https:\/\/associacoes.beira.pt\/casapovobendada\/?page_id=432"},"modified":"2020-11-03T10:04:10","modified_gmt":"2020-11-03T10:04:10","slug":"missao","status":"publish","type":"page","link":"https:\/\/associacoes.beira.pt\/casapovobendada\/missao\/","title":{"rendered":"Miss\u00e3o"},"content":{"rendered":"\n<style type=\"text\/css\" data-created_by=\"avia_inline_auto\" id=\"style-css-av-av_one_full-79ff81c021393065cee878051452f6a6\">\n.flex_column.av-av_one_full-79ff81c021393065cee878051452f6a6{\n-webkit-border-radius:0px 0px 0px 0px;\n-moz-border-radius:0px 0px 0px 0px;\nborder-radius:0px 0px 0px 0px;\npadding:0px 0px 0px 0px;\n}\n<\/style>\n<div  class='flex_column av-av_one_full-79ff81c021393065cee878051452f6a6 av_one_full  avia-builder-el-0  avia-builder-el-no-sibling  first flex_column_div av-zero-column-padding  '     ><section  class='av_textblock_section av-kh1t1x3a-b71ca995028a3702b5cf48c0667bf9ae '   itemscope=\"itemscope\" itemtype=\"https:\/\/schema.org\/CreativeWork\" ><div class='avia_textblock'  itemprop=\"text\" ><p style=\"text-align: justify\">Temos como Miss\u00e3o ser uma Institui\u00e7\u00e3o de refer\u00eancia na presta\u00e7\u00e3o de cuidados \u00e0 popula\u00e7\u00e3o mais idosas.<\/p>\n<p style=\"text-align: justify\">Aliada \u00e0 nossa miss\u00e3o, est\u00e1 a nossa Vis\u00e3o de, juntamente com umas instala\u00e7\u00f5es de excel\u00eancia, ter uma equipa de profissionais, que na pr\u00e1tica dos seus deveres, aplicam os nossos Valores de cuidar com humanidade, respeito, carinho e Amor todos os nossos utentes e, todos os demais que de n\u00f3s precisam.<\/p>\n<\/div><\/section><\/div>\n","protected":false},"excerpt":{"rendered":"","protected":false},"author":16,"featured_media":0,"parent":0,"menu_order":0,"comment_status":"closed","ping_status":"closed","template":"","meta":{"_acf_changed":false,"footnotes":""},"class_list":["post-432","page","type-page","status-publish","hentry"],"acf":[],"_links":{"self":[{"href":"https:\/\/associacoes.beira.pt\/casapovobendada\/wp-json\/wp\/v2\/pages\/432","targetHints":{"allow":["GET"]}}],"collection":[{"href":"https:\/\/associacoes.beira.pt\/casapovobendada\/wp-json\/wp\/v2\/pages"}],"about":[{"href":"https:\/\/associacoes.beira.pt\/casapovobendada\/wp-json\/wp\/v2\/types\/page"}],"author":[{"embeddable":true,"href":"https:\/\/associacoes.beira.pt\/casapovobendada\/wp-json\/wp\/v2\/users\/16"}],"replies":[{"embeddable":true,"href":"https:\/\/associacoes.beira.pt\/casapovobendada\/wp-json\/wp\/v2\/comments?post=432"}],"version-history":[{"count":0,"href":"https:\/\/associacoes.beira.pt\/casapovobendada\/wp-json\/wp\/v2\/pages\/432\/revisions"}],"wp:attachment":[{"href":"https:\/\/associacoes.beira.pt\/casapovobendada\/wp-json\/wp\/v2\/media?parent=432"}],"curies":[{"name":"wp","href":"https:\/\/api.w.org\/{rel}","templated":true}]}}