{"id":439,"date":"2020-11-03T10:41:44","date_gmt":"2020-11-03T10:41:44","guid":{"rendered":"https:\/\/associacoes.beira.pt\/casapovobendada\/?page_id=439"},"modified":"2020-11-03T10:41:44","modified_gmt":"2020-11-03T10:41:44","slug":"acoes-desenvolvidas","status":"publish","type":"page","link":"https:\/\/associacoes.beira.pt\/casapovobendada\/acoes-desenvolvidas\/","title":{"rendered":"A\u00e7\u00f5es Desenvolvidas"},"content":{"rendered":"\n<style type=\"text\/css\" data-created_by=\"avia_inline_auto\" id=\"style-css-av-av_one_full-79ff81c021393065cee878051452f6a6\">\n.flex_column.av-av_one_full-79ff81c021393065cee878051452f6a6{\n-webkit-border-radius:0px 0px 0px 0px;\n-moz-border-radius:0px 0px 0px 0px;\nborder-radius:0px 0px 0px 0px;\npadding:0px 0px 0px 0px;\n}\n<\/style>\n<div  class='flex_column av-av_one_full-79ff81c021393065cee878051452f6a6 av_one_full  avia-builder-el-0  avia-builder-el-no-sibling  first flex_column_div av-zero-column-padding  '     ><section  class='av_textblock_section av-kh1ue7fh-668f0f75e6a6c81ad0a7962f044fdd8e '   itemscope=\"itemscope\" itemtype=\"https:\/\/schema.org\/CreativeWork\" ><div class='avia_textblock'  itemprop=\"text\" ><p>Apoio \u00e0s pessoas Idosas (Resid\u00eancia permanente; resid\u00eancia diurna)<\/p>\n<p>Apoio \u00e0 fam\u00edlia (Servi\u00e7o de distribui\u00e7\u00e3o alimentar; Higieniza\u00e7\u00e3o habitacional; tratamentos de roupas; cuidados de higiene pessoal; entre outros)<\/p>\n<p>Preven\u00e7\u00e3o e prote\u00e7\u00e3o da sa\u00fade (enfermagem e fisioterapia)<\/p>\n<p>Apoio escolar (refei\u00e7\u00f5es)<\/p>\n<\/div><\/section><\/div>\n","protected":false},"excerpt":{"rendered":"","protected":false},"author":16,"featured_media":0,"parent":0,"menu_order":0,"comment_status":"closed","ping_status":"closed","template":"","meta":{"_acf_changed":false,"footnotes":""},"class_list":["post-439","page","type-page","status-publish","hentry"],"acf":[],"_links":{"self":[{"href":"https:\/\/associacoes.beira.pt\/casapovobendada\/wp-json\/wp\/v2\/pages\/439","targetHints":{"allow":["GET"]}}],"collection":[{"href":"https:\/\/associacoes.beira.pt\/casapovobendada\/wp-json\/wp\/v2\/pages"}],"about":[{"href":"https:\/\/associacoes.beira.pt\/casapovobendada\/wp-json\/wp\/v2\/types\/page"}],"author":[{"embeddable":true,"href":"https:\/\/associacoes.beira.pt\/casapovobendada\/wp-json\/wp\/v2\/users\/16"}],"replies":[{"embeddable":true,"href":"https:\/\/associacoes.beira.pt\/casapovobendada\/wp-json\/wp\/v2\/comments?post=439"}],"version-history":[{"count":0,"href":"https:\/\/associacoes.beira.pt\/casapovobendada\/wp-json\/wp\/v2\/pages\/439\/revisions"}],"wp:attachment":[{"href":"https:\/\/associacoes.beira.pt\/casapovobendada\/wp-json\/wp\/v2\/media?parent=439"}],"curies":[{"name":"wp","href":"https:\/\/api.w.org\/{rel}","templated":true}]}}