{"id":493,"date":"2020-11-05T17:01:05","date_gmt":"2020-11-05T17:01:05","guid":{"rendered":"https:\/\/associacoes.beira.pt\/casapovobendada\/?page_id=493"},"modified":"2020-11-05T17:01:05","modified_gmt":"2020-11-05T17:01:05","slug":"centro-de-dia","status":"publish","type":"page","link":"https:\/\/associacoes.beira.pt\/casapovobendada\/centro-de-dia\/","title":{"rendered":"Centro de Dia"},"content":{"rendered":"\n<style type=\"text\/css\" data-created_by=\"avia_inline_auto\" id=\"style-css-av-av_one_full-79ff81c021393065cee878051452f6a6\">\n.flex_column.av-av_one_full-79ff81c021393065cee878051452f6a6{\n-webkit-border-radius:0px 0px 0px 0px;\n-moz-border-radius:0px 0px 0px 0px;\nborder-radius:0px 0px 0px 0px;\npadding:0px 0px 0px 0px;\n}\n<\/style>\n<div  class='flex_column av-av_one_full-79ff81c021393065cee878051452f6a6 av_one_full  avia-builder-el-0  avia-builder-el-no-sibling  first flex_column_div av-zero-column-padding  '     ><section  class='av_textblock_section av-kh52sbsp-ba2863a83fbc37e4cef677d09d8071bd '   itemscope=\"itemscope\" itemtype=\"https:\/\/schema.org\/CreativeWork\" ><div class='avia_textblock'  itemprop=\"text\" ><p style=\"text-align: justify\">O Centro de Dia \u00e9 uma resposta social, que contribuiu para a valoriza\u00e7\u00e3o pessoal, partilha de conhecimentos e experi\u00eancias pessoais, proporcionando ainda durante o dia a resolu\u00e7\u00e3o de necessidades b\u00e1sicas pessoais, terap\u00eauticas e s\u00f3cio &#8211; culturais \u00e0s pessoas afetadas por diferentes graus de depend\u00eancia, contribuindo para a manuten\u00e7\u00e3o da pessoa no seu meio familiar.<\/p>\n<\/div><\/section><br \/>\n\n<style type=\"text\/css\" data-created_by=\"avia_inline_auto\" id=\"style-css-av-kh52t8c3-6b662dfb0ed5ae7109a6131a82a675b4\">\n#top .avia-gallery.av-kh52t8c3-6b662dfb0ed5ae7109a6131a82a675b4 .avia-gallery-thumb a{\nwidth:20%;\n}\n<\/style>\n<div  class='avia-gallery av-kh52t8c3-6b662dfb0ed5ae7109a6131a82a675b4 avia_animate_when_visible  avia-builder-el-2  el_after_av_textblock  avia-builder-el-last  avia_lazyload av-slideshow-ui av-loop-manual-endless av-control-hidden av-navigate-arrows av-navigate-dots hover-effect av-control-hidden avia-gallery-animate avia-gallery-1'  itemprop=\"image\" itemscope=\"itemscope\" itemtype=\"https:\/\/schema.org\/ImageObject\" ><meta itemprop=\"contentURL\" content=\"https:\/\/associacoes.beira.pt\/casapovobendada\/centro-de-dia\/\"><a class='avia-gallery-big fakeLightbox lightbox avia-gallery-big-crop-thumb ' href=\"https:\/\/associacoes.beira.pt\/casapovobendada\/wp-content\/uploads\/sites\/25\/2020\/11\/img1.jpg\" data-srcset=\"https:\/\/associacoes.beira.pt\/casapovobendada\/wp-content\/uploads\/sites\/25\/2020\/11\/img1.jpg 400w, https:\/\/associacoes.beira.pt\/casapovobendada\/wp-content\/uploads\/sites\/25\/2020\/11\/img1-253x300.jpg 253w\" data-sizes=\"(max-width: 400px) 100vw, 400px\"  data-onclick='1' title='img1' ><span class='avia-gallery-big-inner'  itemprop=\"thumbnailUrl\" ><img decoding=\"async\" class=\"wp-image-494 avia-img-lazy-loading-not-494\"  width=\"495\" height=\"400\" src=\"https:\/\/associacoes.beira.pt\/casapovobendada\/wp-content\/uploads\/sites\/25\/2020\/11\/img1-495x400.jpg\" title='img1' alt='' srcset=\"https:\/\/associacoes.beira.pt\/casapovobendada\/wp-content\/uploads\/sites\/25\/2020\/11\/img1-495x400.jpg 495w, https:\/\/associacoes.beira.pt\/casapovobendada\/wp-content\/uploads\/sites\/25\/2020\/11\/img1-845x684.jpg 845w\" sizes=\"(max-width: 495px) 100vw, 495px\" \/><\/span><\/a><div class='avia-gallery-thumb'><a href=\"https:\/\/associacoes.beira.pt\/casapovobendada\/wp-content\/uploads\/sites\/25\/2020\/11\/img1.jpg\" data-srcset=\"https:\/\/associacoes.beira.pt\/casapovobendada\/wp-content\/uploads\/sites\/25\/2020\/11\/img1.jpg 400w, https:\/\/associacoes.beira.pt\/casapovobendada\/wp-content\/uploads\/sites\/25\/2020\/11\/img1-253x300.jpg 253w\" data-sizes=\"(max-width: 400px) 100vw, 400px\" data-rel='gallery-1' data-prev-img='https:\/\/associacoes.beira.pt\/casapovobendada\/wp-content\/uploads\/sites\/25\/2020\/11\/img1-495x400.jpg' class='first_thumb lightbox ' data-onclick='1' title='img1'  itemprop=\"thumbnailUrl\"  ><img decoding=\"async\" class=\"wp-image-494 avia-img-lazy-loading-not-494\"   src=\"https:\/\/associacoes.beira.pt\/casapovobendada\/wp-content\/uploads\/sites\/25\/2020\/11\/img1-495x400.jpg\" width=\"495\" height=\"400\"  title='img1' alt='' srcset=\"https:\/\/associacoes.beira.pt\/casapovobendada\/wp-content\/uploads\/sites\/25\/2020\/11\/img1-495x400.jpg 495w, https:\/\/associacoes.beira.pt\/casapovobendada\/wp-content\/uploads\/sites\/25\/2020\/11\/img1-845x684.jpg 845w\" sizes=\"(max-width: 495px) 100vw, 495px\" \/><div class='big-prev-fake'><img loading=\"lazy\" decoding=\"async\" class=\"wp-image-494 avia-img-lazy-loading-494\"  width=\"495\" height=\"400\" src=\"https:\/\/associacoes.beira.pt\/casapovobendada\/wp-content\/uploads\/sites\/25\/2020\/11\/img1-495x400.jpg\" title='img1' alt='' srcset=\"https:\/\/associacoes.beira.pt\/casapovobendada\/wp-content\/uploads\/sites\/25\/2020\/11\/img1-495x400.jpg 495w, https:\/\/associacoes.beira.pt\/casapovobendada\/wp-content\/uploads\/sites\/25\/2020\/11\/img1-845x684.jpg 845w\" sizes=\"auto, (max-width: 495px) 100vw, 495px\" \/><\/div><\/a><a href=\"https:\/\/associacoes.beira.pt\/casapovobendada\/wp-content\/uploads\/sites\/25\/2020\/11\/img2.jpg\" data-srcset=\"https:\/\/associacoes.beira.pt\/casapovobendada\/wp-content\/uploads\/sites\/25\/2020\/11\/img2.jpg 400w, https:\/\/associacoes.beira.pt\/casapovobendada\/wp-content\/uploads\/sites\/25\/2020\/11\/img2-253x300.jpg 253w\" data-sizes=\"(max-width: 400px) 100vw, 400px\" data-rel='gallery-1' data-prev-img='https:\/\/associacoes.beira.pt\/casapovobendada\/wp-content\/uploads\/sites\/25\/2020\/11\/img2-495x400.jpg' class='lightbox ' data-onclick='2' title='img2'  itemprop=\"thumbnailUrl\"  ><img decoding=\"async\" class=\"wp-image-495 avia-img-lazy-loading-not-495\"   src=\"https:\/\/associacoes.beira.pt\/casapovobendada\/wp-content\/uploads\/sites\/25\/2020\/11\/img2-495x400.jpg\" width=\"495\" height=\"400\"  title='img2' alt='' srcset=\"https:\/\/associacoes.beira.pt\/casapovobendada\/wp-content\/uploads\/sites\/25\/2020\/11\/img2-495x400.jpg 495w, https:\/\/associacoes.beira.pt\/casapovobendada\/wp-content\/uploads\/sites\/25\/2020\/11\/img2-845x684.jpg 845w\" sizes=\"(max-width: 495px) 100vw, 495px\" \/><div class='big-prev-fake'><img loading=\"lazy\" decoding=\"async\" class=\"wp-image-495 avia-img-lazy-loading-495\"  width=\"495\" height=\"400\" src=\"https:\/\/associacoes.beira.pt\/casapovobendada\/wp-content\/uploads\/sites\/25\/2020\/11\/img2-495x400.jpg\" title='img2' alt='' srcset=\"https:\/\/associacoes.beira.pt\/casapovobendada\/wp-content\/uploads\/sites\/25\/2020\/11\/img2-495x400.jpg 495w, https:\/\/associacoes.beira.pt\/casapovobendada\/wp-content\/uploads\/sites\/25\/2020\/11\/img2-845x684.jpg 845w\" sizes=\"auto, (max-width: 495px) 100vw, 495px\" \/><\/div><\/a><a href=\"https:\/\/associacoes.beira.pt\/casapovobendada\/wp-content\/uploads\/sites\/25\/2020\/11\/img5.jpg\" data-rel='gallery-1' data-prev-img='https:\/\/associacoes.beira.pt\/casapovobendada\/wp-content\/uploads\/sites\/25\/2020\/11\/img5-495x400.jpg' class='lightbox ' data-onclick='3' title='img5'  itemprop=\"thumbnailUrl\"  ><img decoding=\"async\" class=\"wp-image-496 avia-img-lazy-loading-not-496\"   src=\"https:\/\/associacoes.beira.pt\/casapovobendada\/wp-content\/uploads\/sites\/25\/2020\/11\/img5-495x400.jpg\" width=\"495\" height=\"400\"  title='img5' alt='' srcset=\"https:\/\/associacoes.beira.pt\/casapovobendada\/wp-content\/uploads\/sites\/25\/2020\/11\/img5-495x400.jpg 495w, https:\/\/associacoes.beira.pt\/casapovobendada\/wp-content\/uploads\/sites\/25\/2020\/11\/img5-845x684.jpg 845w\" sizes=\"(max-width: 495px) 100vw, 495px\" \/><div class='big-prev-fake'><img loading=\"lazy\" decoding=\"async\" class=\"wp-image-496 avia-img-lazy-loading-496\"  width=\"495\" height=\"400\" src=\"https:\/\/associacoes.beira.pt\/casapovobendada\/wp-content\/uploads\/sites\/25\/2020\/11\/img5-495x400.jpg\" title='img5' alt='' srcset=\"https:\/\/associacoes.beira.pt\/casapovobendada\/wp-content\/uploads\/sites\/25\/2020\/11\/img5-495x400.jpg 495w, https:\/\/associacoes.beira.pt\/casapovobendada\/wp-content\/uploads\/sites\/25\/2020\/11\/img5-845x684.jpg 845w\" sizes=\"auto, (max-width: 495px) 100vw, 495px\" \/><\/div><\/a><\/div><\/div><\/p><\/div>\n","protected":false},"excerpt":{"rendered":"","protected":false},"author":16,"featured_media":0,"parent":0,"menu_order":0,"comment_status":"closed","ping_status":"closed","template":"","meta":{"_acf_changed":false,"footnotes":""},"class_list":["post-493","page","type-page","status-publish","hentry"],"acf":[],"_links":{"self":[{"href":"https:\/\/associacoes.beira.pt\/casapovobendada\/wp-json\/wp\/v2\/pages\/493","targetHints":{"allow":["GET"]}}],"collection":[{"href":"https:\/\/associacoes.beira.pt\/casapovobendada\/wp-json\/wp\/v2\/pages"}],"about":[{"href":"https:\/\/associacoes.beira.pt\/casapovobendada\/wp-json\/wp\/v2\/types\/page"}],"author":[{"embeddable":true,"href":"https:\/\/associacoes.beira.pt\/casapovobendada\/wp-json\/wp\/v2\/users\/16"}],"replies":[{"embeddable":true,"href":"https:\/\/associacoes.beira.pt\/casapovobendada\/wp-json\/wp\/v2\/comments?post=493"}],"version-history":[{"count":0,"href":"https:\/\/associacoes.beira.pt\/casapovobendada\/wp-json\/wp\/v2\/pages\/493\/revisions"}],"wp:attachment":[{"href":"https:\/\/associacoes.beira.pt\/casapovobendada\/wp-json\/wp\/v2\/media?parent=493"}],"curies":[{"name":"wp","href":"https:\/\/api.w.org\/{rel}","templated":true}]}}