{"id":2,"date":"2015-04-20T10:03:11","date_gmt":"2015-04-20T10:03:11","guid":{"rendered":"http:\/\/associacoes.beira.pt\/amcdrsantaeufemia\/?page_id=2"},"modified":"2019-12-20T16:26:02","modified_gmt":"2019-12-20T16:26:02","slug":"pagina-principal","status":"publish","type":"page","link":"https:\/\/associacoes.beira.pt\/casm\/","title":{"rendered":"P\u00e1gina Principal"},"content":{"rendered":"<div id='layer_slider_1'  class='avia-layerslider main_color avia-shadow  avia-builder-el-0  el_before_av_section  avia-builder-el-first  container_wrap sidebar_right'  style='height: 511px;'  ><\/div>\n<div id='av_section_1'  class='avia-section av-bbtg-d0d190c9ada9710c84856c7af2f3e61f main_color avia-section-default avia-no-shadow  avia-builder-el-1  el_after_av_layerslider  el_before_av_one_half  avia-bg-style-scroll container_wrap sidebar_right'  ><div class='container av-section-cont-open' ><div class='template-page content  av-content-small alpha units'><div class='post-entry post-entry-type-page post-entry-2'><div class='entry-content-wrapper clearfix'>\n\n<style type=\"text\/css\" data-created_by=\"avia_inline_auto\" id=\"style-css-av-9dms-4e1d250eefbbfa81462c9726f5e5fc37\">\n#top .av_textblock_section.av-9dms-4e1d250eefbbfa81462c9726f5e5fc37 .avia_textblock{\ncolor:#961c81;\n}\n<\/style>\n<section  class='av_textblock_section av-9dms-4e1d250eefbbfa81462c9726f5e5fc37 '   itemscope=\"itemscope\" itemtype=\"https:\/\/schema.org\/CreativeWork\" ><div class='avia_textblock av_inherit_color'  itemprop=\"text\" ><h2><span style=\"color: #666666;\">Documentos Recentes<\/span><\/h2>\n<\/div><\/section>\n\n<\/div><\/div><\/div><!-- close content main div --><\/div><\/div><div id='after_section_1'  class='main_color av_default_container_wrap container_wrap sidebar_right'  ><div class='container av-section-cont-open' ><div class='template-page content  av-content-small alpha units'><div class='post-entry post-entry-type-page post-entry-2'><div class='entry-content-wrapper clearfix'>\n\n<style type=\"text\/css\" data-created_by=\"avia_inline_auto\" id=\"style-css-av-1tili-205483c9894953710c41eb32a9a712c2\">\n.flex_column.av-1tili-205483c9894953710c41eb32a9a712c2{\n-webkit-border-radius:0px 0px 0px 0px;\n-moz-border-radius:0px 0px 0px 0px;\nborder-radius:0px 0px 0px 0px;\npadding:0px 0px 0px 0px;\n}\n<\/style>\n<div  class='flex_column av-1tili-205483c9894953710c41eb32a9a712c2 av_one_half  avia-builder-el-4  el_after_av_section  el_before_av_one_half  avia-builder-el-first  first flex_column_div av-zero-column-padding  '     ><p><section  class='av_textblock_section av-1r9qo-45fb9532ef51835fd3ef9cba882f9d2e '   itemscope=\"itemscope\" itemtype=\"https:\/\/schema.org\/CreativeWork\" ><div class='avia_textblock'  itemprop=\"text\" ><p><em>O Centro de Apoio Social de Ma\u00e7ainhas (CASM) \u00e9 uma Institui\u00e7\u00e3o Particular de Solidariedade Social (IPSS) que iniciou a atividade na d\u00e9cada de noventa, com as respostas sociais de Servi\u00e7o de Apoio Domicili\u00e1rio e Centro de Dia, na freguesia de Ma\u00e7ainhas, concelho de Belmonte.<\/em><\/p>\n<p style=\"text-align: right;\"><a href=\"http:\/\/associacoes.beira.pt\/casm\/quem-somos\/\" target=\"_blank\" rel=\"noopener noreferrer\">Ler mais &gt;&gt;<\/a><\/p>\n<\/div><\/section><br \/>\n\n<style type=\"text\/css\" data-created_by=\"avia_inline_auto\" id=\"style-css-av-1onm2-9efbb365eeb6519eedc3c975e2635a67\">\n.avia-image-container.av-1onm2-9efbb365eeb6519eedc3c975e2635a67 img.avia_image{\nbox-shadow:none;\n}\n.avia-image-container.av-1onm2-9efbb365eeb6519eedc3c975e2635a67 .av-image-caption-overlay-center{\ncolor:#ffffff;\n}\n<\/style>\n<div  class='avia-image-container av-1onm2-9efbb365eeb6519eedc3c975e2635a67 av-styling- avia-align-center  avia-builder-el-6  el_after_av_textblock  avia-builder-el-last '   itemprop=\"image\" itemscope=\"itemscope\" itemtype=\"https:\/\/schema.org\/ImageObject\" ><div class=\"avia-image-container-inner\"><div class=\"avia-image-overlay-wrap\"><img decoding=\"async\" class='wp-image-565 avia-img-lazy-loading-not-565 avia_image ' src=\"https:\/\/associacoes.beira.pt\/casm\/wp-content\/uploads\/sites\/9\/2015\/04\/hands-981400_1920-1030x687.jpg\" alt='' title='hands-981400_1920'  height=\"687\" width=\"1030\"  itemprop=\"thumbnailUrl\" srcset=\"https:\/\/associacoes.beira.pt\/casm\/wp-content\/uploads\/sites\/9\/2015\/04\/hands-981400_1920-1030x687.jpg 1030w, https:\/\/associacoes.beira.pt\/casm\/wp-content\/uploads\/sites\/9\/2015\/04\/hands-981400_1920-300x200.jpg 300w, https:\/\/associacoes.beira.pt\/casm\/wp-content\/uploads\/sites\/9\/2015\/04\/hands-981400_1920-768x512.jpg 768w, https:\/\/associacoes.beira.pt\/casm\/wp-content\/uploads\/sites\/9\/2015\/04\/hands-981400_1920-1500x1000.jpg 1500w, https:\/\/associacoes.beira.pt\/casm\/wp-content\/uploads\/sites\/9\/2015\/04\/hands-981400_1920-705x470.jpg 705w, https:\/\/associacoes.beira.pt\/casm\/wp-content\/uploads\/sites\/9\/2015\/04\/hands-981400_1920-450x300.jpg 450w, https:\/\/associacoes.beira.pt\/casm\/wp-content\/uploads\/sites\/9\/2015\/04\/hands-981400_1920.jpg 1920w\" sizes=\"(max-width: 1030px) 100vw, 1030px\" \/><\/div><\/div><\/div><\/p><\/div>\n\n<style type=\"text\/css\" data-created_by=\"avia_inline_auto\" id=\"style-css-av-5tlm-ffe64dd1e6a80b9c3deb530c9ef170a4\">\n.flex_column.av-5tlm-ffe64dd1e6a80b9c3deb530c9ef170a4{\n-webkit-border-radius:0px 0px 0px 0px;\n-moz-border-radius:0px 0px 0px 0px;\nborder-radius:0px 0px 0px 0px;\npadding:0px 0px 0px 0px;\n}\n<\/style>\n<div  class='flex_column av-5tlm-ffe64dd1e6a80b9c3deb530c9ef170a4 av_one_half  avia-builder-el-7  el_after_av_one_half  el_before_av_section  avia-builder-el-last  flex_column_div av-zero-column-padding  '     ><style type=\"text\/css\" data-created_by=\"avia_inline_auto\" id=\"style-css-av-1l6ww-bf80c1c2fa286d4acda23ad50e15006b\">\n.avia-image-container.av-1l6ww-bf80c1c2fa286d4acda23ad50e15006b img.avia_image{\nbox-shadow:none;\n}\n.avia-image-container.av-1l6ww-bf80c1c2fa286d4acda23ad50e15006b .av-image-caption-overlay-center{\ncolor:#ffffff;\n}\n<\/style>\n<div  class='avia-image-container av-1l6ww-bf80c1c2fa286d4acda23ad50e15006b av-styling- avia-align-center  avia-builder-el-8  avia-builder-el-no-sibling '   itemprop=\"image\" itemscope=\"itemscope\" itemtype=\"https:\/\/schema.org\/ImageObject\" ><div class=\"avia-image-container-inner\"><div class=\"avia-image-overlay-wrap\"><img decoding=\"async\" class='wp-image-563 avia-img-lazy-loading-not-563 avia_image ' src=\"https:\/\/associacoes.beira.pt\/casm\/wp-content\/uploads\/sites\/9\/2015\/04\/IRS-solidario-2017-panfleto.jpg\" alt='' title='IRS solidario 2017 - panfleto'  height=\"1480\" width=\"1377\"  itemprop=\"thumbnailUrl\" srcset=\"https:\/\/associacoes.beira.pt\/casm\/wp-content\/uploads\/sites\/9\/2015\/04\/IRS-solidario-2017-panfleto.jpg 1377w, https:\/\/associacoes.beira.pt\/casm\/wp-content\/uploads\/sites\/9\/2015\/04\/IRS-solidario-2017-panfleto-279x300.jpg 279w, https:\/\/associacoes.beira.pt\/casm\/wp-content\/uploads\/sites\/9\/2015\/04\/IRS-solidario-2017-panfleto-768x825.jpg 768w, https:\/\/associacoes.beira.pt\/casm\/wp-content\/uploads\/sites\/9\/2015\/04\/IRS-solidario-2017-panfleto-958x1030.jpg 958w, https:\/\/associacoes.beira.pt\/casm\/wp-content\/uploads\/sites\/9\/2015\/04\/IRS-solidario-2017-panfleto-656x705.jpg 656w, https:\/\/associacoes.beira.pt\/casm\/wp-content\/uploads\/sites\/9\/2015\/04\/IRS-solidario-2017-panfleto-450x484.jpg 450w\" sizes=\"(max-width: 1377px) 100vw, 1377px\" \/><\/div><\/div><\/div><\/div>\n<\/div><\/div><\/div><!-- close content main div --><\/div><\/div><div id='av_section_2'  class='avia-section av-1hxdi-ad2150408d28be0e16e632a7b7f9c8e0 main_color avia-section-default avia-no-shadow  avia-builder-el-9  el_after_av_one_half  el_before_av_section  avia-bg-style-scroll container_wrap sidebar_right'  ><div class='container av-section-cont-open' ><div class='template-page content  av-content-small alpha units'><div class='post-entry post-entry-type-page post-entry-2'><div class='entry-content-wrapper clearfix'>\n\n<style type=\"text\/css\" data-created_by=\"avia_inline_auto\" id=\"style-css-av-1fvi2-73b32fc71421fd13381a40d28b3a5bb6\">\n#top .av_textblock_section.av-1fvi2-73b32fc71421fd13381a40d28b3a5bb6 .avia_textblock{\ncolor:#961c81;\n}\n<\/style>\n<section  class='av_textblock_section av-1fvi2-73b32fc71421fd13381a40d28b3a5bb6 '   itemscope=\"itemscope\" itemtype=\"https:\/\/schema.org\/CreativeWork\" ><div class='avia_textblock av_inherit_color'  itemprop=\"text\" ><h2><span style=\"color: #666666;\">Respostas Sociais<\/span><\/h2>\n<\/div><\/section>\n\n<style type=\"text\/css\" data-created_by=\"avia_inline_auto\" id=\"style-css-av-1fccc-e685c14bb302a73bc0b1ba6a51437dae\">\n.flex_column.av-1fccc-e685c14bb302a73bc0b1ba6a51437dae{\n-webkit-border-radius:0px 0px 0px 0px;\n-moz-border-radius:0px 0px 0px 0px;\nborder-radius:0px 0px 0px 0px;\npadding:0px 0px 0px 0px;\n}\n<\/style>\n<div  class='flex_column av-1fccc-e685c14bb302a73bc0b1ba6a51437dae av_one_third  avia-builder-el-11  el_after_av_textblock  el_before_av_one_third  first flex_column_div av-zero-column-padding  column-top-margin'     ><p><section  class='av_textblock_section av-1d1d4-455e44a1d5f86cce2e4e8e92ac3be81d '   itemscope=\"itemscope\" itemtype=\"https:\/\/schema.org\/CreativeWork\" ><div class='avia_textblock'  itemprop=\"text\" ><p><span style=\"color: #951d81;\">Resid\u00eancia Social N\u00aa S\u00aa da Concei\u00e7\u00e3o<\/span><\/p>\n<\/div><\/section><br \/>\n\n<style type=\"text\/css\" data-created_by=\"avia_inline_auto\" id=\"style-css-av-1aj2a-08a163f7c16dbcb5eb8487dcdbb25537\">\n.avia-image-container.av-1aj2a-08a163f7c16dbcb5eb8487dcdbb25537 img.avia_image{\nbox-shadow:none;\n}\n.avia-image-container.av-1aj2a-08a163f7c16dbcb5eb8487dcdbb25537 .av-image-caption-overlay-center{\ncolor:#ffffff;\n}\n<\/style>\n<div  class='avia-image-container av-1aj2a-08a163f7c16dbcb5eb8487dcdbb25537 av-styling- avia-align-center  avia-builder-el-13  el_after_av_textblock  avia-builder-el-last '   itemprop=\"image\" itemscope=\"itemscope\" itemtype=\"https:\/\/schema.org\/ImageObject\" ><div class=\"avia-image-container-inner\"><div class=\"avia-image-overlay-wrap\"><a href=\"https:\/\/associacoes.beira.pt\/casm\/residencia-social-na-sa-da-conceicao\/\" class='avia_image' ><img decoding=\"async\" class='wp-image-428 avia-img-lazy-loading-not-428 avia_image ' src=\"https:\/\/associacoes.beira.pt\/casm\/wp-content\/uploads\/sites\/9\/2016\/07\/foto-2-300x225.jpg\" alt='' title='foto 2'  height=\"225\" width=\"300\"  itemprop=\"thumbnailUrl\" srcset=\"https:\/\/associacoes.beira.pt\/casm\/wp-content\/uploads\/sites\/9\/2016\/07\/foto-2-300x225.jpg 300w, https:\/\/associacoes.beira.pt\/casm\/wp-content\/uploads\/sites\/9\/2016\/07\/foto-2-768x576.jpg 768w, https:\/\/associacoes.beira.pt\/casm\/wp-content\/uploads\/sites\/9\/2016\/07\/foto-2-1030x773.jpg 1030w, https:\/\/associacoes.beira.pt\/casm\/wp-content\/uploads\/sites\/9\/2016\/07\/foto-2-705x529.jpg 705w, https:\/\/associacoes.beira.pt\/casm\/wp-content\/uploads\/sites\/9\/2016\/07\/foto-2-450x338.jpg 450w, https:\/\/associacoes.beira.pt\/casm\/wp-content\/uploads\/sites\/9\/2016\/07\/foto-2.jpg 1100w\" sizes=\"(max-width: 300px) 100vw, 300px\" \/><\/a><\/div><\/div><\/div><\/p><\/div>\n<style type=\"text\/css\" data-created_by=\"avia_inline_auto\" id=\"style-css-av-185je-e370779d7a5b2ba48527805077afe2a0\">\n.flex_column.av-185je-e370779d7a5b2ba48527805077afe2a0{\n-webkit-border-radius:0px 0px 0px 0px;\n-moz-border-radius:0px 0px 0px 0px;\nborder-radius:0px 0px 0px 0px;\npadding:0px 0px 0px 0px;\n}\n<\/style>\n<div  class='flex_column av-185je-e370779d7a5b2ba48527805077afe2a0 av_one_third  avia-builder-el-14  el_after_av_one_third  el_before_av_one_third  flex_column_div av-zero-column-padding  column-top-margin'     ><p><section  class='av_textblock_section av-16coo-2b44b3dde519e7378ecd7da87eead845 '   itemscope=\"itemscope\" itemtype=\"https:\/\/schema.org\/CreativeWork\" ><div class='avia_textblock'  itemprop=\"text\" ><p><span style=\"color: #951d81;\">Centro de Dia<\/span><\/p>\n<\/div><\/section><br \/>\n\n<style type=\"text\/css\" data-created_by=\"avia_inline_auto\" id=\"style-css-av-14mhs-2906bee85651ed343ff76261fc1dc94e\">\n.avia-image-container.av-14mhs-2906bee85651ed343ff76261fc1dc94e img.avia_image{\nbox-shadow:none;\n}\n.avia-image-container.av-14mhs-2906bee85651ed343ff76261fc1dc94e .av-image-caption-overlay-center{\ncolor:#ffffff;\n}\n<\/style>\n<div  class='avia-image-container av-14mhs-2906bee85651ed343ff76261fc1dc94e av-styling- avia-align-center  avia-builder-el-16  el_after_av_textblock  avia-builder-el-last '   itemprop=\"image\" itemscope=\"itemscope\" itemtype=\"https:\/\/schema.org\/ImageObject\" ><div class=\"avia-image-container-inner\"><div class=\"avia-image-overlay-wrap\"><a href=\"https:\/\/associacoes.beira.pt\/casm\/centro-de-dia\/\" class='avia_image' ><img decoding=\"async\" class='wp-image-380 avia-img-lazy-loading-not-380 avia_image ' src=\"https:\/\/associacoes.beira.pt\/casm\/wp-content\/uploads\/sites\/9\/2016\/07\/13-300x225.jpg\" alt='' title='13'  height=\"225\" width=\"300\"  itemprop=\"thumbnailUrl\" srcset=\"https:\/\/associacoes.beira.pt\/casm\/wp-content\/uploads\/sites\/9\/2016\/07\/13-300x225.jpg 300w, https:\/\/associacoes.beira.pt\/casm\/wp-content\/uploads\/sites\/9\/2016\/07\/13-768x576.jpg 768w, https:\/\/associacoes.beira.pt\/casm\/wp-content\/uploads\/sites\/9\/2016\/07\/13-1030x773.jpg 1030w, https:\/\/associacoes.beira.pt\/casm\/wp-content\/uploads\/sites\/9\/2016\/07\/13-1500x1125.jpg 1500w, https:\/\/associacoes.beira.pt\/casm\/wp-content\/uploads\/sites\/9\/2016\/07\/13-705x529.jpg 705w, https:\/\/associacoes.beira.pt\/casm\/wp-content\/uploads\/sites\/9\/2016\/07\/13-450x338.jpg 450w\" sizes=\"(max-width: 300px) 100vw, 300px\" \/><\/a><\/div><\/div><\/div><\/p><\/div>\n<style type=\"text\/css\" data-created_by=\"avia_inline_auto\" id=\"style-css-av-11bn6-26ba438cb22c029ee3f3162581695504\">\n.flex_column.av-11bn6-26ba438cb22c029ee3f3162581695504{\n-webkit-border-radius:0px 0px 0px 0px;\n-moz-border-radius:0px 0px 0px 0px;\nborder-radius:0px 0px 0px 0px;\npadding:0px 0px 0px 0px;\n}\n<\/style>\n<div  class='flex_column av-11bn6-26ba438cb22c029ee3f3162581695504 av_one_third  avia-builder-el-17  el_after_av_one_third  avia-builder-el-last  flex_column_div av-zero-column-padding  column-top-margin'     ><p><section  class='av_textblock_section av-3ihy-16a36374fb2a81b3914c33a6abdf3333 '   itemscope=\"itemscope\" itemtype=\"https:\/\/schema.org\/CreativeWork\" ><div class='avia_textblock'  itemprop=\"text\" ><p><span style=\"color: #951d81;\">Servi\u00e7o de Apoio Domicili\u00e1rio<\/span><\/p>\n<\/div><\/section><br \/>\n\n<style type=\"text\/css\" data-created_by=\"avia_inline_auto\" id=\"style-css-av-y9l8-b36acaf665ee661482d3c9a212323990\">\n.avia-image-container.av-y9l8-b36acaf665ee661482d3c9a212323990 img.avia_image{\nbox-shadow:none;\n}\n.avia-image-container.av-y9l8-b36acaf665ee661482d3c9a212323990 .av-image-caption-overlay-center{\ncolor:#ffffff;\n}\n<\/style>\n<div  class='avia-image-container av-y9l8-b36acaf665ee661482d3c9a212323990 av-styling- avia-align-center  avia-builder-el-19  el_after_av_textblock  avia-builder-el-last '   itemprop=\"image\" itemscope=\"itemscope\" itemtype=\"https:\/\/schema.org\/ImageObject\" ><div class=\"avia-image-container-inner\"><div class=\"avia-image-overlay-wrap\"><a href=\"https:\/\/associacoes.beira.pt\/casm\/servico-de-apoio-domiciliario\/\" class='avia_image' ><img decoding=\"async\" class='wp-image-384 avia-img-lazy-loading-not-384 avia_image ' src=\"https:\/\/associacoes.beira.pt\/casm\/wp-content\/uploads\/sites\/9\/2016\/07\/15-300x225.jpg\" alt='' title='15'  height=\"225\" width=\"300\"  itemprop=\"thumbnailUrl\" srcset=\"https:\/\/associacoes.beira.pt\/casm\/wp-content\/uploads\/sites\/9\/2016\/07\/15-300x225.jpg 300w, https:\/\/associacoes.beira.pt\/casm\/wp-content\/uploads\/sites\/9\/2016\/07\/15-768x576.jpg 768w, https:\/\/associacoes.beira.pt\/casm\/wp-content\/uploads\/sites\/9\/2016\/07\/15-1030x773.jpg 1030w, https:\/\/associacoes.beira.pt\/casm\/wp-content\/uploads\/sites\/9\/2016\/07\/15-1500x1125.jpg 1500w, https:\/\/associacoes.beira.pt\/casm\/wp-content\/uploads\/sites\/9\/2016\/07\/15-705x529.jpg 705w, https:\/\/associacoes.beira.pt\/casm\/wp-content\/uploads\/sites\/9\/2016\/07\/15-450x338.jpg 450w\" sizes=\"(max-width: 300px) 100vw, 300px\" \/><\/a><\/div><\/div><\/div><\/p><\/div>\n\n<\/div><\/div><\/div><!-- close content main div --><\/div><\/div>\n<style type=\"text\/css\" data-created_by=\"avia_inline_auto\" id=\"style-css-av-uc2i-5b12e9ad5ea88b419a7e65e2f4b8b5cd\">\n.avia-section.av-uc2i-5b12e9ad5ea88b419a7e65e2f4b8b5cd{\nbackground-color:#2f50a1;\nbackground-image:unset;\n}\n<\/style>\n<div id='av_section_3'  class='avia-section av-uc2i-5b12e9ad5ea88b419a7e65e2f4b8b5cd main_color avia-section-large avia-shadow  avia-builder-el-20  el_after_av_section  el_before_av_section  avia-bg-style-scroll container_wrap sidebar_right'  ><div class='container av-section-cont-open' ><div class='template-page content  av-content-small alpha units'><div class='post-entry post-entry-type-page post-entry-2'><div class='entry-content-wrapper clearfix'>\n<div class='flex_column_table av-tozo-9e1aac36c6c376ed6d7fcc98659b6a09 sc-av_one_fourth av-equal-height-column-flextable'>\n<style type=\"text\/css\" data-created_by=\"avia_inline_auto\" id=\"style-css-av-tozo-9e1aac36c6c376ed6d7fcc98659b6a09\">\n.flex_column.av-tozo-9e1aac36c6c376ed6d7fcc98659b6a09{\n-webkit-border-radius:0px 0px 0px 0px;\n-moz-border-radius:0px 0px 0px 0px;\nborder-radius:0px 0px 0px 0px;\npadding:0px 0px 0px 0px;\n}\n<\/style>\n<div  class='flex_column av-tozo-9e1aac36c6c376ed6d7fcc98659b6a09 av_one_fourth  avia-builder-el-21  el_before_av_one_fourth  avia-builder-el-first  first flex_column_table_cell av-equal-height-column av-align-middle av-zero-column-padding  '     ><style type=\"text\/css\" data-created_by=\"avia_inline_auto\" id=\"style-css-av-r4xs-b62ee306162a32259c2830d2eacf659d\">\n.av_font_icon.av-r4xs-b62ee306162a32259c2830d2eacf659d{\ncolor:#ffffff;\nborder-color:#ffffff;\n}\n.av_font_icon.av-r4xs-b62ee306162a32259c2830d2eacf659d .av-icon-char{\nfont-size:40px;\nline-height:40px;\nwidth:40px;\n}\n<\/style>\n<span  class='av_font_icon av-r4xs-b62ee306162a32259c2830d2eacf659d avia_animate_when_visible av-icon-style-border avia-icon-pos-center avia-icon-animate'><a href='https:\/\/associacoes.beira.pt\/casm\/quem-somos\/'  class='av-icon-char' aria-hidden='true' data-av_icon='\ue840' data-av_iconfont='entypo-fontello' ><\/a><span class='av_icon_caption av-special-font'>Quem Somos<\/span><\/span><\/div><div class='av-flex-placeholder'><\/div>\n<style type=\"text\/css\" data-created_by=\"avia_inline_auto\" id=\"style-css-av-pf34-eedb01b6c3570a3b1a851d609fcaf4d2\">\n.flex_column.av-pf34-eedb01b6c3570a3b1a851d609fcaf4d2{\n-webkit-border-radius:0px 0px 0px 0px;\n-moz-border-radius:0px 0px 0px 0px;\nborder-radius:0px 0px 0px 0px;\npadding:0px 0px 0px 0px;\n}\n<\/style>\n<div  class='flex_column av-pf34-eedb01b6c3570a3b1a851d609fcaf4d2 av_one_fourth  avia-builder-el-23  el_after_av_one_fourth  el_before_av_one_fourth  flex_column_table_cell av-equal-height-column av-align-middle av-zero-column-padding  '     ><style type=\"text\/css\" data-created_by=\"avia_inline_auto\" id=\"style-css-av-289s-a89d596371e6f1e3dba7b8e5f21f8f5f\">\n.av_font_icon.av-289s-a89d596371e6f1e3dba7b8e5f21f8f5f{\ncolor:#ffffff;\nborder-color:#ffffff;\n}\n.av_font_icon.av-289s-a89d596371e6f1e3dba7b8e5f21f8f5f .av-icon-char{\nfont-size:40px;\nline-height:40px;\nwidth:40px;\n}\n<\/style>\n<span  class='av_font_icon av-289s-a89d596371e6f1e3dba7b8e5f21f8f5f avia_animate_when_visible av-icon-style-border avia-icon-pos-center avia-icon-animate'><a href='https:\/\/associacoes.beira.pt\/casm\/contactos\/'  class='av-icon-char' aria-hidden='true' data-av_icon='\ue854' data-av_iconfont='entypo-fontello' ><\/a><span class='av_icon_caption av-special-font'>Contactos<\/span><\/span><\/div><div class='av-flex-placeholder'><\/div>\n<style type=\"text\/css\" data-created_by=\"avia_inline_auto\" id=\"style-css-av-21bs-56aa3032c7704534400d9315e19eeb0a\">\n.flex_column.av-21bs-56aa3032c7704534400d9315e19eeb0a{\n-webkit-border-radius:0px 0px 0px 0px;\n-moz-border-radius:0px 0px 0px 0px;\nborder-radius:0px 0px 0px 0px;\npadding:0px 0px 0px 0px;\n}\n<\/style>\n<div  class='flex_column av-21bs-56aa3032c7704534400d9315e19eeb0a av_one_fourth  avia-builder-el-25  el_after_av_one_fourth  el_before_av_one_fourth  flex_column_table_cell av-equal-height-column av-align-middle av-zero-column-padding  '     ><style type=\"text\/css\" data-created_by=\"avia_inline_auto\" id=\"style-css-av-iucw-7eeae3ec69950d51904eac24b712d129\">\n.av_font_icon.av-iucw-7eeae3ec69950d51904eac24b712d129{\ncolor:#ffffff;\nborder-color:#ffffff;\n}\n.av_font_icon.av-iucw-7eeae3ec69950d51904eac24b712d129 .av-icon-char{\nfont-size:40px;\nline-height:40px;\nwidth:40px;\n}\n<\/style>\n<span  class='av_font_icon av-iucw-7eeae3ec69950d51904eac24b712d129 avia_animate_when_visible av-icon-style-border avia-icon-pos-center avia-icon-animate'><a href='http:\/\/associacoes.beira.pt\/casm\/wp-content\/uploads\/sites\/9\/2017\/03\/Lista-Nominativa-Corpos-Gerentes-2017-2020.pdf'  target=\"_blank\"  rel=\"noopener noreferrer\" class='av-icon-char' aria-hidden='true' data-av_icon='\ue80b' data-av_iconfont='entypo-fontello' ><\/a><span class='av_icon_caption av-special-font'>Org\u00e3os Sociais<\/span><\/span><\/div><div class='av-flex-placeholder'><\/div>\n<style type=\"text\/css\" data-created_by=\"avia_inline_auto\" id=\"style-css-av-gmeu-a656ffc6701707d9e5b388a0b92a9687\">\n.flex_column.av-gmeu-a656ffc6701707d9e5b388a0b92a9687{\n-webkit-border-radius:0px 0px 0px 0px;\n-moz-border-radius:0px 0px 0px 0px;\nborder-radius:0px 0px 0px 0px;\npadding:0px 0px 0px 0px;\n}\n<\/style>\n<div  class='flex_column av-gmeu-a656ffc6701707d9e5b388a0b92a9687 av_one_fourth  avia-builder-el-27  el_after_av_one_fourth  avia-builder-el-last  flex_column_table_cell av-equal-height-column av-align-middle av-zero-column-padding  '     ><style type=\"text\/css\" data-created_by=\"avia_inline_auto\" id=\"style-css-av-emmo-16faf9051397ff4944692c8d07d1a325\">\n.av_font_icon.av-emmo-16faf9051397ff4944692c8d07d1a325{\ncolor:#ffffff;\nborder-color:#ffffff;\n}\n.av_font_icon.av-emmo-16faf9051397ff4944692c8d07d1a325 .av-icon-char{\nfont-size:40px;\nline-height:40px;\nwidth:40px;\n}\n<\/style>\n<span  class='av_font_icon av-emmo-16faf9051397ff4944692c8d07d1a325 avia_animate_when_visible av-icon-style-border avia-icon-pos-center avia-icon-animate'><a href='http:\/\/associacoes.beira.pt\/casm\/wp-content\/uploads\/sites\/9\/2016\/07\/CASM-Estatutos-2015.pdf'  target=\"_blank\"  rel=\"noopener noreferrer\" class='av-icon-char' aria-hidden='true' data-av_icon='\ue84c' data-av_iconfont='entypo-fontello' ><\/a><span class='av_icon_caption av-special-font'>Estatutos<\/span><\/span><\/div><\/div><!--close column table wrapper. Autoclose: 1 -->\n\n<\/div><\/div><\/div><!-- close content main div --><\/div><\/div>\n<style type=\"text\/css\" data-created_by=\"avia_inline_auto\" id=\"style-css-av-5ea8-15f6ade17e3aead7dc3a1e2ff26b9649\">\n.avia-section.av-5ea8-15f6ade17e3aead7dc3a1e2ff26b9649{\nbackground-color:#ffffff;\nbackground-image:unset;\n}\n<\/style>\n<div id='av_section_4'  class='avia-section av-5ea8-15f6ade17e3aead7dc3a1e2ff26b9649 main_color avia-section-default avia-no-shadow  avia-builder-el-29  el_after_av_section  avia-builder-el-last  avia-bg-style-scroll container_wrap sidebar_right'  ><div class='container av-section-cont-open' ><div class='template-page content  av-content-small alpha units'><div class='post-entry post-entry-type-page post-entry-2'><div class='entry-content-wrapper clearfix'>\n\n<\/div><\/div><\/div><!-- close content main div --><\/div><\/div><div id='after_section_4'  class='main_color av_default_container_wrap container_wrap sidebar_right'  ><div class='container av-section-cont-open' ><div class='template-page content  av-content-small alpha units'><div class='post-entry post-entry-type-page post-entry-2'><div class='entry-content-wrapper clearfix'>\n","protected":false},"excerpt":{"rendered":"","protected":false},"author":3,"featured_media":0,"parent":0,"menu_order":0,"comment_status":"closed","ping_status":"closed","template":"","meta":{"_acf_changed":false,"footnotes":""},"class_list":["post-2","page","type-page","status-publish","hentry"],"acf":[],"_links":{"self":[{"href":"https:\/\/associacoes.beira.pt\/casm\/wp-json\/wp\/v2\/pages\/2","targetHints":{"allow":["GET"]}}],"collection":[{"href":"https:\/\/associacoes.beira.pt\/casm\/wp-json\/wp\/v2\/pages"}],"about":[{"href":"https:\/\/associacoes.beira.pt\/casm\/wp-json\/wp\/v2\/types\/page"}],"author":[{"embeddable":true,"href":"https:\/\/associacoes.beira.pt\/casm\/wp-json\/wp\/v2\/users\/3"}],"replies":[{"embeddable":true,"href":"https:\/\/associacoes.beira.pt\/casm\/wp-json\/wp\/v2\/comments?post=2"}],"version-history":[{"count":0,"href":"https:\/\/associacoes.beira.pt\/casm\/wp-json\/wp\/v2\/pages\/2\/revisions"}],"wp:attachment":[{"href":"https:\/\/associacoes.beira.pt\/casm\/wp-json\/wp\/v2\/media?parent=2"}],"curies":[{"name":"wp","href":"https:\/\/api.w.org\/{rel}","templated":true}]}}