{"id":24,"date":"2015-04-20T13:20:04","date_gmt":"2015-04-20T13:20:04","guid":{"rendered":"http:\/\/associacoes.beira.pt\/amcdrsantaeufemia\/?page_id=24"},"modified":"2017-01-27T09:58:09","modified_gmt":"2017-01-27T09:58:09","slug":"quem-somos","status":"publish","type":"page","link":"https:\/\/associacoes.beira.pt\/casm\/quem-somos\/","title":{"rendered":"Quem Somos"},"content":{"rendered":"<div  class='flex_column av-av_one_full-2a9015ff38129c418a3f2eafba3e9512 av_one_full  avia-builder-el-0  el_before_av_one_full  avia-builder-el-first  first flex_column_div  '     ><section  class='av_textblock_section av-av_textblock-0366cc7376be6c9e82a3e9cc8987b64f '   itemscope=\"itemscope\" itemtype=\"https:\/\/schema.org\/CreativeWork\" ><div class='avia_textblock'  itemprop=\"text\" ><p>O Centro de Apoio Social de Ma\u00e7ainhas (CASM) \u00e9 uma Institui\u00e7\u00e3o Particular de Solidariedade Social (IPSS) que iniciou a atividade na d\u00e9cada de noventa, com as respostas sociais de Servi\u00e7o de Apoio Domicili\u00e1rio e Centro de Dia, na freguesia de Ma\u00e7ainhas, concelho de Belmonte.<\/p>\n<p>No ano de 2014 abriu a Estrutura Residencial para Idosos (ERPI), denominada Resid\u00eancia N.\u00aa Senhora da Concei\u00e7\u00e3o, direcionada ao acolhimento e acompanhamento de 12 utentes, de ambos os sexos, com idade superior a 65 anos.<\/p>\n<p>Ao logo da sua exist\u00eancia o CASM j\u00e1 apoiou cerca de 100 idosos oriundos quer da freguesia de Ma\u00e7ainhas quer de freguesias lim\u00edtrofes, mantendo e respeitando os h\u00e1bitos e costumes e a proximidade das suas redes de suporte informal, tendo por miss\u00e3o <strong>\u201cPrimar pela qualidade e excel\u00eancia no servi\u00e7o e pela humanidade nos cuidados aos idosos.<\/strong>\u201d, assente em valores como:<\/p>\n<ul>\n<li><strong>Qualidade<\/strong><\/li>\n<li><strong>Humanismo<\/strong><\/li>\n<li><strong>Efici\u00eancia\u00a0<\/strong><\/li>\n<li><strong>Inova\u00e7\u00e3o<\/strong><\/li>\n<li><strong>Criatividade<\/strong><\/li>\n<\/ul>\n<p>A Resid\u00eancia N\u00aa Senhora da Concei\u00e7\u00e3o, \u00e9 uma resposta social desenvolvida em alojamento coletivo, de utiliza\u00e7\u00e3o tempor\u00e1ria ou permanente para idosos em situa\u00e7\u00e3o de risco de perda de independ\u00eancia e autonomia, tendo sido acoplada \u00e0s antigas instala\u00e7\u00f5es da Escola Prim\u00e1ria de Ma\u00e7ainhas.<\/p>\n<p>Possui quatro quartos duplos e quatro quartos individuais, tendo assim capacidade para 12 utentes. Possui refeit\u00f3rio, sala de estar, conv\u00edvio e atividades, instala\u00e7\u00f5es sanit\u00e1rias, lavandaria, garagem, gabinete m\u00e9dico e de enfermagem, gabinete de dire\u00e7\u00e3o e dire\u00e7\u00e3o t\u00e9cnica, secretaria, arrumos e sala dos colaboradores.<\/p>\n<p>O CASM tem como projeto a m\u00e9dio prazo, proceder ao alargamento da ERPI, para mais 12 utentes, distribu\u00eddos em cinco quartos duplos e dois individuais, o que perfaz um total de 24 utentes garantindo assim a autossustentabilidade. Temos patente no projeto a cria\u00e7\u00e3o de uma sala de leitura, alargar a lavandaria, criar uma gabinete de fisioterapia com atendimento individual e coletivo tendo em conta as classes de mobilidade.<\/p>\n<p>Com o alargamento da resposta de ERPI, pretendemos criar novos postos de trabalho, fixando popula\u00e7\u00e3o em idade ativa e promover cursos de forma\u00e7\u00e3o e a\u00e7\u00f5es de informa\u00e7\u00e3o e esclarecimento, para assim, contribuirmos para o desenvolvimento s\u00f3cio comunit\u00e1ria da freguesia de Ma\u00e7ainhas.<\/p>\n<\/div><\/section><\/div>\n\n<style type=\"text\/css\" data-created_by=\"avia_inline_auto\" id=\"style-css-av-av_one_full-9497bbf8bff73ea4c6992cc17fa9ec36\">\n.flex_column.av-av_one_full-9497bbf8bff73ea4c6992cc17fa9ec36{\n-webkit-border-radius:0px 0px 0px 0px;\n-moz-border-radius:0px 0px 0px 0px;\nborder-radius:0px 0px 0px 0px;\npadding:0px 0px 0px 0px;\n}\n<\/style>\n<div  class='flex_column av-av_one_full-9497bbf8bff73ea4c6992cc17fa9ec36 av_one_full  avia-builder-el-2  el_after_av_one_full  avia-builder-el-last  first flex_column_div av-zero-column-padding  column-top-margin'     ><style type=\"text\/css\" data-created_by=\"avia_inline_auto\" id=\"style-css-av-av_iconlist-cd8a07afe661c1baba9bd9e37f8d472f\">\n#top .avia-icon-list-container.av-av_iconlist-cd8a07afe661c1baba9bd9e37f8d472f .iconlist_icon{\ncolor:#ffffff;\nbackground-color:#3051a0;\n}\n#top #wrap_all .avia-icon-list-container.av-av_iconlist-cd8a07afe661c1baba9bd9e37f8d472f .av_iconlist_title{\ncolor:#961b83;\n}\n<\/style>\n<div  class='avia-icon-list-container av-av_iconlist-cd8a07afe661c1baba9bd9e37f8d472f  avia-builder-el-3  avia-builder-el-no-sibling '><ul class='avia-icon-list avia_animate_when_almost_visible avia-icon-list-left av-iconlist-big av-av_iconlist-cd8a07afe661c1baba9bd9e37f8d472f avia-iconlist-animate'>\n<li><div class='iconlist_icon av-av_iconlist_item-58007bee8fc2f4cbc037d4e67909017f avia-font-entypo-fontello'><span class='iconlist-char' aria-hidden='true' data-av_icon='\ue812' data-av_iconfont='entypo-fontello'><\/span><\/div><article class=\"article-icon-entry \"  itemscope=\"itemscope\" itemtype=\"https:\/\/schema.org\/CreativeWork\" ><div class=\"iconlist_content_wrap\"><header class=\"entry-content-header\"><h4 class='av_iconlist_title iconlist_title  av_inherit_color'  itemprop=\"headline\" >Miss\u00e3o<\/h4><\/header><div class='iconlist_content '  itemprop=\"text\" ><p>Primar pela qualidade e excel\u00eancia no servi\u00e7o e pela humanidade nos cuidados aos idosos.<\/p>\n<\/div><\/div><footer class=\"entry-footer\"><\/footer><\/article><div class=\"iconlist-timeline\"><\/div><\/li>\n<li><div class='iconlist_icon av-av_iconlist_item-48cf338dcd1b80a8c6e4c38f60f3c9b8 avia-font-entypo-fontello'><span class='iconlist-char' aria-hidden='true' data-av_icon='\ue812' data-av_iconfont='entypo-fontello'><\/span><\/div><article class=\"article-icon-entry \"  itemscope=\"itemscope\" itemtype=\"https:\/\/schema.org\/CreativeWork\" ><div class=\"iconlist_content_wrap\"><header class=\"entry-content-header\"><h4 class='av_iconlist_title iconlist_title  av_inherit_color'  itemprop=\"headline\" >Vis\u00e3o<\/h4><\/header><div class='iconlist_content '  itemprop=\"text\" ><p>Vis\u00e3o<br \/>\nUnidade Institucional de refer\u00eancia que presta servi\u00e7os e cuidados personalizados.<\/p>\n<\/div><\/div><footer class=\"entry-footer\"><\/footer><\/article><div class=\"iconlist-timeline\"><\/div><\/li>\n<li><div class='iconlist_icon av-av_iconlist_item-9e3a5d498f8486118b1b5b89a3756cfe avia-font-entypo-fontello'><span class='iconlist-char' aria-hidden='true' data-av_icon='\ue812' data-av_iconfont='entypo-fontello'><\/span><\/div><article class=\"article-icon-entry \"  itemscope=\"itemscope\" itemtype=\"https:\/\/schema.org\/CreativeWork\" ><div class=\"iconlist_content_wrap\"><header class=\"entry-content-header\"><h4 class='av_iconlist_title iconlist_title  av_inherit_color'  itemprop=\"headline\" >Valores<\/h4><\/header><div class='iconlist_content '  itemprop=\"text\" ><p>Humanidade, honestidade, seriedade, humildade, esfor\u00e7o, afetividade, dedica\u00e7\u00e3o, dignidade, iniciativa, disponibilidade.<\/p>\n<\/div><\/div><footer class=\"entry-footer\"><\/footer><\/article><div class=\"iconlist-timeline\"><\/div><\/li>\n<\/ul><\/div><\/div>\n","protected":false},"excerpt":{"rendered":"","protected":false},"author":3,"featured_media":0,"parent":0,"menu_order":0,"comment_status":"open","ping_status":"open","template":"","meta":{"_acf_changed":false,"footnotes":""},"class_list":["post-24","page","type-page","status-publish","hentry"],"acf":[],"_links":{"self":[{"href":"https:\/\/associacoes.beira.pt\/casm\/wp-json\/wp\/v2\/pages\/24","targetHints":{"allow":["GET"]}}],"collection":[{"href":"https:\/\/associacoes.beira.pt\/casm\/wp-json\/wp\/v2\/pages"}],"about":[{"href":"https:\/\/associacoes.beira.pt\/casm\/wp-json\/wp\/v2\/types\/page"}],"author":[{"embeddable":true,"href":"https:\/\/associacoes.beira.pt\/casm\/wp-json\/wp\/v2\/users\/3"}],"replies":[{"embeddable":true,"href":"https:\/\/associacoes.beira.pt\/casm\/wp-json\/wp\/v2\/comments?post=24"}],"version-history":[{"count":0,"href":"https:\/\/associacoes.beira.pt\/casm\/wp-json\/wp\/v2\/pages\/24\/revisions"}],"wp:attachment":[{"href":"https:\/\/associacoes.beira.pt\/casm\/wp-json\/wp\/v2\/media?parent=24"}],"curies":[{"name":"wp","href":"https:\/\/api.w.org\/{rel}","templated":true}]}}