{"id":268,"date":"2016-03-16T14:11:39","date_gmt":"2016-03-16T14:11:39","guid":{"rendered":"http:\/\/associacoes.beira.pt\/assfornotelheiro\/?page_id=268"},"modified":"2018-11-21T10:37:28","modified_gmt":"2018-11-21T10:37:28","slug":"orgaos-associativos","status":"publish","type":"page","link":"https:\/\/associacoes.beira.pt\/casm\/orgaos-associativos\/","title":{"rendered":"Org\u00e3os Sociais"},"content":{"rendered":"<section  class='av_textblock_section av-av_textblock-0366cc7376be6c9e82a3e9cc8987b64f '   itemscope=\"itemscope\" itemtype=\"https:\/\/schema.org\/CreativeWork\" ><div class='avia_textblock'  itemprop=\"text\" ><p style=\"text-align: center;\">Org\u00e3os Sociais para o quadri\u00e9nio 2017 &#8211; 2020<\/p>\n<p style=\"text-align: center;\"><strong>Direc\u00e7\u00e3o<\/strong><\/p>\n<ul>\n<li>Presidente:\u00a0\u00a0Jos\u00e9 Carlos Birra Correia<\/li>\n<li>Vise-Presidente: Lic\u00ednio Fernandes Benedito<\/li>\n<li>Secret\u00e1rio: Pedro Manuel Dias Soares<\/li>\n<li>Tesoureiro: \u00a0Vasco Ricardo Soares<\/li>\n<li>Vogal:\u00a0Ant\u00f3nio Tavares dos Santos<\/li>\n<\/ul>\n<p>Suplentes:<\/p>\n<ul>\n<li>Jos\u00e9 Alberto Pires Gon\u00e7alves<\/li>\n<li>Maria Jos\u00e9 Lucas Correia Rosa<\/li>\n<li>Ant\u00f3nio Correia Soares Benedito<\/li>\n<li>Michael Ant\u00f3nio Ambr\u00f3sio Lucas Am\u00e2ndio<\/li>\n<li>Cristiano Rodrigues Correia<\/li>\n<\/ul>\n<p style=\"text-align: center;\"><strong>Assembleia Geral<\/strong><\/p>\n<ul>\n<li>Presidente: Joaquim Nabais Antunes<\/li>\n<li>1\u00ba Secret\u00e1rio: Ant\u00f3nio Pereira Ferreira<\/li>\n<li>2\u00ba Secret\u00e1rio: Ant\u00f3nio Laureano Correia Rosa<\/li>\n<\/ul>\n<p style=\"text-align: center;\"><strong>Conselho Fiscal<\/strong><\/p>\n<ul>\n<li>Presidente: Lu\u00eds Manuel Birra Saraiva<\/li>\n<li>Secret\u00e1rio: Pedro Gon\u00e7alves<\/li>\n<li>Vogal: Jos\u00e9 Am\u00e2ndio Lucas<\/li>\n<\/ul>\n<p>Suplentes:<\/p>\n<ul>\n<li>Victor Miguel Ricardo Fernandes<\/li>\n<li>Ant\u00f3nio Manuel Birra Vicente<\/li>\n<li>Joaquim Soares<\/li>\n<\/ul>\n<\/div><\/section>\n","protected":false},"excerpt":{"rendered":"","protected":false},"author":3,"featured_media":0,"parent":0,"menu_order":0,"comment_status":"closed","ping_status":"closed","template":"","meta":{"_acf_changed":false,"footnotes":""},"class_list":["post-268","page","type-page","status-publish","hentry"],"acf":[],"_links":{"self":[{"href":"https:\/\/associacoes.beira.pt\/casm\/wp-json\/wp\/v2\/pages\/268","targetHints":{"allow":["GET"]}}],"collection":[{"href":"https:\/\/associacoes.beira.pt\/casm\/wp-json\/wp\/v2\/pages"}],"about":[{"href":"https:\/\/associacoes.beira.pt\/casm\/wp-json\/wp\/v2\/types\/page"}],"author":[{"embeddable":true,"href":"https:\/\/associacoes.beira.pt\/casm\/wp-json\/wp\/v2\/users\/3"}],"replies":[{"embeddable":true,"href":"https:\/\/associacoes.beira.pt\/casm\/wp-json\/wp\/v2\/comments?post=268"}],"version-history":[{"count":0,"href":"https:\/\/associacoes.beira.pt\/casm\/wp-json\/wp\/v2\/pages\/268\/revisions"}],"wp:attachment":[{"href":"https:\/\/associacoes.beira.pt\/casm\/wp-json\/wp\/v2\/media?parent=268"}],"curies":[{"name":"wp","href":"https:\/\/api.w.org\/{rel}","templated":true}]}}