{"id":359,"date":"2016-07-05T15:38:34","date_gmt":"2016-07-05T15:38:34","guid":{"rendered":"http:\/\/associacoes.beira.pt\/casm\/?page_id=359"},"modified":"2016-07-11T15:07:17","modified_gmt":"2016-07-11T15:07:17","slug":"residencia-social-na-sa-da-conceicao","status":"publish","type":"page","link":"https:\/\/associacoes.beira.pt\/casm\/residencia-social-na-sa-da-conceicao\/","title":{"rendered":"Resid\u00eancia Social N\u00aa Sr\u00aa da Concei\u00e7\u00e3o"},"content":{"rendered":"\n<style type=\"text\/css\" data-created_by=\"avia_inline_auto\" id=\"style-css-av-av_one_full-9497bbf8bff73ea4c6992cc17fa9ec36\">\n.flex_column.av-av_one_full-9497bbf8bff73ea4c6992cc17fa9ec36{\n-webkit-border-radius:0px 0px 0px 0px;\n-moz-border-radius:0px 0px 0px 0px;\nborder-radius:0px 0px 0px 0px;\npadding:0px 0px 0px 0px;\n}\n<\/style>\n<div  class='flex_column av-av_one_full-9497bbf8bff73ea4c6992cc17fa9ec36 av_one_full  avia-builder-el-0  avia-builder-el-no-sibling  first flex_column_div av-zero-column-padding  '     ><section  class='av_textblock_section av-av_textblock-0366cc7376be6c9e82a3e9cc8987b64f '   itemscope=\"itemscope\" itemtype=\"https:\/\/schema.org\/CreativeWork\" ><div class='avia_textblock'  itemprop=\"text\" ><p><strong>&#8220;Bem- vindo \u00e0 sua casa. Tudo por si&#8221;<\/strong><\/p>\n<p>Resid\u00eancia Social N\u00aa Sr\u00aa da Concei\u00e7\u00e3o \u00e9 uma Estrutura Residencial para Pessoas Idosas, de alojamento tempor\u00e1rio ou permanente, que proporciona servi\u00e7os\u00a0de grande qualidade.<br \/>\nProporcionamos servi\u00e7os e cuidados permanentes ou tampor\u00e1rios, que respeitem as suas ra\u00edzes, a sua hist\u00f3ria de vida, a sua capacidade f\u00edsica, intelectual e\u00a0psicol\u00f3gica, as suas ideias e representa\u00e7\u00f5es sociais, as suas caracter\u00edsticas de personalidade, garantindo uma condi\u00e7\u00e3o digna de vida e um tratamento de excel\u00eancia.<\/p>\n<p>Instala\u00e7\u00f5es dispon\u00edveis (lota\u00e7\u00e3o-12 utentes):<\/p>\n<ul>\n<li>Quartos indiv\u00edduais;<\/li>\n<li>Quartos duplos.<\/li>\n<\/ul>\n<p><strong>A resposta Social de ERPI assegura os seguintes servi\u00e7os: <\/strong><\/p>\n<ul>\n<li>Cuidados de higiene e conforto pessoal;<\/li>\n<li>Confec\u00e7\u00e3o de refei\u00e7\u00f5es (P. A., Almo\u00e7o, Lanche, Jantar);<\/li>\n<li>Conv\u00edvio e actividades de lazer e ocupa\u00e7\u00e3o devidamente enquadradas no meio s\u00f3cio-cultural e definidas em Plano\u00a0de Actividades (anual ou mensal);<\/li>\n<li>Lavagem e tratamento de roupas;<\/li>\n<li>Acesso a cuidados de sa\u00fade\/Apoio m\u00e9dico, cuidados de enfermagem e acompanhamento de fisioterapia;<\/li>\n<li>Apoio psicossocial;<\/li>\n<li>Acompanhamento a consultas, exames m\u00e9dicos ou outros\u00a0servi\u00e7os, quando solicitado previamente pelo utente ou sua\u00a0fam\u00edlia.<\/li>\n<\/ul>\n<p><a href=\"http:\/\/associacoes.beira.pt\/casm\/wp-content\/uploads\/sites\/9\/2016\/07\/11.jpg\"><img loading=\"lazy\" decoding=\"async\" class=\"alignnone wp-image-377 size-square\" src=\"http:\/\/associacoes.beira.pt\/casm\/wp-content\/uploads\/sites\/9\/2016\/07\/11-180x180.jpg\" alt=\"11\" width=\"180\" height=\"180\" srcset=\"https:\/\/associacoes.beira.pt\/casm\/wp-content\/uploads\/sites\/9\/2016\/07\/11-180x180.jpg 180w, https:\/\/associacoes.beira.pt\/casm\/wp-content\/uploads\/sites\/9\/2016\/07\/11-80x80.jpg 80w, https:\/\/associacoes.beira.pt\/casm\/wp-content\/uploads\/sites\/9\/2016\/07\/11-36x36.jpg 36w, https:\/\/associacoes.beira.pt\/casm\/wp-content\/uploads\/sites\/9\/2016\/07\/11-120x120.jpg 120w, https:\/\/associacoes.beira.pt\/casm\/wp-content\/uploads\/sites\/9\/2016\/07\/11-450x450.jpg 450w\" sizes=\"auto, (max-width: 180px) 100vw, 180px\" \/><\/a> <a href=\"http:\/\/associacoes.beira.pt\/casm\/wp-content\/uploads\/sites\/9\/2016\/07\/12.jpg\"><img loading=\"lazy\" decoding=\"async\" class=\"alignnone wp-image-378 size-square\" src=\"http:\/\/associacoes.beira.pt\/casm\/wp-content\/uploads\/sites\/9\/2016\/07\/12-180x180.jpg\" alt=\"12\" width=\"180\" height=\"180\" srcset=\"https:\/\/associacoes.beira.pt\/casm\/wp-content\/uploads\/sites\/9\/2016\/07\/12-180x180.jpg 180w, https:\/\/associacoes.beira.pt\/casm\/wp-content\/uploads\/sites\/9\/2016\/07\/12-80x80.jpg 80w, https:\/\/associacoes.beira.pt\/casm\/wp-content\/uploads\/sites\/9\/2016\/07\/12-36x36.jpg 36w, https:\/\/associacoes.beira.pt\/casm\/wp-content\/uploads\/sites\/9\/2016\/07\/12-120x120.jpg 120w, https:\/\/associacoes.beira.pt\/casm\/wp-content\/uploads\/sites\/9\/2016\/07\/12-450x450.jpg 450w\" sizes=\"auto, (max-width: 180px) 100vw, 180px\" \/><\/a> <a href=\"http:\/\/associacoes.beira.pt\/casm\/wp-content\/uploads\/sites\/9\/2016\/07\/13.jpg\"><img loading=\"lazy\" decoding=\"async\" class=\"alignnone wp-image-380 size-square\" src=\"http:\/\/associacoes.beira.pt\/casm\/wp-content\/uploads\/sites\/9\/2016\/07\/13-180x180.jpg\" alt=\"13\" width=\"180\" height=\"180\" srcset=\"https:\/\/associacoes.beira.pt\/casm\/wp-content\/uploads\/sites\/9\/2016\/07\/13-180x180.jpg 180w, https:\/\/associacoes.beira.pt\/casm\/wp-content\/uploads\/sites\/9\/2016\/07\/13-80x80.jpg 80w, https:\/\/associacoes.beira.pt\/casm\/wp-content\/uploads\/sites\/9\/2016\/07\/13-36x36.jpg 36w, https:\/\/associacoes.beira.pt\/casm\/wp-content\/uploads\/sites\/9\/2016\/07\/13-120x120.jpg 120w, https:\/\/associacoes.beira.pt\/casm\/wp-content\/uploads\/sites\/9\/2016\/07\/13-450x450.jpg 450w\" sizes=\"auto, (max-width: 180px) 100vw, 180px\" \/><\/a>\u00a0<a href=\"http:\/\/associacoes.beira.pt\/casm\/wp-content\/uploads\/sites\/9\/2016\/07\/image11.jpeg\"><img loading=\"lazy\" decoding=\"async\" class=\"alignnone wp-image-439 size-square\" src=\"http:\/\/associacoes.beira.pt\/casm\/wp-content\/uploads\/sites\/9\/2016\/07\/image11-180x180.jpeg\" alt=\"image11\" width=\"180\" height=\"180\" srcset=\"https:\/\/associacoes.beira.pt\/casm\/wp-content\/uploads\/sites\/9\/2016\/07\/image11-180x180.jpeg 180w, https:\/\/associacoes.beira.pt\/casm\/wp-content\/uploads\/sites\/9\/2016\/07\/image11-80x80.jpeg 80w, https:\/\/associacoes.beira.pt\/casm\/wp-content\/uploads\/sites\/9\/2016\/07\/image11-36x36.jpeg 36w, https:\/\/associacoes.beira.pt\/casm\/wp-content\/uploads\/sites\/9\/2016\/07\/image11-120x120.jpeg 120w, https:\/\/associacoes.beira.pt\/casm\/wp-content\/uploads\/sites\/9\/2016\/07\/image11-450x450.jpeg 450w\" sizes=\"auto, (max-width: 180px) 100vw, 180px\" \/><\/a><\/p>\n<p>Licen\u00e7a de Funcionamento do Instituto da Seguran\u00e7a Social n\u00ba 01\/2014<br \/>\nAlvar\u00e1 de Licen\u00e7a de Utiliza\u00e7\u00e3o da C\u00e2mara Municipal de Belmonte n\u00ba 29\/2013<\/p>\n<\/div><\/section><\/div>\n","protected":false},"excerpt":{"rendered":"","protected":false},"author":3,"featured_media":0,"parent":0,"menu_order":2,"comment_status":"closed","ping_status":"closed","template":"","meta":{"_acf_changed":false,"footnotes":""},"class_list":["post-359","page","type-page","status-publish","hentry"],"acf":[],"_links":{"self":[{"href":"https:\/\/associacoes.beira.pt\/casm\/wp-json\/wp\/v2\/pages\/359","targetHints":{"allow":["GET"]}}],"collection":[{"href":"https:\/\/associacoes.beira.pt\/casm\/wp-json\/wp\/v2\/pages"}],"about":[{"href":"https:\/\/associacoes.beira.pt\/casm\/wp-json\/wp\/v2\/types\/page"}],"author":[{"embeddable":true,"href":"https:\/\/associacoes.beira.pt\/casm\/wp-json\/wp\/v2\/users\/3"}],"replies":[{"embeddable":true,"href":"https:\/\/associacoes.beira.pt\/casm\/wp-json\/wp\/v2\/comments?post=359"}],"version-history":[{"count":0,"href":"https:\/\/associacoes.beira.pt\/casm\/wp-json\/wp\/v2\/pages\/359\/revisions"}],"wp:attachment":[{"href":"https:\/\/associacoes.beira.pt\/casm\/wp-json\/wp\/v2\/media?parent=359"}],"curies":[{"name":"wp","href":"https:\/\/api.w.org\/{rel}","templated":true}]}}