{"id":363,"date":"2016-07-05T15:42:00","date_gmt":"2016-07-05T15:42:00","guid":{"rendered":"http:\/\/associacoes.beira.pt\/casm\/?page_id=363"},"modified":"2016-07-11T15:23:09","modified_gmt":"2016-07-11T15:23:09","slug":"centro-de-dia","status":"publish","type":"page","link":"https:\/\/associacoes.beira.pt\/casm\/centro-de-dia\/","title":{"rendered":"Centro de Dia"},"content":{"rendered":"\n<style type=\"text\/css\" data-created_by=\"avia_inline_auto\" id=\"style-css-av-av_one_full-9497bbf8bff73ea4c6992cc17fa9ec36\">\n.flex_column.av-av_one_full-9497bbf8bff73ea4c6992cc17fa9ec36{\n-webkit-border-radius:0px 0px 0px 0px;\n-moz-border-radius:0px 0px 0px 0px;\nborder-radius:0px 0px 0px 0px;\npadding:0px 0px 0px 0px;\n}\n<\/style>\n<div  class='flex_column av-av_one_full-9497bbf8bff73ea4c6992cc17fa9ec36 av_one_full  avia-builder-el-0  avia-builder-el-no-sibling  first flex_column_div av-zero-column-padding  '     ><section  class='av_textblock_section av-av_textblock-0366cc7376be6c9e82a3e9cc8987b64f '   itemscope=\"itemscope\" itemtype=\"https:\/\/schema.org\/CreativeWork\" ><div class='avia_textblock'  itemprop=\"text\" ><p><strong>Lota\u00e7\u00e3o &#8211; 20 utentes<\/strong><\/p>\n<p>Tem como finalidade a presta\u00e7\u00e3o de um conjunto de servi\u00e7os que contribuam para a satisfa\u00e7\u00e3o das necessidades b\u00e1sicas dos utentes, promovendo um envelhecimento ativo\u00a0e qualidade de vida no seu meio s\u00f3cio-familiar.<\/p>\n<p><strong>O Centro de Dia assegura os seguintes servi\u00e7os:<\/strong><\/p>\n<ul>\n<li>Cuidados de higiene e conforto pessoal;<\/li>\n<li>Confec\u00e7\u00e3o de refei\u00e7\u00f5es (P. A., Almo\u00e7o, Lanche, Jantar);<\/li>\n<li>Conv\u00edvio e actividades de lazer e ocupa\u00e7\u00e3o devidamente\u00a0enquadradas no meio s\u00f3cio-cultural e definidas em Plano\u00a0de Actividades (anual ou mensal);<\/li>\n<li>Lavagem e tratamento de roupas;<\/li>\n<li>Acesso a cuidados prim\u00e1rios de sa\u00fade;<\/li>\n<li>Apoio psicossocial;<\/li>\n<li>Acompanhamento a consultas, exames m\u00e9dicos ou outros\u00a0servi\u00e7os, quando solicitado previamente pelo utente ou sua\u00a0fam\u00edlia.<\/li>\n<\/ul>\n<p><a href=\"http:\/\/associacoes.beira.pt\/casm\/wp-content\/uploads\/sites\/9\/2016\/07\/14.jpg\"><img loading=\"lazy\" decoding=\"async\" class=\"alignnone wp-image-383 size-square\" src=\"http:\/\/associacoes.beira.pt\/casm\/wp-content\/uploads\/sites\/9\/2016\/07\/14-180x180.jpg\" alt=\"14\" width=\"180\" height=\"180\" srcset=\"https:\/\/associacoes.beira.pt\/casm\/wp-content\/uploads\/sites\/9\/2016\/07\/14-180x180.jpg 180w, https:\/\/associacoes.beira.pt\/casm\/wp-content\/uploads\/sites\/9\/2016\/07\/14-80x80.jpg 80w, https:\/\/associacoes.beira.pt\/casm\/wp-content\/uploads\/sites\/9\/2016\/07\/14-36x36.jpg 36w, https:\/\/associacoes.beira.pt\/casm\/wp-content\/uploads\/sites\/9\/2016\/07\/14-120x120.jpg 120w, https:\/\/associacoes.beira.pt\/casm\/wp-content\/uploads\/sites\/9\/2016\/07\/14-450x450.jpg 450w\" sizes=\"auto, (max-width: 180px) 100vw, 180px\" \/><\/a> <a href=\"http:\/\/associacoes.beira.pt\/casm\/wp-content\/uploads\/sites\/9\/2016\/07\/15.jpg\"><img loading=\"lazy\" decoding=\"async\" class=\"alignnone wp-image-384 size-square\" src=\"http:\/\/associacoes.beira.pt\/casm\/wp-content\/uploads\/sites\/9\/2016\/07\/15-180x180.jpg\" alt=\"15\" width=\"180\" height=\"180\" srcset=\"https:\/\/associacoes.beira.pt\/casm\/wp-content\/uploads\/sites\/9\/2016\/07\/15-180x180.jpg 180w, https:\/\/associacoes.beira.pt\/casm\/wp-content\/uploads\/sites\/9\/2016\/07\/15-80x80.jpg 80w, https:\/\/associacoes.beira.pt\/casm\/wp-content\/uploads\/sites\/9\/2016\/07\/15-36x36.jpg 36w, https:\/\/associacoes.beira.pt\/casm\/wp-content\/uploads\/sites\/9\/2016\/07\/15-120x120.jpg 120w, https:\/\/associacoes.beira.pt\/casm\/wp-content\/uploads\/sites\/9\/2016\/07\/15-450x450.jpg 450w\" sizes=\"auto, (max-width: 180px) 100vw, 180px\" \/><\/a> <a href=\"http:\/\/associacoes.beira.pt\/casm\/wp-content\/uploads\/sites\/9\/2016\/07\/16.jpg\"><img loading=\"lazy\" decoding=\"async\" class=\"alignnone wp-image-385 size-square\" src=\"http:\/\/associacoes.beira.pt\/casm\/wp-content\/uploads\/sites\/9\/2016\/07\/16-180x180.jpg\" alt=\"16\" width=\"180\" height=\"180\" srcset=\"https:\/\/associacoes.beira.pt\/casm\/wp-content\/uploads\/sites\/9\/2016\/07\/16-180x180.jpg 180w, https:\/\/associacoes.beira.pt\/casm\/wp-content\/uploads\/sites\/9\/2016\/07\/16-80x80.jpg 80w, https:\/\/associacoes.beira.pt\/casm\/wp-content\/uploads\/sites\/9\/2016\/07\/16-36x36.jpg 36w, https:\/\/associacoes.beira.pt\/casm\/wp-content\/uploads\/sites\/9\/2016\/07\/16-120x120.jpg 120w, https:\/\/associacoes.beira.pt\/casm\/wp-content\/uploads\/sites\/9\/2016\/07\/16-450x450.jpg 450w\" sizes=\"auto, (max-width: 180px) 100vw, 180px\" \/><\/a>\u00a0<a href=\"http:\/\/associacoes.beira.pt\/casm\/wp-content\/uploads\/sites\/9\/2016\/07\/image10.jpg\"><img loading=\"lazy\" decoding=\"async\" class=\"alignnone wp-image-444 size-square\" src=\"http:\/\/associacoes.beira.pt\/casm\/wp-content\/uploads\/sites\/9\/2016\/07\/image10-180x180.jpg\" alt=\"image10\" width=\"180\" height=\"180\" srcset=\"https:\/\/associacoes.beira.pt\/casm\/wp-content\/uploads\/sites\/9\/2016\/07\/image10-180x180.jpg 180w, https:\/\/associacoes.beira.pt\/casm\/wp-content\/uploads\/sites\/9\/2016\/07\/image10-80x80.jpg 80w, https:\/\/associacoes.beira.pt\/casm\/wp-content\/uploads\/sites\/9\/2016\/07\/image10-36x36.jpg 36w, https:\/\/associacoes.beira.pt\/casm\/wp-content\/uploads\/sites\/9\/2016\/07\/image10-120x120.jpg 120w, https:\/\/associacoes.beira.pt\/casm\/wp-content\/uploads\/sites\/9\/2016\/07\/image10-450x450.jpg 450w\" sizes=\"auto, (max-width: 180px) 100vw, 180px\" \/><\/a><\/p>\n<\/div><\/section><\/div>\n","protected":false},"excerpt":{"rendered":"","protected":false},"author":3,"featured_media":0,"parent":0,"menu_order":0,"comment_status":"closed","ping_status":"closed","template":"","meta":{"_acf_changed":false,"footnotes":""},"class_list":["post-363","page","type-page","status-publish","hentry"],"acf":[],"_links":{"self":[{"href":"https:\/\/associacoes.beira.pt\/casm\/wp-json\/wp\/v2\/pages\/363","targetHints":{"allow":["GET"]}}],"collection":[{"href":"https:\/\/associacoes.beira.pt\/casm\/wp-json\/wp\/v2\/pages"}],"about":[{"href":"https:\/\/associacoes.beira.pt\/casm\/wp-json\/wp\/v2\/types\/page"}],"author":[{"embeddable":true,"href":"https:\/\/associacoes.beira.pt\/casm\/wp-json\/wp\/v2\/users\/3"}],"replies":[{"embeddable":true,"href":"https:\/\/associacoes.beira.pt\/casm\/wp-json\/wp\/v2\/comments?post=363"}],"version-history":[{"count":0,"href":"https:\/\/associacoes.beira.pt\/casm\/wp-json\/wp\/v2\/pages\/363\/revisions"}],"wp:attachment":[{"href":"https:\/\/associacoes.beira.pt\/casm\/wp-json\/wp\/v2\/media?parent=363"}],"curies":[{"name":"wp","href":"https:\/\/api.w.org\/{rel}","templated":true}]}}