{"id":365,"date":"2016-07-05T15:51:28","date_gmt":"2016-07-05T15:51:28","guid":{"rendered":"http:\/\/associacoes.beira.pt\/casm\/?page_id=365"},"modified":"2016-07-05T16:56:42","modified_gmt":"2016-07-05T16:56:42","slug":"servico-de-apoio-domiciliario","status":"publish","type":"page","link":"https:\/\/associacoes.beira.pt\/casm\/servico-de-apoio-domiciliario\/","title":{"rendered":"Servi\u00e7o de Apoio Domicili\u00e1rio"},"content":{"rendered":"\n<style type=\"text\/css\" data-created_by=\"avia_inline_auto\" id=\"style-css-av-av_one_full-9497bbf8bff73ea4c6992cc17fa9ec36\">\n.flex_column.av-av_one_full-9497bbf8bff73ea4c6992cc17fa9ec36{\n-webkit-border-radius:0px 0px 0px 0px;\n-moz-border-radius:0px 0px 0px 0px;\nborder-radius:0px 0px 0px 0px;\npadding:0px 0px 0px 0px;\n}\n<\/style>\n<div  class='flex_column av-av_one_full-9497bbf8bff73ea4c6992cc17fa9ec36 av_one_full  avia-builder-el-0  avia-builder-el-no-sibling  first flex_column_div av-zero-column-padding  '     ><section  class='av_textblock_section av-av_textblock-0366cc7376be6c9e82a3e9cc8987b64f '   itemscope=\"itemscope\" itemtype=\"https:\/\/schema.org\/CreativeWork\" ><div class='avia_textblock'  itemprop=\"text\" ><p><strong>Lota\u00e7\u00e3o &#8211; 26 utentes<\/strong><\/p>\n<p>Pretende contribuir para satisfa\u00e7\u00e3o das necessidades b\u00e1sicas das pessoas idosas e melhoria da sua qualidade de vida e das\u00a0fam\u00edlias.<\/p>\n<p><strong>Servi\u00e7os assegurados no Domic\u00edlio do utente<\/strong><\/p>\n<p>Na resposta social de SAD:<\/p>\n<ul>\n<li>Higiene pessoal e conforto;<\/li>\n<li>Conv\u00edvio e actividades de lazer e ocupa\u00e7\u00e3o devidamente enquadradas no meio sociocultural e definidas em Plano de Actividades (anual ou mensal);<\/li>\n<li>Arruma\u00e7\u00e3o e limpezas no domic\u00edlio;<\/li>\n<li>Confec\u00e7\u00e3o, transporte e distribui\u00e7\u00e3o das refei\u00e7\u00f5es;<\/li>\n<li>Lavagem e tratamento de roupas;<\/li>\n<li>Acesso a cuidados prim\u00e1rios de sa\u00fade;<\/li>\n<li>Apoio psicossocial;<\/li>\n<li>Acompanhamento a consultas, exames m\u00e9dicos ou outros servi\u00e7os, quando solicitado previamente pelo utente ou sua fam\u00edlia.<\/li>\n<\/ul>\n<p><img loading=\"lazy\" decoding=\"async\" class=\"alignnone wp-image-368 size-square\" src=\"http:\/\/associacoes.beira.pt\/casm\/wp-content\/uploads\/sites\/9\/2016\/07\/3-180x180.jpg\" alt=\"3\" width=\"180\" height=\"180\" srcset=\"https:\/\/associacoes.beira.pt\/casm\/wp-content\/uploads\/sites\/9\/2016\/07\/3-180x180.jpg 180w, https:\/\/associacoes.beira.pt\/casm\/wp-content\/uploads\/sites\/9\/2016\/07\/3-80x80.jpg 80w, https:\/\/associacoes.beira.pt\/casm\/wp-content\/uploads\/sites\/9\/2016\/07\/3-36x36.jpg 36w, https:\/\/associacoes.beira.pt\/casm\/wp-content\/uploads\/sites\/9\/2016\/07\/3-120x120.jpg 120w, https:\/\/associacoes.beira.pt\/casm\/wp-content\/uploads\/sites\/9\/2016\/07\/3-450x450.jpg 450w\" sizes=\"auto, (max-width: 180px) 100vw, 180px\" \/> <img loading=\"lazy\" decoding=\"async\" class=\"alignnone wp-image-367 size-square\" src=\"http:\/\/associacoes.beira.pt\/casm\/wp-content\/uploads\/sites\/9\/2016\/07\/2-180x180.jpg\" alt=\"2\" width=\"180\" height=\"180\" srcset=\"https:\/\/associacoes.beira.pt\/casm\/wp-content\/uploads\/sites\/9\/2016\/07\/2-180x180.jpg 180w, https:\/\/associacoes.beira.pt\/casm\/wp-content\/uploads\/sites\/9\/2016\/07\/2-80x80.jpg 80w, https:\/\/associacoes.beira.pt\/casm\/wp-content\/uploads\/sites\/9\/2016\/07\/2-36x36.jpg 36w, https:\/\/associacoes.beira.pt\/casm\/wp-content\/uploads\/sites\/9\/2016\/07\/2-120x120.jpg 120w, https:\/\/associacoes.beira.pt\/casm\/wp-content\/uploads\/sites\/9\/2016\/07\/2-450x450.jpg 450w\" sizes=\"auto, (max-width: 180px) 100vw, 180px\" \/> <img loading=\"lazy\" decoding=\"async\" class=\"alignnone wp-image-366 size-square\" src=\"http:\/\/associacoes.beira.pt\/casm\/wp-content\/uploads\/sites\/9\/2016\/07\/1-180x180.jpg\" alt=\"1\" width=\"180\" height=\"180\" srcset=\"https:\/\/associacoes.beira.pt\/casm\/wp-content\/uploads\/sites\/9\/2016\/07\/1-180x180.jpg 180w, https:\/\/associacoes.beira.pt\/casm\/wp-content\/uploads\/sites\/9\/2016\/07\/1-80x80.jpg 80w, https:\/\/associacoes.beira.pt\/casm\/wp-content\/uploads\/sites\/9\/2016\/07\/1-36x36.jpg 36w, https:\/\/associacoes.beira.pt\/casm\/wp-content\/uploads\/sites\/9\/2016\/07\/1-120x120.jpg 120w, https:\/\/associacoes.beira.pt\/casm\/wp-content\/uploads\/sites\/9\/2016\/07\/1-450x450.jpg 450w\" sizes=\"auto, (max-width: 180px) 100vw, 180px\" \/><\/p>\n<\/div><\/section><\/div>\n","protected":false},"excerpt":{"rendered":"","protected":false},"author":3,"featured_media":0,"parent":0,"menu_order":0,"comment_status":"closed","ping_status":"closed","template":"","meta":{"_acf_changed":false,"footnotes":""},"class_list":["post-365","page","type-page","status-publish","hentry"],"acf":[],"_links":{"self":[{"href":"https:\/\/associacoes.beira.pt\/casm\/wp-json\/wp\/v2\/pages\/365","targetHints":{"allow":["GET"]}}],"collection":[{"href":"https:\/\/associacoes.beira.pt\/casm\/wp-json\/wp\/v2\/pages"}],"about":[{"href":"https:\/\/associacoes.beira.pt\/casm\/wp-json\/wp\/v2\/types\/page"}],"author":[{"embeddable":true,"href":"https:\/\/associacoes.beira.pt\/casm\/wp-json\/wp\/v2\/users\/3"}],"replies":[{"embeddable":true,"href":"https:\/\/associacoes.beira.pt\/casm\/wp-json\/wp\/v2\/comments?post=365"}],"version-history":[{"count":0,"href":"https:\/\/associacoes.beira.pt\/casm\/wp-json\/wp\/v2\/pages\/365\/revisions"}],"wp:attachment":[{"href":"https:\/\/associacoes.beira.pt\/casm\/wp-json\/wp\/v2\/media?parent=365"}],"curies":[{"name":"wp","href":"https:\/\/api.w.org\/{rel}","templated":true}]}}