{"id":34,"date":"2015-04-20T13:24:18","date_gmt":"2015-04-20T13:24:18","guid":{"rendered":"http:\/\/associacoes.beira.pt\/amcdrsantaeufemia\/?page_id=34"},"modified":"2015-05-22T15:34:49","modified_gmt":"2015-05-22T15:34:49","slug":"balancos","status":"publish","type":"page","link":"https:\/\/associacoes.beira.pt\/cdlsantanadazinha\/documentos\/balancos\/","title":{"rendered":"Balan\u00e7os"},"content":{"rendered":"<div  class='flex_column av-av_one_full-2a9015ff38129c418a3f2eafba3e9512 av_one_full  avia-builder-el-0  el_before_av_iconlist  avia-builder-el-first  first flex_column_div  '     ><\/div>\n<div  class='avia-icon-list-container av-av_iconlist-c9265973fe37925e1675fd541a8fb5d9  avia-builder-el-1  el_after_av_one_full  avia-builder-el-last '><ul class='avia-icon-list avia_animate_when_almost_visible avia-icon-list-left av-iconlist-big av-av_iconlist-c9265973fe37925e1675fd541a8fb5d9 avia-iconlist-animate'>\n<li><a href='http:\/\/associacoes.beira.pt\/cdlsantanadazinha\/wp-content\/uploads\/sites\/4\/2015\/05\/balancete-de-dezembro.pdf' title='Balancete de Dezembro'  target=\"_blank\"  rel=\"noopener noreferrer\" class='iconlist_icon av-av_iconlist_item-4112ffb89885ae7d2912ff1dba2d8b7c avia-font-entypo-fontello'><span class='iconlist-char' aria-hidden='true' data-av_icon='\ue835' data-av_iconfont='entypo-fontello'><\/span><\/a><article class=\"article-icon-entry av-iconlist-empty\"  itemscope=\"itemscope\" itemtype=\"https:\/\/schema.org\/CreativeWork\" ><div class=\"iconlist_content_wrap\"><header class=\"entry-content-header\"><h4 class='av_iconlist_title iconlist_title  '  itemprop=\"headline\" ><a href='http:\/\/associacoes.beira.pt\/cdlsantanadazinha\/wp-content\/uploads\/sites\/4\/2015\/05\/balancete-de-dezembro.pdf' title='Balancete de Dezembro' target=\"_blank\"  rel=\"noopener noreferrer\">Balancete de Dezembro<\/a><\/h4><\/header><div class='iconlist_content '  itemprop=\"text\" ><\/div><\/div><footer class=\"entry-footer\"><\/footer><\/article><div class=\"iconlist-timeline\"><\/div><\/li>\n<li><a href='http:\/\/associacoes.beira.pt\/cdlsantanadazinha\/wp-content\/uploads\/sites\/4\/2015\/05\/BALANCETE-DE-RESULTADOS.pdf' title='Balancete de Resultados'  target=\"_blank\"  rel=\"noopener noreferrer\" class='iconlist_icon av-av_iconlist_item-21ff352a7122e6cafbbbd55576378e0c avia-font-entypo-fontello'><span class='iconlist-char' aria-hidden='true' data-av_icon='\ue835' data-av_iconfont='entypo-fontello'><\/span><\/a><article class=\"article-icon-entry av-iconlist-empty\"  itemscope=\"itemscope\" itemtype=\"https:\/\/schema.org\/CreativeWork\" ><div class=\"iconlist_content_wrap\"><header class=\"entry-content-header\"><h4 class='av_iconlist_title iconlist_title  '  itemprop=\"headline\" ><a href='http:\/\/associacoes.beira.pt\/cdlsantanadazinha\/wp-content\/uploads\/sites\/4\/2015\/05\/BALANCETE-DE-RESULTADOS.pdf' title='Balancete de Resultados' target=\"_blank\"  rel=\"noopener noreferrer\">Balancete de Resultados<\/a><\/h4><\/header><div class='iconlist_content '  itemprop=\"text\" ><\/div><\/div><footer class=\"entry-footer\"><\/footer><\/article><div class=\"iconlist-timeline\"><\/div><\/li>\n<li><a href='http:\/\/associacoes.beira.pt\/cdlsantanadazinha\/wp-content\/uploads\/sites\/4\/2015\/05\/BALANcO-E-DR.pdf' title='Balan\u00e7o e Demonstra\u00e7\u00e3o de Resultados'  target=\"_blank\"  rel=\"noopener noreferrer\" class='iconlist_icon av-av_iconlist_item-2d74db2fa2b6d465da03a9ac69a95179 avia-font-entypo-fontello'><span class='iconlist-char' aria-hidden='true' data-av_icon='\ue835' data-av_iconfont='entypo-fontello'><\/span><\/a><article class=\"article-icon-entry av-iconlist-empty\"  itemscope=\"itemscope\" itemtype=\"https:\/\/schema.org\/CreativeWork\" ><div class=\"iconlist_content_wrap\"><header class=\"entry-content-header\"><h4 class='av_iconlist_title iconlist_title  '  itemprop=\"headline\" ><a href='http:\/\/associacoes.beira.pt\/cdlsantanadazinha\/wp-content\/uploads\/sites\/4\/2015\/05\/BALANcO-E-DR.pdf' title='Balan\u00e7o e Demonstra\u00e7\u00e3o de Resultados' target=\"_blank\"  rel=\"noopener noreferrer\">Balan\u00e7o e Demonstra\u00e7\u00e3o de Resultados<\/a><\/h4><\/header><div class='iconlist_content '  itemprop=\"text\" ><\/div><\/div><footer class=\"entry-footer\"><\/footer><\/article><div class=\"iconlist-timeline\"><\/div><\/li>\n<li><a href='http:\/\/associacoes.beira.pt\/cdlsantanadazinha\/wp-content\/uploads\/sites\/4\/2015\/05\/ANEXO-B-E-DR1.pdf' title='Anexo'  class='iconlist_icon av-av_iconlist_item-d2c8a90bbe0d4b2e009524cde6a02440 avia-font-entypo-fontello'><span class='iconlist-char' aria-hidden='true' data-av_icon='\ue835' data-av_iconfont='entypo-fontello'><\/span><\/a><article class=\"article-icon-entry av-iconlist-empty\"  itemscope=\"itemscope\" itemtype=\"https:\/\/schema.org\/CreativeWork\" ><div class=\"iconlist_content_wrap\"><header class=\"entry-content-header\"><h4 class='av_iconlist_title iconlist_title  '  itemprop=\"headline\" ><a href='http:\/\/associacoes.beira.pt\/cdlsantanadazinha\/wp-content\/uploads\/sites\/4\/2015\/05\/ANEXO-B-E-DR1.pdf' title='Anexo'>Anexo<\/a><\/h4><\/header><div class='iconlist_content '  itemprop=\"text\" ><\/div><\/div><footer class=\"entry-footer\"><\/footer><\/article><div class=\"iconlist-timeline\"><\/div><\/li>\n<\/ul><\/div>\n","protected":false},"excerpt":{"rendered":"","protected":false},"author":3,"featured_media":0,"parent":28,"menu_order":0,"comment_status":"open","ping_status":"closed","template":"","meta":{"_acf_changed":false,"footnotes":""},"class_list":["post-34","page","type-page","status-publish","hentry"],"acf":[],"_links":{"self":[{"href":"https:\/\/associacoes.beira.pt\/cdlsantanadazinha\/wp-json\/wp\/v2\/pages\/34","targetHints":{"allow":["GET"]}}],"collection":[{"href":"https:\/\/associacoes.beira.pt\/cdlsantanadazinha\/wp-json\/wp\/v2\/pages"}],"about":[{"href":"https:\/\/associacoes.beira.pt\/cdlsantanadazinha\/wp-json\/wp\/v2\/types\/page"}],"author":[{"embeddable":true,"href":"https:\/\/associacoes.beira.pt\/cdlsantanadazinha\/wp-json\/wp\/v2\/users\/3"}],"replies":[{"embeddable":true,"href":"https:\/\/associacoes.beira.pt\/cdlsantanadazinha\/wp-json\/wp\/v2\/comments?post=34"}],"version-history":[{"count":0,"href":"https:\/\/associacoes.beira.pt\/cdlsantanadazinha\/wp-json\/wp\/v2\/pages\/34\/revisions"}],"up":[{"embeddable":true,"href":"https:\/\/associacoes.beira.pt\/cdlsantanadazinha\/wp-json\/wp\/v2\/pages\/28"}],"wp:attachment":[{"href":"https:\/\/associacoes.beira.pt\/cdlsantanadazinha\/wp-json\/wp\/v2\/media?parent=34"}],"curies":[{"name":"wp","href":"https:\/\/api.w.org\/{rel}","templated":true}]}}