{"id":2,"date":"2015-04-20T10:03:11","date_gmt":"2015-04-20T10:03:11","guid":{"rendered":"http:\/\/associacoes.beira.pt\/amcdrsantaeufemia\/?page_id=2"},"modified":"2015-12-11T16:26:59","modified_gmt":"2015-12-11T16:26:59","slug":"pagina-exemplo","status":"publish","type":"page","link":"https:\/\/associacoes.beira.pt\/csatijfreguesiadeervedosa\/","title":{"rendered":"P\u00e1gina Principal"},"content":{"rendered":"<div id='layer_slider_1'  class='avia-layerslider main_color avia-shadow  avia-builder-el-0  el_before_av_one_full  avia-builder-el-first  container_wrap sidebar_right'  style='height: 511px;'  ><\/div><div id='after_layer_slider_1'  class='main_color av_default_container_wrap container_wrap sidebar_right'  ><div class='container av-section-cont-open' ><div class='template-page content  av-content-small alpha units'><div class='post-entry post-entry-type-page post-entry-2'><div class='entry-content-wrapper clearfix'>\n<div  class='flex_column av-av_one_full-2a9015ff38129c418a3f2eafba3e9512 av_one_full  avia-builder-el-1  el_after_av_layerslider  el_before_av_section  avia-builder-el-no-sibling  first flex_column_div  '     ><section  class='av_textblock_section av-av_textblock-0366cc7376be6c9e82a3e9cc8987b64f '   itemscope=\"itemscope\" itemtype=\"https:\/\/schema.org\/CreativeWork\" ><div class='avia_textblock'  itemprop=\"text\" ><h2>\u00c2mbito, Sede e Objetivos<\/h2>\n<\/div><\/section><br \/>\n<section  class='av_textblock_section av-av_textblock-0366cc7376be6c9e82a3e9cc8987b64f '   itemscope=\"itemscope\" itemtype=\"https:\/\/schema.org\/CreativeWork\" ><div class='avia_textblock'  itemprop=\"text\" ><p class=\"western\" align=\"JUSTIFY\"><span style=\"font-family: Arial,serif;\">Centro Social de Apoio a Idosos e Jovens da Freguesia de Ervedosa, constitu\u00edda como Associa\u00e7\u00e3o e Institui\u00e7\u00e3o Particular de Solidariedade Social, por escritura p\u00fablica a 6 de novembro de 2000, com estatutos aprovados e registados na Dire\u00e7\u00e3o Geral da A\u00e7\u00e3o Social, sob o registo n.\u00ba: 61\/2001, a folhas 162 Verso do Livro n.\u00ba 8 das Associa\u00e7\u00f5es de Solidariedade Social e considera-se efetuado em, 29 de ezembro de 2000 nos termos do n.\u00ba 2 do artigo 13.\u00ba do Regulamento aprovado pela portaria n.\u00ba 778\/83, de 23 de julho, <\/span><span style=\"font-family: Arial,serif;\">e publicado em DR n.\u00ba292, III s\u00e9rie, de 20 de dezembro de 2000.<\/span><\/p>\n<p class=\"western\" align=\"JUSTIFY\"><span style=\"font-family: Arial,serif;\">\u00a0<\/span><\/p>\n<\/div><\/section><\/p><\/div>\n<\/div><\/div><\/div><!-- close content main div --><\/div><\/div><div id='av_section_1'  class='avia-section av-av_section-96c738ca3b3b83f517e1dedde31004be main_color avia-section-default avia-shadow  avia-builder-el-4  el_after_av_one_full  el_before_av_section  avia-bg-style-scroll container_wrap sidebar_right'  ><div class='container av-section-cont-open' ><div class='template-page content  av-content-small alpha units'><div class='post-entry post-entry-type-page post-entry-2'><div class='entry-content-wrapper clearfix'>\n<div  class='flex_column av-av_one_fifth-2a9015ff38129c418a3f2eafba3e9512 av_one_fifth  avia-builder-el-5  el_before_av_one_fifth  avia-builder-el-first  first flex_column_div  '     ><style type=\"text\/css\" data-created_by=\"avia_inline_auto\" id=\"style-css-av-av_font_icon-d51a0846249e538ce5e59daf9dd6e490\">\n.av_font_icon.av-av_font_icon-d51a0846249e538ce5e59daf9dd6e490{\ncolor:#c3512f;\nborder-color:#c3512f;\n}\n.av_font_icon.av-av_font_icon-d51a0846249e538ce5e59daf9dd6e490 .av-icon-char{\nfont-size:40px;\nline-height:40px;\nwidth:40px;\n}\n<\/style>\n<span  class='av_font_icon av-av_font_icon-d51a0846249e538ce5e59daf9dd6e490 avia_animate_when_visible av-icon-style-border avia-icon-pos-center avia-icon-animate'><a href='https:\/\/associacoes.beira.pt\/csatijfreguesiadeervedosa\/quem-somos\/'  class='av-icon-char' aria-hidden='true' data-av_icon='\ue840' data-av_iconfont='entypo-fontello' ><\/a><span class='av_icon_caption av-special-font'>Quem Somos<\/span><\/span><\/div><div  class='flex_column av-av_one_fifth-3a36bb508d5fc0610edbe28fa28f353c av_one_fifth  avia-builder-el-7  el_after_av_one_fifth  el_before_av_one_fifth  flex_column_div  '     ><style type=\"text\/css\" data-created_by=\"avia_inline_auto\" id=\"style-css-av-av_font_icon-a6fc1143ffcf9468daf40d4fdb348b90\">\n.av_font_icon.av-av_font_icon-a6fc1143ffcf9468daf40d4fdb348b90{\ncolor:#848484;\nborder-color:#848484;\n}\n.av_font_icon.av-av_font_icon-a6fc1143ffcf9468daf40d4fdb348b90 .av-icon-char{\nfont-size:40px;\nline-height:40px;\nwidth:40px;\n}\n<\/style>\n<span  class='av_font_icon av-av_font_icon-a6fc1143ffcf9468daf40d4fdb348b90 avia_animate_when_visible av-icon-style-border avia-icon-pos-center avia-icon-animate'><a href='https:\/\/associacoes.beira.pt\/csatijfreguesiadeervedosa\/orgaos-sociais\/'  class='av-icon-char' aria-hidden='true' data-av_icon='\ue80b' data-av_iconfont='entypo-fontello' ><\/a><span class='av_icon_caption av-special-font'>Org\u00e3os Socias<\/span><\/span><\/div><div  class='flex_column av-av_one_fifth-3a36bb508d5fc0610edbe28fa28f353c av_one_fifth  avia-builder-el-9  el_after_av_one_fifth  el_before_av_one_fifth  flex_column_div  '     ><style type=\"text\/css\" data-created_by=\"avia_inline_auto\" id=\"style-css-av-av_font_icon-b8dcea7ffffe5acd3853aa50f147906f\">\n.av_font_icon.av-av_font_icon-b8dcea7ffffe5acd3853aa50f147906f{\ncolor:#848484;\nborder-color:#848484;\n}\n.av_font_icon.av-av_font_icon-b8dcea7ffffe5acd3853aa50f147906f .av-icon-char{\nfont-size:40px;\nline-height:40px;\nwidth:40px;\n}\n<\/style>\n<span  class='av_font_icon av-av_font_icon-b8dcea7ffffe5acd3853aa50f147906f avia_animate_when_visible av-icon-style-border avia-icon-pos-center avia-icon-animate'><a href='https:\/\/associacoes.beira.pt\/csatijfreguesiadeervedosa\/atas-direccao-e-assembleia\/'  class='av-icon-char' aria-hidden='true' data-av_icon='\ue8d1' data-av_iconfont='entypo-fontello' ><\/a><span class='av_icon_caption av-special-font'>Atas direc\u00e7\u00e3o e Assembleia<\/span><\/span><\/div><div  class='flex_column av-av_one_fifth-3a36bb508d5fc0610edbe28fa28f353c av_one_fifth  avia-builder-el-11  el_after_av_one_fifth  el_before_av_one_fifth  flex_column_div  '     ><style type=\"text\/css\" data-created_by=\"avia_inline_auto\" id=\"style-css-av-av_font_icon-79d3a020f9ca6b6fbbf6fd1375698384\">\n.av_font_icon.av-av_font_icon-79d3a020f9ca6b6fbbf6fd1375698384{\ncolor:#848484;\nborder-color:#848484;\n}\n.av_font_icon.av-av_font_icon-79d3a020f9ca6b6fbbf6fd1375698384 .av-icon-char{\nfont-size:40px;\nline-height:40px;\nwidth:40px;\n}\n<\/style>\n<span  class='av_font_icon av-av_font_icon-79d3a020f9ca6b6fbbf6fd1375698384 avia_animate_when_visible av-icon-style-border avia-icon-pos-center avia-icon-animate'><a href='https:\/\/associacoes.beira.pt\/csatijfreguesiadeervedosa\/conselho-fiscal-2\/'  class='av-icon-char' aria-hidden='true' data-av_icon='\ue850' data-av_iconfont='entypo-fontello' ><\/a><span class='av_icon_caption av-special-font'>Conselho Fiscal<\/span><\/span><\/div><div  class='flex_column av-av_one_fifth-3a36bb508d5fc0610edbe28fa28f353c av_one_fifth  avia-builder-el-13  el_after_av_one_fifth  avia-builder-el-last  flex_column_div  '     ><style type=\"text\/css\" data-created_by=\"avia_inline_auto\" id=\"style-css-av-av_font_icon-94408b669f1eb12e42b3d81428644cfd\">\n.av_font_icon.av-av_font_icon-94408b669f1eb12e42b3d81428644cfd{\ncolor:#c3512f;\nborder-color:#c3512f;\n}\n.av_font_icon.av-av_font_icon-94408b669f1eb12e42b3d81428644cfd .av-icon-char{\nfont-size:40px;\nline-height:40px;\nwidth:40px;\n}\n<\/style>\n<span  class='av_font_icon av-av_font_icon-94408b669f1eb12e42b3d81428644cfd avia_animate_when_visible av-icon-style-border avia-icon-pos-center avia-icon-animate'><a href='https:\/\/associacoes.beira.pt\/csatijfreguesiadeervedosa\/contactos\/'  class='av-icon-char' aria-hidden='true' data-av_icon='\ue854' data-av_iconfont='entypo-fontello' ><\/a><span class='av_icon_caption av-special-font'>Contactos<\/span><\/span><\/div>\n\n<\/div><\/div><\/div><!-- close content main div --><\/div><\/div>\n<style type=\"text\/css\" data-created_by=\"avia_inline_auto\" id=\"style-css-av-av_section-89f92c5bbe6f0cf3cb46263f9d22f0d9\">\n.avia-section.av-av_section-89f92c5bbe6f0cf3cb46263f9d22f0d9{\nbackground-color:#222222;\nbackground-image:unset;\n}\n<\/style>\n<div id='av_section_2'  class='avia-section av-av_section-89f92c5bbe6f0cf3cb46263f9d22f0d9 main_color avia-section-default avia-no-shadow  avia-builder-el-15  el_after_av_section  el_before_av_codeblock  avia-bg-style-scroll container_wrap sidebar_right'  ><div class='container av-section-cont-open' ><div class='template-page content  av-content-small alpha units'><div class='post-entry post-entry-type-page post-entry-2'><div class='entry-content-wrapper clearfix'>\n<\/div><\/div><\/div><!-- close content main div --><\/div><\/div><div id='after_section_2'  class='main_color av_default_container_wrap container_wrap sidebar_right'  ><div class='container av-section-cont-open' ><div class='template-page content  av-content-small alpha units'><div class='post-entry post-entry-type-page post-entry-2'><div class='entry-content-wrapper clearfix'><\/p>\n","protected":false},"excerpt":{"rendered":"","protected":false},"author":3,"featured_media":0,"parent":0,"menu_order":0,"comment_status":"open","ping_status":"open","template":"","meta":{"_acf_changed":false,"footnotes":""},"class_list":["post-2","page","type-page","status-publish","hentry"],"acf":[],"_links":{"self":[{"href":"https:\/\/associacoes.beira.pt\/csatijfreguesiadeervedosa\/wp-json\/wp\/v2\/pages\/2","targetHints":{"allow":["GET"]}}],"collection":[{"href":"https:\/\/associacoes.beira.pt\/csatijfreguesiadeervedosa\/wp-json\/wp\/v2\/pages"}],"about":[{"href":"https:\/\/associacoes.beira.pt\/csatijfreguesiadeervedosa\/wp-json\/wp\/v2\/types\/page"}],"author":[{"embeddable":true,"href":"https:\/\/associacoes.beira.pt\/csatijfreguesiadeervedosa\/wp-json\/wp\/v2\/users\/3"}],"replies":[{"embeddable":true,"href":"https:\/\/associacoes.beira.pt\/csatijfreguesiadeervedosa\/wp-json\/wp\/v2\/comments?post=2"}],"version-history":[{"count":0,"href":"https:\/\/associacoes.beira.pt\/csatijfreguesiadeervedosa\/wp-json\/wp\/v2\/pages\/2\/revisions"}],"wp:attachment":[{"href":"https:\/\/associacoes.beira.pt\/csatijfreguesiadeervedosa\/wp-json\/wp\/v2\/media?parent=2"}],"curies":[{"name":"wp","href":"https:\/\/api.w.org\/{rel}","templated":true}]}}