{"id":24,"date":"2015-04-20T13:20:04","date_gmt":"2015-04-20T13:20:04","guid":{"rendered":"http:\/\/associacoes.beira.pt\/amcdrsantaeufemia\/?page_id=24"},"modified":"2015-05-13T08:42:25","modified_gmt":"2015-05-13T08:42:25","slug":"quem-somos","status":"publish","type":"page","link":"https:\/\/associacoes.beira.pt\/csatijfreguesiadeervedosa\/quem-somos\/","title":{"rendered":"Quem Somos"},"content":{"rendered":"<div  class='flex_column av-av_one_full-2a9015ff38129c418a3f2eafba3e9512 av_one_full  avia-builder-el-0  avia-builder-el-no-sibling  first flex_column_div  '     ><section  class='av_textblock_section av-av_textblock-0366cc7376be6c9e82a3e9cc8987b64f '   itemscope=\"itemscope\" itemtype=\"https:\/\/schema.org\/CreativeWork\" ><div class='avia_textblock'  itemprop=\"text\" ><p class=\"western\" align=\"JUSTIFY\"><span style=\"font-family: Arial,serif\">A Associa\u00e7\u00e3o \u201cCentro Social de Apoio \u00e0 Terceira Idade e Jovens da Freguesia de Ervedosa\u201d \u00e9 uma Institui\u00e7\u00e3o Particular de Solidariedade Social com sede em Ervedosa, concelho de Pinhel.<\/span><\/p>\n<p class=\"western\" align=\"JUSTIFY\"><span style=\"font-family: Arial,serif\">A Associa\u00e7\u00e3o tem por objectivos:<\/span><\/p>\n<ol>\n<li>\n<p class=\"western\" align=\"JUSTIFY\"><span style=\"font-family: Arial,serif\">Apoio social a idosos e jovens, bem como a pessoas carenciadas, sem fins lucrativos e o seu \u00e2mbito abrange a freguesia de Ervedosa, concelho de Pinhel.<\/span><\/p>\n<\/li>\n<li>\n<p class=\"western\" align=\"JUSTIFY\"><span style=\"font-family: Arial,serif\">S\u00e3o considerados fins principais os de seguran\u00e7a social.<\/span><\/p>\n<\/li>\n<\/ol>\n<p class=\"western\" align=\"JUSTIFY\"><span style=\"font-family: Arial,serif\">Para realiza\u00e7\u00e3o dos seus objectivos, a Institui\u00e7\u00e3o prop\u00f5e-se criar e manter as seguintes actividades:<\/span><\/p>\n<ol type=\"a\">\n<li>\n<p class=\"western\" align=\"JUSTIFY\"><span style=\"font-family: Arial,serif\">Implementar o funcionamento de um Centro de Dia, sem preju\u00edzo da cria\u00e7\u00e3o de um Lar, para acolhimento, acompanhamento e presta\u00e7\u00e3o de todos os servi\u00e7os inerentes, a pessoas idosas ou dependentes.<\/span><\/p>\n<\/li>\n<li>\n<p class=\"western\" align=\"JUSTIFY\"><span style=\"font-family: Arial,serif\">Desenvolver ac\u00e7\u00f5es com car\u00e1cter de apoio domicili\u00e1rio no \u00e2mbito da solidariedade social.<\/span><\/p>\n<\/li>\n<li>\n<p class=\"western\" align=\"JUSTIFY\"><span style=\"font-family: Arial,serif\">Apoiar e fomentar o conv\u00edvio de jovens, atrav\u00e9s da realiza\u00e7\u00e3o de eventos de car\u00e1cter l\u00fadico e de lazer.<\/span><\/p>\n<\/li>\n<\/ol>\n<h5 class=\"western\"><span style=\"color: #003366\"><span style=\"font-family: Arial,serif\">\u00c2mbito, Sede e Objectivos<\/span><\/span><\/h5>\n<p class=\"western\" align=\"JUSTIFY\"><span style=\"font-family: Arial,serif\">Centro Social de Apoio a Idosos e Jovens da Freguesia de Ervedosa, constitu\u00edda como Associa\u00e7\u00e3o e Institui\u00e7\u00e3o Particular de Solidariedade Social, por escritura p\u00fablica a 6 de Novembro de 2000, com estatutos aprovados e registados na Direc\u00e7\u00e3o Geral da Ac\u00e7\u00e3o Social, sob o registo n.\u00ba: 61\/2001, a folhas 162 Verso do Livro n.\u00ba 8 das Associa\u00e7\u00f5es de Solidariedade Social e considera-se efectuado em, 29 de Dezembro de 2000 nos termos do n.\u00ba 2 do artigo 13.\u00ba do Regulamento aprovado pela portaria n.\u00ba 778\/83, de 23 de Julho, <\/span><span style=\"font-family: Arial,serif\">e publicado em DR n.\u00ba292, III s\u00e9rie, de20 de Dezembro de 2000.<\/span><\/p>\n<p class=\"western\" style=\"text-align: left\" align=\"CENTER\"><span style=\"color: #666699\"><span style=\"font-family: Arial,serif\"><b>\u00c2mbito e Sede<\/b><\/span><\/span><\/p>\n<p class=\"western\" align=\"JUSTIFY\"><span style=\"font-family: Arial,serif\">O Centro Social de Apoio \u00e0 Terceira Idade e Jovens da Freguesia de Ervedosa, tem como \u00e2mbito o da Solidariedade Social, e desenvolve essencialmente actividades de apoio social \u00e0 popula\u00e7\u00e3o idosa e Jovens na situa\u00e7\u00e3o de car\u00eancia, nas val\u00eancias de Centro de Dia e de Apoio Domicili\u00e1rio.<\/span><\/p>\n<p class=\"western\" align=\"JUSTIFY\"><span style=\"font-family: Arial,serif\">A sua Sede \u00e9 na freguesia de Ervedosa, concelho de Pinhel.<\/span><\/p>\n<h5 class=\"western\"><span style=\"color: #003366\"><span style=\"font-family: Arial,serif\">Objectivos e Servi\u00e7os<\/span><\/span><\/h5>\n<p class=\"western\" align=\"JUSTIFY\"><span style=\"font-family: Arial,serif\">Os objectivos da Institui\u00e7\u00e3o s\u00e3o:<\/span><\/p>\n<ol>\n<li>\n<p align=\"JUSTIFY\"><span style=\"font-family: Arial,serif\">Assegurar a satisfa\u00e7\u00e3o das necessidades b\u00e1sicas da pessoa, nomeadamente alimenta\u00e7\u00e3o, sa\u00fade e bem-estar, higiene, conforto, ocupa\u00e7\u00e3o e lazer;<\/span><\/p>\n<\/li>\n<li>\n<p align=\"JUSTIFY\"><span style=\"font-family: Arial,serif\">Promover a manuten\u00e7\u00e3o, fortalecimento, ou restabelecimento das rela\u00e7\u00f5es familiares e de vizinhan\u00e7a;<\/span><\/p>\n<\/li>\n<li>\n<p align=\"JUSTIFY\"><span style=\"font-family: Arial,serif\">Garantir e respeitar a independ\u00eancia, a individualidade, a privacidade e a livre express\u00e3o de opini\u00e3o;<\/span><\/p>\n<\/li>\n<li>\n<p align=\"JUSTIFY\"><span style=\"font-family: Arial,serif\">Promover os sentimentos de inter-ac\u00e7\u00e3o, auto-estima e seguran\u00e7a de forma a contribuir para a estabiliza\u00e7\u00e3o e o retardamento do processo de envelhecimento;<\/span><\/p>\n<\/li>\n<li>\n<p align=\"JUSTIFY\"><span style=\"font-family: Arial,serif\">Fomentar as rela\u00e7\u00f5es interpessoais ao n\u00edvel dos idosos e destes com outros grupos et\u00e1rios, a fim de evitar o isolamento;<\/span><\/p>\n<\/li>\n<li>\n<p align=\"JUSTIFY\"><span style=\"font-family: Arial,serif\">Assegurar o acompanhamento psicossocial e o tratamento, sempre que o utente n\u00e3o tiver protec\u00e7\u00e3o familiar;<\/span><\/p>\n<\/li>\n<li>\n<p align=\"JUSTIFY\"><span style=\"font-family: Arial,serif\">Promover a participa\u00e7\u00e3o da comunidade local nas actividades do centro de dia, para que este servi\u00e7o consiga uma integra\u00e7\u00e3o efectiva no meio envolvente.<\/span><\/p>\n<\/li>\n<\/ol>\n<p class=\"western\"><span style=\"color: #666699\"><span style=\"font-family: Arial,serif\"><b>Servi\u00e7os<\/b><\/span><\/span><\/p>\n<p align=\"JUSTIFY\"><span style=\"font-family: Arial,serif\">S\u00e3o servi\u00e7os da Institui\u00e7\u00e3o:<\/span><\/p>\n<ol>\n<li>\n<p align=\"JUSTIFY\"><span style=\"font-family: Arial,serif\"><b>Apoio Domicili\u00e1rio:<\/b><\/span><\/p>\n<ol type=\"a\">\n<li>\n<p align=\"JUSTIFY\"><span style=\"font-family: Arial,serif\">Confec\u00e7\u00e3o de alimentos e distribui\u00e7\u00e3o de refei\u00e7\u00f5es;<\/span><\/p>\n<\/li>\n<li>\n<p align=\"JUSTIFY\"><span style=\"font-family: Arial,serif\">Cuidados de higiene e conforto pessoal;<\/span><\/p>\n<\/li>\n<li>\n<p align=\"JUSTIFY\"><span style=\"font-family: Arial,serif\">Lavagem e tratamento de roupas;<\/span><\/p>\n<\/li>\n<li>\n<p align=\"JUSTIFY\"><span style=\"font-family: Arial,serif\">Cuidados de higiene domicili\u00e1ria;<\/span><\/p>\n<\/li>\n<li>\n<p align=\"JUSTIFY\"><span style=\"font-family: Arial,serif\">Colabora\u00e7\u00e3o no acesso a cuidados de sa\u00fade;<\/span><\/p>\n<\/li>\n<li>\n<p align=\"JUSTIFY\"><span style=\"font-family: Arial,serif\">Apoio em desloca\u00e7\u00f5es ao exterior, nos moldes do n.\u00ba: 7 do artigo n.\u00ba: 9 do Capitulo IV do Regulamento Interno da Institui\u00e7\u00e3o;<\/span><\/p>\n<\/li>\n<li>\n<p align=\"JUSTIFY\"><span style=\"font-family: Arial,serif\">Apoio e acompanhamento psicossocial;<\/span><\/p>\n<\/li>\n<li>\n<p align=\"JUSTIFY\"><span style=\"font-family: Arial,serif\">Disponibiliza\u00e7\u00e3o de informa\u00e7\u00e3o facilitando o acesso a servi\u00e7os da comunidade adequados \u00e0 satisfa\u00e7\u00e3o de outras necessidades.<\/span><\/p>\n<\/li>\n<\/ol>\n<\/li>\n<li>\n<p align=\"JUSTIFY\"><span style=\"font-family: Arial,serif\"><b>Centro de Dia:<\/b><\/span><\/p>\n<ol type=\"a\">\n<li>\n<p align=\"JUSTIFY\"><span style=\"font-family: Arial,serif\">Assegura o servi\u00e7o de refei\u00e7\u00f5es (pequeno-almo\u00e7o, almo\u00e7o, lanche e jantar);<\/span><\/p>\n<\/li>\n<li>\n<p align=\"JUSTIFY\"><span style=\"font-family: Arial,serif\">Cuidados de higiene e conforto pessoal;<\/span><\/p>\n<\/li>\n<li>\n<p align=\"JUSTIFY\"><span style=\"font-family: Arial,serif\">Lavagem e tratamento de roupas;<\/span><\/p>\n<\/li>\n<li>\n<p align=\"JUSTIFY\"><span style=\"font-family: Arial,serif\">Cuidados de higiene domicili\u00e1ria;<\/span><\/p>\n<\/li>\n<li>\n<p align=\"JUSTIFY\"><span style=\"font-family: Arial,serif\">Anima\u00e7\u00e3o\/Ocupa\u00e7\u00e3o\/Lazer<\/span><\/p>\n<\/li>\n<li>\n<p align=\"JUSTIFY\"><span style=\"font-family: Arial,serif\">Colabora\u00e7\u00e3o no acesso a cuidados de sa\u00fade<\/span><\/p>\n<\/li>\n<li>\n<ol>\n<ol type=\"a\">\n<li>\n<p align=\"JUSTIFY\"><span style=\"font-family: Arial,serif\">Apoio em desloca\u00e7\u00f5es ao exterior, nos moldes do n.\u00ba: 7 do artigo n.\u00ba: 9 do Capitulo IV do Regulamento Interno da Institui\u00e7\u00e3o;<\/span><\/p>\n<\/li>\n<li>\n<p align=\"JUSTIFY\"><span style=\"font-family: Arial,serif\">Apoio e acompanhamento psicossocial;<\/span><\/p>\n<\/li>\n<li>\n<p align=\"JUSTIFY\"><span style=\"font-family: Arial,serif\">Transporte do domic\u00edlio ao Centro de Dia e vice-versa.<\/span><\/p>\n<\/li>\n<\/ol>\n<\/ol>\n<p><span style=\"color: #666699\"><span style=\"font-family: Arial,serif\"><b>Funcionamento<\/b><\/span><\/span><\/p>\n<ol>\n<li>\n<p align=\"JUSTIFY\"><span style=\"font-family: Arial,serif\">Os Hor\u00e1rios de funcionamentos estar\u00e3o expostos em local vis\u00edvel e adequado, e ser\u00e3o os seguintes:<\/span><\/p>\n<\/li>\n<\/ol>\n<ol start=\"2\">\n<li>\n<p align=\"JUSTIFY\"><span style=\"font-family: Arial,serif\">Hor\u00e1rio de Funcionamento\u00a0de Ver\u00e3o: das 9:00h \u00e0s 19:00h<\/span><\/p>\n<\/li>\n<li>\n<p align=\"JUSTIFY\"><span style=\"font-family: Arial,serif\">Hor\u00e1rio de Funcionamento de Inverno: das 9:00h \u00e0s 18:00h<\/span><\/p>\n<\/li>\n<li>\n<p align=\"JUSTIFY\"><span style=\"font-family: Arial,serif\">Refei\u00e7\u00f5es\u00a0: Pequeno-almo\u00e7o: 9:30h; Almo\u00e7o: 12h; Lanche: 15:30h; Jantar: 18h (Inverno) e 18:30h (Ver\u00e3o);<\/span><\/p>\n<\/li>\n<\/ol>\n<ol start=\"2\">\n<li>\n<p align=\"JUSTIFY\"><span style=\"font-family: Arial,serif\">O Hor\u00e1rio das Visitas \u00e9 das 10h \u00e0s 11h e das 14h \u00e0s 16h, mas dever\u00e3o ser preferencialmente efectuadas entre as 14h e as 16h;<\/span><\/p>\n<\/li>\n<li>\n<p align=\"JUSTIFY\"><span style=\"font-family: Arial,serif\">A institui\u00e7\u00e3o est\u00e1 aberta de segunda a domingo incluindo feriados.<\/span><\/p>\n<\/li>\n<\/ol>\n<\/li>\n<\/ol>\n<\/li>\n<\/ol>\n<p class=\"western\" align=\"JUSTIFY\"><span style=\"font-family: Arial,serif\">\u00a0<\/span><\/p>\n<\/div><\/section><\/div>\n","protected":false},"excerpt":{"rendered":"","protected":false},"author":3,"featured_media":0,"parent":0,"menu_order":0,"comment_status":"open","ping_status":"open","template":"","meta":{"_acf_changed":false,"footnotes":""},"class_list":["post-24","page","type-page","status-publish","hentry"],"acf":[],"_links":{"self":[{"href":"https:\/\/associacoes.beira.pt\/csatijfreguesiadeervedosa\/wp-json\/wp\/v2\/pages\/24","targetHints":{"allow":["GET"]}}],"collection":[{"href":"https:\/\/associacoes.beira.pt\/csatijfreguesiadeervedosa\/wp-json\/wp\/v2\/pages"}],"about":[{"href":"https:\/\/associacoes.beira.pt\/csatijfreguesiadeervedosa\/wp-json\/wp\/v2\/types\/page"}],"author":[{"embeddable":true,"href":"https:\/\/associacoes.beira.pt\/csatijfreguesiadeervedosa\/wp-json\/wp\/v2\/users\/3"}],"replies":[{"embeddable":true,"href":"https:\/\/associacoes.beira.pt\/csatijfreguesiadeervedosa\/wp-json\/wp\/v2\/comments?post=24"}],"version-history":[{"count":0,"href":"https:\/\/associacoes.beira.pt\/csatijfreguesiadeervedosa\/wp-json\/wp\/v2\/pages\/24\/revisions"}],"wp:attachment":[{"href":"https:\/\/associacoes.beira.pt\/csatijfreguesiadeervedosa\/wp-json\/wp\/v2\/media?parent=24"}],"curies":[{"name":"wp","href":"https:\/\/api.w.org\/{rel}","templated":true}]}}