{"id":16,"date":"2015-05-29T09:09:08","date_gmt":"2015-05-29T09:09:08","guid":{"rendered":"http:\/\/associacoes.beira.pt\/cscaldeiadobispo\/?page_id=16"},"modified":"2015-06-02T15:31:14","modified_gmt":"2015-06-02T15:31:14","slug":"quem-somos","status":"publish","type":"page","link":"https:\/\/associacoes.beira.pt\/cscaldeiadobispo\/quem-somos\/","title":{"rendered":"Quem Somos"},"content":{"rendered":"<div  class='flex_column av-av_one_full-2a9015ff38129c418a3f2eafba3e9512 av_one_full  avia-builder-el-0  avia-builder-el-no-sibling  first flex_column_div  '     ><section  class='av_textblock_section av-av_textblock-0366cc7376be6c9e82a3e9cc8987b64f '   itemscope=\"itemscope\" itemtype=\"https:\/\/schema.org\/CreativeWork\" ><div class='avia_textblock'  itemprop=\"text\" ><p><span style=\"font-size: medium;\"><b>Denomina\u00e7\u00e3o:<\/b><\/span><\/p>\n<p align=\"JUSTIFY\">O Centro Social e Cultural de Aldeia do Bispo (Guarda), est\u00e1 constitu\u00eddo como Associa\u00e7\u00e3o e Institui\u00e7\u00e3o Particular de Solidariedade Social (IPSS) por escritura p\u00fablica a 11 de Setembro de 1995, publicado em DR n\u00ba 247, III S\u00e9rie em 25 de Outubro de 1995.<\/p>\n<p align=\"JUSTIFY\">Com estatutos aprovados e registados na Dire\u00e7\u00e3o Geral da Ac\u00e7\u00e3o Social, sob o registo n.\u00ba 35\/96, a folhas 121 Verso do Livro n.\u00ba6 das Associa\u00e7\u00f5es de Solidariedade Social e considera-se efectuado a 4 de Dezembro de 2005, nos termos do n.\u00ba2 do artg.\u00ba13.\u00ba do Regulamento aprovado pela portaria n.\u00ba 77\/83, de 23 de Julho e publicado em DR n.\u00ba 166, III S\u00e9rie em 19 de Julho 1966, tendo Sofrido altera\u00e7\u00f5es dos estatutos, com o registo lavrado pelo averbamento n.\u00ba 2, \u00e0 inscri\u00e7\u00e3o n.\u00ba 35\/96, a folhas 121 verso do livro n.\u00ba6 das Associa\u00e7\u00f5es de Solidariedade Social e considera-se efetuado a 16\/05\/2012.<\/p>\n<p><span style=\"font-size: medium;\"><b>\u00c2mbito de Aplica\u00e7\u00e3o e Sede<\/b><\/span><\/p>\n<ol>\n<li>O Centro Social e Cultural de Aldeia do Bispo desenvolve, entre outras atividades, apoio social \u00e0 popula\u00e7\u00e3o idosa;<\/li>\n<li>A Institui\u00e7\u00e3o tem \u00e2mbito de atua\u00e7\u00e3o Distrital;<\/li>\n<li>A sua Sede \u00e9 na freguesia de Aldeia do Bispo, concelho da Guarda.<\/li>\n<\/ol>\n<p><span style=\"font-size: medium;\"><b>Objetivos da Institui\u00e7\u00e3o<\/b><\/span><\/p>\n<p><span style=\"font-size: medium;\"><b>Os objetivos da institui\u00e7\u00e3o s\u00e3o:<\/b><\/span><\/p>\n<ol>\n<li>Prevenir situa\u00e7\u00f5es de depend\u00eancia e promover a autonomia;<\/li>\n<li>Contribuir para a melhoria da qualidade de vida dos seus utentes;<\/li>\n<li>Proporcionar o acompanhamento psicol\u00f3gico, social e providenciar encaminhamentos, sendo caso disso, de modo a contribuir para o seu equil\u00edbrio e bem-estar;<\/li>\n<li>Colaborar no acesso \u00e0 presta\u00e7\u00e3o de cuidados de sa\u00fade;<\/li>\n<li>Assegurar a satisfa\u00e7\u00e3o das necessidades b\u00e1sicas da pessoa, nomeadamente: alimenta\u00e7\u00e3o, sa\u00fade, higiene, ocupa\u00e7\u00e3o e lazer.<\/li>\n<li>Valorizar as capacidades, compet\u00eancias, saberes e cultura do idoso, aumentando a sua autoestima e autoconfian\u00e7a.<\/li>\n<li>Promover os sentimentos de intera\u00e7\u00e3o, autoestima e seguran\u00e7a por forma a contribuir para a estabiliza\u00e7\u00e3o e o retardamento do processo de envelhecimento.<\/li>\n<\/ol>\n<p><span style=\"font-size: medium;\"><b>Fins<\/b><\/span><\/p>\n<p align=\"JUSTIFY\">Pretende-se com a Resposta Social: Centro de Dia, acolher os utentes no Centro durante o dia e promovemos um vasto e diversificado leque de atividades incitando-os \u00e0 participa\u00e7\u00e3o ativa;<\/p>\n<p align=\"JUSTIFY\">A Resposta Social: Servi\u00e7o de Apoio Domicili\u00e1rio (SAD), destina-se mormente a indiv\u00edduos e fam\u00edlias que por diversos motivos, necessitam de um conjunto de apoios distintos e deste modo, providenciamos, na sua pr\u00f3pria resid\u00eancia, a assist\u00eancia \u00e0s necessidades diagnosticadas, tentando minimiz\u00e1-las atrav\u00e9s do suporte favorecido \u00e0s \u00e1reas mais debilitadas.<\/p>\n<p><span style=\"font-size: medium;\"><b>Respostas Sociais e Servi\u00e7os Prestados<\/b><\/span><\/p>\n<p>O Centro Social e Cultural de Aldeia do Bispo, assegura a presta\u00e7\u00e3o das seguintes respostas sociais e servi\u00e7os:<\/p>\n<ol>\n<li>Centro de Dia;<\/li>\n<li>Apoio Domicili\u00e1rio (alimenta\u00e7\u00e3o; cuidados de higiene e conforto pessoal; cuidados de higiene e conforto habitacional; higiene e tratamento de roupas, entre outros).<\/li>\n<li>Promo\u00e7\u00e3o de atividades Culturais, de Anima\u00e7\u00e3o e Lazer;<\/li>\n<li>Apoio nas desloca\u00e7\u00f5es para a Institui\u00e7\u00e3o e \u00e0 cidade da Guarda;<\/li>\n<li>Apoio e encaminhamento social;<\/li>\n<li>Promo\u00e7\u00e3o de pequenas sa\u00eddas e passeios;<\/li>\n<\/ol>\n<\/div><\/section><\/div>\n","protected":false},"excerpt":{"rendered":"","protected":false},"author":3,"featured_media":0,"parent":0,"menu_order":0,"comment_status":"open","ping_status":"open","template":"","meta":{"_acf_changed":false,"footnotes":""},"class_list":["post-16","page","type-page","status-publish","hentry"],"acf":[],"_links":{"self":[{"href":"https:\/\/associacoes.beira.pt\/cscaldeiadobispo\/wp-json\/wp\/v2\/pages\/16","targetHints":{"allow":["GET"]}}],"collection":[{"href":"https:\/\/associacoes.beira.pt\/cscaldeiadobispo\/wp-json\/wp\/v2\/pages"}],"about":[{"href":"https:\/\/associacoes.beira.pt\/cscaldeiadobispo\/wp-json\/wp\/v2\/types\/page"}],"author":[{"embeddable":true,"href":"https:\/\/associacoes.beira.pt\/cscaldeiadobispo\/wp-json\/wp\/v2\/users\/3"}],"replies":[{"embeddable":true,"href":"https:\/\/associacoes.beira.pt\/cscaldeiadobispo\/wp-json\/wp\/v2\/comments?post=16"}],"version-history":[{"count":0,"href":"https:\/\/associacoes.beira.pt\/cscaldeiadobispo\/wp-json\/wp\/v2\/pages\/16\/revisions"}],"wp:attachment":[{"href":"https:\/\/associacoes.beira.pt\/cscaldeiadobispo\/wp-json\/wp\/v2\/media?parent=16"}],"curies":[{"name":"wp","href":"https:\/\/api.w.org\/{rel}","templated":true}]}}