{"id":2,"date":"2015-05-28T16:16:07","date_gmt":"2015-05-28T16:16:07","guid":{"rendered":"http:\/\/associacoes.beira.pt\/cscaldeiadobispo\/?page_id=2"},"modified":"2017-12-11T12:39:45","modified_gmt":"2017-12-11T12:39:45","slug":"pagina-principal","status":"publish","type":"page","link":"https:\/\/associacoes.beira.pt\/cscaldeiadobispo\/","title":{"rendered":"P\u00e1gina Principal"},"content":{"rendered":"<div id='layer_slider_1'  class='avia-layerslider main_color avia-shadow  avia-builder-el-0  el_before_av_section  avia-builder-el-first  container_wrap fullsize'  style='height: 501px;'  ><\/div>\n\n<style type=\"text\/css\" data-created_by=\"avia_inline_auto\" id=\"style-css-av-av_section-406ff4f73295de3fa2a85be08519769c\">\n.avia-section.av-av_section-406ff4f73295de3fa2a85be08519769c{\nbackground-color:#f4f4f4;\nbackground-image:unset;\n}\n.avia-section.av-av_section-406ff4f73295de3fa2a85be08519769c .av-section-color-overlay{\nopacity:0.2;\nbackground-image:url(https:\/\/associacoes.beira.pt\/cscaldeiadobispo\/wp-content\/themes\/enfold\/images\/background-images\/diagonal-thin-light.png);\nbackground-repeat:repeat;\n}\n.avia-section.av-av_section-406ff4f73295de3fa2a85be08519769c .av-extra-border-element .av-extra-border-inner{\nbackground-color:#f4f4f4;\n}\n<\/style>\n<div id='av_section_1'  class='avia-section av-av_section-406ff4f73295de3fa2a85be08519769c main_color avia-section-small avia-shadow  avia-builder-el-1  el_after_av_layerslider  el_before_av_section  avia-bg-style-scroll av-section-color-overlay-active av-arrow-down-section container_wrap fullsize'  ><div class=\"av-section-color-overlay-wrap\"><div class=\"av-section-color-overlay\"><\/div><div class='container av-section-cont-open' ><div class='template-page content  av-content-full alpha units'><div class='post-entry post-entry-type-page post-entry-2'><div class='entry-content-wrapper clearfix'>\n\n\n<\/div><\/div><\/div><!-- close content main div --><\/div><div class='av-extra-border-element border-extra-arrow-down'><div class='av-extra-border-outer'><div class='av-extra-border-inner'><\/div><\/div><\/div><\/div><\/div><div id='av_section_2'  class='avia-section av-av_section-bb9bdb22c7f9e6bf1d52c155825dc7f7 main_color avia-section-default avia-no-shadow  avia-builder-el-3  el_after_av_section  el_before_av_section  avia-bg-style-scroll container_wrap fullsize'  ><div class='container av-section-cont-open' ><div class='template-page content  av-content-full alpha units'><div class='post-entry post-entry-type-page post-entry-2'><div class='entry-content-wrapper clearfix'>\n<section  class='av_textblock_section av-av_textblock-0366cc7376be6c9e82a3e9cc8987b64f '   itemscope=\"itemscope\" itemtype=\"https:\/\/schema.org\/CreativeWork\" ><div class='avia_textblock'  itemprop=\"text\" ><p><span style=\"font-size: medium;\"><b>Denomina\u00e7\u00e3o:<\/b><\/span><\/p>\n<p align=\"JUSTIFY\">O Centro Social e Cultural de Aldeia do Bispo (Guarda), est\u00e1 constitu\u00eddo como Associa\u00e7\u00e3o e Institui\u00e7\u00e3o Particular de Solidariedade Social (IPSS) por escritura p\u00fablica a 11 de Setembro de 1995, publicado em DR n\u00ba 247, III S\u00e9rie em 25 de Outubro de 1995.<\/p>\n<p align=\"JUSTIFY\">Com estatutos aprovados e registados na Dire\u00e7\u00e3o Geral da Ac\u00e7\u00e3o Social, sob o registo n.\u00ba 35\/96, a folhas 121 Verso do Livro n.\u00ba6 das Associa\u00e7\u00f5es de Solidariedade Social e considera-se efectuado a 4 de Dezembro de 2005, nos termos do n.\u00ba2 do artg.\u00ba13.\u00ba do Regulamento aprovado pela portaria n.\u00ba 77\/83, de 23 de Julho e publicado em DR n.\u00ba 166, III S\u00e9rie em 19 de Julho 1966, tendo Sofrido altera\u00e7\u00f5es dos estatutos, com o registo lavrado pelo averbamento n.\u00ba 2, \u00e0 inscri\u00e7\u00e3o n.\u00ba 35\/96, a folhas 121 verso do livro n.\u00ba6 das Associa\u00e7\u00f5es de Solidariedade Social e considera-se efetuado a 16\/05\/2012.<\/p>\n<\/div><\/section>\n\n<\/div><\/div><\/div><!-- close content main div --><\/div><\/div><div id='av_section_3'  class='avia-section av-av_section-bb9bdb22c7f9e6bf1d52c155825dc7f7 main_color avia-section-default avia-no-shadow  avia-builder-el-5  el_after_av_section  el_before_av_section  avia-bg-style-scroll container_wrap fullsize'  ><div class='container av-section-cont-open' ><div class='template-page content  av-content-full alpha units'><div class='post-entry post-entry-type-page post-entry-2'><div class='entry-content-wrapper clearfix'>\n\n<style type=\"text\/css\" data-created_by=\"avia_inline_auto\" id=\"style-css-av-av_one_fourth-6126cab7d8fab8d08143dd2dacdf673c\">\n.flex_column.av-av_one_fourth-6126cab7d8fab8d08143dd2dacdf673c{\n-webkit-border-radius:0px 0px 0px 0px;\n-moz-border-radius:0px 0px 0px 0px;\nborder-radius:0px 0px 0px 0px;\npadding:0px 0px 0px 0px;\n}\n<\/style>\n<div  class='flex_column av-av_one_fourth-6126cab7d8fab8d08143dd2dacdf673c av_one_fourth  avia-builder-el-6  el_before_av_one_fourth  avia-builder-el-first  first flex_column_div av-zero-column-padding  '     ><style type=\"text\/css\" data-created_by=\"avia_inline_auto\" id=\"style-css-av-av_font_icon-1e433230a2733f7c7c279c5809bd4cab\">\n.av_font_icon.av-av_font_icon-1e433230a2733f7c7c279c5809bd4cab .av-icon-char{\nfont-size:40px;\nline-height:40px;\nwidth:40px;\n}\n<\/style>\n<span  class='av_font_icon av-av_font_icon-1e433230a2733f7c7c279c5809bd4cab avia_animate_when_visible av-icon-style-border avia-icon-pos-center av-no-color avia-icon-animate'><a href='https:\/\/associacoes.beira.pt\/cscaldeiadobispo\/lista-dos-corpos-gerentes\/'  class='av-icon-char' aria-hidden='true' data-av_icon='\ue84b' data-av_iconfont='entypo-fontello' ><\/a><span class='av_icon_caption av-special-font'>Lista dos Corpos Gerentes<\/span><\/span><\/div><div  class='flex_column av-av_one_fourth-3a36bb508d5fc0610edbe28fa28f353c av_one_fourth  avia-builder-el-8  el_after_av_one_fourth  el_before_av_one_fourth  flex_column_div  '     ><style type=\"text\/css\" data-created_by=\"avia_inline_auto\" id=\"style-css-av-av_font_icon-fef9aa094ffa53b4840acdd120cf85b6\">\n.av_font_icon.av-av_font_icon-fef9aa094ffa53b4840acdd120cf85b6 .av-icon-char{\nfont-size:40px;\nline-height:40px;\nwidth:40px;\n}\n<\/style>\n<span  class='av_font_icon av-av_font_icon-fef9aa094ffa53b4840acdd120cf85b6 avia_animate_when_visible av-icon-style-border avia-icon-pos-center av-no-color avia-icon-animate'><a href='https:\/\/associacoes.beira.pt\/cscaldeiadobispo\/quem-somos\/'  class='av-icon-char' aria-hidden='true' data-av_icon='\ue840' data-av_iconfont='entypo-fontello' ><\/a><span class='av_icon_caption av-special-font'>Quem Somos<\/span><\/span><\/div>\n<style type=\"text\/css\" data-created_by=\"avia_inline_auto\" id=\"style-css-av-av_one_fourth-0aa7055fe62c3622faec82866afbaeb2\">\n.flex_column.av-av_one_fourth-0aa7055fe62c3622faec82866afbaeb2{\n-webkit-border-radius:0px 0px 0px 0px;\n-moz-border-radius:0px 0px 0px 0px;\nborder-radius:0px 0px 0px 0px;\npadding:0px 0px 0px 0px;\n}\n<\/style>\n<div  class='flex_column av-av_one_fourth-0aa7055fe62c3622faec82866afbaeb2 av_one_fourth  avia-builder-el-10  el_after_av_one_fourth  el_before_av_one_fourth  flex_column_div av-zero-column-padding  '     ><style type=\"text\/css\" data-created_by=\"avia_inline_auto\" id=\"style-css-av-av_font_icon-5789e1249113b8b9692136a48b67ebe7\">\n.av_font_icon.av-av_font_icon-5789e1249113b8b9692136a48b67ebe7 .av-icon-char{\nfont-size:40px;\nline-height:40px;\nwidth:40px;\n}\n<\/style>\n<span  class='av_font_icon av-av_font_icon-5789e1249113b8b9692136a48b67ebe7 avia_animate_when_visible av-icon-style-border avia-icon-pos-center av-no-color avia-icon-animate'><a href='https:\/\/associacoes.beira.pt\/cscaldeiadobispo\/contactos\/'  class='av-icon-char' aria-hidden='true' data-av_icon='\ue854' data-av_iconfont='entypo-fontello' ><\/a><span class='av_icon_caption av-special-font'>Contactos<\/span><\/span><\/div>\n<style type=\"text\/css\" data-created_by=\"avia_inline_auto\" id=\"style-css-av-av_one_fourth-0aa7055fe62c3622faec82866afbaeb2\">\n.flex_column.av-av_one_fourth-0aa7055fe62c3622faec82866afbaeb2{\n-webkit-border-radius:0px 0px 0px 0px;\n-moz-border-radius:0px 0px 0px 0px;\nborder-radius:0px 0px 0px 0px;\npadding:0px 0px 0px 0px;\n}\n<\/style>\n<div  class='flex_column av-av_one_fourth-0aa7055fe62c3622faec82866afbaeb2 av_one_fourth  avia-builder-el-12  el_after_av_one_fourth  avia-builder-el-last  flex_column_div av-zero-column-padding  '     ><style type=\"text\/css\" data-created_by=\"avia_inline_auto\" id=\"style-css-av-av_font_icon-dc908481ab2449a47f044dbbd8746010\">\n.av_font_icon.av-av_font_icon-dc908481ab2449a47f044dbbd8746010 .av-icon-char{\nfont-size:40px;\nline-height:40px;\nwidth:40px;\n}\n<\/style>\n<span  class='av_font_icon av-av_font_icon-dc908481ab2449a47f044dbbd8746010 avia_animate_when_visible av-icon-style-border avia-icon-pos-center av-no-color avia-icon-animate'><a href='https:\/\/associacoes.beira.pt\/cscaldeiadobispo\/estatutos\/'  class='av-icon-char' aria-hidden='true' data-av_icon='\ue80c' data-av_iconfont='entypo-fontello' ><\/a><span class='av_icon_caption av-special-font'>Estatutos<\/span><\/span><\/div>\n\n<\/div><\/div><\/div><!-- close content main div --><\/div><\/div>\n<style type=\"text\/css\" data-created_by=\"avia_inline_auto\" id=\"style-css-av-av_section-87fd9d4af478dfeccc0bdba2a67678f1\">\n.avia-section.av-av_section-87fd9d4af478dfeccc0bdba2a67678f1{\nbackground-color:#222222;\nbackground-image:unset;\n}\n<\/style>\n<div id='av_section_4'  class='avia-section av-av_section-87fd9d4af478dfeccc0bdba2a67678f1 main_color avia-section-default avia-no-shadow  avia-builder-el-14  el_after_av_section  avia-builder-el-last  avia-bg-style-scroll container_wrap fullsize'  ><div class='container av-section-cont-open' ><div class='template-page content  av-content-full alpha units'><div class='post-entry post-entry-type-page post-entry-2'><div class='entry-content-wrapper clearfix'>\n\n\n","protected":false},"excerpt":{"rendered":"","protected":false},"author":3,"featured_media":0,"parent":0,"menu_order":0,"comment_status":"open","ping_status":"open","template":"","meta":{"_acf_changed":false,"footnotes":""},"class_list":["post-2","page","type-page","status-publish","hentry"],"acf":[],"_links":{"self":[{"href":"https:\/\/associacoes.beira.pt\/cscaldeiadobispo\/wp-json\/wp\/v2\/pages\/2","targetHints":{"allow":["GET"]}}],"collection":[{"href":"https:\/\/associacoes.beira.pt\/cscaldeiadobispo\/wp-json\/wp\/v2\/pages"}],"about":[{"href":"https:\/\/associacoes.beira.pt\/cscaldeiadobispo\/wp-json\/wp\/v2\/types\/page"}],"author":[{"embeddable":true,"href":"https:\/\/associacoes.beira.pt\/cscaldeiadobispo\/wp-json\/wp\/v2\/users\/3"}],"replies":[{"embeddable":true,"href":"https:\/\/associacoes.beira.pt\/cscaldeiadobispo\/wp-json\/wp\/v2\/comments?post=2"}],"version-history":[{"count":0,"href":"https:\/\/associacoes.beira.pt\/cscaldeiadobispo\/wp-json\/wp\/v2\/pages\/2\/revisions"}],"wp:attachment":[{"href":"https:\/\/associacoes.beira.pt\/cscaldeiadobispo\/wp-json\/wp\/v2\/media?parent=2"}],"curies":[{"name":"wp","href":"https:\/\/api.w.org\/{rel}","templated":true}]}}