{"id":20,"date":"2015-05-29T09:16:13","date_gmt":"2015-05-29T09:16:13","guid":{"rendered":"http:\/\/associacoes.beira.pt\/cscaldeiadobispo\/?page_id=20"},"modified":"2022-06-20T17:02:53","modified_gmt":"2022-06-20T17:02:53","slug":"lista-dos-corpos-gerentes","status":"publish","type":"page","link":"https:\/\/associacoes.beira.pt\/cscaldeiadobispo\/lista-dos-corpos-gerentes\/","title":{"rendered":"Lista dos Corpos Gerentes"},"content":{"rendered":"<div  class='flex_column av-1gwn8-a2d4fa248a870216ab0d3bb52d95056c av_one_full  avia-builder-el-0  avia-builder-el-no-sibling  first flex_column_div  '     ><section  class='av_textblock_section av-omo0-134e7b9315cbe2c33feae4ccaf8bb032 '   itemscope=\"itemscope\" itemtype=\"https:\/\/schema.org\/CreativeWork\" ><div class='avia_textblock'  itemprop=\"text\" ><p><span style=\"font-size: large\"><b>Corpos Sociais para o Quadri\u00e9nio de 2022 &#8211; 2025<\/b><\/span><\/p>\n<p><span style=\"font-size: large\"><b>DIREC\u00c7\u00c3O<\/b><\/span><\/p>\n<p><span style=\"font-size: large\">Presidente \u2013 Marco Paulo da Costa Martins<\/span><\/p>\n<p><span style=\"font-size: large\">Vice- Presidente \u2013 Isabel Cristina da Costa Pedro<\/span><\/p>\n<p><span style=\"font-size: large\">Secret\u00e1ria \u2013 C\u00e9lia Sofia Silva Bidarra<\/span><\/p>\n<p><span style=\"font-size: large\">Tesoureira \u2013 Isabel Maria Pires da Costa Pina<\/span><\/p>\n<p><span style=\"font-size: large\">Vogal- Carlos Alberto Fernandes da Costa<\/span><\/p>\n<p><span style=\"font-size: large\"><b>SUPLENTES DA DIRE\u00c7\u00c3O<\/b><\/span><\/p>\n<p><span style=\"font-size: large\">Aires Ant\u00f3nio Gomes de Almeida<\/span><\/p>\n<p><span style=\"font-size: large\">Maria Isabel Bidarra da Costa Antunes Frias<\/span><\/p>\n<p><span style=\"font-size: large\">Manuel Bidarra da Costa<\/span><\/p>\n<p><span style=\"font-size: large\">Henrique Jorge dos Reis Martins<\/span><\/p>\n<p><span style=\"font-size: large\">Herculano Soares Martins<\/span><\/p>\n<p><span style=\"font-size: large\"><b>ASSEMBLEIA GERAL<\/b><\/span><\/p>\n<p><span style=\"font-size: large\">Presidente \u2013 Paula Cristina da Costa Martins<\/span><\/p>\n<p><span style=\"font-size: large\">1.\u00ba Secret\u00e1rio \u2013 Telmo Jos\u00e9 Bidarra Frias<\/span><\/p>\n<p><span style=\"font-size: large\">2.\u00ba Secret\u00e1rio \u2013 Maria de F\u00e1tima Costa Abrantes<\/span><\/p>\n<p><span style=\"font-size: large\"><b>CONSELHO FISCAL<\/b><\/span><\/p>\n<p><span style=\"font-size: large\">Presidente \u2013 Ant\u00f3nio Jos\u00e9 da Cruz Mendon\u00e7a<\/span><\/p>\n<p><span style=\"font-size: large\">Vogal \u2013 Maria Alcina Costa Santos Bidarra<\/span><\/p>\n<p><span style=\"font-size: large\">Vogal \u2013 Jo\u00e3o Ricardo Costa Perp\u00e9tuo<\/span><\/p>\n<p><span style=\"font-size: large\"><b>SUPLENTES CONSELHO FISCAL<\/b><\/span><\/p>\n<p><span style=\"font-size: large\">Josefina Maria Camur\u00e7a Gon\u00e7alves<\/span><\/p>\n<p><span style=\"font-size: large\">Maria Beatriz Clara Ramos<\/span><\/p>\n<p><span style=\"font-size: large\">Alcina Maria Fonseca Louren\u00e7o<\/span><\/p>\n<\/div><\/section><\/div>\n","protected":false},"excerpt":{"rendered":"","protected":false},"author":3,"featured_media":0,"parent":0,"menu_order":0,"comment_status":"closed","ping_status":"closed","template":"","meta":{"_acf_changed":false,"footnotes":""},"class_list":["post-20","page","type-page","status-publish","hentry"],"acf":[],"_links":{"self":[{"href":"https:\/\/associacoes.beira.pt\/cscaldeiadobispo\/wp-json\/wp\/v2\/pages\/20","targetHints":{"allow":["GET"]}}],"collection":[{"href":"https:\/\/associacoes.beira.pt\/cscaldeiadobispo\/wp-json\/wp\/v2\/pages"}],"about":[{"href":"https:\/\/associacoes.beira.pt\/cscaldeiadobispo\/wp-json\/wp\/v2\/types\/page"}],"author":[{"embeddable":true,"href":"https:\/\/associacoes.beira.pt\/cscaldeiadobispo\/wp-json\/wp\/v2\/users\/3"}],"replies":[{"embeddable":true,"href":"https:\/\/associacoes.beira.pt\/cscaldeiadobispo\/wp-json\/wp\/v2\/comments?post=20"}],"version-history":[{"count":0,"href":"https:\/\/associacoes.beira.pt\/cscaldeiadobispo\/wp-json\/wp\/v2\/pages\/20\/revisions"}],"wp:attachment":[{"href":"https:\/\/associacoes.beira.pt\/cscaldeiadobispo\/wp-json\/wp\/v2\/media?parent=20"}],"curies":[{"name":"wp","href":"https:\/\/api.w.org\/{rel}","templated":true}]}}