{"id":2,"date":"2015-04-20T10:03:11","date_gmt":"2015-04-20T10:03:11","guid":{"rendered":"http:\/\/associacoes.beira.pt\/amcdrsantaeufemia\/?page_id=2"},"modified":"2021-11-29T17:29:30","modified_gmt":"2021-11-29T17:29:30","slug":"pagina-exemplo","status":"publish","type":"page","link":"https:\/\/associacoes.beira.pt\/cscvalhelhas\/","title":{"rendered":"P\u00e1gina Principal"},"content":{"rendered":"<div id='layer_slider_1'  class='avia-layerslider main_color avia-shadow  avia-builder-el-0  el_before_av_section  avia-builder-el-first  container_wrap sidebar_right'  style='height: 401px;'  ><\/div>\n\n<style type=\"text\/css\" data-created_by=\"avia_inline_auto\" id=\"style-css-av-161w2-9c7c009caa9101e20623407f5334254a\">\n.avia-section.av-161w2-9c7c009caa9101e20623407f5334254a{\nbackground-color:#ffffff;\nbackground-image:unset;\n}\n<\/style>\n<div id='av_section_1'  class='avia-section av-161w2-9c7c009caa9101e20623407f5334254a main_color avia-section-default avia-no-shadow  avia-builder-el-1  el_after_av_layerslider  el_before_av_section  avia-bg-style-scroll container_wrap sidebar_right'  ><div class='container av-section-cont-open' ><div class='template-page content  av-content-small alpha units'><div class='post-entry post-entry-type-page post-entry-2'><div class='entry-content-wrapper clearfix'>\n<section  class='av_textblock_section av-14j4y-8613c463974ceb7e51d9250b80ed3dc6 '   itemscope=\"itemscope\" itemtype=\"https:\/\/schema.org\/CreativeWork\" ><div class='avia_textblock'  itemprop=\"text\" ><h2>Centro Social e Cultural de Valhelhas<\/h2>\n<\/div><\/section>\n<section  class='av_textblock_section av-128xs-22219662d58b275602127e287ad52f0c '   itemscope=\"itemscope\" itemtype=\"https:\/\/schema.org\/CreativeWork\" ><div class='avia_textblock'  itemprop=\"text\" ><p style=\"text-align: justify\">A miss\u00e3o do Centro Social e Cultural de Valhelhas consiste em atender e acolher pessoas com idade superior a 65 anos e\/ou pessoas cuja a sua situa\u00e7\u00e3o evidencie car\u00eancia social. O Centro Social e Cultural de Valhelhas visa trabalhar para a comunidade de forma a diminuir os problemas sociais existentes. Este centro pretende garantir de forma satisfat\u00f3ria e adequada todos os servi\u00e7os que lhe s\u00e3o incumbidos, com a finalidade de melhorar a qualidade de vida e o bem estar-social dos nossos utentes\/clientes.<\/p>\n<\/div><\/section>\n\n<\/div><\/div><\/div><!-- close content main div --><\/div><\/div>\n<style type=\"text\/css\" data-created_by=\"avia_inline_auto\" id=\"style-css-av-yvf2-3abbcc99a8bb221b79e4b984a472294f\">\n.avia-section.av-yvf2-3abbcc99a8bb221b79e4b984a472294f{\nbackground-color:#55b4c6;\nbackground-image:unset;\n}\n<\/style>\n<div id='av_section_2'  class='avia-section av-yvf2-3abbcc99a8bb221b79e4b984a472294f main_color avia-section-default avia-no-border-styling  avia-builder-el-4  el_after_av_section  el_before_av_section  avia-bg-style-scroll container_wrap sidebar_right'  ><div class='container av-section-cont-open' ><div class='template-page content  av-content-small alpha units'><div class='post-entry post-entry-type-page post-entry-2'><div class='entry-content-wrapper clearfix'>\n\n<style type=\"text\/css\" data-created_by=\"avia_inline_auto\" id=\"style-css-av-3az4-2f05af5bd49f8f88c5e9081b351e2b20\">\n#top .avia-gallery.av-3az4-2f05af5bd49f8f88c5e9081b351e2b20 .avia-gallery-thumb a{\nwidth:25%;\n}\n<\/style>\n<div  class='avia-gallery av-3az4-2f05af5bd49f8f88c5e9081b351e2b20 avia_animate_when_visible  avia-builder-el-5  avia-builder-el-no-sibling  deactivate_avia_lazyload avia-gallery-animate avia-gallery-1'  itemprop=\"image\" itemscope=\"itemscope\" itemtype=\"https:\/\/schema.org\/ImageObject\" ><meta itemprop=\"contentURL\" content=\"https:\/\/associacoes.beira.pt\/cscvalhelhas\/\"><div class='avia-gallery-thumb'><a href=\"https:\/\/associacoes.beira.pt\/cscvalhelhas\/wp-content\/uploads\/sites\/12\/2015\/04\/13083164_1374537112561749_8192604832924224656_n.jpg\" data-rel='gallery-1' data-prev-img='https:\/\/associacoes.beira.pt\/cscvalhelhas\/wp-content\/uploads\/sites\/12\/2015\/04\/13083164_1374537112561749_8192604832924224656_n-495x400.jpg' class='first_thumb lightbox ' data-onclick='1' title='13083164_1374537112561749_8192604832924224656_n'  itemprop=\"thumbnailUrl\"  ><img class=\"wp-image-445 avia-img-lazy-loading-not-445\"   src='https:\/\/associacoes.beira.pt\/cscvalhelhas\/wp-content\/uploads\/sites\/12\/2015\/04\/13083164_1374537112561749_8192604832924224656_n-845x321.jpg' width='845' height='321'  title='13083164_1374537112561749_8192604832924224656_n' alt='' \/><div class='big-prev-fake'><img class=\"wp-image-445 avia-img-lazy-loading-445\"  width='495' height='400' src='https:\/\/associacoes.beira.pt\/cscvalhelhas\/wp-content\/uploads\/sites\/12\/2015\/04\/13083164_1374537112561749_8192604832924224656_n-495x400.jpg' title='13083164_1374537112561749_8192604832924224656_n' alt='' \/><\/div><\/a><a href=\"https:\/\/associacoes.beira.pt\/cscvalhelhas\/wp-content\/uploads\/sites\/12\/2015\/04\/13124961_1374536925895101_5472913488998073615_n.jpg\" data-rel='gallery-1' data-prev-img='https:\/\/associacoes.beira.pt\/cscvalhelhas\/wp-content\/uploads\/sites\/12\/2015\/04\/13124961_1374536925895101_5472913488998073615_n-495x400.jpg' class='lightbox ' data-onclick='2' title='13124961_1374536925895101_5472913488998073615_n'  itemprop=\"thumbnailUrl\"  ><img class=\"wp-image-446 avia-img-lazy-loading-not-446\"   src='https:\/\/associacoes.beira.pt\/cscvalhelhas\/wp-content\/uploads\/sites\/12\/2015\/04\/13124961_1374536925895101_5472913488998073615_n-845x321.jpg' width='845' height='321'  title='13124961_1374536925895101_5472913488998073615_n' alt='' \/><div class='big-prev-fake'><img class=\"wp-image-446 avia-img-lazy-loading-446\"  width='495' height='400' src='https:\/\/associacoes.beira.pt\/cscvalhelhas\/wp-content\/uploads\/sites\/12\/2015\/04\/13124961_1374536925895101_5472913488998073615_n-495x400.jpg' title='13124961_1374536925895101_5472913488998073615_n' alt='' \/><\/div><\/a><a href=\"https:\/\/associacoes.beira.pt\/cscvalhelhas\/wp-content\/uploads\/sites\/12\/2015\/04\/13139298_1374536929228434_4027922180244954577_n.jpg\" data-rel='gallery-1' data-prev-img='https:\/\/associacoes.beira.pt\/cscvalhelhas\/wp-content\/uploads\/sites\/12\/2015\/04\/13139298_1374536929228434_4027922180244954577_n-495x400.jpg' class='lightbox ' data-onclick='3' title='13139298_1374536929228434_4027922180244954577_n'  itemprop=\"thumbnailUrl\"  ><img class=\"wp-image-447 avia-img-lazy-loading-not-447\"   src='https:\/\/associacoes.beira.pt\/cscvalhelhas\/wp-content\/uploads\/sites\/12\/2015\/04\/13139298_1374536929228434_4027922180244954577_n-845x321.jpg' width='845' height='321'  title='13139298_1374536929228434_4027922180244954577_n' alt='' \/><div class='big-prev-fake'><img class=\"wp-image-447 avia-img-lazy-loading-447\"  width='495' height='400' src='https:\/\/associacoes.beira.pt\/cscvalhelhas\/wp-content\/uploads\/sites\/12\/2015\/04\/13139298_1374536929228434_4027922180244954577_n-495x400.jpg' title='13139298_1374536929228434_4027922180244954577_n' alt='' \/><\/div><\/a><a href=\"https:\/\/associacoes.beira.pt\/cscvalhelhas\/wp-content\/uploads\/sites\/12\/2016\/07\/13076551_1374537762561684_2400526478398926681_n.jpg\" data-rel='gallery-1' data-prev-img='https:\/\/associacoes.beira.pt\/cscvalhelhas\/wp-content\/uploads\/sites\/12\/2016\/07\/13076551_1374537762561684_2400526478398926681_n-495x400.jpg' class='lightbox ' data-onclick='4' title='13076551_1374537762561684_2400526478398926681_n'  itemprop=\"thumbnailUrl\"  ><img class=\"wp-image-440 avia-img-lazy-loading-not-440\"   src='https:\/\/associacoes.beira.pt\/cscvalhelhas\/wp-content\/uploads\/sites\/12\/2016\/07\/13076551_1374537762561684_2400526478398926681_n-845x321.jpg' width='845' height='321'  title='13076551_1374537762561684_2400526478398926681_n' alt='' \/><div class='big-prev-fake'><img class=\"wp-image-440 avia-img-lazy-loading-440\"  width='495' height='400' src='https:\/\/associacoes.beira.pt\/cscvalhelhas\/wp-content\/uploads\/sites\/12\/2016\/07\/13076551_1374537762561684_2400526478398926681_n-495x400.jpg' title='13076551_1374537762561684_2400526478398926681_n' alt='' \/><\/div><\/a><a href=\"https:\/\/associacoes.beira.pt\/cscvalhelhas\/wp-content\/uploads\/sites\/12\/2016\/07\/12019954_484898845024404_4544195910287921819_n.jpg\" data-rel='gallery-1' data-prev-img='https:\/\/associacoes.beira.pt\/cscvalhelhas\/wp-content\/uploads\/sites\/12\/2016\/07\/12019954_484898845024404_4544195910287921819_n-495x400.jpg' class='first_thumb lightbox ' data-onclick='5' title='12019954_484898845024404_4544195910287921819_n'  itemprop=\"thumbnailUrl\"  ><img class=\"wp-image-442 avia-img-lazy-loading-not-442\"   src='https:\/\/associacoes.beira.pt\/cscvalhelhas\/wp-content\/uploads\/sites\/12\/2016\/07\/12019954_484898845024404_4544195910287921819_n-845x321.jpg' width='845' height='321'  title='12019954_484898845024404_4544195910287921819_n' alt='' \/><div class='big-prev-fake'><img class=\"wp-image-442 avia-img-lazy-loading-442\"  width='495' height='400' src='https:\/\/associacoes.beira.pt\/cscvalhelhas\/wp-content\/uploads\/sites\/12\/2016\/07\/12019954_484898845024404_4544195910287921819_n-495x400.jpg' title='12019954_484898845024404_4544195910287921819_n' alt='' \/><\/div><\/a><a href=\"https:\/\/associacoes.beira.pt\/cscvalhelhas\/wp-content\/uploads\/sites\/12\/2015\/04\/13507106_588064991374455_1640718630590401712_n.jpg\" data-rel='gallery-1' data-prev-img='https:\/\/associacoes.beira.pt\/cscvalhelhas\/wp-content\/uploads\/sites\/12\/2015\/04\/13507106_588064991374455_1640718630590401712_n-495x400.jpg' class='lightbox ' data-onclick='6' title='13507106_588064991374455_1640718630590401712_n'  itemprop=\"thumbnailUrl\"  ><img class=\"wp-image-448 avia-img-lazy-loading-not-448\"   src='https:\/\/associacoes.beira.pt\/cscvalhelhas\/wp-content\/uploads\/sites\/12\/2015\/04\/13507106_588064991374455_1640718630590401712_n-845x321.jpg' width='845' height='321'  title='13507106_588064991374455_1640718630590401712_n' alt='' \/><div class='big-prev-fake'><img class=\"wp-image-448 avia-img-lazy-loading-448\"  width='495' height='400' src='https:\/\/associacoes.beira.pt\/cscvalhelhas\/wp-content\/uploads\/sites\/12\/2015\/04\/13507106_588064991374455_1640718630590401712_n-495x400.jpg' title='13507106_588064991374455_1640718630590401712_n' alt='' \/><\/div><\/a><a href=\"https:\/\/associacoes.beira.pt\/cscvalhelhas\/wp-content\/uploads\/sites\/12\/2015\/04\/13494991_588064848041136_4005232344574072414_n.jpg\" data-rel='gallery-1' data-prev-img='https:\/\/associacoes.beira.pt\/cscvalhelhas\/wp-content\/uploads\/sites\/12\/2015\/04\/13494991_588064848041136_4005232344574072414_n-495x400.jpg' class='lightbox ' data-onclick='7' title='13494991_588064848041136_4005232344574072414_n'  itemprop=\"thumbnailUrl\"  ><img class=\"wp-image-454 avia-img-lazy-loading-not-454\"   src='https:\/\/associacoes.beira.pt\/cscvalhelhas\/wp-content\/uploads\/sites\/12\/2015\/04\/13494991_588064848041136_4005232344574072414_n-845x321.jpg' width='845' height='321'  title='13494991_588064848041136_4005232344574072414_n' alt='' \/><div class='big-prev-fake'><img class=\"wp-image-454 avia-img-lazy-loading-454\"  width='495' height='400' src='https:\/\/associacoes.beira.pt\/cscvalhelhas\/wp-content\/uploads\/sites\/12\/2015\/04\/13494991_588064848041136_4005232344574072414_n-495x400.jpg' title='13494991_588064848041136_4005232344574072414_n' alt='' \/><\/div><\/a><a href=\"https:\/\/associacoes.beira.pt\/cscvalhelhas\/wp-content\/uploads\/sites\/12\/2015\/04\/13533347_588065214707766_4163526287645129995_n.jpg\" data-rel='gallery-1' data-prev-img='https:\/\/associacoes.beira.pt\/cscvalhelhas\/wp-content\/uploads\/sites\/12\/2015\/04\/13533347_588065214707766_4163526287645129995_n-495x400.jpg' class='lightbox ' data-onclick='8' title='13533347_588065214707766_4163526287645129995_n'  itemprop=\"thumbnailUrl\"  ><img class=\"wp-image-456 avia-img-lazy-loading-not-456\"   src='https:\/\/associacoes.beira.pt\/cscvalhelhas\/wp-content\/uploads\/sites\/12\/2015\/04\/13533347_588065214707766_4163526287645129995_n-845x321.jpg' width='845' height='321'  title='13533347_588065214707766_4163526287645129995_n' alt='' \/><div class='big-prev-fake'><img class=\"wp-image-456 avia-img-lazy-loading-456\"  width='495' height='400' src='https:\/\/associacoes.beira.pt\/cscvalhelhas\/wp-content\/uploads\/sites\/12\/2015\/04\/13533347_588065214707766_4163526287645129995_n-495x400.jpg' title='13533347_588065214707766_4163526287645129995_n' alt='' \/><\/div><\/a><\/div><\/div>\n\n<\/div><\/div><\/div><!-- close content main div --><\/div><\/div>\n<style type=\"text\/css\" data-created_by=\"avia_inline_auto\" id=\"style-css-av-uph0-a1c47eb12ac045f6ad62b111187670ad\">\n.avia-section.av-uph0-a1c47eb12ac045f6ad62b111187670ad{\nbackground-color:#ffffff;\nbackground-image:unset;\n}\n<\/style>\n<div id='av_section_3'  class='avia-section av-uph0-a1c47eb12ac045f6ad62b111187670ad main_color avia-section-default avia-no-shadow  avia-builder-el-6  el_after_av_section  el_before_av_section  avia-bg-style-scroll container_wrap sidebar_right'  ><div class='container av-section-cont-open' ><div class='template-page content  av-content-small alpha units'><div class='post-entry post-entry-type-page post-entry-2'><div class='entry-content-wrapper clearfix'>\n<section  class='av_textblock_section av-ttjk-08bebdd85fc011c82dccebbbc770ebda '   itemscope=\"itemscope\" itemtype=\"https:\/\/schema.org\/CreativeWork\" ><div class='avia_textblock'  itemprop=\"text\" ><h2>Documentos Recentes<\/h2>\n<\/div><\/section>\n\n\n<\/div><\/div><\/div><!-- close content main div --><\/div><\/div>\n<style type=\"text\/css\" data-created_by=\"avia_inline_auto\" id=\"style-css-av-omh4-4f6f0aa7091456c431cae2e9abf0ada1\">\n.avia-section.av-omh4-4f6f0aa7091456c431cae2e9abf0ada1{\nbackground-color:#55b4c6;\nbackground-image:unset;\n}\n<\/style>\n<div id='av_section_4'  class='avia-section av-omh4-4f6f0aa7091456c431cae2e9abf0ada1 main_color avia-section-large avia-shadow  avia-builder-el-9  el_after_av_section  el_before_av_section  avia-bg-style-scroll container_wrap sidebar_right'  ><div class='container av-section-cont-open' ><div class='template-page content  av-content-small alpha units'><div class='post-entry post-entry-type-page post-entry-2'><div class='entry-content-wrapper clearfix'>\n\n<style type=\"text\/css\" data-created_by=\"avia_inline_auto\" id=\"style-css-av-lw5e-8e96b0473dc412abc0f37612e570951f\">\n.flex_column.av-lw5e-8e96b0473dc412abc0f37612e570951f{\n-webkit-border-radius:0px 0px 0px 0px;\n-moz-border-radius:0px 0px 0px 0px;\nborder-radius:0px 0px 0px 0px;\npadding:0px 0px 0px 0px;\n}\n<\/style>\n<div  class='flex_column av-lw5e-8e96b0473dc412abc0f37612e570951f av_one_fourth  avia-builder-el-10  el_before_av_one_fourth  avia-builder-el-first  first flex_column_div av-zero-column-padding  '     ><style type=\"text\/css\" data-created_by=\"avia_inline_auto\" id=\"style-css-av-kh8c-c28505c9bd4789248667ca2f58f0074a\">\n.av_font_icon.av-kh8c-c28505c9bd4789248667ca2f58f0074a{\ncolor:#ffffff;\nborder-color:#ffffff;\n}\n.av_font_icon.av-kh8c-c28505c9bd4789248667ca2f58f0074a .av-icon-char{\nfont-size:40px;\nline-height:40px;\nwidth:40px;\n}\n<\/style>\n<span  class='av_font_icon av-kh8c-c28505c9bd4789248667ca2f58f0074a avia_animate_when_visible av-icon-style-border avia-icon-pos-center avia-icon-animate'><a href='https:\/\/associacoes.beira.pt\/cscvalhelhas\/wp-content\/uploads\/sites\/12\/2021\/11\/direcao.pdf'  target=\"_blank\"  rel=\"noopener noreferrer\" class='av-icon-char' aria-hidden='true' data-av_icon='\ue80b' data-av_iconfont='entypo-fontello' ><\/a><span class='av_icon_caption av-special-font'>Org\u00e3os Sociais<\/span><\/span><\/div>\n<style type=\"text\/css\" data-created_by=\"avia_inline_auto\" id=\"style-css-av-hmrg-99e0f15b079b6c14b80eede144de8d55\">\n.flex_column.av-hmrg-99e0f15b079b6c14b80eede144de8d55{\n-webkit-border-radius:0px 0px 0px 0px;\n-moz-border-radius:0px 0px 0px 0px;\nborder-radius:0px 0px 0px 0px;\npadding:0px 0px 0px 0px;\n}\n<\/style>\n<div  class='flex_column av-hmrg-99e0f15b079b6c14b80eede144de8d55 av_one_fourth  avia-builder-el-12  el_after_av_one_fourth  el_before_av_one_fourth  flex_column_div av-zero-column-padding  '     ><style type=\"text\/css\" data-created_by=\"avia_inline_auto\" id=\"style-css-av-gt84-775d8cb9570d444ab1d4b09a67be56e9\">\n.av_font_icon.av-gt84-775d8cb9570d444ab1d4b09a67be56e9{\ncolor:#ffffff;\nborder-color:#ffffff;\n}\n.av_font_icon.av-gt84-775d8cb9570d444ab1d4b09a67be56e9 .av-icon-char{\nfont-size:40px;\nline-height:40px;\nwidth:40px;\n}\n<\/style>\n<span  class='av_font_icon av-gt84-775d8cb9570d444ab1d4b09a67be56e9 avia_animate_when_visible av-icon-style-border avia-icon-pos-center avia-icon-animate'><a href='https:\/\/associacoes.beira.pt\/cscvalhelhas\/wp-content\/uploads\/sites\/12\/2021\/11\/estatutos.pdf'  target=\"_blank\"  rel=\"noopener noreferrer\" class='av-icon-char' aria-hidden='true' data-av_icon='\ue84c' data-av_iconfont='entypo-fontello' ><\/a><span class='av_icon_caption av-special-font'>Estatutos<\/span><\/span><\/div>\n<style type=\"text\/css\" data-created_by=\"avia_inline_auto\" id=\"style-css-av-detg-79857f52868c607ee4508b1d5793df47\">\n.flex_column.av-detg-79857f52868c607ee4508b1d5793df47{\n-webkit-border-radius:0px 0px 0px 0px;\n-moz-border-radius:0px 0px 0px 0px;\nborder-radius:0px 0px 0px 0px;\npadding:0px 0px 0px 0px;\n}\n<\/style>\n<div  class='flex_column av-detg-79857f52868c607ee4508b1d5793df47 av_one_fourth  avia-builder-el-14  el_after_av_one_fourth  el_before_av_one_fourth  flex_column_div av-zero-column-padding  '     ><style type=\"text\/css\" data-created_by=\"avia_inline_auto\" id=\"style-css-av-cf9g-48fed97bb01a1061636a9956e03323cd\">\n.av_font_icon.av-cf9g-48fed97bb01a1061636a9956e03323cd{\ncolor:#ffffff;\nborder-color:#ffffff;\n}\n.av_font_icon.av-cf9g-48fed97bb01a1061636a9956e03323cd .av-icon-char{\nfont-size:40px;\nline-height:40px;\nwidth:40px;\n}\n<\/style>\n<span  class='av_font_icon av-cf9g-48fed97bb01a1061636a9956e03323cd avia_animate_when_visible av-icon-style-border avia-icon-pos-center avia-icon-animate'><span class='av-icon-char' aria-hidden='true' data-av_icon='\ue8cf' data-av_iconfont='entypo-fontello' ><\/span><span class='av_icon_caption av-special-font'>Contas<\/span><\/span><\/div>\n<style type=\"text\/css\" data-created_by=\"avia_inline_auto\" id=\"style-css-av-aawk-17eea963fc2abc3460fd9f59fa68be9b\">\n.flex_column.av-aawk-17eea963fc2abc3460fd9f59fa68be9b{\n-webkit-border-radius:0px 0px 0px 0px;\n-moz-border-radius:0px 0px 0px 0px;\nborder-radius:0px 0px 0px 0px;\npadding:0px 0px 0px 0px;\n}\n<\/style>\n<div  class='flex_column av-aawk-17eea963fc2abc3460fd9f59fa68be9b av_one_fourth  avia-builder-el-16  el_after_av_one_fourth  avia-builder-el-last  flex_column_div av-zero-column-padding  '     ><style type=\"text\/css\" data-created_by=\"avia_inline_auto\" id=\"style-css-av-81ki-cda6920828144dd220a1770314b266e3\">\n.av_font_icon.av-81ki-cda6920828144dd220a1770314b266e3{\ncolor:#ffffff;\nborder-color:#ffffff;\n}\n.av_font_icon.av-81ki-cda6920828144dd220a1770314b266e3 .av-icon-char{\nfont-size:40px;\nline-height:40px;\nwidth:40px;\n}\n<\/style>\n<span  class='av_font_icon av-81ki-cda6920828144dd220a1770314b266e3 avia_animate_when_visible av-icon-style-border avia-icon-pos-center avia-icon-animate'><a href='https:\/\/associacoes.beira.pt\/cscvalhelhas\/contactos\/'  class='av-icon-char' aria-hidden='true' data-av_icon='\ue854' data-av_iconfont='entypo-fontello' ><\/a><span class='av_icon_caption av-special-font'>Contactos<\/span><\/span><\/div><\/div><\/div><\/div><!-- close content main div --><\/div><\/div>\n<style type=\"text\/css\" data-created_by=\"avia_inline_auto\" id=\"style-css-av-4q9i-b904451b1e40de4d0c155f273339edd2\">\n.avia-section.av-4q9i-b904451b1e40de4d0c155f273339edd2{\nbackground-color:#ffffff;\nbackground-image:unset;\n}\n<\/style>\n<div id='av_section_5'  class='avia-section av-4q9i-b904451b1e40de4d0c155f273339edd2 main_color avia-section-default avia-no-shadow  avia-builder-el-18  el_after_av_section  avia-builder-el-last  avia-bg-style-scroll container_wrap sidebar_right'  ><div class='container av-section-cont-open' ><div class='template-page content  av-content-small alpha units'><div class='post-entry post-entry-type-page post-entry-2'><div class='entry-content-wrapper clearfix'>\n\n<\/div><\/div><\/div><!-- close content main div --><\/div><\/div><div id='after_section_5'  class='main_color av_default_container_wrap container_wrap sidebar_right'  ><div class='container av-section-cont-open' ><div class='template-page content  av-content-small alpha units'><div class='post-entry post-entry-type-page post-entry-2'><div class='entry-content-wrapper clearfix'><\/p>\n","protected":false},"excerpt":{"rendered":"","protected":false},"author":3,"featured_media":0,"parent":0,"menu_order":0,"comment_status":"open","ping_status":"open","template":"","meta":{"_acf_changed":false,"footnotes":""},"class_list":["post-2","page","type-page","status-publish","hentry"],"acf":[],"_links":{"self":[{"href":"https:\/\/associacoes.beira.pt\/cscvalhelhas\/wp-json\/wp\/v2\/pages\/2","targetHints":{"allow":["GET"]}}],"collection":[{"href":"https:\/\/associacoes.beira.pt\/cscvalhelhas\/wp-json\/wp\/v2\/pages"}],"about":[{"href":"https:\/\/associacoes.beira.pt\/cscvalhelhas\/wp-json\/wp\/v2\/types\/page"}],"author":[{"embeddable":true,"href":"https:\/\/associacoes.beira.pt\/cscvalhelhas\/wp-json\/wp\/v2\/users\/3"}],"replies":[{"embeddable":true,"href":"https:\/\/associacoes.beira.pt\/cscvalhelhas\/wp-json\/wp\/v2\/comments?post=2"}],"version-history":[{"count":0,"href":"https:\/\/associacoes.beira.pt\/cscvalhelhas\/wp-json\/wp\/v2\/pages\/2\/revisions"}],"wp:attachment":[{"href":"https:\/\/associacoes.beira.pt\/cscvalhelhas\/wp-json\/wp\/v2\/media?parent=2"}],"curies":[{"name":"wp","href":"https:\/\/api.w.org\/{rel}","templated":true}]}}