{"id":24,"date":"2015-04-20T13:20:04","date_gmt":"2015-04-20T13:20:04","guid":{"rendered":"http:\/\/associacoes.beira.pt\/amcdrsantaeufemia\/?page_id=24"},"modified":"2018-05-14T11:55:06","modified_gmt":"2018-05-14T11:55:06","slug":"quem-somos","status":"publish","type":"page","link":"https:\/\/associacoes.beira.pt\/csdorioseco\/quem-somos\/","title":{"rendered":"Quem Somos"},"content":{"rendered":"<div  class='flex_column av-av_one_full-2a9015ff38129c418a3f2eafba3e9512 av_one_full  avia-builder-el-0  avia-builder-el-no-sibling  first flex_column_div  '     ><section  class='av_textblock_section av-av_textblock-2de302bf1aa3cf4c9157dbe6f50ac7eb '   itemscope=\"itemscope\" itemtype=\"https:\/\/schema.org\/CreativeWork\" ><div class='avia_textblock'  itemprop=\"text\" ><h4 class=\"western\" align=\"LEFT\"><span style=\"color: #4f81bd\"><b>Centro Social do Rio Seco<br \/>\n<\/b><\/span><\/h4>\n<p>O Centro Social do Rio Seco \u00e9 uma Institui\u00e7\u00e3o Particular de Solidariedade Social (IPSS), com sede no Largo da Capela, n.\u00ba 3, em S. Pedro de Rio Seco. A Associa\u00e7\u00e3o foi fundada em 16 de Outubro de 1987, est\u00e1 registada na Direc\u00e7\u00e3o-Geral da Ac\u00e7\u00e3o Social (DGAS) &#8211; Livro n.\u00ba 6, fs. 136, Di\u00e1rio da Rep\u00fablica n.\u00ba 183 de 08.08.1996 &#8211; e desenvolve\u00a0 a sua actividade nas respostas sociais de LAR, de CENTRO DE DIA e de APOIO DOMICILI\u00c1RIO.<\/p>\n<p align=\"JUSTIFY\"><a name=\"_GoBack\"><\/a><\/p>\n<\/div><\/section><\/div>\n","protected":false},"excerpt":{"rendered":"","protected":false},"author":3,"featured_media":0,"parent":0,"menu_order":0,"comment_status":"open","ping_status":"open","template":"","meta":{"_acf_changed":false,"footnotes":""},"class_list":["post-24","page","type-page","status-publish","hentry"],"acf":[],"_links":{"self":[{"href":"https:\/\/associacoes.beira.pt\/csdorioseco\/wp-json\/wp\/v2\/pages\/24","targetHints":{"allow":["GET"]}}],"collection":[{"href":"https:\/\/associacoes.beira.pt\/csdorioseco\/wp-json\/wp\/v2\/pages"}],"about":[{"href":"https:\/\/associacoes.beira.pt\/csdorioseco\/wp-json\/wp\/v2\/types\/page"}],"author":[{"embeddable":true,"href":"https:\/\/associacoes.beira.pt\/csdorioseco\/wp-json\/wp\/v2\/users\/3"}],"replies":[{"embeddable":true,"href":"https:\/\/associacoes.beira.pt\/csdorioseco\/wp-json\/wp\/v2\/comments?post=24"}],"version-history":[{"count":0,"href":"https:\/\/associacoes.beira.pt\/csdorioseco\/wp-json\/wp\/v2\/pages\/24\/revisions"}],"wp:attachment":[{"href":"https:\/\/associacoes.beira.pt\/csdorioseco\/wp-json\/wp\/v2\/media?parent=24"}],"curies":[{"name":"wp","href":"https:\/\/api.w.org\/{rel}","templated":true}]}}