{"id":30,"date":"2015-04-20T13:23:38","date_gmt":"2015-04-20T13:23:38","guid":{"rendered":"http:\/\/associacoes.beira.pt\/amcdrsantaeufemia\/?page_id=30"},"modified":"2023-01-12T14:53:38","modified_gmt":"2023-01-12T14:53:38","slug":"orgaos-sociais-da-instituicao","status":"publish","type":"page","link":"https:\/\/associacoes.beira.pt\/csdorioseco\/quem-somos\/orgaos-sociais-da-instituicao\/","title":{"rendered":"\u00d3rg\u00e3os Sociais da Institui\u00e7\u00e3o"},"content":{"rendered":"<div  class='flex_column av-1i4xy-1dda25347e586a7d43a7fc6eaef3cbe5 av_one_full  avia-builder-el-0  avia-builder-el-no-sibling  first flex_column_div  '     ><section  class='av_textblock_section av-q9jq-576538cb24403796a7fd9468547cc48b '   itemscope=\"itemscope\" itemtype=\"https:\/\/schema.org\/CreativeWork\" ><div class='avia_textblock'  itemprop=\"text\" ><p align=\"CENTER\"><span style=\"font-family: Times New Roman,serif\"><span style=\"font-size: large\">\u00a0<\/span><\/span><\/p>\n<p style=\"text-align: left\" align=\"CENTER\"><span style=\"font-family: Times New Roman,serif\"><span style=\"font-size: medium\"><b>ASSEMBLEIA GERAL<\/b><\/span><\/span><\/p>\n<p align=\"JUSTIFY\"><span style=\"font-family: Times New Roman,serif\"><span style=\"font-size: medium\">Presidente da Mesa: <strong>Manuel Augusto Reinas Caldeira<\/strong><\/span><\/span><\/p>\n<p align=\"JUSTIFY\"><span style=\"font-family: Times New Roman,serif\"><span style=\"font-size: medium\">1\u00aa Secret\u00e1ria: <strong>Laura Maria Vilhena Coelho da Costa Barreiros<\/strong><\/span><\/span><\/p>\n<p align=\"JUSTIFY\"><span style=\"font-family: Times New Roman,serif\"><span style=\"font-size: medium\">2\u00aa Secret\u00e1ria: <strong>Maria Filomena Meda Pinheiro Rodrigues<\/strong><\/span><\/span><\/p>\n<p style=\"text-align: left\" align=\"CENTER\"><span style=\"font-family: Times New Roman,serif\"><span style=\"font-size: medium\"><b>DIRE\u00c7\u00c3O<\/b><\/span><\/span><\/p>\n<p align=\"JUSTIFY\"><span style=\"font-family: Times New Roman,serif\"><span style=\"font-size: medium\">Presidente:<\/span><\/span><span style=\"font-family: Times New Roman,serif\"><span style=\"font-size: medium\"><b> Manuel Alcino Lopes Fernandes<\/b><\/span><\/span><\/p>\n<p align=\"JUSTIFY\"><span style=\"font-family: Times New Roman,serif\"><span style=\"font-size: medium\">Vice-Presidente<\/span><\/span><span style=\"font-family: Times New Roman,serif\"><span style=\"font-size: medium\"><b>: Jo\u00e3o Alberto Louren\u00e7o<\/b><\/span><\/span><\/p>\n<p align=\"JUSTIFY\"><span style=\"font-family: Times New Roman,serif\"><span style=\"font-size: medium\">Tesoureiro:<strong> Ana Bela Fernandes Lopes Reinas Caldeira<\/strong><\/span><\/span><\/p>\n<p align=\"JUSTIFY\"><span style=\"font-family: Times New Roman,serif\"><span style=\"font-size: medium\">Secret\u00e1rio:<\/span><\/span><span style=\"font-family: Times New Roman,serif\"><span style=\"font-size: medium\"><b> Hugo Ferreira de Andrade<\/b><\/span><\/span><\/p>\n<p align=\"JUSTIFY\"><span style=\"font-family: Times New Roman,serif\"><span style=\"font-size: medium\">Vogal:<\/span><\/span><span style=\"font-family: Times New Roman,serif\"><span style=\"font-size: medium\"><b> Victor Marques Fernandes<\/b><\/span><\/span><\/p>\n<p style=\"text-align: left\" align=\"CENTER\"><span style=\"font-family: Times New Roman,serif\"><span style=\"font-size: medium\"><b>CONSELHO FISCAL<\/b><\/span><\/span><\/p>\n<p align=\"JUSTIFY\"><span style=\"font-family: Times New Roman,serif\"><span style=\"font-size: medium\">Presidente:<\/span><\/span><span style=\"font-family: Times New Roman,serif\"><span style=\"font-size: medium\"><b> Manuel Louren\u00e7o Caldeira<\/b><\/span><\/span><\/p>\n<p align=\"JUSTIFY\"><span style=\"font-family: Times New Roman,serif\"><span style=\"font-size: medium\">1\u00ba Vogal:<\/span><\/span><span style=\"font-family: Times New Roman,serif\"><span style=\"font-size: medium\"><b> Jos\u00e9 Ant\u00f3nio Reinas Trigueiro<\/b><\/span><\/span><\/p>\n<p align=\"JUSTIFY\"><span style=\"font-family: Times New Roman,serif\"><span style=\"font-size: medium\">2\u00ba Vogal:<\/span><\/span><span style=\"font-family: Times New Roman,serif\"><span style=\"font-size: medium\"><b> Adriano Fernandes dos Santos\u00a0<\/b><\/span><\/span><\/p>\n<\/div><\/section><\/div>\n","protected":false},"excerpt":{"rendered":"","protected":false},"author":3,"featured_media":0,"parent":24,"menu_order":0,"comment_status":"closed","ping_status":"closed","template":"","meta":{"_acf_changed":false,"footnotes":""},"class_list":["post-30","page","type-page","status-publish","hentry"],"acf":[],"_links":{"self":[{"href":"https:\/\/associacoes.beira.pt\/csdorioseco\/wp-json\/wp\/v2\/pages\/30","targetHints":{"allow":["GET"]}}],"collection":[{"href":"https:\/\/associacoes.beira.pt\/csdorioseco\/wp-json\/wp\/v2\/pages"}],"about":[{"href":"https:\/\/associacoes.beira.pt\/csdorioseco\/wp-json\/wp\/v2\/types\/page"}],"author":[{"embeddable":true,"href":"https:\/\/associacoes.beira.pt\/csdorioseco\/wp-json\/wp\/v2\/users\/3"}],"replies":[{"embeddable":true,"href":"https:\/\/associacoes.beira.pt\/csdorioseco\/wp-json\/wp\/v2\/comments?post=30"}],"version-history":[{"count":0,"href":"https:\/\/associacoes.beira.pt\/csdorioseco\/wp-json\/wp\/v2\/pages\/30\/revisions"}],"up":[{"embeddable":true,"href":"https:\/\/associacoes.beira.pt\/csdorioseco\/wp-json\/wp\/v2\/pages\/24"}],"wp:attachment":[{"href":"https:\/\/associacoes.beira.pt\/csdorioseco\/wp-json\/wp\/v2\/media?parent=30"}],"curies":[{"name":"wp","href":"https:\/\/api.w.org\/{rel}","templated":true}]}}