{"id":2,"date":"2015-04-20T10:03:11","date_gmt":"2015-04-20T10:03:11","guid":{"rendered":"http:\/\/associacoes.beira.pt\/amcdrsantaeufemia\/?page_id=2"},"modified":"2021-02-23T16:04:12","modified_gmt":"2021-02-23T16:04:12","slug":"pagina-exemplo","status":"publish","type":"page","link":"https:\/\/associacoes.beira.pt\/universidade-senior-pinhel\/","title":{"rendered":"P\u00e1gina Principal"},"content":{"rendered":"<div id='full_slider_1'  class='avia-fullwidth-slider main_color avia-shadow   avia-builder-el-0  el_before_av_one_full  avia-builder-el-first   container_wrap sidebar_right'  >\n<style type=\"text\/css\" data-created_by=\"avia_inline_auto\" id=\"style-css-av-klgv469k-144fa9d2bbde72cf127095e000a35172\">\n#top #wrap_all .avia-slideshow .av-slideshow-caption.av-klgv469k-144fa9d2bbde72cf127095e000a35172__0 .avia-caption-title{\ncolor:#77c6f1;\n}\n#top #wrap_all .avia-slideshow .av-slideshow-caption.av-klgv469k-144fa9d2bbde72cf127095e000a35172__1 .avia-caption-title{\ncolor:#77c6f1;\n}\n<\/style>\n<div  class='avia-slideshow av-klgv469k-144fa9d2bbde72cf127095e000a35172 avia-slideshow-featured av_slideshow_full avia-fade-slider av-slideshow-ui av-control-default av-slideshow-manual av-loop-once av-loop-manual-endless av-default-height-applied   avia-slideshow-1' data-slideshow-options=\"{&quot;animation&quot;:&quot;fade&quot;,&quot;autoplay&quot;:false,&quot;loop_autoplay&quot;:&quot;once&quot;,&quot;interval&quot;:5,&quot;loop_manual&quot;:&quot;manual-endless&quot;,&quot;autoplay_stopper&quot;:false,&quot;noNavigation&quot;:false,&quot;bg_slider&quot;:false,&quot;keep_padding&quot;:false,&quot;hoverpause&quot;:false,&quot;show_slide_delay&quot;:0}\"  itemprop=\"image\" itemscope=\"itemscope\" itemtype=\"https:\/\/schema.org\/ImageObject\" ><ul class='avia-slideshow-inner ' style='padding-bottom: 28.666666666667%;'><li  class='avia-slideshow-slide av-klgv469k-144fa9d2bbde72cf127095e000a35172__0  slide-1 slide-odd'><div data-rel='slideshow-1' class='avia-slide-wrap '   ><div class='av-slideshow-caption av-klgv469k-144fa9d2bbde72cf127095e000a35172__0 caption_fullwidth caption_bottom caption_bottom_framed caption_framed'><div class=\"container caption_container\"><div class=\"slideshow_caption\"><div class=\"slideshow_inner_caption\"><div class=\"slideshow_align_caption\"><h2 class='avia-caption-title '  itemprop=\"name\" >Universidade S\u00e9nior de Pinhel<\/h2><\/div><\/div><\/div><\/div><\/div><img class=\"wp-image-427 avia-img-lazy-loading-not-427\"  src='https:\/\/associacoes.beira.pt\/universidade-senior-pinhel\/wp-content\/uploads\/sites\/26\/2021\/02\/img-manutencao2-1500x430.jpg' width='1500' height='430' title='img_manutencao2' alt=''  itemprop=\"thumbnailUrl\"   \/><\/div><\/li><li  class='avia-slideshow-slide av-klgv469k-144fa9d2bbde72cf127095e000a35172__1  slide-2 slide-even'><div data-rel='slideshow-1' class='avia-slide-wrap '   ><div class='av-slideshow-caption av-klgv469k-144fa9d2bbde72cf127095e000a35172__1 caption_fullwidth caption_bottom caption_bottom_framed caption_framed'><div class=\"container caption_container\"><div class=\"slideshow_caption\"><div class=\"slideshow_inner_caption\"><div class=\"slideshow_align_caption\"><h2 class='avia-caption-title '  itemprop=\"name\" >Universidade S\u00e9nior de Pinhel<\/h2><\/div><\/div><\/div><\/div><\/div><img class=\"wp-image-481 avia-img-lazy-loading-not-481\"  src='https:\/\/associacoes.beira.pt\/universidade-senior-pinhel\/wp-content\/uploads\/sites\/26\/2021\/02\/img-slide2-1500x430.jpg' width='1500' height='430' title='img_slide2' alt=''  itemprop=\"thumbnailUrl\"   \/><\/div><\/li><\/ul><div class='avia-slideshow-arrows avia-slideshow-controls' ><a href='#prev' class='prev-slide ' aria-hidden='true' data-av_icon='\ue87c' data-av_iconfont='entypo-fontello'  tabindex='-1'>Anterior<\/a><a href='#next' class='next-slide ' aria-hidden='true' data-av_icon='\ue87d' data-av_iconfont='entypo-fontello'  tabindex='-1'>Pr\u00f3ximo<\/a><\/div><div class='avia-slideshow-dots avia-slideshow-controls'><a href='#1' class='goto-slide active' >1<\/a><a href='#2' class='goto-slide ' >2<\/a><\/div><\/div><\/div><div id='after_full_slider_1'  class='main_color av_default_container_wrap container_wrap sidebar_right'  ><div class='container av-section-cont-open' ><div class='template-page content  av-content-small alpha units'><div class='post-entry post-entry-type-page post-entry-2'><div class='entry-content-wrapper clearfix'>\n\n<style type=\"text\/css\" data-created_by=\"avia_inline_auto\" id=\"style-css-av-12ujk-1c48c27ba5c01fcaa28a0a9282f575d5\">\n.flex_column.av-12ujk-1c48c27ba5c01fcaa28a0a9282f575d5{\n-webkit-border-radius:0px 0px 0px 0px;\n-moz-border-radius:0px 0px 0px 0px;\nborder-radius:0px 0px 0px 0px;\npadding:0px 0px 0px 0px;\n}\n<\/style>\n<div  class='flex_column av-12ujk-1c48c27ba5c01fcaa28a0a9282f575d5 av_one_full  avia-builder-el-1  el_after_av_slideshow_full  el_before_av_section  avia-builder-el-no-sibling  first flex_column_div av-zero-column-padding  '     ><\/div>\n<\/div><\/div><\/div><!-- close content main div --><\/div><\/div>\n<style type=\"text\/css\" data-created_by=\"avia_inline_auto\" id=\"style-css-av-10cea-61e0c147466b10150d5752d055091c3e\">\n.avia-section.av-10cea-61e0c147466b10150d5752d055091c3e{\nbackground-color:#f6f6f6;\nbackground-image:unset;\n}\n<\/style>\n<div id='av_section_1'  class='avia-section av-10cea-61e0c147466b10150d5752d055091c3e main_color avia-section-large avia-no-border-styling  avia-builder-el-3  el_after_av_one_full  el_before_av_section  avia-bg-style-scroll container_wrap sidebar_right'  ><div class='container av-section-cont-open' ><div class='template-page content  av-content-small alpha units'><div class='post-entry post-entry-type-page post-entry-2'><div class='entry-content-wrapper clearfix'>\n<section  class='av_textblock_section av-xjqo-3f0895e118e7c2349dfe9f5aa1c1b402 '   itemscope=\"itemscope\" itemtype=\"https:\/\/schema.org\/CreativeWork\" ><div class='avia_textblock'  itemprop=\"text\" ><h2>Breve Historial da Associa\u00e7\u00e3o<\/h2>\n<\/div><\/section>\n<section  class='av_textblock_section av-vh5o-e55c5efe50da6f979311e967ff8ec873 '   itemscope=\"itemscope\" itemtype=\"https:\/\/schema.org\/CreativeWork\" ><div class='avia_textblock'  itemprop=\"text\" ><p>A Universidade S\u00e9nior de Pinhel pertence a RUTIS (Associa\u00e7\u00e3o Rede de Universidades da Terceira Idade) \u00e9 uma Institui\u00e7\u00e3o Particular de Solidariedade Social e de Utilidade P\u00fablica de apoio \u00e0 comunidade e aos seniores, de \u00e2mbito nacional e internacional, com sede em Almeirim, criada em 2005.<\/p>\n<p style=\"text-align: right\"><a href=\"https:\/\/associacoes.beira.pt\/universidade-senior-pinhel\/quem-somos\/\">Mais informa\u00e7\u00e3o &gt;&gt;<\/a><\/p>\n<\/div><\/section>\n\n<\/div><\/div><\/div><!-- close content main div --><\/div><\/div>\n<style type=\"text\/css\" data-created_by=\"avia_inline_auto\" id=\"style-css-av-sa7m-5c8ba6fe41713f34ca4a7faa70c61367\">\n.avia-section.av-sa7m-5c8ba6fe41713f34ca4a7faa70c61367{\nbackground-color:#77c6f1;\nbackground-image:unset;\n}\n<\/style>\n<div id='av_section_2'  class='avia-section av-sa7m-5c8ba6fe41713f34ca4a7faa70c61367 main_color avia-section-large avia-shadow  avia-builder-el-6  el_after_av_section  el_before_av_one_full  avia-bg-style-scroll container_wrap sidebar_right'  ><div class='container av-section-cont-open' ><div class='template-page content  av-content-small alpha units'><div class='post-entry post-entry-type-page post-entry-2'><div class='entry-content-wrapper clearfix'>\n<div class='flex_column_table av-qfq0-3c54042289a750e350719c60c33cb1b9 sc-av_one_fifth av-equal-height-column-flextable'>\n<style type=\"text\/css\" data-created_by=\"avia_inline_auto\" id=\"style-css-av-qfq0-3c54042289a750e350719c60c33cb1b9\">\n.flex_column.av-qfq0-3c54042289a750e350719c60c33cb1b9{\n-webkit-border-radius:0px 0px 0px 0px;\n-moz-border-radius:0px 0px 0px 0px;\nborder-radius:0px 0px 0px 0px;\npadding:0px 0px 0px 0px;\n}\n<\/style>\n<div  class='flex_column av-qfq0-3c54042289a750e350719c60c33cb1b9 av_one_fifth  avia-builder-el-7  el_before_av_one_fifth  avia-builder-el-first  first flex_column_table_cell av-equal-height-column av-align-middle av-zero-column-padding  '     ><style type=\"text\/css\" data-created_by=\"avia_inline_auto\" id=\"style-css-av-pdke-f0643d0f43a8f5c651adcb638ea25490\">\n.av_font_icon.av-pdke-f0643d0f43a8f5c651adcb638ea25490{\ncolor:#ffffff;\nborder-color:#ffffff;\n}\n.av_font_icon.av-pdke-f0643d0f43a8f5c651adcb638ea25490 .av-icon-char{\nfont-size:40px;\nline-height:40px;\nwidth:40px;\n}\n<\/style>\n<span  class='av_font_icon av-pdke-f0643d0f43a8f5c651adcb638ea25490 avia_animate_when_visible av-icon-style-border avia-icon-pos-center avia-icon-animate'><a href='https:\/\/associacoes.beira.pt\/universidade-senior-pinhel\/quem-somos\/'  class='av-icon-char' aria-hidden='true' data-av_icon='\ue840' data-av_iconfont='entypo-fontello' ><\/a><span class='av_icon_caption av-special-font'>Quem Somos<\/span><\/span><\/div><div class='av-flex-placeholder'><\/div>\n<style type=\"text\/css\" data-created_by=\"avia_inline_auto\" id=\"style-css-av-m4w4-7def41ba616e2841672dc27e384e9e2b\">\n.flex_column.av-m4w4-7def41ba616e2841672dc27e384e9e2b{\n-webkit-border-radius:0px 0px 0px 0px;\n-moz-border-radius:0px 0px 0px 0px;\nborder-radius:0px 0px 0px 0px;\npadding:0px 0px 0px 0px;\n}\n<\/style>\n<div  class='flex_column av-m4w4-7def41ba616e2841672dc27e384e9e2b av_one_fifth  avia-builder-el-9  el_after_av_one_fifth  el_before_av_one_fifth  flex_column_table_cell av-equal-height-column av-align-middle av-zero-column-padding  '     ><style type=\"text\/css\" data-created_by=\"avia_inline_auto\" id=\"style-css-av-jp26-b4bb2bae7a6428579aa113fed2208530\">\n.av_font_icon.av-jp26-b4bb2bae7a6428579aa113fed2208530{\ncolor:#ffffff;\nborder-color:#ffffff;\n}\n.av_font_icon.av-jp26-b4bb2bae7a6428579aa113fed2208530 .av-icon-char{\nfont-size:40px;\nline-height:40px;\nwidth:40px;\n}\n<\/style>\n<span  class='av_font_icon av-jp26-b4bb2bae7a6428579aa113fed2208530 avia_animate_when_visible av-icon-style-border avia-icon-pos-center avia-icon-animate'><a href='https:\/\/associacoes.beira.pt\/universidade-senior-pinhel\/contactos\/'  class='av-icon-char' aria-hidden='true' data-av_icon='\ue854' data-av_iconfont='entypo-fontello' ><\/a><span class='av_icon_caption av-special-font'>Contactos<\/span><\/span><\/div><div class='av-flex-placeholder'><\/div>\n<style type=\"text\/css\" data-created_by=\"avia_inline_auto\" id=\"style-css-av-htem-be6a41913b57a9dcfe54d07f660e9b62\">\n.flex_column.av-htem-be6a41913b57a9dcfe54d07f660e9b62{\n-webkit-border-radius:0px 0px 0px 0px;\n-moz-border-radius:0px 0px 0px 0px;\nborder-radius:0px 0px 0px 0px;\npadding:0px 0px 0px 0px;\n}\n<\/style>\n<div  class='flex_column av-htem-be6a41913b57a9dcfe54d07f660e9b62 av_one_fifth  avia-builder-el-11  el_after_av_one_fifth  el_before_av_one_fifth  flex_column_table_cell av-equal-height-column av-align-middle av-zero-column-padding  '     ><style type=\"text\/css\" data-created_by=\"avia_inline_auto\" id=\"style-css-av-1np8-d0f0d0f9845418dac8518614a942080b\">\n.av_font_icon.av-1np8-d0f0d0f9845418dac8518614a942080b{\ncolor:#ffffff;\nborder-color:#ffffff;\n}\n.av_font_icon.av-1np8-d0f0d0f9845418dac8518614a942080b .av-icon-char{\nfont-size:40px;\nline-height:40px;\nwidth:40px;\n}\n<\/style>\n<span  class='av_font_icon av-1np8-d0f0d0f9845418dac8518614a942080b avia_animate_when_visible av-icon-style-border avia-icon-pos-center avia-icon-animate'><a href='http:\/\/associacoes.beira.pt\/universidade-senior-pinhel\/wp-content\/uploads\/sites\/8\/2018\/03\/assf-corpos-sociais-2017-2020.pdf'  target=\"_blank\"  rel=\"noopener noreferrer\" class='av-icon-char' aria-hidden='true' data-av_icon='\ue80b' data-av_iconfont='entypo-fontello' ><\/a><span class='av_icon_caption av-special-font'>Org\u00e3os Associativos<\/span><\/span><\/div><div class='av-flex-placeholder'><\/div>\n<style type=\"text\/css\" data-created_by=\"avia_inline_auto\" id=\"style-css-av-e0ui-43e0e1b114788a846240fa04b8baad6e\">\n.flex_column.av-e0ui-43e0e1b114788a846240fa04b8baad6e{\n-webkit-border-radius:0px 0px 0px 0px;\n-moz-border-radius:0px 0px 0px 0px;\nborder-radius:0px 0px 0px 0px;\npadding:0px 0px 0px 0px;\n}\n<\/style>\n<div  class='flex_column av-e0ui-43e0e1b114788a846240fa04b8baad6e av_one_fifth  avia-builder-el-13  el_after_av_one_fifth  el_before_av_one_fifth  flex_column_table_cell av-equal-height-column av-align-middle av-zero-column-padding  '     ><style type=\"text\/css\" data-created_by=\"avia_inline_auto\" id=\"style-css-av-cht4-8d705f75f86f32945f45af285e2a0183\">\n.av_font_icon.av-cht4-8d705f75f86f32945f45af285e2a0183{\ncolor:#ffffff;\nborder-color:#ffffff;\n}\n.av_font_icon.av-cht4-8d705f75f86f32945f45af285e2a0183 .av-icon-char{\nfont-size:40px;\nline-height:40px;\nwidth:40px;\n}\n<\/style>\n<span  class='av_font_icon av-cht4-8d705f75f86f32945f45af285e2a0183 avia_animate_when_visible av-icon-style-border avia-icon-pos-center avia-icon-animate'><a href='http:\/\/associacoes.beira.pt\/assfornotelheiro\/wp-content\/uploads\/sites\/8\/2016\/03\/estatutos-assf.pdf' target=\"_blank\" rel=\"noopener noreferrer\" class='av-icon-char' aria-hidden='true' data-av_icon='\ue84c' data-av_iconfont='entypo-fontello'><\/a><span class='av_icon_caption av-special-font'>Estatutos<\/span><\/span><\/div><div class='av-flex-placeholder'><\/div>\n<style type=\"text\/css\" data-created_by=\"avia_inline_auto\" id=\"style-css-av-3h2-f4eb85bc9ce8f6ad3ae1ed9c3203167d\">\n.flex_column.av-3h2-f4eb85bc9ce8f6ad3ae1ed9c3203167d{\n-webkit-border-radius:0px 0px 0px 0px;\n-moz-border-radius:0px 0px 0px 0px;\nborder-radius:0px 0px 0px 0px;\npadding:0px 0px 0px 0px;\n}\n<\/style>\n<div  class='flex_column av-3h2-f4eb85bc9ce8f6ad3ae1ed9c3203167d av_one_fifth  avia-builder-el-15  el_after_av_one_fifth  avia-builder-el-last  flex_column_table_cell av-equal-height-column av-align-middle av-zero-column-padding  '     ><style type=\"text\/css\" data-created_by=\"avia_inline_auto\" id=\"style-css-av-7uak-7b8b6c049884b53db1282af24c65a2a1\">\n.av_font_icon.av-7uak-7b8b6c049884b53db1282af24c65a2a1{\ncolor:#ffffff;\nborder-color:#ffffff;\n}\n.av_font_icon.av-7uak-7b8b6c049884b53db1282af24c65a2a1 .av-icon-char{\nfont-size:40px;\nline-height:40px;\nwidth:40px;\n}\n<\/style>\n<span  class='av_font_icon av-7uak-7b8b6c049884b53db1282af24c65a2a1 avia_animate_when_visible av-icon-style-border avia-icon-pos-center avia-icon-animate'><a href='https:\/\/associacoes.beira.pt\/universidade-senior-pinhel\/tipo-de-documento\/relatorios-de-contas\/'  class='av-icon-char' aria-hidden='true' data-av_icon='\ue8cf' data-av_iconfont='entypo-fontello' ><\/a><span class='av_icon_caption av-special-font'>Contas<\/span><\/span><\/div><\/div><!--close column table wrapper. Autoclose: 1 --><\/div><\/div><\/div><!-- close content main div --><\/div><\/div><div id='after_section_2'  class='main_color av_default_container_wrap container_wrap sidebar_right'  ><div class='container av-section-cont-open' ><div class='template-page content  av-content-small alpha units'><div class='post-entry post-entry-type-page post-entry-2'><div class='entry-content-wrapper clearfix'>\n<style type=\"text\/css\" data-created_by=\"avia_inline_auto\" id=\"style-css-av-3ro8-e05c598196b3a8bd413a5193f22b0c78\">\n.flex_column.av-3ro8-e05c598196b3a8bd413a5193f22b0c78{\n-webkit-border-radius:0px 0px 0px 0px;\n-moz-border-radius:0px 0px 0px 0px;\nborder-radius:0px 0px 0px 0px;\npadding:0px 0px 0px 0px;\n}\n<\/style>\n<div  class='flex_column av-3ro8-e05c598196b3a8bd413a5193f22b0c78 av_one_full  avia-builder-el-17  el_after_av_section  el_before_av_section  avia-builder-el-no-sibling  first flex_column_div av-zero-column-padding  '     ><section  class='av_textblock_section av-kli6jnaz-dd86bb1172dd1dfe35c9906b328db62d '   itemscope=\"itemscope\" itemtype=\"https:\/\/schema.org\/CreativeWork\" ><div class='avia_textblock'  itemprop=\"text\" ><h2 style=\"text-align: center\">Galeria<\/h2>\n<\/div><\/section><br \/>\n\n<style type=\"text\/css\" data-created_by=\"avia_inline_auto\" id=\"style-css-av-kli6pr1b-e9fda3b92258151f93c504c237577141\">\n#top .hr.av-kli6pr1b-e9fda3b92258151f93c504c237577141{\nmargin-top:0px;\nmargin-bottom:0px;\n}\n.hr.av-kli6pr1b-e9fda3b92258151f93c504c237577141 .hr-inner{\nwidth:50px;\n}\n<\/style>\n<div  class='hr av-kli6pr1b-e9fda3b92258151f93c504c237577141 hr-custom  avia-builder-el-19  el_after_av_textblock  el_before_av_gallery  hr-center hr-icon-no'><span class='hr-inner inner-border-av-border-none'><span class=\"hr-inner-style\"><\/span><\/span><\/div><br \/>\n\n<style type=\"text\/css\" data-created_by=\"avia_inline_auto\" id=\"style-css-av-kli6lbin-9b40a561739fb2db6674b6b6db63927a\">\n#top .avia-gallery.av-kli6lbin-9b40a561739fb2db6674b6b6db63927a .avia-gallery-thumb a{\nwidth:20%;\n}\n<\/style>\n<div  class='avia-gallery av-kli6lbin-9b40a561739fb2db6674b6b6db63927a avia_animate_when_visible  avia-builder-el-20  el_after_av_hr  avia-builder-el-last  avia_lazyload avia-gallery-animate avia-gallery-1'  itemprop=\"image\" itemscope=\"itemscope\" itemtype=\"https:\/\/schema.org\/ImageObject\" ><meta itemprop=\"contentURL\" content=\"https:\/\/associacoes.beira.pt\/universidade-senior-pinhel\/\"><div class='avia-gallery-thumb'><a href=\"https:\/\/associacoes.beira.pt\/universidade-senior-pinhel\/wp-content\/uploads\/sites\/26\/2021\/02\/img-manutencao2-1030x686.jpg\" data-rel='gallery-1' data-prev-img='https:\/\/associacoes.beira.pt\/universidade-senior-pinhel\/wp-content\/uploads\/sites\/26\/2021\/02\/img-manutencao2-495x400.jpg' class='first_thumb lightbox ' data-onclick='1' title='img_manutencao2'  itemprop=\"thumbnailUrl\"  ><img class=\"wp-image-427 avia-img-lazy-loading-not-427\"   src='https:\/\/associacoes.beira.pt\/universidade-senior-pinhel\/wp-content\/uploads\/sites\/26\/2021\/02\/img-manutencao2-495x400.jpg' width='495' height='400'  title='img_manutencao2' alt='' \/><div class='big-prev-fake'><img class=\"wp-image-427 avia-img-lazy-loading-427\"  width='495' height='400' src='https:\/\/associacoes.beira.pt\/universidade-senior-pinhel\/wp-content\/uploads\/sites\/26\/2021\/02\/img-manutencao2-495x400.jpg' title='img_manutencao2' alt='' \/><\/div><\/a><a href=\"https:\/\/associacoes.beira.pt\/universidade-senior-pinhel\/wp-content\/uploads\/sites\/26\/2021\/02\/imagem.jpg\" data-rel='gallery-1' data-prev-img='https:\/\/associacoes.beira.pt\/universidade-senior-pinhel\/wp-content\/uploads\/sites\/26\/2021\/02\/imagem-495x400.jpg' class='lightbox ' data-onclick='2' title='imagem'  itemprop=\"thumbnailUrl\"  ><img class=\"wp-image-470 avia-img-lazy-loading-not-470\"   src='https:\/\/associacoes.beira.pt\/universidade-senior-pinhel\/wp-content\/uploads\/sites\/26\/2021\/02\/imagem-495x400.jpg' width='495' height='400'  title='imagem' alt='' \/><div class='big-prev-fake'><img class=\"wp-image-470 avia-img-lazy-loading-470\"  width='495' height='400' src='https:\/\/associacoes.beira.pt\/universidade-senior-pinhel\/wp-content\/uploads\/sites\/26\/2021\/02\/imagem-495x400.jpg' title='imagem' alt='' \/><\/div><\/a><a href=\"https:\/\/associacoes.beira.pt\/universidade-senior-pinhel\/wp-content\/uploads\/sites\/26\/2021\/02\/pagina01-728x1030.jpg\" data-rel='gallery-1' data-prev-img='https:\/\/associacoes.beira.pt\/universidade-senior-pinhel\/wp-content\/uploads\/sites\/26\/2021\/02\/pagina01-495x400.jpg' class='lightbox ' data-onclick='3' title='Passeio de Fim de Ano'  itemprop=\"thumbnailUrl\"  ><img class=\"wp-image-476 avia-img-lazy-loading-not-476\"   src='https:\/\/associacoes.beira.pt\/universidade-senior-pinhel\/wp-content\/uploads\/sites\/26\/2021\/02\/pagina01-495x400.jpg' width='495' height='400'  title='Passeio de Fim de Ano' alt='' \/><div class='big-prev-fake'><img class=\"wp-image-476 avia-img-lazy-loading-476\"  width='495' height='400' src='https:\/\/associacoes.beira.pt\/universidade-senior-pinhel\/wp-content\/uploads\/sites\/26\/2021\/02\/pagina01-495x400.jpg' title='Passeio de Fim de Ano' alt='' \/><\/div><\/a><a href=\"https:\/\/associacoes.beira.pt\/universidade-senior-pinhel\/wp-content\/uploads\/sites\/26\/2021\/02\/img1-1030x773.jpg\" data-rel='gallery-1' data-prev-img='https:\/\/associacoes.beira.pt\/universidade-senior-pinhel\/wp-content\/uploads\/sites\/26\/2021\/02\/img1-495x400.jpg' class='lightbox ' data-onclick='4' title='img1'  itemprop=\"thumbnailUrl\"  ><img class=\"wp-image-471 avia-img-lazy-loading-not-471\"   src='https:\/\/associacoes.beira.pt\/universidade-senior-pinhel\/wp-content\/uploads\/sites\/26\/2021\/02\/img1-495x400.jpg' width='495' height='400'  title='img1' alt='' \/><div class='big-prev-fake'><img class=\"wp-image-471 avia-img-lazy-loading-471\"  width='495' height='400' src='https:\/\/associacoes.beira.pt\/universidade-senior-pinhel\/wp-content\/uploads\/sites\/26\/2021\/02\/img1-495x400.jpg' title='img1' alt='' \/><\/div><\/a><a href=\"https:\/\/associacoes.beira.pt\/universidade-senior-pinhel\/wp-content\/uploads\/sites\/26\/2021\/02\/img2-1030x773.jpg\" data-rel='gallery-1' data-prev-img='https:\/\/associacoes.beira.pt\/universidade-senior-pinhel\/wp-content\/uploads\/sites\/26\/2021\/02\/img2-495x400.jpg' class='lightbox ' data-onclick='5' title='img2'  itemprop=\"thumbnailUrl\"  ><img class=\"wp-image-472 avia-img-lazy-loading-not-472\"   src='https:\/\/associacoes.beira.pt\/universidade-senior-pinhel\/wp-content\/uploads\/sites\/26\/2021\/02\/img2-495x400.jpg' width='495' height='400'  title='img2' alt='' \/><div class='big-prev-fake'><img class=\"wp-image-472 avia-img-lazy-loading-472\"  width='495' height='400' src='https:\/\/associacoes.beira.pt\/universidade-senior-pinhel\/wp-content\/uploads\/sites\/26\/2021\/02\/img2-495x400.jpg' title='img2' alt='' \/><\/div><\/a><a href=\"https:\/\/associacoes.beira.pt\/universidade-senior-pinhel\/wp-content\/uploads\/sites\/26\/2021\/02\/img3-1030x773.jpg\" data-rel='gallery-1' data-prev-img='https:\/\/associacoes.beira.pt\/universidade-senior-pinhel\/wp-content\/uploads\/sites\/26\/2021\/02\/img3-495x400.jpg' class='first_thumb lightbox ' data-onclick='6' title='img3'  itemprop=\"thumbnailUrl\"  ><img class=\"wp-image-473 avia-img-lazy-loading-not-473\"   src='https:\/\/associacoes.beira.pt\/universidade-senior-pinhel\/wp-content\/uploads\/sites\/26\/2021\/02\/img3-495x400.jpg' width='495' height='400'  title='img3' alt='' \/><div class='big-prev-fake'><img class=\"wp-image-473 avia-img-lazy-loading-473\"  width='495' height='400' src='https:\/\/associacoes.beira.pt\/universidade-senior-pinhel\/wp-content\/uploads\/sites\/26\/2021\/02\/img3-495x400.jpg' title='img3' alt='' \/><\/div><\/a><a href=\"https:\/\/associacoes.beira.pt\/universidade-senior-pinhel\/wp-content\/uploads\/sites\/26\/2021\/02\/img4.jpg\" data-rel='gallery-1' data-prev-img='https:\/\/associacoes.beira.pt\/universidade-senior-pinhel\/wp-content\/uploads\/sites\/26\/2021\/02\/img4-495x400.jpg' class='lightbox ' data-onclick='7' title='img4'  itemprop=\"thumbnailUrl\"  ><img class=\"wp-image-474 avia-img-lazy-loading-not-474\"   src='https:\/\/associacoes.beira.pt\/universidade-senior-pinhel\/wp-content\/uploads\/sites\/26\/2021\/02\/img4-495x400.jpg' width='495' height='400'  title='img4' alt='' \/><div class='big-prev-fake'><img class=\"wp-image-474 avia-img-lazy-loading-474\"  width='495' height='400' src='https:\/\/associacoes.beira.pt\/universidade-senior-pinhel\/wp-content\/uploads\/sites\/26\/2021\/02\/img4-495x400.jpg' title='img4' alt='' \/><\/div><\/a><a href=\"https:\/\/associacoes.beira.pt\/universidade-senior-pinhel\/wp-content\/uploads\/sites\/26\/2021\/02\/img5-1030x773.jpg\" data-rel='gallery-1' data-prev-img='https:\/\/associacoes.beira.pt\/universidade-senior-pinhel\/wp-content\/uploads\/sites\/26\/2021\/02\/img5-495x400.jpg' class='lightbox ' data-onclick='8' title='img5'  itemprop=\"thumbnailUrl\"  ><img class=\"wp-image-475 avia-img-lazy-loading-not-475\"   src='https:\/\/associacoes.beira.pt\/universidade-senior-pinhel\/wp-content\/uploads\/sites\/26\/2021\/02\/img5-495x400.jpg' width='495' height='400'  title='img5' alt='' \/><div class='big-prev-fake'><img class=\"wp-image-475 avia-img-lazy-loading-475\"  width='495' height='400' src='https:\/\/associacoes.beira.pt\/universidade-senior-pinhel\/wp-content\/uploads\/sites\/26\/2021\/02\/img5-495x400.jpg' title='img5' alt='' \/><\/div><\/a><\/div><\/div><\/p><\/div><\/p>\n<\/div><\/div><\/div><!-- close content main div --><\/div><\/div>\n<style type=\"text\/css\" data-created_by=\"avia_inline_auto\" id=\"style-css-av-55wk-f0a820ccfa7813806aa56beca57c3c15\">\n.avia-section.av-55wk-f0a820ccfa7813806aa56beca57c3c15{\nbackground-color:#222222;\nbackground-image:unset;\n}\n<\/style>\n<div id='av_section_3'  class='avia-section av-55wk-f0a820ccfa7813806aa56beca57c3c15 main_color avia-section-default avia-no-shadow  avia-builder-el-21  el_after_av_one_full  avia-builder-el-last  avia-bg-style-scroll container_wrap sidebar_right'  ><div class='container av-section-cont-open' ><div class='template-page content  av-content-small alpha units'><div class='post-entry post-entry-type-page post-entry-2'><div class='entry-content-wrapper clearfix'>\n\n<\/div><\/div><\/div><!-- close content main div --><\/div><\/div><div id='after_section_3'  class='main_color av_default_container_wrap container_wrap sidebar_right'  ><div class='container av-section-cont-open' ><div class='template-page content  av-content-small alpha units'><div class='post-entry post-entry-type-page post-entry-2'><div class='entry-content-wrapper clearfix'>\n","protected":false},"excerpt":{"rendered":"","protected":false},"author":3,"featured_media":0,"parent":0,"menu_order":0,"comment_status":"closed","ping_status":"closed","template":"","meta":{"_acf_changed":false,"footnotes":""},"class_list":["post-2","page","type-page","status-publish","hentry"],"acf":[],"_links":{"self":[{"href":"https:\/\/associacoes.beira.pt\/universidade-senior-pinhel\/wp-json\/wp\/v2\/pages\/2","targetHints":{"allow":["GET"]}}],"collection":[{"href":"https:\/\/associacoes.beira.pt\/universidade-senior-pinhel\/wp-json\/wp\/v2\/pages"}],"about":[{"href":"https:\/\/associacoes.beira.pt\/universidade-senior-pinhel\/wp-json\/wp\/v2\/types\/page"}],"author":[{"embeddable":true,"href":"https:\/\/associacoes.beira.pt\/universidade-senior-pinhel\/wp-json\/wp\/v2\/users\/3"}],"replies":[{"embeddable":true,"href":"https:\/\/associacoes.beira.pt\/universidade-senior-pinhel\/wp-json\/wp\/v2\/comments?post=2"}],"version-history":[{"count":0,"href":"https:\/\/associacoes.beira.pt\/universidade-senior-pinhel\/wp-json\/wp\/v2\/pages\/2\/revisions"}],"wp:attachment":[{"href":"https:\/\/associacoes.beira.pt\/universidade-senior-pinhel\/wp-json\/wp\/v2\/media?parent=2"}],"curies":[{"name":"wp","href":"https:\/\/api.w.org\/{rel}","templated":true}]}}